{"id":19918,"date":"2023-06-12T12:29:12","date_gmt":"2023-06-12T10:29:12","guid":{"rendered":"https:\/\/comsaservice.com\/engenharia-de-manutencao\/"},"modified":"2023-06-12T12:29:12","modified_gmt":"2023-06-12T10:29:12","slug":"engenharia-de-manutencao","status":"publish","type":"page","link":"https:\/\/comsaservice.com\/pt-pt\/engenharia-de-manutencao\/","title":{"rendered":"Engenharia de manuten\u00e7\u00e3o"},"content":{"rendered":"\t\t<div data-elementor-type=\"wp-page\" data-elementor-id=\"19918\" class=\"elementor elementor-19918\" data-elementor-post-type=\"page\">\n\t\t\t\t\t\t<section class=\"elementor-section elementor-top-section elementor-element elementor-element-207da79 v-head elementor-section-boxed elementor-section-height-default elementor-section-height-default\" data-id=\"207da79\" data-element_type=\"section\" data-e-type=\"section\">\n\t\t\t\t\t\t<div class=\"elementor-container elementor-column-gap-default\">\n\t\t\t\t\t<div class=\"elementor-column elementor-col-100 elementor-top-column elementor-element elementor-element-2da41a7\" data-id=\"2da41a7\" data-element_type=\"column\" data-e-type=\"column\">\n\t\t\t<div class=\"elementor-widget-wrap elementor-element-populated\">\n\t\t\t\t\t\t<div class=\"elementor-element elementor-element-c50a17c elementor-widget elementor-widget-heading\" data-id=\"c50a17c\" data-element_type=\"widget\" data-e-type=\"widget\" data-widget_type=\"heading.default\">\n\t\t\t\t<div class=\"elementor-widget-container\">\n\t\t\t\t\t<h1 class=\"elementor-heading-title elementor-size-default\">Engenharia de manuten\u00e7\u00e3o<\/h1>\t\t\t\t<\/div>\n\t\t\t\t<\/div>\n\t\t\t\t\t<\/div>\n\t\t<\/div>\n\t\t\t\t\t<\/div>\n\t\t<\/section>\n\t\t\t\t<article class=\"elementor-section elementor-top-section elementor-element elementor-element-e199150 v-box box-line no-top-space elementor-section-boxed elementor-section-height-default elementor-section-height-default\" data-id=\"e199150\" data-element_type=\"section\" data-e-type=\"section\">\n\t\t\t\t\t\t<div class=\"elementor-container elementor-column-gap-default\">\n\t\t\t\t\t<div class=\"elementor-column elementor-col-50 elementor-top-column elementor-element elementor-element-caa8051 md-box\" data-id=\"caa8051\" data-element_type=\"column\" data-e-type=\"column\">\n\t\t\t<div class=\"elementor-widget-wrap elementor-element-populated\">\n\t\t\t\t\t\t<div class=\"elementor-element elementor-element-69766d9 md-actislide elementor--h-position-center elementor--v-position-middle elementor-pagination-position-inside elementor-widget elementor-widget-slides\" data-id=\"69766d9\" data-element_type=\"widget\" data-e-type=\"widget\" data-settings=\"{&quot;navigation&quot;:&quot;dots&quot;,&quot;transition&quot;:&quot;fade&quot;,&quot;autoplay&quot;:&quot;yes&quot;,&quot;pause_on_hover&quot;:&quot;yes&quot;,&quot;pause_on_interaction&quot;:&quot;yes&quot;,&quot;autoplay_speed&quot;:5000,&quot;infinite&quot;:&quot;yes&quot;,&quot;transition_speed&quot;:500}\" data-widget_type=\"slides.default\">\n\t\t\t\t<div class=\"elementor-widget-container\">\n\t\t\t\t\t\t\t\t\t<div class=\"elementor-swiper\">\n\t\t\t\t\t<div class=\"elementor-slides-wrapper elementor-main-swiper swiper\" role=\"region\" aria-roledescription=\"carousel\" aria-label=\"Slides\" dir=\"ltr\" data-animation=\"\">\n\t\t\t\t<div class=\"swiper-wrapper elementor-slides\">\n\t\t\t\t\t\t\t\t\t\t<div class=\"elementor-repeater-item-9d95680 swiper-slide\" role=\"group\" aria-roledescription=\"slide\"><div class=\"swiper-slide-bg\" role=\"img\" aria-label=\"4-400x400\"><\/div><div class=\"swiper-slide-inner\" ><div class=\"swiper-slide-contents\"><\/div><\/div><\/div>\t\t\t\t<\/div>\n\t\t\t\t\t\t\t<\/div>\n\t\t\t\t<\/div>\n\t\t\t\t\t\t\t\t<\/div>\n\t\t\t\t<\/div>\n\t\t\t\t\t<\/div>\n\t\t<\/div>\n\t\t\t\t<div class=\"elementor-column elementor-col-50 elementor-top-column elementor-element elementor-element-336ca8b md-txt\" data-id=\"336ca8b\" data-element_type=\"column\" data-e-type=\"column\">\n\t\t\t<div class=\"elementor-widget-wrap elementor-element-populated\">\n\t\t\t\t\t\t<div class=\"elementor-element elementor-element-085a236 elementor-widget elementor-widget-text-editor\" data-id=\"085a236\" data-element_type=\"widget\" data-e-type=\"widget\" data-widget_type=\"text-editor.default\">\n\t\t\t\t<div class=\"elementor-widget-container\">\n\t\t\t\t\t\t\t\t\t<p><span style=\"color: #000000; font-family: Arial, Helvetica, SansSerif; font-size: 16px; font-style: normal; font-variant-ligatures: normal; font-variant-caps: normal; font-weight: 400; letter-spacing: normal; orphans: 2; text-align: start; text-indent: 0px; text-transform: none; widows: 2; word-spacing: 0px; -webkit-text-stroke-width: 0px; white-space: normal; background-color: #ffffff; text-decoration-thickness: initial; text-decoration-style: initial; text-decoration-color: initial; display: inline !important; float: none;\">A COMSA Service desenvolve sistemas inform\u00e1ticos multiplataforma e adapt\u00e1veis a diferentes suportes para a gest\u00e3o assistida das tarefas de conserva\u00e7\u00e3o, em linha com os sistemas existentes de telegest\u00e3o e de controlo centralizado das instala\u00e7\u00f5es. <\/span><\/p>\n<p><span style=\"color: #000000; font-family: Arial, Helvetica, SansSerif; font-size: 16px; font-style: normal; font-variant-ligatures: normal; font-variant-caps: normal; font-weight: 400; letter-spacing: normal; orphans: 2; text-align: start; text-indent: 0px; text-transform: none; widows: 2; word-spacing: 0px; -webkit-text-stroke-width: 0px; white-space: normal; background-color: #ffffff; text-decoration-thickness: initial; text-decoration-style: initial; text-decoration-color: initial; display: inline !important; float: none;\">Tamb\u00e9m realiza auditorias t\u00e9cnicas para o diagn\u00f3stico das instala\u00e7\u00f5es e a sua adequa\u00e7\u00e3o \u00e0 normativa, auditorias energ\u00e9ticas que incluem estudos sobre o consumo, a qualidade e a efici\u00eancia do sistema, assim como estudos de viabilidade para a defini\u00e7\u00e3o e implementa\u00e7\u00e3o de projetos.<\/span><\/p>\n\t\t\t\t\t\t\t\t<\/div>\n\t\t\t\t<\/div>\n\t\t\t\t\t<\/div>\n\t\t<\/div>\n\t\t\t\t\t<\/div>\n\t\t<\/article>\n\t\t\t\t<article class=\"elementor-section elementor-top-section elementor-element elementor-element-6a58864 v-box box-line no-top-space elementor-section-boxed elementor-section-height-default elementor-section-height-default\" data-id=\"6a58864\" data-element_type=\"section\" data-e-type=\"section\">\n\t\t\t\t\t\t<div class=\"elementor-container elementor-column-gap-default\">\n\t\t\t\t\t<div class=\"elementor-column elementor-col-50 elementor-top-column elementor-element elementor-element-3c33cad0 md-txt\" data-id=\"3c33cad0\" data-element_type=\"column\" data-e-type=\"column\">\n\t\t\t<div class=\"elementor-widget-wrap elementor-element-populated\">\n\t\t\t\t\t\t<div class=\"elementor-element elementor-element-2daa408b elementor-widget elementor-widget-heading\" data-id=\"2daa408b\" data-element_type=\"widget\" data-e-type=\"widget\" data-widget_type=\"heading.default\">\n\t\t\t\t<div class=\"elementor-widget-container\">\n\t\t\t\t\t<h3 class=\"elementor-heading-title elementor-size-default\">GMAO (IMAN)<\/h3>\t\t\t\t<\/div>\n\t\t\t\t<\/div>\n\t\t\t\t<div class=\"elementor-element elementor-element-4ebc8cd elementor-widget elementor-widget-text-editor\" data-id=\"4ebc8cd\" data-element_type=\"widget\" data-e-type=\"widget\" data-widget_type=\"text-editor.default\">\n\t\t\t\t<div class=\"elementor-widget-container\">\n\t\t\t\t\t\t\t\t\t<p><span style=\"font-size: 14.992px;\">\u2013 IMAN \u00e9 uma aplica\u00e7\u00e3o inform\u00e1tica pr\u00f3pria para a Gest\u00e3o de Manuten\u00e7\u00e3o Assistida por Computador, desenvolvida pelo departamento inform\u00e1tico da COMSA Service.<\/span><\/p>\n<p><span style=\"font-size: 14.992px;\"> <\/span><\/p>\n<p><span style=\"font-size: 14.992px;\">\u2013 Opera em multiplataforma, \u00e9 intuitiva e de f\u00e1cil utiliza\u00e7\u00e3o.<\/span><\/p>\n<p><span style=\"font-size: 14.992px;\"> <\/span><\/p>\n<p><span style=\"font-size: 14.992px;\">\u2013 Acesso aos pedidos dos utilizadores pela web.<\/span><\/p>\n<p><span style=\"font-size: 14.992px;\"> <\/span><\/p>\n<p><span style=\"font-size: 14.992px;\">\u2013 Tecnologias de acesso: WEB, PDA, SMS, etc.<\/span><\/p>\n<p><span style=\"font-size: 14.992px;\"> <\/span><\/p>\n<p><span style=\"font-size: 14.992px;\">\u2013 Inclui uma liga\u00e7\u00e3o aos sistemas de telegest\u00e3o e de controlo centralizado das instala\u00e7\u00f5es.<\/span><\/p>\n\t\t\t\t\t\t\t\t<\/div>\n\t\t\t\t<\/div>\n\t\t\t\t\t<\/div>\n\t\t<\/div>\n\t\t\t\t<div class=\"elementor-column elementor-col-50 elementor-top-column elementor-element elementor-element-c94688b md-txt\" data-id=\"c94688b\" data-element_type=\"column\" data-e-type=\"column\">\n\t\t\t<div class=\"elementor-widget-wrap elementor-element-populated\">\n\t\t\t\t\t\t<div class=\"elementor-element elementor-element-7066772 elementor-widget elementor-widget-heading\" data-id=\"7066772\" data-element_type=\"widget\" data-e-type=\"widget\" data-widget_type=\"heading.default\">\n\t\t\t\t<div class=\"elementor-widget-container\">\n\t\t\t\t\t<h3 class=\"elementor-heading-title elementor-size-default\">Auditorias T\u00e9cnicas<\/h3>\t\t\t\t<\/div>\n\t\t\t\t<\/div>\n\t\t\t\t<div class=\"elementor-element elementor-element-f29fb14 elementor-widget elementor-widget-text-editor\" data-id=\"f29fb14\" data-element_type=\"widget\" data-e-type=\"widget\" data-widget_type=\"text-editor.default\">\n\t\t\t\t<div class=\"elementor-widget-container\">\n\t\t\t\t\t\t\t\t\t<p><span style=\"font-size: 14.992px;\">\u2013 Invent\u00e1rio das instala\u00e7\u00f5es.<\/span><\/p>\n<p><span style=\"font-size: 14.992px;\"> <\/span><\/p>\n<p><span style=\"font-size: 14.992px;\">\u2013 Diagn\u00f3stico do estado dos equipamentos.<\/span><\/p>\n<p><span style=\"font-size: 14.992px;\"> <\/span><\/p>\n<p><span style=\"font-size: 14.992px;\">\u2013 Adequa\u00e7\u00e3o \u00e0 normativa das instala\u00e7\u00f5es.<\/span><\/p>\n<p><span style=\"font-size: 14.992px;\"> <\/span><\/p>\n<p><span style=\"font-size: 14.992px;\">\u2013 An\u00e1lise dos programas de manuten\u00e7\u00e3o.<\/span><\/p>\n<p><span style=\"font-size: 14.992px;\"> <\/span><\/p>\n<p><span style=\"font-size: 14.992px;\">\u2013 Propostas avaliadas de reforma.<\/span><\/p>\n<p><span style=\"font-size: 14.992px;\"> <\/span><\/p>\n<p><span style=\"font-size: 14.992px;\">\u2013 Elabora\u00e7\u00e3o de programas de manuten\u00e7\u00e3o personalizados.<\/span><\/p>\n\t\t\t\t\t\t\t\t<\/div>\n\t\t\t\t<\/div>\n\t\t\t\t\t<\/div>\n\t\t<\/div>\n\t\t\t\t\t<\/div>\n\t\t<\/article>\n\t\t\t\t<article class=\"elementor-section elementor-top-section elementor-element elementor-element-41f1fff v-box box-line no-top-space elementor-section-boxed elementor-section-height-default elementor-section-height-default\" data-id=\"41f1fff\" data-element_type=\"section\" data-e-type=\"section\">\n\t\t\t\t\t\t<div class=\"elementor-container elementor-column-gap-default\">\n\t\t\t\t\t<div class=\"elementor-column elementor-col-50 elementor-top-column elementor-element elementor-element-7888be1 md-txt\" data-id=\"7888be1\" data-element_type=\"column\" data-e-type=\"column\">\n\t\t\t<div class=\"elementor-widget-wrap elementor-element-populated\">\n\t\t\t\t\t\t<div class=\"elementor-element elementor-element-5d4352c elementor-widget elementor-widget-heading\" data-id=\"5d4352c\" data-element_type=\"widget\" data-e-type=\"widget\" data-widget_type=\"heading.default\">\n\t\t\t\t<div class=\"elementor-widget-container\">\n\t\t\t\t\t<h3 class=\"elementor-heading-title elementor-size-default\">Auditorias Energ\u00e9ticas<\/h3>\t\t\t\t<\/div>\n\t\t\t\t<\/div>\n\t\t\t\t<div class=\"elementor-element elementor-element-3364ce2 elementor-widget elementor-widget-text-editor\" data-id=\"3364ce2\" data-element_type=\"widget\" data-e-type=\"widget\" data-widget_type=\"text-editor.default\">\n\t\t\t\t<div class=\"elementor-widget-container\">\n\t\t\t\t\t\t\t\t\t<p><span style=\"font-size: 14.992px;\">\u2013 Invent\u00e1rio de equipamentos consumidores.<\/span><\/p>\n<p><span style=\"font-size: 14.992px;\"> <\/span><\/p>\n<p><span style=\"font-size: 14.992px;\">\u2013 Estudos de curvas de carga e tend\u00eancias de consumo.<\/span><\/p>\n<p><span style=\"font-size: 14.992px;\"> <\/span><\/p>\n<p><span style=\"font-size: 14.992px;\">\u2013 Controlo de Qualidade da Energia.<\/span><\/p>\n<p><span style=\"font-size: 14.992px;\"> <\/span><\/p>\n<p><span style=\"font-size: 14.992px;\">\u2013 An\u00e1lise dos contratos dos abastecimentos energ\u00e9ticos.<\/span><\/p>\n<p><span style=\"font-size: 14.992px;\"> <\/span><\/p>\n<p><span style=\"font-size: 14.992px;\">\u2013 Efici\u00eancias do sistema.<\/span><\/p>\n<p><span style=\"font-size: 14.992px;\"> <\/span><\/p>\n<p><span style=\"font-size: 14.992px;\">\u2013 Explora\u00e7\u00e3o por utilizadores.<\/span><\/p>\n<p><span style=\"font-size: 14.992px;\"> <\/span><\/p>\n<p><span style=\"font-size: 14.992px;\">\u2013 Certifica\u00e7\u00e3o energ\u00e9tica.<\/span><\/p>\n\t\t\t\t\t\t\t\t<\/div>\n\t\t\t\t<\/div>\n\t\t\t\t\t<\/div>\n\t\t<\/div>\n\t\t\t\t<div class=\"elementor-column elementor-col-50 elementor-top-column elementor-element elementor-element-f567333 md-txt\" data-id=\"f567333\" data-element_type=\"column\" data-e-type=\"column\">\n\t\t\t<div class=\"elementor-widget-wrap elementor-element-populated\">\n\t\t\t\t\t\t<div class=\"elementor-element elementor-element-6f76995 elementor-widget elementor-widget-heading\" data-id=\"6f76995\" data-element_type=\"widget\" data-e-type=\"widget\" data-widget_type=\"heading.default\">\n\t\t\t\t<div class=\"elementor-widget-container\">\n\t\t\t\t\t<h3 class=\"elementor-heading-title elementor-size-default\">Estudos de Viabilidade de Projetos de Servi\u00e7os Energ\u00e9ticos<\/h3>\t\t\t\t<\/div>\n\t\t\t\t<\/div>\n\t\t\t\t<div class=\"elementor-element elementor-element-80bbb63 elementor-widget elementor-widget-text-editor\" data-id=\"80bbb63\" data-element_type=\"widget\" data-e-type=\"widget\" data-widget_type=\"text-editor.default\">\n\t\t\t\t<div class=\"elementor-widget-container\">\n\t\t\t\t\t\t\t\t\t<p><span style=\"font-size: 14.992px;\">\u2013 Pedido e recompila\u00e7\u00e3o de informa\u00e7\u00e3o.<\/span><\/p>\n<p><span style=\"font-size: 14.992px;\"><br \/><\/span><\/p>\n<p><span style=\"font-size: 14.992px;\">\u2013 Diagn\u00f3stico energ\u00e9tico.<\/span><\/p>\n<p><span style=\"font-size: 14.992px;\"><br \/><\/span><\/p>\n<p><span style=\"font-size: 14.992px;\">\u2013 Avalia\u00e7\u00e3o de poupan\u00e7as.<\/span><\/p>\n<p><span style=\"font-size: 14.992px;\"><br \/><\/span><\/p>\n<p><span style=\"font-size: 14.992px;\">\u2013 Plano de investimentos e an\u00e1lise financeira.<\/span><\/p>\n<p><span style=\"font-size: 14.992px;\"><br \/><\/span><\/p>\n<p><span style=\"font-size: 14.992px;\">\u2013 Plano de neg\u00f3cios.<\/span><\/p>\n<p><span style=\"font-size: 14.992px;\"><br \/><\/span><\/p>\n<p><span style=\"font-size: 14.992px;\">\u2013 \u201cContrato de cumprimento\u201d.<\/span><\/p>\n<p><span style=\"font-size: 14.992px;\"><br \/><\/span><\/p>\n<p><span style=\"font-size: 14.992px;\">\u2013 Defini\u00e7\u00e3o e implementa\u00e7\u00e3o do projeto.<\/span><\/p>\n<p><span style=\"font-size: 14.992px;\"><br \/><\/span><\/p>\n<p><span style=\"font-size: 14.992px;\">\u2013 Dura\u00e7\u00e3o e seguimento do projeto.<\/span><\/p>\n\t\t\t\t\t\t\t\t<\/div>\n\t\t\t\t<\/div>\n\t\t\t\t\t<\/div>\n\t\t<\/div>\n\t\t\t\t\t<\/div>\n\t\t<\/article>\n\t\t\t\t<\/div>\n\t\t","protected":false},"excerpt":{"rendered":"<p>Engenharia de manuten\u00e7\u00e3o A COMSA Service desenvolve sistemas inform\u00e1ticos multiplataforma e adapt\u00e1veis a diferentes suportes para a gest\u00e3o assistida das tarefas de conserva\u00e7\u00e3o, em linha com os sistemas existentes de telegest\u00e3o e de controlo centralizado das instala\u00e7\u00f5es. Tamb\u00e9m realiza auditorias t\u00e9cnicas para o diagn\u00f3stico das instala\u00e7\u00f5es e a sua adequa\u00e7\u00e3o \u00e0 normativa, auditorias energ\u00e9ticas que [&hellip;]<\/p>\n","protected":false},"author":1,"featured_media":0,"parent":0,"menu_order":0,"comment_status":"closed","ping_status":"closed","template":"","meta":{"footnotes":""},"class_list":["post-19918","page","type-page","status-publish","hentry"],"yoast_head":"<!-- This site is optimized with the Yoast SEO plugin v26.2 - https:\/\/yoast.com\/wordpress\/plugins\/seo\/ -->\n<title>Engenharia de manuten\u00e7\u00e3o - COMSA SERVICE<\/title>\n<meta name=\"description\" content=\"Engenharia de manuten\u00e7\u00e3o A COMSA Service desenvolve sistemas inform\u00e1ticos multiplataforma e adapt\u00e1veis a diferentes suportes para a gest\u00e3o assistida das\" \/>\n<meta name=\"robots\" content=\"index, follow, max-snippet:-1, max-image-preview:large, max-video-preview:-1\" \/>\n<link rel=\"canonical\" href=\"https:\/\/comsaservice.com\/pt-pt\/engenharia-de-manutencao\/\" \/>\n<meta property=\"og:locale\" content=\"pt_PT\" \/>\n<meta property=\"og:type\" content=\"article\" \/>\n<meta property=\"og:title\" content=\"Engenharia de manuten\u00e7\u00e3o - COMSA SERVICE\" \/>\n<meta property=\"og:description\" content=\"Engenharia de manuten\u00e7\u00e3o A COMSA Service desenvolve sistemas inform\u00e1ticos multiplataforma e adapt\u00e1veis a diferentes suportes para a gest\u00e3o assistida das\" \/>\n<meta property=\"og:url\" content=\"https:\/\/comsaservice.com\/pt-pt\/engenharia-de-manutencao\/\" \/>\n<meta property=\"og:site_name\" content=\"COMSA SERVICE\" \/>\n<meta name=\"twitter:card\" content=\"summary_large_image\" \/>\n<meta name=\"twitter:label1\" content=\"Tempo estimado de leitura\" \/>\n\t<meta name=\"twitter:data1\" content=\"1 minuto\" \/>\n<script type=\"application\/ld+json\" class=\"yoast-schema-graph\">{\"@context\":\"https:\/\/schema.org\",\"@graph\":[{\"@type\":\"WebPage\",\"@id\":\"https:\/\/comsaservice.com\/pt-pt\/engenharia-de-manutencao\/\",\"url\":\"https:\/\/comsaservice.com\/pt-pt\/engenharia-de-manutencao\/\",\"name\":\"Engenharia de manuten\u00e7\u00e3o - COMSA SERVICE\",\"isPartOf\":{\"@id\":\"https:\/\/comsaservice.com\/pt-pt\/#website\"},\"datePublished\":\"2023-06-12T10:29:12+00:00\",\"description\":\"Engenharia de manuten\u00e7\u00e3o A COMSA Service desenvolve sistemas inform\u00e1ticos multiplataforma e adapt\u00e1veis a diferentes suportes para a gest\u00e3o assistida das\",\"breadcrumb\":{\"@id\":\"https:\/\/comsaservice.com\/pt-pt\/engenharia-de-manutencao\/#breadcrumb\"},\"inLanguage\":\"pt-PT\",\"potentialAction\":[{\"@type\":\"ReadAction\",\"target\":[\"https:\/\/comsaservice.com\/pt-pt\/engenharia-de-manutencao\/\"]}]},{\"@type\":\"BreadcrumbList\",\"@id\":\"https:\/\/comsaservice.com\/pt-pt\/engenharia-de-manutencao\/#breadcrumb\",\"itemListElement\":[{\"@type\":\"ListItem\",\"position\":1,\"name\":\"Inicio\",\"item\":\"https:\/\/comsaservice.com\/pt-pt\/\"},{\"@type\":\"ListItem\",\"position\":2,\"name\":\"Engenharia de manuten\u00e7\u00e3o\"}]},{\"@type\":\"WebSite\",\"@id\":\"https:\/\/comsaservice.com\/pt-pt\/#website\",\"url\":\"https:\/\/comsaservice.com\/pt-pt\/\",\"name\":\"COMSA SERVICE\",\"description\":\"COMSA SERVICE\",\"publisher\":{\"@id\":\"https:\/\/comsaservice.com\/pt-pt\/#organization\"},\"potentialAction\":[{\"@type\":\"SearchAction\",\"target\":{\"@type\":\"EntryPoint\",\"urlTemplate\":\"https:\/\/comsaservice.com\/pt-pt\/?s={search_term_string}\"},\"query-input\":{\"@type\":\"PropertyValueSpecification\",\"valueRequired\":true,\"valueName\":\"search_term_string\"}}],\"inLanguage\":\"pt-PT\"},{\"@type\":\"Organization\",\"@id\":\"https:\/\/comsaservice.com\/pt-pt\/#organization\",\"name\":\"GMF | Gesti\u00f3n de Maquinaria Ferroviaria\",\"url\":\"https:\/\/comsaservice.com\/pt-pt\/\",\"logo\":{\"@type\":\"ImageObject\",\"inLanguage\":\"pt-PT\",\"@id\":\"https:\/\/comsaservice.com\/pt-pt\/#\/schema\/logo\/image\/\",\"url\":\"https:\/\/comsaservice.multisite.comsa.com\/wp-content\/uploads\/sites\/6\/logo-gmf-1.png\",\"contentUrl\":\"https:\/\/comsaservice.multisite.comsa.com\/wp-content\/uploads\/sites\/6\/logo-gmf-1.png\",\"width\":435,\"height\":60,\"caption\":\"GMF | Gesti\u00f3n de Maquinaria Ferroviaria\"},\"image\":{\"@id\":\"https:\/\/comsaservice.com\/pt-pt\/#\/schema\/logo\/image\/\"}}]}<\/script>\n<!-- \/ Yoast SEO plugin. -->","yoast_head_json":{"title":"Engenharia de manuten\u00e7\u00e3o - COMSA SERVICE","description":"Engenharia de manuten\u00e7\u00e3o A COMSA Service desenvolve sistemas inform\u00e1ticos multiplataforma e adapt\u00e1veis a diferentes suportes para a gest\u00e3o assistida das","robots":{"index":"index","follow":"follow","max-snippet":"max-snippet:-1","max-image-preview":"max-image-preview:large","max-video-preview":"max-video-preview:-1"},"canonical":"https:\/\/comsaservice.com\/pt-pt\/engenharia-de-manutencao\/","og_locale":"pt_PT","og_type":"article","og_title":"Engenharia de manuten\u00e7\u00e3o - COMSA SERVICE","og_description":"Engenharia de manuten\u00e7\u00e3o A COMSA Service desenvolve sistemas inform\u00e1ticos multiplataforma e adapt\u00e1veis a diferentes suportes para a gest\u00e3o assistida das","og_url":"https:\/\/comsaservice.com\/pt-pt\/engenharia-de-manutencao\/","og_site_name":"COMSA SERVICE","twitter_card":"summary_large_image","twitter_misc":{"Tempo estimado de leitura":"1 minuto"},"schema":{"@context":"https:\/\/schema.org","@graph":[{"@type":"WebPage","@id":"https:\/\/comsaservice.com\/pt-pt\/engenharia-de-manutencao\/","url":"https:\/\/comsaservice.com\/pt-pt\/engenharia-de-manutencao\/","name":"Engenharia de manuten\u00e7\u00e3o - COMSA SERVICE","isPartOf":{"@id":"https:\/\/comsaservice.com\/pt-pt\/#website"},"datePublished":"2023-06-12T10:29:12+00:00","description":"Engenharia de manuten\u00e7\u00e3o A COMSA Service desenvolve sistemas inform\u00e1ticos multiplataforma e adapt\u00e1veis a diferentes suportes para a gest\u00e3o assistida das","breadcrumb":{"@id":"https:\/\/comsaservice.com\/pt-pt\/engenharia-de-manutencao\/#breadcrumb"},"inLanguage":"pt-PT","potentialAction":[{"@type":"ReadAction","target":["https:\/\/comsaservice.com\/pt-pt\/engenharia-de-manutencao\/"]}]},{"@type":"BreadcrumbList","@id":"https:\/\/comsaservice.com\/pt-pt\/engenharia-de-manutencao\/#breadcrumb","itemListElement":[{"@type":"ListItem","position":1,"name":"Inicio","item":"https:\/\/comsaservice.com\/pt-pt\/"},{"@type":"ListItem","position":2,"name":"Engenharia de manuten\u00e7\u00e3o"}]},{"@type":"WebSite","@id":"https:\/\/comsaservice.com\/pt-pt\/#website","url":"https:\/\/comsaservice.com\/pt-pt\/","name":"COMSA SERVICE","description":"COMSA SERVICE","publisher":{"@id":"https:\/\/comsaservice.com\/pt-pt\/#organization"},"potentialAction":[{"@type":"SearchAction","target":{"@type":"EntryPoint","urlTemplate":"https:\/\/comsaservice.com\/pt-pt\/?s={search_term_string}"},"query-input":{"@type":"PropertyValueSpecification","valueRequired":true,"valueName":"search_term_string"}}],"inLanguage":"pt-PT"},{"@type":"Organization","@id":"https:\/\/comsaservice.com\/pt-pt\/#organization","name":"GMF | Gesti\u00f3n de Maquinaria Ferroviaria","url":"https:\/\/comsaservice.com\/pt-pt\/","logo":{"@type":"ImageObject","inLanguage":"pt-PT","@id":"https:\/\/comsaservice.com\/pt-pt\/#\/schema\/logo\/image\/","url":"https:\/\/comsaservice.multisite.comsa.com\/wp-content\/uploads\/sites\/6\/logo-gmf-1.png","contentUrl":"https:\/\/comsaservice.multisite.comsa.com\/wp-content\/uploads\/sites\/6\/logo-gmf-1.png","width":435,"height":60,"caption":"GMF | Gesti\u00f3n de Maquinaria Ferroviaria"},"image":{"@id":"https:\/\/comsaservice.com\/pt-pt\/#\/schema\/logo\/image\/"}}]}},"_links":{"self":[{"href":"https:\/\/comsaservice.com\/pt-pt\/wp-json\/wp\/v2\/pages\/19918","targetHints":{"allow":["GET"]}}],"collection":[{"href":"https:\/\/comsaservice.com\/pt-pt\/wp-json\/wp\/v2\/pages"}],"about":[{"href":"https:\/\/comsaservice.com\/pt-pt\/wp-json\/wp\/v2\/types\/page"}],"author":[{"embeddable":true,"href":"https:\/\/comsaservice.com\/pt-pt\/wp-json\/wp\/v2\/users\/1"}],"replies":[{"embeddable":true,"href":"https:\/\/comsaservice.com\/pt-pt\/wp-json\/wp\/v2\/comments?post=19918"}],"version-history":[{"count":1,"href":"https:\/\/comsaservice.com\/pt-pt\/wp-json\/wp\/v2\/pages\/19918\/revisions"}],"predecessor-version":[{"id":19919,"href":"https:\/\/comsaservice.com\/pt-pt\/wp-json\/wp\/v2\/pages\/19918\/revisions\/19919"}],"wp:attachment":[{"href":"https:\/\/comsaservice.com\/pt-pt\/wp-json\/wp\/v2\/media?parent=19918"}],"curies":[{"name":"wp","href":"https:\/\/api.w.org\/{rel}","templated":true}]}}