{"id":19892,"date":"2023-06-12T12:03:48","date_gmt":"2023-06-12T10:03:48","guid":{"rendered":"https:\/\/comsaservice.com\/fuentes-e-iluminaciones-ornamentales\/"},"modified":"2023-06-12T12:07:19","modified_gmt":"2023-06-12T10:07:19","slug":"fuentes-e-iluminaciones-ornamentales","status":"publish","type":"page","link":"https:\/\/comsaservice.com\/pt-pt\/divisoes\/fuentes-e-iluminaciones-ornamentales\/","title":{"rendered":"Fuentes e iluminaciones ornamentales"},"content":{"rendered":"\t\t<div data-elementor-type=\"wp-page\" data-elementor-id=\"19892\" class=\"elementor elementor-19892 elementor-19176\" data-elementor-post-type=\"page\">\n\t\t\t\t\t\t<section class=\"elementor-section elementor-top-section elementor-element elementor-element-207da79 v-head elementor-section-boxed elementor-section-height-default elementor-section-height-default\" data-id=\"207da79\" data-element_type=\"section\" data-e-type=\"section\">\n\t\t\t\t\t\t<div class=\"elementor-container elementor-column-gap-default\">\n\t\t\t\t\t<div class=\"elementor-column elementor-col-100 elementor-top-column elementor-element elementor-element-2da41a7\" data-id=\"2da41a7\" data-element_type=\"column\" data-e-type=\"column\">\n\t\t\t<div class=\"elementor-widget-wrap elementor-element-populated\">\n\t\t\t\t\t\t<div class=\"elementor-element elementor-element-c50a17c elementor-widget elementor-widget-heading\" data-id=\"c50a17c\" data-element_type=\"widget\" data-e-type=\"widget\" data-widget_type=\"heading.default\">\n\t\t\t\t<div class=\"elementor-widget-container\">\n\t\t\t\t\t<h1 class=\"elementor-heading-title elementor-size-default\">Fontes e ilumina\u00e7\u00f5es ornamentais<\/h1>\t\t\t\t<\/div>\n\t\t\t\t<\/div>\n\t\t\t\t\t<\/div>\n\t\t<\/div>\n\t\t\t\t\t<\/div>\n\t\t<\/section>\n\t\t\t\t<article class=\"elementor-section elementor-top-section elementor-element elementor-element-e199150 v-box box-line no-top-space elementor-section-boxed elementor-section-height-default elementor-section-height-default\" data-id=\"e199150\" data-element_type=\"section\" data-e-type=\"section\">\n\t\t\t\t\t\t<div class=\"elementor-container elementor-column-gap-default\">\n\t\t\t\t\t<div class=\"elementor-column elementor-col-50 elementor-top-column elementor-element elementor-element-caa8051 md-box\" data-id=\"caa8051\" data-element_type=\"column\" data-e-type=\"column\">\n\t\t\t<div class=\"elementor-widget-wrap elementor-element-populated\">\n\t\t\t\t\t\t<div class=\"elementor-element elementor-element-69766d9 md-actislide elementor--h-position-center elementor--v-position-middle elementor-pagination-position-inside elementor-widget elementor-widget-slides\" data-id=\"69766d9\" data-element_type=\"widget\" data-e-type=\"widget\" data-settings=\"{&quot;navigation&quot;:&quot;dots&quot;,&quot;transition&quot;:&quot;fade&quot;,&quot;autoplay&quot;:&quot;yes&quot;,&quot;pause_on_hover&quot;:&quot;yes&quot;,&quot;pause_on_interaction&quot;:&quot;yes&quot;,&quot;autoplay_speed&quot;:5000,&quot;infinite&quot;:&quot;yes&quot;,&quot;transition_speed&quot;:500}\" data-widget_type=\"slides.default\">\n\t\t\t\t<div class=\"elementor-widget-container\">\n\t\t\t\t\t\t\t\t\t<div class=\"elementor-swiper\">\n\t\t\t\t\t<div class=\"elementor-slides-wrapper elementor-main-swiper swiper\" role=\"region\" aria-roledescription=\"carousel\" aria-label=\"Slides\" dir=\"ltr\" data-animation=\"\">\n\t\t\t\t<div class=\"swiper-wrapper elementor-slides\">\n\t\t\t\t\t\t\t\t\t\t<div class=\"elementor-repeater-item-9d95680 swiper-slide\" role=\"group\" aria-roledescription=\"slide\"><div class=\"swiper-slide-bg\" role=\"img\" aria-label=\"5-1-400x400\"><\/div><div class=\"swiper-slide-inner\" ><div class=\"swiper-slide-contents\"><\/div><\/div><\/div>\t\t\t\t<\/div>\n\t\t\t\t\t\t\t<\/div>\n\t\t\t\t<\/div>\n\t\t\t\t\t\t\t\t<\/div>\n\t\t\t\t<\/div>\n\t\t\t\t\t<\/div>\n\t\t<\/div>\n\t\t\t\t<div class=\"elementor-column elementor-col-50 elementor-top-column elementor-element elementor-element-336ca8b md-txt\" data-id=\"336ca8b\" data-element_type=\"column\" data-e-type=\"column\">\n\t\t\t<div class=\"elementor-widget-wrap elementor-element-populated\">\n\t\t\t\t\t\t<div class=\"elementor-element elementor-element-9cb4997 elementor-widget elementor-widget-heading\" data-id=\"9cb4997\" data-element_type=\"widget\" data-e-type=\"widget\" data-widget_type=\"heading.default\">\n\t\t\t\t<div class=\"elementor-widget-container\">\n\t\t\t\t\t<h3 class=\"elementor-heading-title elementor-size-default\">A COMSA Service, atrav\u00e9s da sua divis\u00e3o de Fontes Ornamentais, realiza a conce\u00e7\u00e3o, a engenharia, a execu\u00e7\u00e3o e a manuten\u00e7\u00e3o de todo o tipo de fontes ornamentais.<\/h3>\t\t\t\t<\/div>\n\t\t\t\t<\/div>\n\t\t\t\t<div class=\"elementor-element elementor-element-085a236 elementor-widget elementor-widget-text-editor\" data-id=\"085a236\" data-element_type=\"widget\" data-e-type=\"widget\" data-widget_type=\"text-editor.default\">\n\t\t\t\t<div class=\"elementor-widget-container\">\n\t\t\t\t\t\t\t\t\t<p><\/p>\n<p style=\"box-sizing: border-box; margin: 0px 0px 10px; color: #000000; font-family: Arial, Helvetica, SansSerif; font-size: 16px; font-style: normal; font-variant-ligatures: normal; font-variant-caps: normal; font-weight: 400; letter-spacing: normal; orphans: 2; text-indent: 0px; text-transform: none; widows: 2; word-spacing: 0px; -webkit-text-stroke-width: 0px; white-space: normal; background-color: #ffffff; text-decoration-thickness: initial; text-decoration-style: initial; text-decoration-color: initial; text-align: left;\">Desde as mais simples at\u00e9 \u00e0s que incluem luz, som e efeitos especiais, de acordo com os crit\u00e9rios de sustentabilidade ambiental e efici\u00eancia energ\u00e9tica.<\/p>\n<p style=\"box-sizing: border-box; margin: 0px 0px 10px; color: #000000; font-family: Arial, Helvetica, SansSerif; font-size: 16px; font-style: normal; font-variant-ligatures: normal; font-variant-caps: normal; font-weight: 400; letter-spacing: normal; orphans: 2; text-indent: 0px; text-transform: none; widows: 2; word-spacing: 0px; -webkit-text-stroke-width: 0px; white-space: normal; background-color: #ffffff; text-decoration-thickness: initial; text-decoration-style: initial; text-decoration-color: initial; text-align: left;\">Esta divis\u00e3o, que integra a marca da Oficina T\u00e9cnica Buigas, oferece a administra\u00e7\u00f5es, engenharia e e gabinetes de arquitetura a sua colabora\u00e7\u00e3o para desenvolver projetos oferecendo uma vis\u00e3o tanto t\u00e9cnica como art\u00edstica.<\/p>\n<p style=\"box-sizing: border-box; margin: 0px 0px 10px; color: #000000; font-family: Arial, Helvetica, SansSerif; font-size: 16px; font-style: normal; font-variant-ligatures: normal; font-variant-caps: normal; font-weight: 400; letter-spacing: normal; orphans: 2; text-indent: 0px; text-transform: none; widows: 2; word-spacing: 0px; -webkit-text-stroke-width: 0px; white-space: normal; background-color: #ffffff; text-decoration-thickness: initial; text-decoration-style: initial; text-decoration-color: initial; text-align: left;\">A COMSA Service \u00e9 uma empresa de refer\u00eancia a n\u00edvel mundial no mercado de fontes e executou instala\u00e7\u00f5es para administra\u00e7\u00f5es p\u00fablicas e clientes privados em pa\u00edses como a Ar\u00e1bia Saudita, Canad\u00e1, Coreia do Sul, Dinamarca, Espanha, Estados Unidos, Fran\u00e7a, Jap\u00e3o, Marrocos, Rep\u00fablica Dominicana, entre outros.<\/p>\t\t\t\t\t\t\t\t<\/div>\n\t\t\t\t<\/div>\n\t\t\t\t\t<\/div>\n\t\t<\/div>\n\t\t\t\t\t<\/div>\n\t\t<\/article>\n\t\t\t\t<article class=\"elementor-section elementor-top-section elementor-element elementor-element-559f99b9 v-box box-line no-top-space elementor-section-boxed elementor-section-height-default elementor-section-height-default\" data-id=\"559f99b9\" data-element_type=\"section\" data-e-type=\"section\">\n\t\t\t\t\t\t<div class=\"elementor-container elementor-column-gap-default\">\n\t\t\t\t\t<div class=\"elementor-column elementor-col-100 elementor-top-column elementor-element elementor-element-452847e9 md-txt\" data-id=\"452847e9\" data-element_type=\"column\" data-e-type=\"column\">\n\t\t\t<div class=\"elementor-widget-wrap elementor-element-populated\">\n\t\t\t\t\t\t<div class=\"elementor-element elementor-element-15404a77 elementor-widget elementor-widget-heading\" data-id=\"15404a77\" data-element_type=\"widget\" data-e-type=\"widget\" data-widget_type=\"heading.default\">\n\t\t\t\t<div class=\"elementor-widget-container\">\n\t\t\t\t\t<h3 class=\"elementor-heading-title elementor-size-default\"><span style=\"font-weight: 400;font-size: 16px;font-family: FontAwesome;text-transform: none\"><\/span><span style=\"font-family: Arial, Helvetica, SansSerif;font-weight: 400;text-transform: none\">&nbsp;<\/span>Alcance do servi\u00e7o<\/h3>\t\t\t\t<\/div>\n\t\t\t\t<\/div>\n\t\t\t\t<div class=\"elementor-element elementor-element-46f322d elementor-widget elementor-widget-text-editor\" data-id=\"46f322d\" data-element_type=\"widget\" data-e-type=\"widget\" data-widget_type=\"text-editor.default\">\n\t\t\t\t<div class=\"elementor-widget-container\">\n\t\t\t\t\t\t\t\t\t<p class=\"p1\">\u2013 Estudo e projeto personalizado adequado \u00e0 localiza\u00e7\u00e3o.<\/p><p class=\"p1\">\u2013 Conce\u00e7\u00e3o da volumetria e detalhes construtivos para fontes, cascatas e ilumina\u00e7\u00f5es.<\/p><p class=\"p1\">\u2013 Instala\u00e7\u00e3o de elementos hidr\u00e1ulicos, el\u00e9tricos, eletr\u00f3nicos, sonoriza\u00e7\u00e3o e efeitos especiais.<\/p><p class=\"p1\">\u2013 Opera\u00e7\u00f5es de manuten\u00e7\u00e3o, reconstru\u00e7\u00e3o e remodela\u00e7\u00e3o de instala\u00e7\u00f5es antigas.<\/p><p class=\"p1\">\u2013 Automatiza\u00e7\u00e3o de instala\u00e7\u00f5es, telecontrolo, webcams online, etc.<\/p><p class=\"p1\">\u2013 Assessoria t\u00e9cnica e art\u00edstica a engenheiros, arquitetos e urbanistas.<\/p>\t\t\t\t\t\t\t\t<\/div>\n\t\t\t\t<\/div>\n\t\t\t\t\t<\/div>\n\t\t<\/div>\n\t\t\t\t\t<\/div>\n\t\t<\/article>\n\t\t\t\t<article class=\"elementor-section elementor-top-section elementor-element elementor-element-4b3ec12 v-box box-line no-top-space elementor-section-boxed elementor-section-height-default elementor-section-height-default\" data-id=\"4b3ec12\" data-element_type=\"section\" data-e-type=\"section\">\n\t\t\t\t\t\t<div class=\"elementor-container elementor-column-gap-default\">\n\t\t\t\t\t<div class=\"elementor-column elementor-col-100 elementor-top-column elementor-element elementor-element-e85b56b md-txt\" data-id=\"e85b56b\" data-element_type=\"column\" data-e-type=\"column\">\n\t\t\t<div class=\"elementor-widget-wrap elementor-element-populated\">\n\t\t\t\t\t\t<div class=\"elementor-element elementor-element-f8f21a6 elementor-widget elementor-widget-heading\" data-id=\"f8f21a6\" data-element_type=\"widget\" data-e-type=\"widget\" data-widget_type=\"heading.default\">\n\t\t\t\t<div class=\"elementor-widget-container\">\n\t\t\t\t\t<h3 class=\"elementor-heading-title elementor-size-default\">Fuentes y emplazamientos<\/h3>\t\t\t\t<\/div>\n\t\t\t\t<\/div>\n\t\t\t\t<div class=\"elementor-element elementor-element-b21e281 elementor-widget elementor-widget-text-editor\" data-id=\"b21e281\" data-element_type=\"widget\" data-e-type=\"widget\" data-widget_type=\"text-editor.default\">\n\t\t\t\t<div class=\"elementor-widget-container\">\n\t\t\t\t\t\t\t\t\t<p>\u2013 Fontes est\u00e1ticas: Sem altera\u00e7\u00f5es ou com varia\u00e7\u00f5es muito espa\u00e7adas e sem condicionantes espec\u00edficos para a sua localiza\u00e7\u00e3o.<\/p><p>\u2013 Fontes vari\u00e1veis: Mudam em formas e cores, recomend\u00e1veis para parques e espa\u00e7os ajardinados, pra\u00e7as muito amplas, zonas pedonais, etc.<\/p><p>\u2013 Fontes musicais espetaculares: Destinadas a serem centros de atra\u00e7\u00e3o, situadas em espa\u00e7os afastados da circula\u00e7\u00e3o rodovi\u00e1ria que permitem grande aflu\u00eancia de p\u00fablico.<\/p><p>\u2013 Fontes visit\u00e1veis e interativas: Crian\u00e7as e adultos podem interagir com a fonte e criar as suas pr\u00f3prias coreografias. Conv\u00e9m situ\u00e1-las em pra\u00e7as, zonas pedonais, parques, jardins ou qualquer \u00e1rea recreativa.<\/p><p>\u2013 Fontes singulares: incluem esculturas, rel\u00f3gios de \u00e1gua, cascatas, n\u00fameros e qualquer elemento art\u00edstico a destacar. N\u00e3o requerem uma localiza\u00e7\u00e3o especial.<\/p><p>\u2013 Fontes cibern\u00e9ticas: incluem a mais moderna tecnologia: laser, fumo, chamas de fogo, fogos artificiais, espetaculares cenas de luz e cor, m\u00fasica, etc. Conv\u00e9m situ\u00e1-las em espa\u00e7os amplos e longe da circula\u00e7\u00e3o rodovi\u00e1ria, parques de atra\u00e7\u00f5es, jardins, bosques urbanos, centros comerciais, etc.<\/p><p>\u2013 Ecr\u00e3 de \u00e1gua digital: Fonte especial que, mediante uma cortina de \u00e1gua informatizada, recria imagens, letras, s\u00edmbolos, etc. Recomend\u00e1veis para eventos, feiras, exposi\u00e7\u00f5es, etc.<\/p>\t\t\t\t\t\t\t\t<\/div>\n\t\t\t\t<\/div>\n\t\t\t\t\t<\/div>\n\t\t<\/div>\n\t\t\t\t\t<\/div>\n\t\t<\/article>\n\t\t\t\t<article class=\"elementor-section elementor-top-section elementor-element elementor-element-5326637 v-box box-line no-top-space elementor-section-boxed elementor-section-height-default elementor-section-height-default\" data-id=\"5326637\" data-element_type=\"section\" data-e-type=\"section\">\n\t\t\t\t\t\t<div class=\"elementor-container elementor-column-gap-default\">\n\t\t\t\t\t<div class=\"elementor-column elementor-col-100 elementor-top-column elementor-element elementor-element-8a9e81d md-txt\" data-id=\"8a9e81d\" data-element_type=\"column\" data-e-type=\"column\">\n\t\t\t<div class=\"elementor-widget-wrap elementor-element-populated\">\n\t\t\t\t\t\t<div class=\"elementor-element elementor-element-74ccce9 elementor-widget elementor-widget-heading\" data-id=\"74ccce9\" data-element_type=\"widget\" data-e-type=\"widget\" data-widget_type=\"heading.default\">\n\t\t\t\t<div class=\"elementor-widget-container\">\n\t\t\t\t\t<h3 class=\"elementor-heading-title elementor-size-default\">Oficina T\u00e9cnica Buigas (OTB)<\/h3>\t\t\t\t<\/div>\n\t\t\t\t<\/div>\n\t\t\t\t<div class=\"elementor-element elementor-element-f55ee45 elementor-widget elementor-widget-text-editor\" data-id=\"f55ee45\" data-element_type=\"widget\" data-e-type=\"widget\" data-widget_type=\"text-editor.default\">\n\t\t\t\t<div class=\"elementor-widget-container\">\n\t\t\t\t\t\t\t\t\t<p>Em 1996, a COMSA Service, dentro do seu processo de diversifica\u00e7\u00e3o, integra a marca distintiva de qualidade e prest\u00edgio da Divis\u00e3o OTB (Oficina T\u00e9cnica Buigas), cuja especialidade \u00e9 o tratamento espetacular da \u00e1gua, da luz e do som.<\/p><p>A OTB foi fundada h\u00e1 mais de 75 anos por Carlos Buigas, designer da \u201cFonte M\u00e1gica de Montjuic\u201d, tendo realizado, desde ent\u00e3o, fontes ornamentais e espet\u00e1culos de \u00e1gua e luz em todo o mundo.<\/p><p>\u00a0<\/p><p><span style=\"font-size: 14.992px;\">w<\/span><a style=\"background-color: #ffffff;\" href=\"http:\/\/www.otb.es\" target=\"_blank\" rel=\"noopener\">ww.otb.es<\/a><\/p>\t\t\t\t\t\t\t\t<\/div>\n\t\t\t\t<\/div>\n\t\t\t\t\t<\/div>\n\t\t<\/div>\n\t\t\t\t\t<\/div>\n\t\t<\/article>\n\t\t\t\t<\/div>\n\t\t","protected":false},"excerpt":{"rendered":"<p>Fontes e ilumina\u00e7\u00f5es ornamentais A COMSA Service, atrav\u00e9s da sua divis\u00e3o de Fontes Ornamentais, realiza a conce\u00e7\u00e3o, a engenharia, a execu\u00e7\u00e3o e a manuten\u00e7\u00e3o de todo o tipo de fontes ornamentais. Desde as mais simples at\u00e9 \u00e0s que incluem luz, som e efeitos especiais, de acordo com os crit\u00e9rios de sustentabilidade ambiental e efici\u00eancia energ\u00e9tica. [&hellip;]<\/p>\n","protected":false},"author":1,"featured_media":0,"parent":19867,"menu_order":0,"comment_status":"closed","ping_status":"closed","template":"","meta":{"footnotes":""},"class_list":["post-19892","page","type-page","status-publish","hentry"],"yoast_head":"<!-- This site is optimized with the Yoast SEO plugin v26.2 - https:\/\/yoast.com\/wordpress\/plugins\/seo\/ -->\n<title>Fuentes e iluminaciones ornamentales - COMSA SERVICE<\/title>\n<meta name=\"description\" content=\"Fontes e ilumina\u00e7\u00f5es ornamentais A COMSA Service, atrav\u00e9s da sua divis\u00e3o de Fontes Ornamentais, realiza a conce\u00e7\u00e3o, a engenharia, a execu\u00e7\u00e3o e a\" \/>\n<meta name=\"robots\" content=\"index, follow, max-snippet:-1, max-image-preview:large, max-video-preview:-1\" \/>\n<link rel=\"canonical\" href=\"https:\/\/comsaservice.com\/pt-pt\/divisoes\/fuentes-e-iluminaciones-ornamentales\/\" \/>\n<meta property=\"og:locale\" content=\"pt_PT\" \/>\n<meta property=\"og:type\" content=\"article\" \/>\n<meta property=\"og:title\" content=\"Fuentes e iluminaciones ornamentales - COMSA SERVICE\" \/>\n<meta property=\"og:description\" content=\"Fontes e ilumina\u00e7\u00f5es ornamentais A COMSA Service, atrav\u00e9s da sua divis\u00e3o de Fontes Ornamentais, realiza a conce\u00e7\u00e3o, a engenharia, a execu\u00e7\u00e3o e a\" \/>\n<meta property=\"og:url\" content=\"https:\/\/comsaservice.com\/pt-pt\/divisoes\/fuentes-e-iluminaciones-ornamentales\/\" \/>\n<meta property=\"og:site_name\" content=\"COMSA SERVICE\" \/>\n<meta property=\"article:modified_time\" content=\"2023-06-12T10:07:19+00:00\" \/>\n<meta name=\"twitter:card\" content=\"summary_large_image\" \/>\n<meta name=\"twitter:label1\" content=\"Tempo estimado de leitura\" \/>\n\t<meta name=\"twitter:data1\" content=\"3 minutos\" \/>\n<script type=\"application\/ld+json\" class=\"yoast-schema-graph\">{\"@context\":\"https:\/\/schema.org\",\"@graph\":[{\"@type\":\"WebPage\",\"@id\":\"https:\/\/comsaservice.com\/pt-pt\/divisoes\/fuentes-e-iluminaciones-ornamentales\/\",\"url\":\"https:\/\/comsaservice.com\/pt-pt\/divisoes\/fuentes-e-iluminaciones-ornamentales\/\",\"name\":\"Fuentes e iluminaciones ornamentales - COMSA SERVICE\",\"isPartOf\":{\"@id\":\"https:\/\/comsaservice.com\/pt-pt\/#website\"},\"datePublished\":\"2023-06-12T10:03:48+00:00\",\"dateModified\":\"2023-06-12T10:07:19+00:00\",\"description\":\"Fontes e ilumina\u00e7\u00f5es ornamentais A COMSA Service, atrav\u00e9s da sua divis\u00e3o de Fontes Ornamentais, realiza a conce\u00e7\u00e3o, a engenharia, a execu\u00e7\u00e3o e a\",\"breadcrumb\":{\"@id\":\"https:\/\/comsaservice.com\/pt-pt\/divisoes\/fuentes-e-iluminaciones-ornamentales\/#breadcrumb\"},\"inLanguage\":\"pt-PT\",\"potentialAction\":[{\"@type\":\"ReadAction\",\"target\":[\"https:\/\/comsaservice.com\/pt-pt\/divisoes\/fuentes-e-iluminaciones-ornamentales\/\"]}]},{\"@type\":\"BreadcrumbList\",\"@id\":\"https:\/\/comsaservice.com\/pt-pt\/divisoes\/fuentes-e-iluminaciones-ornamentales\/#breadcrumb\",\"itemListElement\":[{\"@type\":\"ListItem\",\"position\":1,\"name\":\"Inicio\",\"item\":\"https:\/\/comsaservice.com\/pt-pt\/\"},{\"@type\":\"ListItem\",\"position\":2,\"name\":\"Fuentes e iluminaciones ornamentales\"}]},{\"@type\":\"WebSite\",\"@id\":\"https:\/\/comsaservice.com\/pt-pt\/#website\",\"url\":\"https:\/\/comsaservice.com\/pt-pt\/\",\"name\":\"COMSA SERVICE\",\"description\":\"COMSA SERVICE\",\"publisher\":{\"@id\":\"https:\/\/comsaservice.com\/pt-pt\/#organization\"},\"potentialAction\":[{\"@type\":\"SearchAction\",\"target\":{\"@type\":\"EntryPoint\",\"urlTemplate\":\"https:\/\/comsaservice.com\/pt-pt\/?s={search_term_string}\"},\"query-input\":{\"@type\":\"PropertyValueSpecification\",\"valueRequired\":true,\"valueName\":\"search_term_string\"}}],\"inLanguage\":\"pt-PT\"},{\"@type\":\"Organization\",\"@id\":\"https:\/\/comsaservice.com\/pt-pt\/#organization\",\"name\":\"GMF | Gesti\u00f3n de Maquinaria Ferroviaria\",\"url\":\"https:\/\/comsaservice.com\/pt-pt\/\",\"logo\":{\"@type\":\"ImageObject\",\"inLanguage\":\"pt-PT\",\"@id\":\"https:\/\/comsaservice.com\/pt-pt\/#\/schema\/logo\/image\/\",\"url\":\"https:\/\/comsaservice.multisite.comsa.com\/wp-content\/uploads\/sites\/6\/logo-gmf-1.png\",\"contentUrl\":\"https:\/\/comsaservice.multisite.comsa.com\/wp-content\/uploads\/sites\/6\/logo-gmf-1.png\",\"width\":435,\"height\":60,\"caption\":\"GMF | Gesti\u00f3n de Maquinaria Ferroviaria\"},\"image\":{\"@id\":\"https:\/\/comsaservice.com\/pt-pt\/#\/schema\/logo\/image\/\"}}]}<\/script>\n<!-- \/ Yoast SEO plugin. -->","yoast_head_json":{"title":"Fuentes e iluminaciones ornamentales - COMSA SERVICE","description":"Fontes e ilumina\u00e7\u00f5es ornamentais A COMSA Service, atrav\u00e9s da sua divis\u00e3o de Fontes Ornamentais, realiza a conce\u00e7\u00e3o, a engenharia, a execu\u00e7\u00e3o e a","robots":{"index":"index","follow":"follow","max-snippet":"max-snippet:-1","max-image-preview":"max-image-preview:large","max-video-preview":"max-video-preview:-1"},"canonical":"https:\/\/comsaservice.com\/pt-pt\/divisoes\/fuentes-e-iluminaciones-ornamentales\/","og_locale":"pt_PT","og_type":"article","og_title":"Fuentes e iluminaciones ornamentales - COMSA SERVICE","og_description":"Fontes e ilumina\u00e7\u00f5es ornamentais A COMSA Service, atrav\u00e9s da sua divis\u00e3o de Fontes Ornamentais, realiza a conce\u00e7\u00e3o, a engenharia, a execu\u00e7\u00e3o e a","og_url":"https:\/\/comsaservice.com\/pt-pt\/divisoes\/fuentes-e-iluminaciones-ornamentales\/","og_site_name":"COMSA SERVICE","article_modified_time":"2023-06-12T10:07:19+00:00","twitter_card":"summary_large_image","twitter_misc":{"Tempo estimado de leitura":"3 minutos"},"schema":{"@context":"https:\/\/schema.org","@graph":[{"@type":"WebPage","@id":"https:\/\/comsaservice.com\/pt-pt\/divisoes\/fuentes-e-iluminaciones-ornamentales\/","url":"https:\/\/comsaservice.com\/pt-pt\/divisoes\/fuentes-e-iluminaciones-ornamentales\/","name":"Fuentes e iluminaciones ornamentales - COMSA SERVICE","isPartOf":{"@id":"https:\/\/comsaservice.com\/pt-pt\/#website"},"datePublished":"2023-06-12T10:03:48+00:00","dateModified":"2023-06-12T10:07:19+00:00","description":"Fontes e ilumina\u00e7\u00f5es ornamentais A COMSA Service, atrav\u00e9s da sua divis\u00e3o de Fontes Ornamentais, realiza a conce\u00e7\u00e3o, a engenharia, a execu\u00e7\u00e3o e a","breadcrumb":{"@id":"https:\/\/comsaservice.com\/pt-pt\/divisoes\/fuentes-e-iluminaciones-ornamentales\/#breadcrumb"},"inLanguage":"pt-PT","potentialAction":[{"@type":"ReadAction","target":["https:\/\/comsaservice.com\/pt-pt\/divisoes\/fuentes-e-iluminaciones-ornamentales\/"]}]},{"@type":"BreadcrumbList","@id":"https:\/\/comsaservice.com\/pt-pt\/divisoes\/fuentes-e-iluminaciones-ornamentales\/#breadcrumb","itemListElement":[{"@type":"ListItem","position":1,"name":"Inicio","item":"https:\/\/comsaservice.com\/pt-pt\/"},{"@type":"ListItem","position":2,"name":"Fuentes e iluminaciones ornamentales"}]},{"@type":"WebSite","@id":"https:\/\/comsaservice.com\/pt-pt\/#website","url":"https:\/\/comsaservice.com\/pt-pt\/","name":"COMSA SERVICE","description":"COMSA SERVICE","publisher":{"@id":"https:\/\/comsaservice.com\/pt-pt\/#organization"},"potentialAction":[{"@type":"SearchAction","target":{"@type":"EntryPoint","urlTemplate":"https:\/\/comsaservice.com\/pt-pt\/?s={search_term_string}"},"query-input":{"@type":"PropertyValueSpecification","valueRequired":true,"valueName":"search_term_string"}}],"inLanguage":"pt-PT"},{"@type":"Organization","@id":"https:\/\/comsaservice.com\/pt-pt\/#organization","name":"GMF | Gesti\u00f3n de Maquinaria Ferroviaria","url":"https:\/\/comsaservice.com\/pt-pt\/","logo":{"@type":"ImageObject","inLanguage":"pt-PT","@id":"https:\/\/comsaservice.com\/pt-pt\/#\/schema\/logo\/image\/","url":"https:\/\/comsaservice.multisite.comsa.com\/wp-content\/uploads\/sites\/6\/logo-gmf-1.png","contentUrl":"https:\/\/comsaservice.multisite.comsa.com\/wp-content\/uploads\/sites\/6\/logo-gmf-1.png","width":435,"height":60,"caption":"GMF | Gesti\u00f3n de Maquinaria Ferroviaria"},"image":{"@id":"https:\/\/comsaservice.com\/pt-pt\/#\/schema\/logo\/image\/"}}]}},"_links":{"self":[{"href":"https:\/\/comsaservice.com\/pt-pt\/wp-json\/wp\/v2\/pages\/19892","targetHints":{"allow":["GET"]}}],"collection":[{"href":"https:\/\/comsaservice.com\/pt-pt\/wp-json\/wp\/v2\/pages"}],"about":[{"href":"https:\/\/comsaservice.com\/pt-pt\/wp-json\/wp\/v2\/types\/page"}],"author":[{"embeddable":true,"href":"https:\/\/comsaservice.com\/pt-pt\/wp-json\/wp\/v2\/users\/1"}],"replies":[{"embeddable":true,"href":"https:\/\/comsaservice.com\/pt-pt\/wp-json\/wp\/v2\/comments?post=19892"}],"version-history":[{"count":4,"href":"https:\/\/comsaservice.com\/pt-pt\/wp-json\/wp\/v2\/pages\/19892\/revisions"}],"predecessor-version":[{"id":19896,"href":"https:\/\/comsaservice.com\/pt-pt\/wp-json\/wp\/v2\/pages\/19892\/revisions\/19896"}],"up":[{"embeddable":true,"href":"https:\/\/comsaservice.com\/pt-pt\/wp-json\/wp\/v2\/pages\/19867"}],"wp:attachment":[{"href":"https:\/\/comsaservice.com\/pt-pt\/wp-json\/wp\/v2\/media?parent=19892"}],"curies":[{"name":"wp","href":"https:\/\/api.w.org\/{rel}","templated":true}]}}