{"id":19859,"date":"2023-06-12T09:50:49","date_gmt":"2023-06-12T07:50:49","guid":{"rendered":"https:\/\/comsaservice.com\/compromisso\/"},"modified":"2023-06-12T09:50:49","modified_gmt":"2023-06-12T07:50:49","slug":"compromisso","status":"publish","type":"page","link":"https:\/\/comsaservice.com\/pt-pt\/empresa\/compromisso\/","title":{"rendered":"Compromisso"},"content":{"rendered":"\t\t<div data-elementor-type=\"wp-page\" data-elementor-id=\"19859\" class=\"elementor elementor-19859 elementor-19109\" data-elementor-post-type=\"page\">\n\t\t\t\t\t\t<section class=\"elementor-section elementor-top-section elementor-element elementor-element-207da79 v-head elementor-section-boxed elementor-section-height-default elementor-section-height-default\" data-id=\"207da79\" data-element_type=\"section\" data-e-type=\"section\">\n\t\t\t\t\t\t<div class=\"elementor-container elementor-column-gap-default\">\n\t\t\t\t\t<div class=\"elementor-column elementor-col-100 elementor-top-column elementor-element elementor-element-2da41a7\" data-id=\"2da41a7\" data-element_type=\"column\" data-e-type=\"column\">\n\t\t\t<div class=\"elementor-widget-wrap elementor-element-populated\">\n\t\t\t\t\t\t<div class=\"elementor-element elementor-element-c50a17c elementor-widget elementor-widget-heading\" data-id=\"c50a17c\" data-element_type=\"widget\" data-e-type=\"widget\" data-widget_type=\"heading.default\">\n\t\t\t\t<div class=\"elementor-widget-container\">\n\t\t\t\t\t<h1 class=\"elementor-heading-title elementor-size-default\">Compromisso<\/h1>\t\t\t\t<\/div>\n\t\t\t\t<\/div>\n\t\t\t\t<div class=\"elementor-element elementor-element-d87650c elementor-widget elementor-widget-heading\" data-id=\"d87650c\" data-element_type=\"widget\" data-e-type=\"widget\" data-widget_type=\"heading.default\">\n\t\t\t\t<div class=\"elementor-widget-container\">\n\t\t\t\t\t<h2 class=\"elementor-heading-title elementor-size-default\">A premissa que nos levou \u00e0 situa\u00e7\u00e3o atual foi o nosso compromisso:<\/h2>\t\t\t\t<\/div>\n\t\t\t\t<\/div>\n\t\t\t\t\t<\/div>\n\t\t<\/div>\n\t\t\t\t\t<\/div>\n\t\t<\/section>\n\t\t\t\t<article class=\"elementor-section elementor-top-section elementor-element elementor-element-e199150 v-box box-line no-top-space elementor-section-boxed elementor-section-height-default elementor-section-height-default\" data-id=\"e199150\" data-element_type=\"section\" data-e-type=\"section\">\n\t\t\t\t\t\t<div class=\"elementor-container elementor-column-gap-default\">\n\t\t\t\t\t<div class=\"elementor-column elementor-col-50 elementor-top-column elementor-element elementor-element-caa8051 md-box\" data-id=\"caa8051\" data-element_type=\"column\" data-e-type=\"column\">\n\t\t\t<div class=\"elementor-widget-wrap elementor-element-populated\">\n\t\t\t\t\t\t<div class=\"elementor-element elementor-element-69766d9 md-actislide elementor--h-position-center elementor--v-position-middle elementor-pagination-position-inside elementor-widget elementor-widget-slides\" data-id=\"69766d9\" data-element_type=\"widget\" data-e-type=\"widget\" data-settings=\"{&quot;navigation&quot;:&quot;dots&quot;,&quot;transition&quot;:&quot;fade&quot;,&quot;autoplay&quot;:&quot;yes&quot;,&quot;pause_on_hover&quot;:&quot;yes&quot;,&quot;pause_on_interaction&quot;:&quot;yes&quot;,&quot;autoplay_speed&quot;:5000,&quot;infinite&quot;:&quot;yes&quot;,&quot;transition_speed&quot;:500}\" data-widget_type=\"slides.default\">\n\t\t\t\t<div class=\"elementor-widget-container\">\n\t\t\t\t\t\t\t\t\t<div class=\"elementor-swiper\">\n\t\t\t\t\t<div class=\"elementor-slides-wrapper elementor-main-swiper swiper\" role=\"region\" aria-roledescription=\"carousel\" aria-label=\"Slides\" dir=\"ltr\" data-animation=\"\">\n\t\t\t\t<div class=\"swiper-wrapper elementor-slides\">\n\t\t\t\t\t\t\t\t\t\t<div class=\"elementor-repeater-item-9d95680 swiper-slide\" role=\"group\" aria-roledescription=\"slide\"><div class=\"swiper-slide-bg\" role=\"img\" aria-label=\"compromiso-1-400x400\"><\/div><div class=\"swiper-slide-inner\" ><div class=\"swiper-slide-contents\"><\/div><\/div><\/div>\t\t\t\t<\/div>\n\t\t\t\t\t\t\t<\/div>\n\t\t\t\t<\/div>\n\t\t\t\t\t\t\t\t<\/div>\n\t\t\t\t<\/div>\n\t\t\t\t\t<\/div>\n\t\t<\/div>\n\t\t\t\t<div class=\"elementor-column elementor-col-50 elementor-top-column elementor-element elementor-element-336ca8b md-txt\" data-id=\"336ca8b\" data-element_type=\"column\" data-e-type=\"column\">\n\t\t\t<div class=\"elementor-widget-wrap elementor-element-populated\">\n\t\t\t\t\t\t<div class=\"elementor-element elementor-element-9cb4997 elementor-widget elementor-widget-heading\" data-id=\"9cb4997\" data-element_type=\"widget\" data-e-type=\"widget\" data-widget_type=\"heading.default\">\n\t\t\t\t<div class=\"elementor-widget-container\">\n\t\t\t\t\t<h3 class=\"elementor-heading-title elementor-size-default\">Com os clientes<\/h3>\t\t\t\t<\/div>\n\t\t\t\t<\/div>\n\t\t\t\t<div class=\"elementor-element elementor-element-085a236 elementor-widget elementor-widget-text-editor\" data-id=\"085a236\" data-element_type=\"widget\" data-e-type=\"widget\" data-widget_type=\"text-editor.default\">\n\t\t\t\t<div class=\"elementor-widget-container\">\n\t\t\t\t\t\t\t\t\t<p>Procuramos a sua satisfa\u00e7\u00e3o, envolvendo-os nas suas necessidades e fornecendo-lhes solu\u00e7\u00f5es integrais, com uma melhoria constante da qualidade de servi\u00e7o. Uma gest\u00e3o profissional e uma proximidade real que nos permitem alcan\u00e7ar resultados eficientes e satisfat\u00f3rios.<\/p>\n\t\t\t\t\t\t\t\t<\/div>\n\t\t\t\t<\/div>\n\t\t\t\t<div class=\"elementor-element elementor-element-effd101 elementor-widget elementor-widget-heading\" data-id=\"effd101\" data-element_type=\"widget\" data-e-type=\"widget\" data-widget_type=\"heading.default\">\n\t\t\t\t<div class=\"elementor-widget-container\">\n\t\t\t\t\t<h3 class=\"elementor-heading-title elementor-size-default\">Com a nossa equipa humana<\/h3>\t\t\t\t<\/div>\n\t\t\t\t<\/div>\n\t\t\t\t<div class=\"elementor-element elementor-element-888d291 elementor-widget elementor-widget-text-editor\" data-id=\"888d291\" data-element_type=\"widget\" data-e-type=\"widget\" data-widget_type=\"text-editor.default\">\n\t\t\t\t<div class=\"elementor-widget-container\">\n\t\t\t\t\t\t\t\t\t<p>Proporcionamos forma\u00e7\u00e3o constante e competente no seu \u00e2mbito de atua\u00e7\u00e3o e potenciamos o seu crescimento profissional dentro da COMSA Service. Pessoal competente, motivado e fiel \u00e0 empresa \u00e9 a melhor garantia de um servi\u00e7o de qualidade.<\/p>\n\t\t\t\t\t\t\t\t<\/div>\n\t\t\t\t<\/div>\n\t\t\t\t<div class=\"elementor-element elementor-element-d44abc1 elementor-widget elementor-widget-heading\" data-id=\"d44abc1\" data-element_type=\"widget\" data-e-type=\"widget\" data-widget_type=\"heading.default\">\n\t\t\t\t<div class=\"elementor-widget-container\">\n\t\t\t\t\t<h3 class=\"elementor-heading-title elementor-size-default\">Com a nossa sociedade<\/h3>\t\t\t\t<\/div>\n\t\t\t\t<\/div>\n\t\t\t\t<div class=\"elementor-element elementor-element-57e6905 elementor-widget elementor-widget-text-editor\" data-id=\"57e6905\" data-element_type=\"widget\" data-e-type=\"widget\" data-widget_type=\"text-editor.default\">\n\t\t\t\t<div class=\"elementor-widget-container\">\n\t\t\t\t\t\t\t\t\t<p>Estamos comprometidos com uma atua\u00e7\u00e3o sustent\u00e1vel, com a melhoria da efici\u00eancia energ\u00e9tica e contribuindo para uma otimiza\u00e7\u00e3o de servi\u00e7os, atrav\u00e9s do desenvolvimento e da aplica\u00e7\u00e3o de sistemas inovadores.<\/p>\n\t\t\t\t\t\t\t\t<\/div>\n\t\t\t\t<\/div>\n\t\t\t\t\t<\/div>\n\t\t<\/div>\n\t\t\t\t\t<\/div>\n\t\t<\/article>\n\t\t\t\t<\/div>\n\t\t","protected":false},"excerpt":{"rendered":"<p>Compromisso A premissa que nos levou \u00e0 situa\u00e7\u00e3o atual foi o nosso compromisso: Com os clientes Procuramos a sua satisfa\u00e7\u00e3o, envolvendo-os nas suas necessidades e fornecendo-lhes solu\u00e7\u00f5es integrais, com uma melhoria constante da qualidade de servi\u00e7o. Uma gest\u00e3o profissional e uma proximidade real que nos permitem alcan\u00e7ar resultados eficientes e satisfat\u00f3rios. Com a nossa equipa [&hellip;]<\/p>\n","protected":false},"author":1,"featured_media":0,"parent":19875,"menu_order":0,"comment_status":"closed","ping_status":"closed","template":"","meta":{"footnotes":""},"class_list":["post-19859","page","type-page","status-publish","hentry"],"yoast_head":"<!-- This site is optimized with the Yoast SEO plugin v26.2 - https:\/\/yoast.com\/wordpress\/plugins\/seo\/ -->\n<title>Compromisso - COMSA SERVICE<\/title>\n<meta name=\"description\" content=\"Compromisso A premissa que nos levou \u00e0 situa\u00e7\u00e3o atual foi o nosso compromisso: Com os clientes Procuramos a sua satisfa\u00e7\u00e3o, envolvendo-os nas suas\" \/>\n<meta name=\"robots\" content=\"index, follow, max-snippet:-1, max-image-preview:large, max-video-preview:-1\" \/>\n<link rel=\"canonical\" href=\"https:\/\/comsaservice.com\/pt-pt\/empresa\/compromisso\/\" \/>\n<meta property=\"og:locale\" content=\"pt_PT\" \/>\n<meta property=\"og:type\" content=\"article\" \/>\n<meta property=\"og:title\" content=\"Compromisso - COMSA SERVICE\" \/>\n<meta property=\"og:description\" content=\"Compromisso A premissa que nos levou \u00e0 situa\u00e7\u00e3o atual foi o nosso compromisso: Com os clientes Procuramos a sua satisfa\u00e7\u00e3o, envolvendo-os nas suas\" \/>\n<meta property=\"og:url\" content=\"https:\/\/comsaservice.com\/pt-pt\/empresa\/compromisso\/\" \/>\n<meta property=\"og:site_name\" content=\"COMSA SERVICE\" \/>\n<meta name=\"twitter:card\" content=\"summary_large_image\" \/>\n<meta name=\"twitter:label1\" content=\"Tempo estimado de leitura\" \/>\n\t<meta name=\"twitter:data1\" content=\"1 minuto\" \/>\n<script type=\"application\/ld+json\" class=\"yoast-schema-graph\">{\"@context\":\"https:\/\/schema.org\",\"@graph\":[{\"@type\":\"WebPage\",\"@id\":\"https:\/\/comsaservice.com\/pt-pt\/empresa\/compromisso\/\",\"url\":\"https:\/\/comsaservice.com\/pt-pt\/empresa\/compromisso\/\",\"name\":\"Compromisso - COMSA SERVICE\",\"isPartOf\":{\"@id\":\"https:\/\/comsaservice.com\/pt-pt\/#website\"},\"datePublished\":\"2023-06-12T07:50:49+00:00\",\"description\":\"Compromisso A premissa que nos levou \u00e0 situa\u00e7\u00e3o atual foi o nosso compromisso: Com os clientes Procuramos a sua satisfa\u00e7\u00e3o, envolvendo-os nas suas\",\"breadcrumb\":{\"@id\":\"https:\/\/comsaservice.com\/pt-pt\/empresa\/compromisso\/#breadcrumb\"},\"inLanguage\":\"pt-PT\",\"potentialAction\":[{\"@type\":\"ReadAction\",\"target\":[\"https:\/\/comsaservice.com\/pt-pt\/empresa\/compromisso\/\"]}]},{\"@type\":\"BreadcrumbList\",\"@id\":\"https:\/\/comsaservice.com\/pt-pt\/empresa\/compromisso\/#breadcrumb\",\"itemListElement\":[{\"@type\":\"ListItem\",\"position\":1,\"name\":\"Inicio\",\"item\":\"https:\/\/comsaservice.com\/pt-pt\/\"},{\"@type\":\"ListItem\",\"position\":2,\"name\":\"Compromisso\"}]},{\"@type\":\"WebSite\",\"@id\":\"https:\/\/comsaservice.com\/pt-pt\/#website\",\"url\":\"https:\/\/comsaservice.com\/pt-pt\/\",\"name\":\"COMSA SERVICE\",\"description\":\"COMSA SERVICE\",\"publisher\":{\"@id\":\"https:\/\/comsaservice.com\/pt-pt\/#organization\"},\"potentialAction\":[{\"@type\":\"SearchAction\",\"target\":{\"@type\":\"EntryPoint\",\"urlTemplate\":\"https:\/\/comsaservice.com\/pt-pt\/?s={search_term_string}\"},\"query-input\":{\"@type\":\"PropertyValueSpecification\",\"valueRequired\":true,\"valueName\":\"search_term_string\"}}],\"inLanguage\":\"pt-PT\"},{\"@type\":\"Organization\",\"@id\":\"https:\/\/comsaservice.com\/pt-pt\/#organization\",\"name\":\"GMF | Gesti\u00f3n de Maquinaria Ferroviaria\",\"url\":\"https:\/\/comsaservice.com\/pt-pt\/\",\"logo\":{\"@type\":\"ImageObject\",\"inLanguage\":\"pt-PT\",\"@id\":\"https:\/\/comsaservice.com\/pt-pt\/#\/schema\/logo\/image\/\",\"url\":\"https:\/\/comsaservice.multisite.comsa.com\/wp-content\/uploads\/sites\/6\/logo-gmf-1.png\",\"contentUrl\":\"https:\/\/comsaservice.multisite.comsa.com\/wp-content\/uploads\/sites\/6\/logo-gmf-1.png\",\"width\":435,\"height\":60,\"caption\":\"GMF | Gesti\u00f3n de Maquinaria Ferroviaria\"},\"image\":{\"@id\":\"https:\/\/comsaservice.com\/pt-pt\/#\/schema\/logo\/image\/\"}}]}<\/script>\n<!-- \/ Yoast SEO plugin. -->","yoast_head_json":{"title":"Compromisso - COMSA SERVICE","description":"Compromisso A premissa que nos levou \u00e0 situa\u00e7\u00e3o atual foi o nosso compromisso: Com os clientes Procuramos a sua satisfa\u00e7\u00e3o, envolvendo-os nas suas","robots":{"index":"index","follow":"follow","max-snippet":"max-snippet:-1","max-image-preview":"max-image-preview:large","max-video-preview":"max-video-preview:-1"},"canonical":"https:\/\/comsaservice.com\/pt-pt\/empresa\/compromisso\/","og_locale":"pt_PT","og_type":"article","og_title":"Compromisso - COMSA SERVICE","og_description":"Compromisso A premissa que nos levou \u00e0 situa\u00e7\u00e3o atual foi o nosso compromisso: Com os clientes Procuramos a sua satisfa\u00e7\u00e3o, envolvendo-os nas suas","og_url":"https:\/\/comsaservice.com\/pt-pt\/empresa\/compromisso\/","og_site_name":"COMSA SERVICE","twitter_card":"summary_large_image","twitter_misc":{"Tempo estimado de leitura":"1 minuto"},"schema":{"@context":"https:\/\/schema.org","@graph":[{"@type":"WebPage","@id":"https:\/\/comsaservice.com\/pt-pt\/empresa\/compromisso\/","url":"https:\/\/comsaservice.com\/pt-pt\/empresa\/compromisso\/","name":"Compromisso - COMSA SERVICE","isPartOf":{"@id":"https:\/\/comsaservice.com\/pt-pt\/#website"},"datePublished":"2023-06-12T07:50:49+00:00","description":"Compromisso A premissa que nos levou \u00e0 situa\u00e7\u00e3o atual foi o nosso compromisso: Com os clientes Procuramos a sua satisfa\u00e7\u00e3o, envolvendo-os nas suas","breadcrumb":{"@id":"https:\/\/comsaservice.com\/pt-pt\/empresa\/compromisso\/#breadcrumb"},"inLanguage":"pt-PT","potentialAction":[{"@type":"ReadAction","target":["https:\/\/comsaservice.com\/pt-pt\/empresa\/compromisso\/"]}]},{"@type":"BreadcrumbList","@id":"https:\/\/comsaservice.com\/pt-pt\/empresa\/compromisso\/#breadcrumb","itemListElement":[{"@type":"ListItem","position":1,"name":"Inicio","item":"https:\/\/comsaservice.com\/pt-pt\/"},{"@type":"ListItem","position":2,"name":"Compromisso"}]},{"@type":"WebSite","@id":"https:\/\/comsaservice.com\/pt-pt\/#website","url":"https:\/\/comsaservice.com\/pt-pt\/","name":"COMSA SERVICE","description":"COMSA SERVICE","publisher":{"@id":"https:\/\/comsaservice.com\/pt-pt\/#organization"},"potentialAction":[{"@type":"SearchAction","target":{"@type":"EntryPoint","urlTemplate":"https:\/\/comsaservice.com\/pt-pt\/?s={search_term_string}"},"query-input":{"@type":"PropertyValueSpecification","valueRequired":true,"valueName":"search_term_string"}}],"inLanguage":"pt-PT"},{"@type":"Organization","@id":"https:\/\/comsaservice.com\/pt-pt\/#organization","name":"GMF | Gesti\u00f3n de Maquinaria Ferroviaria","url":"https:\/\/comsaservice.com\/pt-pt\/","logo":{"@type":"ImageObject","inLanguage":"pt-PT","@id":"https:\/\/comsaservice.com\/pt-pt\/#\/schema\/logo\/image\/","url":"https:\/\/comsaservice.multisite.comsa.com\/wp-content\/uploads\/sites\/6\/logo-gmf-1.png","contentUrl":"https:\/\/comsaservice.multisite.comsa.com\/wp-content\/uploads\/sites\/6\/logo-gmf-1.png","width":435,"height":60,"caption":"GMF | Gesti\u00f3n de Maquinaria Ferroviaria"},"image":{"@id":"https:\/\/comsaservice.com\/pt-pt\/#\/schema\/logo\/image\/"}}]}},"_links":{"self":[{"href":"https:\/\/comsaservice.com\/pt-pt\/wp-json\/wp\/v2\/pages\/19859","targetHints":{"allow":["GET"]}}],"collection":[{"href":"https:\/\/comsaservice.com\/pt-pt\/wp-json\/wp\/v2\/pages"}],"about":[{"href":"https:\/\/comsaservice.com\/pt-pt\/wp-json\/wp\/v2\/types\/page"}],"author":[{"embeddable":true,"href":"https:\/\/comsaservice.com\/pt-pt\/wp-json\/wp\/v2\/users\/1"}],"replies":[{"embeddable":true,"href":"https:\/\/comsaservice.com\/pt-pt\/wp-json\/wp\/v2\/comments?post=19859"}],"version-history":[{"count":1,"href":"https:\/\/comsaservice.com\/pt-pt\/wp-json\/wp\/v2\/pages\/19859\/revisions"}],"predecessor-version":[{"id":19860,"href":"https:\/\/comsaservice.com\/pt-pt\/wp-json\/wp\/v2\/pages\/19859\/revisions\/19860"}],"up":[{"embeddable":true,"href":"https:\/\/comsaservice.com\/pt-pt\/wp-json\/wp\/v2\/pages\/19875"}],"wp:attachment":[{"href":"https:\/\/comsaservice.com\/pt-pt\/wp-json\/wp\/v2\/media?parent=19859"}],"curies":[{"name":"wp","href":"https:\/\/api.w.org\/{rel}","templated":true}]}}