{"id":17609,"date":"2021-02-02T09:37:02","date_gmt":"2021-02-02T08:37:02","guid":{"rendered":"https:\/\/comsaservice.multisite.comsa.com\/politica-de-cookies\/"},"modified":"2023-06-12T14:31:42","modified_gmt":"2023-06-12T12:31:42","slug":"politica-de-cookies","status":"publish","type":"page","link":"https:\/\/comsaservice.com\/pt-pt\/politica-de-cookies\/","title":{"rendered":"Pol\u00edtica de cookies"},"content":{"rendered":"\t\t<div data-elementor-type=\"wp-page\" data-elementor-id=\"17609\" class=\"elementor elementor-17609 elementor-14701\" data-elementor-post-type=\"page\">\n\t\t\t\t\t\t<section class=\"elementor-section elementor-top-section elementor-element elementor-element-c95ca2a elementor-section-boxed elementor-section-height-default elementor-section-height-default\" data-id=\"c95ca2a\" data-element_type=\"section\" data-e-type=\"section\">\n\t\t\t\t\t\t<div class=\"elementor-container elementor-column-gap-default\">\n\t\t\t\t\t<div class=\"elementor-column elementor-col-100 elementor-top-column elementor-element elementor-element-cba933e\" data-id=\"cba933e\" data-element_type=\"column\" data-e-type=\"column\">\n\t\t\t<div class=\"elementor-widget-wrap elementor-element-populated\">\n\t\t\t\t\t\t\t<\/div>\n\t\t<\/div>\n\t\t\t\t\t<\/div>\n\t\t<\/section>\n\t\t\t\t<section class=\"elementor-section elementor-top-section elementor-element elementor-element-f9b7940 elementor-section-boxed elementor-section-height-default elementor-section-height-default\" data-id=\"f9b7940\" data-element_type=\"section\" data-e-type=\"section\">\n\t\t\t\t\t\t<div class=\"elementor-container elementor-column-gap-default\">\n\t\t\t\t\t<div class=\"elementor-column elementor-col-100 elementor-top-column elementor-element elementor-element-f2d22b7\" data-id=\"f2d22b7\" data-element_type=\"column\" data-e-type=\"column\">\n\t\t\t<div class=\"elementor-widget-wrap elementor-element-populated\">\n\t\t\t\t\t\t<div class=\"elementor-element elementor-element-70bc615 elementor-widget elementor-widget-text-editor\" data-id=\"70bc615\" data-element_type=\"widget\" data-e-type=\"widget\" data-widget_type=\"text-editor.default\">\n\t\t\t\t<div class=\"elementor-widget-container\">\n\t\t\t\t\t\t\t\t\t<p>O presente website utiliza cookies para facilitar a navega\u00e7\u00e3o e oferecer um servi\u00e7o personalizado e mais \u00e1gil. Pode configurar o seu programa de navega\u00e7\u00e3o na Internet para n\u00e3o receber estes cookies. Nesse caso, a qualidade e rapidez na navega\u00e7\u00e3o na web pode diminuir.<\/p>\n<p><\/p>\n<p><em>O que \u00e9 um cookie?<\/em><\/p>\n<p><\/p>\n<p>Os cookies s\u00e3o pequenas quantidades de informa\u00e7\u00e3o que se armazenam no navegador utilizado por cada utilizador para que o servidor memorize certas informa\u00e7\u00f5es que, posteriormente, s\u00f3 o servidor que a implementou ler\u00e1. Os cookies t\u00eam, geralmente, uma dura\u00e7\u00e3o limitada no tempo.<\/p>\n<p><\/p>\n<p><em>Que cookies utilizamos?<\/em><\/p>\n<p>O nosso website utiliza os seguintes cookies:<\/p>\n<p><\/p>\n<ul>\n<li><strong>Cookies t\u00e9cnicos:<\/strong>&nbsp;S\u00e3o os que permitem ao utilizador a navega\u00e7\u00e3o numa p\u00e1gina web e a utiliza\u00e7\u00e3o das diferentes op\u00e7\u00f5es ou servi\u00e7os que existam nela como, por exemplo, controlar o tr\u00e1fego e a comunica\u00e7\u00e3o de dados, identificar a sess\u00e3o, aceder a partes de acesso restrito, etc.<\/li>\n<\/ul>\n<ul>\n<li><strong>Cookies de personaliza\u00e7\u00e3o:<\/strong>&nbsp;S\u00e3o os que permitem ao utilizador aceder ao servi\u00e7o com algumas caracter\u00edsticas de car\u00e1ter geral predefinidas como, por exemplo, o idioma, o tipo de navegador atrav\u00e9s do qual acede ao servi\u00e7o, a configura\u00e7\u00e3o regional a partir de um acede ao servi\u00e7o, etc.<\/li>\n<\/ul>\n<ul>\n<li><strong>Cookies de an\u00e1lise:<\/strong>&nbsp;S\u00e3o os que permitem o seguimento e a an\u00e1lise do comportamento do utilizador. A informa\u00e7\u00e3o recolhida por este tipo de cookies \u00e9 utilizada na medi\u00e7\u00e3o da atividade do website e para a elabora\u00e7\u00e3o de perfis de navega\u00e7\u00e3o dos utilizadores, com a finalidade de introduzir melhorias. A recompila\u00e7\u00e3o destes dados \u00e9 feita de forma an\u00f3nima e n\u00e3o est\u00e1 ligada a nenhum dado pessoal.<\/li>\n<\/ul>\n<ul>\n<li><strong>Cookies de geolocaliza\u00e7\u00e3o:<\/strong>&nbsp;S\u00e3o os que detetam, de maneira an\u00f3nima, o pa\u00eds onde est\u00e1 o utilizador para oferecer conte\u00fados e servi\u00e7os mais adequados.<\/li>\n<\/ul>\n<ul>\n<li><strong>Cookies de terceiros:<\/strong>&nbsp;S\u00e3o os que podem ser instalados na p\u00e1gina com o objetivo de melhorar os servi\u00e7os que estes terceiros oferecem, como por exemplo, os links para redes sociais para partilhar os conte\u00fados da p\u00e1gina web.<\/li>\n<\/ul>\n<p><em>&nbsp;<\/em><\/p>\n<p><em>Quem utiliza os cookies?<\/em><\/p>\n<p><em>&nbsp;<\/em><\/p>\n<p>A informa\u00e7\u00e3o obtida atrav\u00e9s dos cookies ser\u00e1 recolhida e tratada pela COMSA Service FM, S.A.U, cujos dados detalhamos abaixo:<\/p>\n<p><\/p>\n<p>Denomina\u00e7\u00e3o Social: COMSA Service FM, S.A.U.<\/p>\n<p>Morada: Vall\u00e8s, 2 08940 Cornell\u00e0 de Llobregat<\/p>\n<p>Telefone: 934809150<\/p>\n<p>Correio eletr\u00f3nico: info@comsaservice.com<\/p>\n<p>Contacto Delegado de prote\u00e7\u00e3o de dados: C\/ Viriato, 47, 08014, Barcelona e&nbsp;<a href=\"mailto:lopd@comsa.com\">lopd@comsa.com<\/a><\/p>\n<p><\/p>\n<p><em>Como se pode desativar os cookies?<\/em><\/p>\n<p><\/p>\n<p>Pode bloquear ou eliminar cookies atrav\u00e9s do explorador de Internet, mas se o fizer, pode haver algum problema ao utilizar ou carregar a plataforma.<\/p>\n<p><\/p>\n<p>A configura\u00e7\u00e3o do explorador de Internet para esse efeito depender\u00e1 do navegador que estiver a utilizar. De seguida, facultamos-lhe links paras as instru\u00e7\u00f5es que oferecem os principais navegadores para eliminar cookies:<\/p>\n<p><\/p>\n<ul>\n<li>Internet Explorer:&nbsp;<a href=\"http:\/\/windows.microsoft.com\/es-ES\/internet-explorer\/delete-manage-cookies#ie=ie-11-win-7\">http:\/\/windows.microsoft.com\/es-ES\/internet-explorer\/delete-manage-cookies#ie=ie-11-win-7<\/a><\/li>\n<li>Firefox:&nbsp;<a href=\"https:\/\/support.mozilla.org\/es\/kb\/Borrar%20cookies\">https:\/\/support.mozilla.org\/es\/kb\/Borrar%20cookies<\/a><\/li>\n<li>Chrome:&nbsp;https:\/\/support.google.com\/chrome\/answer\/95647<\/li>\n<\/ul>\t\t\t\t\t\t\t\t<\/div>\n\t\t\t\t<\/div>\n\t\t\t\t\t<\/div>\n\t\t<\/div>\n\t\t\t\t\t<\/div>\n\t\t<\/section>\n\t\t\t\t<\/div>\n\t\t","protected":false},"excerpt":{"rendered":"<p>O presente website utiliza cookies para facilitar a navega\u00e7\u00e3o e oferecer um servi\u00e7o personalizado e mais \u00e1gil. Pode configurar o seu programa de navega\u00e7\u00e3o na Internet para n\u00e3o receber estes cookies. Nesse caso, a qualidade e rapidez na navega\u00e7\u00e3o na web pode diminuir. O que \u00e9 um cookie? Os cookies s\u00e3o pequenas quantidades de informa\u00e7\u00e3o [&hellip;]<\/p>\n","protected":false},"author":1,"featured_media":0,"parent":0,"menu_order":0,"comment_status":"closed","ping_status":"closed","template":"","meta":{"footnotes":""},"class_list":["post-17609","page","type-page","status-publish","hentry"],"yoast_head":"<!-- This site is optimized with the Yoast SEO plugin v26.2 - https:\/\/yoast.com\/wordpress\/plugins\/seo\/ -->\n<title>Pol\u00edtica de cookies - COMSA SERVICE<\/title>\n<meta name=\"description\" content=\"O presente website utiliza cookies para facilitar a navega\u00e7\u00e3o e oferecer um servi\u00e7o personalizado e mais \u00e1gil. Pode configurar o seu programa de navega\u00e7\u00e3o\" \/>\n<meta name=\"robots\" content=\"noindex, nofollow\" \/>\n<meta property=\"og:locale\" content=\"pt_PT\" \/>\n<meta property=\"og:type\" content=\"article\" \/>\n<meta property=\"og:title\" content=\"Pol\u00edtica de cookies - COMSA SERVICE\" \/>\n<meta property=\"og:description\" content=\"O presente website utiliza cookies para facilitar a navega\u00e7\u00e3o e oferecer um servi\u00e7o personalizado e mais \u00e1gil. Pode configurar o seu programa de navega\u00e7\u00e3o\" \/>\n<meta property=\"og:url\" content=\"https:\/\/comsaservice.com\/pt-pt\/politica-de-cookies\/\" \/>\n<meta property=\"og:site_name\" content=\"COMSA SERVICE\" \/>\n<meta property=\"article:modified_time\" content=\"2023-06-12T12:31:42+00:00\" \/>\n<meta name=\"twitter:card\" content=\"summary_large_image\" \/>\n<meta name=\"twitter:label1\" content=\"Tempo estimado de leitura\" \/>\n\t<meta name=\"twitter:data1\" content=\"3 minutos\" \/>\n<script type=\"application\/ld+json\" class=\"yoast-schema-graph\">{\"@context\":\"https:\/\/schema.org\",\"@graph\":[{\"@type\":\"WebPage\",\"@id\":\"https:\/\/comsaservice.com\/pt-pt\/politica-de-cookies\/\",\"url\":\"https:\/\/comsaservice.com\/pt-pt\/politica-de-cookies\/\",\"name\":\"Pol\u00edtica de cookies - COMSA SERVICE\",\"isPartOf\":{\"@id\":\"https:\/\/comsaservice.com\/pt-pt\/#website\"},\"datePublished\":\"2021-02-02T08:37:02+00:00\",\"dateModified\":\"2023-06-12T12:31:42+00:00\",\"description\":\"O presente website utiliza cookies para facilitar a navega\u00e7\u00e3o e oferecer um servi\u00e7o personalizado e mais \u00e1gil. Pode configurar o seu programa de navega\u00e7\u00e3o\",\"breadcrumb\":{\"@id\":\"https:\/\/comsaservice.com\/pt-pt\/politica-de-cookies\/#breadcrumb\"},\"inLanguage\":\"pt-PT\",\"potentialAction\":[{\"@type\":\"ReadAction\",\"target\":[\"https:\/\/comsaservice.com\/pt-pt\/politica-de-cookies\/\"]}]},{\"@type\":\"BreadcrumbList\",\"@id\":\"https:\/\/comsaservice.com\/pt-pt\/politica-de-cookies\/#breadcrumb\",\"itemListElement\":[{\"@type\":\"ListItem\",\"position\":1,\"name\":\"Inicio\",\"item\":\"https:\/\/comsaservice.com\/pt-pt\/\"},{\"@type\":\"ListItem\",\"position\":2,\"name\":\"Pol\u00edtica de cookies\"}]},{\"@type\":\"WebSite\",\"@id\":\"https:\/\/comsaservice.com\/pt-pt\/#website\",\"url\":\"https:\/\/comsaservice.com\/pt-pt\/\",\"name\":\"COMSA SERVICE\",\"description\":\"COMSA SERVICE\",\"publisher\":{\"@id\":\"https:\/\/comsaservice.com\/pt-pt\/#organization\"},\"potentialAction\":[{\"@type\":\"SearchAction\",\"target\":{\"@type\":\"EntryPoint\",\"urlTemplate\":\"https:\/\/comsaservice.com\/pt-pt\/?s={search_term_string}\"},\"query-input\":{\"@type\":\"PropertyValueSpecification\",\"valueRequired\":true,\"valueName\":\"search_term_string\"}}],\"inLanguage\":\"pt-PT\"},{\"@type\":\"Organization\",\"@id\":\"https:\/\/comsaservice.com\/pt-pt\/#organization\",\"name\":\"GMF | Gesti\u00f3n de Maquinaria Ferroviaria\",\"url\":\"https:\/\/comsaservice.com\/pt-pt\/\",\"logo\":{\"@type\":\"ImageObject\",\"inLanguage\":\"pt-PT\",\"@id\":\"https:\/\/comsaservice.com\/pt-pt\/#\/schema\/logo\/image\/\",\"url\":\"https:\/\/comsaservice.multisite.comsa.com\/wp-content\/uploads\/sites\/6\/logo-gmf-1.png\",\"contentUrl\":\"https:\/\/comsaservice.multisite.comsa.com\/wp-content\/uploads\/sites\/6\/logo-gmf-1.png\",\"width\":435,\"height\":60,\"caption\":\"GMF | Gesti\u00f3n de Maquinaria Ferroviaria\"},\"image\":{\"@id\":\"https:\/\/comsaservice.com\/pt-pt\/#\/schema\/logo\/image\/\"}}]}<\/script>\n<!-- \/ Yoast SEO plugin. -->","yoast_head_json":{"title":"Pol\u00edtica de cookies - COMSA SERVICE","description":"O presente website utiliza cookies para facilitar a navega\u00e7\u00e3o e oferecer um servi\u00e7o personalizado e mais \u00e1gil. Pode configurar o seu programa de navega\u00e7\u00e3o","robots":{"index":"noindex","follow":"nofollow"},"og_locale":"pt_PT","og_type":"article","og_title":"Pol\u00edtica de cookies - COMSA SERVICE","og_description":"O presente website utiliza cookies para facilitar a navega\u00e7\u00e3o e oferecer um servi\u00e7o personalizado e mais \u00e1gil. Pode configurar o seu programa de navega\u00e7\u00e3o","og_url":"https:\/\/comsaservice.com\/pt-pt\/politica-de-cookies\/","og_site_name":"COMSA SERVICE","article_modified_time":"2023-06-12T12:31:42+00:00","twitter_card":"summary_large_image","twitter_misc":{"Tempo estimado de leitura":"3 minutos"},"schema":{"@context":"https:\/\/schema.org","@graph":[{"@type":"WebPage","@id":"https:\/\/comsaservice.com\/pt-pt\/politica-de-cookies\/","url":"https:\/\/comsaservice.com\/pt-pt\/politica-de-cookies\/","name":"Pol\u00edtica de cookies - COMSA SERVICE","isPartOf":{"@id":"https:\/\/comsaservice.com\/pt-pt\/#website"},"datePublished":"2021-02-02T08:37:02+00:00","dateModified":"2023-06-12T12:31:42+00:00","description":"O presente website utiliza cookies para facilitar a navega\u00e7\u00e3o e oferecer um servi\u00e7o personalizado e mais \u00e1gil. Pode configurar o seu programa de navega\u00e7\u00e3o","breadcrumb":{"@id":"https:\/\/comsaservice.com\/pt-pt\/politica-de-cookies\/#breadcrumb"},"inLanguage":"pt-PT","potentialAction":[{"@type":"ReadAction","target":["https:\/\/comsaservice.com\/pt-pt\/politica-de-cookies\/"]}]},{"@type":"BreadcrumbList","@id":"https:\/\/comsaservice.com\/pt-pt\/politica-de-cookies\/#breadcrumb","itemListElement":[{"@type":"ListItem","position":1,"name":"Inicio","item":"https:\/\/comsaservice.com\/pt-pt\/"},{"@type":"ListItem","position":2,"name":"Pol\u00edtica de cookies"}]},{"@type":"WebSite","@id":"https:\/\/comsaservice.com\/pt-pt\/#website","url":"https:\/\/comsaservice.com\/pt-pt\/","name":"COMSA SERVICE","description":"COMSA SERVICE","publisher":{"@id":"https:\/\/comsaservice.com\/pt-pt\/#organization"},"potentialAction":[{"@type":"SearchAction","target":{"@type":"EntryPoint","urlTemplate":"https:\/\/comsaservice.com\/pt-pt\/?s={search_term_string}"},"query-input":{"@type":"PropertyValueSpecification","valueRequired":true,"valueName":"search_term_string"}}],"inLanguage":"pt-PT"},{"@type":"Organization","@id":"https:\/\/comsaservice.com\/pt-pt\/#organization","name":"GMF | Gesti\u00f3n de Maquinaria Ferroviaria","url":"https:\/\/comsaservice.com\/pt-pt\/","logo":{"@type":"ImageObject","inLanguage":"pt-PT","@id":"https:\/\/comsaservice.com\/pt-pt\/#\/schema\/logo\/image\/","url":"https:\/\/comsaservice.multisite.comsa.com\/wp-content\/uploads\/sites\/6\/logo-gmf-1.png","contentUrl":"https:\/\/comsaservice.multisite.comsa.com\/wp-content\/uploads\/sites\/6\/logo-gmf-1.png","width":435,"height":60,"caption":"GMF | Gesti\u00f3n de Maquinaria Ferroviaria"},"image":{"@id":"https:\/\/comsaservice.com\/pt-pt\/#\/schema\/logo\/image\/"}}]}},"_links":{"self":[{"href":"https:\/\/comsaservice.com\/pt-pt\/wp-json\/wp\/v2\/pages\/17609","targetHints":{"allow":["GET"]}}],"collection":[{"href":"https:\/\/comsaservice.com\/pt-pt\/wp-json\/wp\/v2\/pages"}],"about":[{"href":"https:\/\/comsaservice.com\/pt-pt\/wp-json\/wp\/v2\/types\/page"}],"author":[{"embeddable":true,"href":"https:\/\/comsaservice.com\/pt-pt\/wp-json\/wp\/v2\/users\/1"}],"replies":[{"embeddable":true,"href":"https:\/\/comsaservice.com\/pt-pt\/wp-json\/wp\/v2\/comments?post=17609"}],"version-history":[{"count":32,"href":"https:\/\/comsaservice.com\/pt-pt\/wp-json\/wp\/v2\/pages\/17609\/revisions"}],"predecessor-version":[{"id":20033,"href":"https:\/\/comsaservice.com\/pt-pt\/wp-json\/wp\/v2\/pages\/17609\/revisions\/20033"}],"wp:attachment":[{"href":"https:\/\/comsaservice.com\/pt-pt\/wp-json\/wp\/v2\/media?parent=17609"}],"curies":[{"name":"wp","href":"https:\/\/api.w.org\/{rel}","templated":true}]}}