{"id":17608,"date":"2021-02-03T09:45:12","date_gmt":"2021-02-03T08:45:12","guid":{"rendered":"https:\/\/comsaservice.multisite.comsa.com\/politica-de-privacidad-del-sitio-web\/"},"modified":"2024-06-18T10:09:37","modified_gmt":"2024-06-18T08:09:37","slug":"politica-de-privacidad-del-sitio-web","status":"publish","type":"page","link":"https:\/\/comsaservice.com\/pt-pt\/politica-de-privacidad-del-sitio-web\/","title":{"rendered":"Pol\u00edtica de Privacidad del Sitio Web"},"content":{"rendered":"\t\t<div data-elementor-type=\"wp-page\" data-elementor-id=\"17608\" class=\"elementor elementor-17608 elementor-3\" data-elementor-post-type=\"page\">\n\t\t\t\t\t\t<section class=\"elementor-section elementor-top-section elementor-element elementor-element-c95ca2a elementor-section-boxed elementor-section-height-default elementor-section-height-default\" data-id=\"c95ca2a\" data-element_type=\"section\" data-e-type=\"section\">\n\t\t\t\t\t\t<div class=\"elementor-container elementor-column-gap-default\">\n\t\t\t\t\t<div class=\"elementor-column elementor-col-100 elementor-top-column elementor-element elementor-element-cba933e\" data-id=\"cba933e\" data-element_type=\"column\" data-e-type=\"column\">\n\t\t\t<div class=\"elementor-widget-wrap elementor-element-populated\">\n\t\t\t\t\t\t<div class=\"elementor-element elementor-element-b693d47 elementor-widget elementor-widget-text-editor\" data-id=\"b693d47\" data-element_type=\"widget\" data-e-type=\"widget\" data-widget_type=\"text-editor.default\">\n\t\t\t\t<div class=\"elementor-widget-container\">\n\t\t\t\t\t\t\t\t\t<p>La Pol\u00edtica de Privacidad del Sitio Web, tiene por objeto facilitar informaci\u00f3n sobre los derechos y obligaciones espec\u00edficos que asisten a los usuarios (en adelante, los \u201cUsuarios\u201d) de los sitios web, aplicaciones y cualquier otra plataforma digital o medio electr\u00f3nico de COMSA CORPORACI\u00d3N DE INFRAESTRUCTURAS, S.L. y sociedades del grupo, cuya cabecera es dicha sociedad (en adelante, se referir\u00e1 indistintamente a COMSA CORPORACI\u00d3N DE INFRAESTRUCTURAS, S.L. y\/o las sociedades de su grupo como \u201cCOMSA CORPORACI\u00d3N\u201d), en virtud del Reglamento (UE) 2016\/679 del Parlamento Europeo y del Consejo, de 27 de abril de 2016, relativo a la protecci\u00f3n de las personas f\u00edsicas en lo que respecta al tratamiento de datos personales y a la libre circulaci\u00f3n de estos datos (\u201cRGPD\u201d) y a la Ley Org\u00e1nica 3\/2018, 5 de diciembre de 2018, de protecci\u00f3n de datos personales y garant\u00eda de los derechos digitales (\u201cLOPD\u201d).<\/p><p><br><\/p>\n<p>Para visitar cualquiera de los sitios web de COMSA CORPORACI\u00d3N, aplicaciones y cualquier otra plataforma digital o medio electr\u00f3nico de COMSA CORPORACI\u00d3N (en adelante se referir\u00e1 a todos ellos como el \u201cSitio Web\u201d), en general no es necesario que nos facilite sus datos de car\u00e1cter personal. Sin embargo, es posible que determinadas interacciones con COMSA CORPORACI\u00d3N a trav\u00e9s del \u201cSitio Web\u201d, lo requieran.<\/p><p><br><\/p>\n<p>El introducir los datos en alguna o algunas de las hojas o formularios de captaci\u00f3n de datos implica el aceptar la presente Pol\u00edtica, dando por entendido que ha sido informado de la pol\u00edtica de privacidad y aviso legal del Sitio Web y que se compromete a su entero cumplimiento durante la navegaci\u00f3n y participaci\u00f3n en el mismo.<\/p><p><br><\/p>\n<p>COMSA CORPORACI\u00d3N podr\u00e1 comunicar sus datos a terceros que nos ayuden a proporcionar servicios de tecnolog\u00edas de la informaci\u00f3n, como proveedores de plataforma, servicios de hospedaje, sitios web, etc. En relaci\u00f3n con esto \u00faltimo, COMSA CORPORACI\u00d3N exigir\u00e1 que estos terceros cumplan con la legislaci\u00f3n vigente, si bien la responsabilidad ser\u00e1 exigible a \u00e9stos.<\/p><p><br><\/p>\n<p>La presente Pol\u00edtica no es de aplicaci\u00f3n a sitios web de terceros, incluyendo aqu\u00e9llos a los que pueda usted tener acceso a trav\u00e9s de un enlace localizado en el Sitio Web de COMSA CORPORACI\u00d3N.<\/p><p><br><\/p>\n<p>Si tiene alguna duda relativa al tratamiento de sus datos personales, puede contactar con COMSA CORPORACI\u00d3N y\/o su Delegado de Protecci\u00f3n de Datos a trav\u00e9s de la siguiente direcci\u00f3n: lopd@comsa.com.<\/p><p><br><\/p>\n<p>2. Descripci\u00f3n tratamientos de datos personales<\/p><p><br><\/p>\n<p>2.1. A trav\u00e9s del Sitio Web, se tratan los datos facilitados por los Usuarios durante la navegaci\u00f3n y uso del Sitio Web, as\u00ed como los recogidos a trav\u00e9s de los formularios correspondientes.<\/p><p><br><\/p>\n<p>A tal efecto, mediante la cumplimentaci\u00f3n de aquellos formularios que puedan estar incluidos en el Sitio Web los Usuarios aceptan la inclusi\u00f3n y tratamiento de los datos que proporcionen en un tratamiento de datos de car\u00e1cter personal del cual es responsable COMSA CORPORACI\u00d3N pudi\u00e9ndose ejercer los derechos pertinentes seg\u00fan lo expuesto en la presente pol\u00edtica.<\/p><p><br><\/p>\n<p>2.2. Para mayor facilidad y transparencia con el Usuario hemos separado las finalidades y bases jur\u00eddicas del tratamiento de datos en tres principales apartados en funci\u00f3n de la necesidad concreta del Usuario (v\u00e9ase a continuaci\u00f3n apartado: \u00abD\u00f3nde estamos\u00bb, apartado: \u00abEmpleo\u00bb, y apartado: \u00abCanal \u00c9tico\u00bb):<\/p><p><br><\/p>\n<p>\u2022 Formulario D\u00f3nde estamos:<br>\nLos datos facilitados por el Usuario ser\u00e1n tratados por COMSA CORPORACI\u00d3N con la finalidad de atender solicitudes de informaci\u00f3n, dudas, consultas y\/o preguntas formuladas. Si es necesario contactarle lo haremos por email.<\/p><p><br><\/p>\n<p>El tratamiento de dichos datos est\u00e1 basado en el consentimiento del Usuario (RGPD: 6.1 a) Consentimiento prestado por el Usuario). El Usuario podr\u00e1 revocar el consentimiento en cualquier momento.<\/p><p><br><\/p>\n<p>Los datos proporcionados se conservar\u00e1n hasta la resoluci\u00f3n de su solicitud y durante el per\u00edodo m\u00e1ximo de 12 meses.<\/p><p><br><\/p>\n<p>Sus datos pueden ser cedidos a sociedades del grupo cuya cabecera es COMSA CORPORACI\u00d3N, para las finalidades para las cuales ha dado su consentimiento, as\u00ed como para mantener una gesti\u00f3n integral y centralizada de la relaci\u00f3n de los Usuarios con las distintas sociedades de COMSA CORPORACI\u00d3N y que los Usuarios se puedan beneficiar del acceso a sus datos desde cualquier de ellas, respetando en todo caso la legislaci\u00f3n aplicable sobre protecci\u00f3n de datos de car\u00e1cter personal y sin necesidad de que a los Usuarios les sea comunicada cada primera comunicaci\u00f3n que se efect\u00fae.<\/p>\n<p>Se le informa especialmente de que COMSA CORPORACI\u00d3N no toma decisiones automatizadas sobre sus Usuarios.<\/p>\n<p>\u2022 Formulario Empleo:<\/p>\n<p>Los datos facilitados por el Usuario (en adelante, tambi\u00e9n \u201cCandidatos\u201d) ser\u00e1n tratados por COMSA CORPORACI\u00d3N con la finalidad de incluirle en los procesos de selecci\u00f3n de personal que se ajusten a su perfil.<\/p>\n<p>El tratamiento de dichos datos est\u00e1 basado en el consentimiento del Usuario al facilitar sus datos (RGPD: 6.1 a) Consentimiento prestado por el Usuario). El Usuario podr\u00e1 revocar el consentimiento en cualquier momento.<\/p>\n<p>Del mismo modo, le informamos que en el caso de no resultar seleccionado para el puesto que ha solicitado o de no encajar con el perfil de los procesos actualmente abiertos, sus datos ser\u00e1n conservados para futuros procesos de selecci\u00f3n que pudieran encajar con su perfil hasta el plazo m\u00e1ximo de dos (2) a\u00f1os, desde que Usted facilit\u00f3 su curr\u00edculum (en adelante, \u201cCV\u201d) a COMSA CORPORACI\u00d3N. Una vez se cumpla este plazo, podr\u00eda ser de aplicaci\u00f3n la obligaci\u00f3n de bloqueo impuesta por la legislaci\u00f3n.<\/p>\n<p>Sus datos pueden ser cedidos a sociedades del grupo COMSA CORPORACI\u00d3N dado que la herramienta de CVs se utiliza para la selecci\u00f3n de personal de todo el grupo.<\/p>\n<p>En el caso de producirse alguna modificaci\u00f3n en sus datos, le rogamos nos los comunique por escrito de forma inmediata.<\/p>\n<p>Se le informa especialmente de que COMSA CORPORACI\u00d3N no toma decisiones automatizadas sobre sus Candidatos.<\/p>\n<p>\u2022 Formulario Canal \u00c9tico:<\/p>\n<p>COMSA CORPORACI\u00d3N trata los datos que se incluyen en las denuncias que llegan a trav\u00e9s del Canal \u00c9tico de COMSA CORPORACI\u00d3N y\/u otros canales de comunicaci\u00f3n existentes, con la finalidad de prevenir, detectar y monitorizar posibles casos de incumplimiento normativo y \u00e9tico del Grupo, as\u00ed como tomar las medidas pertinentes seg\u00fan nuestro modelo de compliance. La licitud del tratamiento proviene de la existencia de un inter\u00e9s p\u00fablico (Art. 6.1e RGPD).<\/p>\n<p>Los datos deber\u00e1n conservarse en el sistema de denuncias \u00fanicamente durante el tiempo imprescindible para decidir sobre la procedencia de iniciar una investigaci\u00f3n sobre los hechos denunciados. Transcurridos 3 meses desde la introducci\u00f3n de los datos, se proceder\u00e1 a su supresi\u00f3n, salvo que la finalidad de la conservaci\u00f3n sea dejar evidencia del funcionamiento de nuestro modelo de compliance. Las denuncias a las que no se haya dado curso solamente podr\u00e1n constar de forma anonimizada.<\/p>\n<p>2.3. Asimismo, le informamos que la informaci\u00f3n de las bases de datos podr\u00e1 ser usada con la finalidad de:<\/p>\n<p>\u2022 Ofrecerle una navegaci\u00f3n m\u00e1s personalizada como Usuario de nuestro Sitio Web.<br>\n\u2022 Elaborar estad\u00edsticas sobre los pa\u00edses y servidores que visitan m\u00e1s a menudo el Sitio Web.<br>\n\u2022 Conocer las horas de mayor afluencia de visitas en el Sitio Web as\u00ed como realizar ajustes precisos para evitar problemas de acceso.<\/p>\n<p>El tratamiento de dichos datos est\u00e1 basado en intereses leg\u00edtimos (RGPD: 6.1 f) Satisfacci\u00f3n de intereses leg\u00edtimos) perseguidos por el responsable del tratamiento o por un tercero, siempre que sobre dichos intereses no prevalezcan los intereses o los derechos y libertades fundamentales del interesado que requieran la protecci\u00f3n de datos personales, en particular cuando el interesado sea un ni\u00f1o.<\/p>\n<p>Se le informa especialmente de que COMSA CORPORACI\u00d3N no toma decisiones automatizadas sobre sus Usuarios.<\/p>\n<p>3. Enlaces<\/p>\n<p>En el marco de las comunicaciones indicadas en los apartados anteriores, se le informa que el Sitio Web de COMSA CORPORACI\u00d3N puede tener enlaces, aplicaciones o funcionalidades compartidas con terceros, como son redes sociales o sistemas de comunicaci\u00f3n on-line.<\/p>\n<p>COMSA CORPORACI\u00d3N no se hace responsable de las informaciones que se recojan en dichas aplicaciones, funcionalidades o redes sociales titularidad de terceros al no tener ninguna capacidad de gesti\u00f3n ni control sobre las mismas, siendo de aplicaci\u00f3n los avisos legales y las pol\u00edticas de privacidad que pudieran constar en los sitios web o similares de los terceros, por lo que le recomendamos asegurarse que conoce y est\u00e1 de acuerdo con sus condiciones legales y normas de privacidad, antes de continuar con su uso o facilitar cualquier tipo de informaci\u00f3n personal.<\/p>\n<p>4. Derechos de los Usuarios<\/p>\n<p>En cualquier momento, Usted podr\u00e1 ejercitar los derechos reconocidos en el RGPD y en particular los derechos de acceso, rectificaci\u00f3n, cancelaci\u00f3n, oposici\u00f3n, supresi\u00f3n y limitaci\u00f3n al tratamiento de sus datos, portabilidad y a no ser objeto de decisiones automatizadas, cuando procedan.<\/p>\n<p>Los derechos referidos en el p\u00e1rrafo precedente, podr\u00e1n ejercitarse por Usted, a trav\u00e9s del env\u00edo de su solicitud a lopd@comsa.com o a la direcci\u00f3n C\/VIRIATO, 47, 08014, BARCELONA aportando copia de su DNI u otro documento que acredite su identidad, y concretando su solicitud especificando cu\u00e1l de estos derechos quiere que sea satisfecho.<\/p>\n<p>En caso de que actuara mediante representante, deber\u00e1 aportar tambi\u00e9n documento que acredite la representaci\u00f3n y documento identificativo del mismo.<\/p>\n<p>Puede consultar los modelos, formularios y m\u00e1s informaci\u00f3n sobre los referidos derechos en la p\u00e1gina oficial de la Agencia Espa\u00f1ola de Protecci\u00f3n de datos (www.aepd.es).<\/p>\n<p>Asimismo, si ha proporcionado su consentimiento para alg\u00fan tratamiento o finalidad espec\u00edficos, usted podr\u00e1 retirarlo, en cualquier momento.<\/p>\n<p>Usted puede presentar una reclamaci\u00f3n ante la Autoridad de Control (Agencia Espa\u00f1ola de Protecci\u00f3n de Datos) en caso de que considere que se ha vulnerado alguno de sus derechos bajo las vigentes disposiciones legales. No obstante, de cara a darle el mejor servicio, rogamos se ponga en contacto previamente con COMSA CORPORACI\u00d3N por los canales de atenci\u00f3n indicados anteriormente, con objeto de poder atender m\u00e1s \u00e1gilmente su solicitud y aclararle las dudas que pudieran surgirle<\/p>\n<p>5. Responsabilidad de los Usuarios del Sitio Web por uso y contenido<\/p>\n<p>Tanto el acceso al Sitio Web como el uso que pueda realizarse de la informaci\u00f3n y contenidos incluidos en el mismo ser\u00e1 de exclusiva responsabilidad de quien lo realice.<\/p>\n<p>Por tanto, el uso que pueda hacerse de la informaci\u00f3n, im\u00e1genes, contenidos y\/o productos rese\u00f1ados y accesibles a trav\u00e9s del Sitio Web, estar\u00e1 supeditado a la legalidad, sea nacional o internacional, aplicable, as\u00ed como a los principios de buena fe y uso l\u00edcito por parte de los Usuarios, quienes estar\u00e1n obligados a hacer un uso razonable de los servicios o contenidos, bajo el principio de buena fe y con respeto a la legalidad vigente, a la moral, al orden p\u00fablico, a las buenas costumbres, a los derechos de terceros o de COMSA CORPORACI\u00d3N.<\/p>\n<p>En este sentido, el Usuario es el responsable de la autenticidad de los datos aportados, comprometi\u00e9ndose a que sean exactos, actuales y completos para la finalidad que sean recogidos, asumiendo la responsabilidad de los da\u00f1os y perjuicios, tanto por lucro cesante como por da\u00f1o emergente, que se pudieran generar por dichas inexactitudes o falsedades.<\/p>\n<p>Asimismo, si los datos aportados en los correspondientes formularios fueran titular de un tercero, el Usuario se hace \u00fanico responsable de la correcta captaci\u00f3n del consentimiento e informaci\u00f3n al tercero sobre los aspectos reflejados en el aviso legal y pol\u00edtica de privacidad del Sitio Web.<\/p>\n<p>6. Exclusi\u00f3n de responsabilidad de COMSA CORPORACI\u00d3N<\/p>\n<p>COMSA CORPORACI\u00d3N no asume ninguna responsabilidad derivada de la falta de actualizaci\u00f3n, veracidad, autenticidad y precisi\u00f3n de los datos que el Usuario ha facilitado y de las consecuencias que pueda tener dicha circunstancia para terceros.<\/p>\n<p>Por lo que respecta a los datos personales de terceros, COMSA CORPORACI\u00d3N no es responsable de aquellos datos que el Usuario le haya facilitado sin obtener los consentimientos oportunos.<\/p>\n<p>7. Cookies<\/p>\n<p>COMSA CORPORACI\u00d3N utilizar\u00e1 dispositivos de almacenamiento y recuperaci\u00f3n de datos (\u201cCookies\u201d) cuando el Usuario haya dado su consentimiento previo para ello de acuerdo con lo que se indica en la ventana emergente del navegador del Usuario cuando accede por primera vez al Sitio Web y en los dem\u00e1s t\u00e9rminos y condiciones que se indican en la Pol\u00edtica de Cookies de COMSA CORPORACI\u00d3N que todo Usuario debe conocer.<\/p>\n<p>8. Menores<\/p>\n<p>Los menores de edad no podr\u00e1n usar los servicios disponibles a trav\u00e9s del Sitio Web sin la previa autorizaci\u00f3n de sus padres, tutores o representantes legales, quienes ser\u00e1n los \u00fanicos responsables de todos los actos realizados a trav\u00e9s del Sitio Web por los menores a su cargo, incluyendo la cumplimentaci\u00f3n de los formularios con los datos personales de dichos menores y la marcaci\u00f3n, en su caso, de las casillas que los acompa\u00f1an.<\/p>\n<p>9. Medidas de seguridad<\/p>\n<p>COMSA CORPORACI\u00d3N adopta los niveles de seguridad requeridos por el RGPD adecuados a la naturaleza de los datos que son objeto de tratamiento en cada momento.<\/p>\n<p>No obstante, lo anterior, la seguridad t\u00e9cnica en un medio como Internet no es inexpugnable y pueden existir actuaciones dolosas de terceros, si bien COMSA CORPORACI\u00d3N pone todos los medios a su alcance para evitar dichas actuaciones.<\/p>\n<p>10. Actualizaci\u00f3n y revisi\u00f3n<\/p>\n<p>La presente Pol\u00edtica ser\u00e1 revisada y actualizada siempre que sea necesario para adaptarla a nuestras pr\u00e1cticas, servicios y a la normativa que sea de aplicaci\u00f3n en cada momento, por lo que, le recomendamos revisar esta Pol\u00edtica cada vez que acceda a nuestro Sitio Web con el objetivo de estar adecuadamente informado sobre c\u00f3mo y para qu\u00e9 tratamos sus datos.<\/p>\t\t\t\t\t\t\t\t<\/div>\n\t\t\t\t<\/div>\n\t\t\t\t\t<\/div>\n\t\t<\/div>\n\t\t\t\t\t<\/div>\n\t\t<\/section>\n\t\t\t\t<\/div>\n\t\t","protected":false},"excerpt":{"rendered":"<p>La Pol\u00edtica de Privacidad del Sitio Web, tiene por objeto facilitar informaci\u00f3n sobre los derechos y obligaciones espec\u00edficos que asisten a los usuarios (en adelante, los \u201cUsuarios\u201d) de los sitios web, aplicaciones y cualquier otra plataforma digital o medio electr\u00f3nico de COMSA CORPORACI\u00d3N DE INFRAESTRUCTURAS, S.L. y sociedades del grupo, cuya cabecera es dicha sociedad [&hellip;]<\/p>\n","protected":false},"author":1,"featured_media":0,"parent":0,"menu_order":0,"comment_status":"closed","ping_status":"closed","template":"","meta":{"footnotes":""},"class_list":["post-17608","page","type-page","status-publish","hentry"],"yoast_head":"<!-- This site is optimized with the Yoast SEO plugin v26.2 - https:\/\/yoast.com\/wordpress\/plugins\/seo\/ -->\n<title>Pol\u00edtica de Privacidad del Sitio Web - COMSA SERVICE<\/title>\n<meta name=\"description\" content=\"La Pol\u00edtica de Privacidad del Sitio Web, tiene por objeto facilitar informaci\u00f3n sobre los derechos y obligaciones espec\u00edficos que asisten a los usuarios\" \/>\n<meta name=\"robots\" content=\"noindex, nofollow\" \/>\n<meta property=\"og:locale\" content=\"pt_PT\" \/>\n<meta property=\"og:type\" content=\"article\" \/>\n<meta property=\"og:title\" content=\"Pol\u00edtica de Privacidad del Sitio Web - COMSA SERVICE\" \/>\n<meta property=\"og:description\" content=\"La Pol\u00edtica de Privacidad del Sitio Web, tiene por objeto facilitar informaci\u00f3n sobre los derechos y obligaciones espec\u00edficos que asisten a los usuarios\" \/>\n<meta property=\"og:url\" content=\"https:\/\/comsaservice.com\/pt-pt\/politica-de-privacidad-del-sitio-web\/\" \/>\n<meta property=\"og:site_name\" content=\"COMSA SERVICE\" \/>\n<meta property=\"article:modified_time\" content=\"2024-06-18T08:09:37+00:00\" \/>\n<meta name=\"twitter:card\" content=\"summary_large_image\" \/>\n<meta name=\"twitter:label1\" content=\"Tempo estimado de leitura\" \/>\n\t<meta name=\"twitter:data1\" content=\"2 minutos\" \/>\n<script type=\"application\/ld+json\" class=\"yoast-schema-graph\">{\"@context\":\"https:\/\/schema.org\",\"@graph\":[{\"@type\":\"WebPage\",\"@id\":\"https:\/\/comsaservice.com\/pt-pt\/politica-de-privacidad-del-sitio-web\/\",\"url\":\"https:\/\/comsaservice.com\/pt-pt\/politica-de-privacidad-del-sitio-web\/\",\"name\":\"Pol\u00edtica de Privacidad del Sitio Web - COMSA SERVICE\",\"isPartOf\":{\"@id\":\"https:\/\/comsaservice.com\/pt-pt\/#website\"},\"datePublished\":\"2021-02-03T08:45:12+00:00\",\"dateModified\":\"2024-06-18T08:09:37+00:00\",\"description\":\"La Pol\u00edtica de Privacidad del Sitio Web, tiene por objeto facilitar informaci\u00f3n sobre los derechos y obligaciones espec\u00edficos que asisten a los usuarios\",\"breadcrumb\":{\"@id\":\"https:\/\/comsaservice.com\/pt-pt\/politica-de-privacidad-del-sitio-web\/#breadcrumb\"},\"inLanguage\":\"pt-PT\",\"potentialAction\":[{\"@type\":\"ReadAction\",\"target\":[\"https:\/\/comsaservice.com\/pt-pt\/politica-de-privacidad-del-sitio-web\/\"]}]},{\"@type\":\"BreadcrumbList\",\"@id\":\"https:\/\/comsaservice.com\/pt-pt\/politica-de-privacidad-del-sitio-web\/#breadcrumb\",\"itemListElement\":[{\"@type\":\"ListItem\",\"position\":1,\"name\":\"Inicio\",\"item\":\"https:\/\/comsaservice.com\/pt-pt\/\"},{\"@type\":\"ListItem\",\"position\":2,\"name\":\"Pol\u00edtica de Privacidad del Sitio Web\"}]},{\"@type\":\"WebSite\",\"@id\":\"https:\/\/comsaservice.com\/pt-pt\/#website\",\"url\":\"https:\/\/comsaservice.com\/pt-pt\/\",\"name\":\"COMSA SERVICE\",\"description\":\"COMSA SERVICE\",\"publisher\":{\"@id\":\"https:\/\/comsaservice.com\/pt-pt\/#organization\"},\"potentialAction\":[{\"@type\":\"SearchAction\",\"target\":{\"@type\":\"EntryPoint\",\"urlTemplate\":\"https:\/\/comsaservice.com\/pt-pt\/?s={search_term_string}\"},\"query-input\":{\"@type\":\"PropertyValueSpecification\",\"valueRequired\":true,\"valueName\":\"search_term_string\"}}],\"inLanguage\":\"pt-PT\"},{\"@type\":\"Organization\",\"@id\":\"https:\/\/comsaservice.com\/pt-pt\/#organization\",\"name\":\"GMF | Gesti\u00f3n de Maquinaria Ferroviaria\",\"url\":\"https:\/\/comsaservice.com\/pt-pt\/\",\"logo\":{\"@type\":\"ImageObject\",\"inLanguage\":\"pt-PT\",\"@id\":\"https:\/\/comsaservice.com\/pt-pt\/#\/schema\/logo\/image\/\",\"url\":\"https:\/\/comsaservice.multisite.comsa.com\/wp-content\/uploads\/sites\/6\/logo-gmf-1.png\",\"contentUrl\":\"https:\/\/comsaservice.multisite.comsa.com\/wp-content\/uploads\/sites\/6\/logo-gmf-1.png\",\"width\":435,\"height\":60,\"caption\":\"GMF | Gesti\u00f3n de Maquinaria Ferroviaria\"},\"image\":{\"@id\":\"https:\/\/comsaservice.com\/pt-pt\/#\/schema\/logo\/image\/\"}}]}<\/script>\n<!-- \/ Yoast SEO plugin. -->","yoast_head_json":{"title":"Pol\u00edtica de Privacidad del Sitio Web - COMSA SERVICE","description":"La Pol\u00edtica de Privacidad del Sitio Web, tiene por objeto facilitar informaci\u00f3n sobre los derechos y obligaciones espec\u00edficos que asisten a los usuarios","robots":{"index":"noindex","follow":"nofollow"},"og_locale":"pt_PT","og_type":"article","og_title":"Pol\u00edtica de Privacidad del Sitio Web - COMSA SERVICE","og_description":"La Pol\u00edtica de Privacidad del Sitio Web, tiene por objeto facilitar informaci\u00f3n sobre los derechos y obligaciones espec\u00edficos que asisten a los usuarios","og_url":"https:\/\/comsaservice.com\/pt-pt\/politica-de-privacidad-del-sitio-web\/","og_site_name":"COMSA SERVICE","article_modified_time":"2024-06-18T08:09:37+00:00","twitter_card":"summary_large_image","twitter_misc":{"Tempo estimado de leitura":"2 minutos"},"schema":{"@context":"https:\/\/schema.org","@graph":[{"@type":"WebPage","@id":"https:\/\/comsaservice.com\/pt-pt\/politica-de-privacidad-del-sitio-web\/","url":"https:\/\/comsaservice.com\/pt-pt\/politica-de-privacidad-del-sitio-web\/","name":"Pol\u00edtica de Privacidad del Sitio Web - COMSA SERVICE","isPartOf":{"@id":"https:\/\/comsaservice.com\/pt-pt\/#website"},"datePublished":"2021-02-03T08:45:12+00:00","dateModified":"2024-06-18T08:09:37+00:00","description":"La Pol\u00edtica de Privacidad del Sitio Web, tiene por objeto facilitar informaci\u00f3n sobre los derechos y obligaciones espec\u00edficos que asisten a los usuarios","breadcrumb":{"@id":"https:\/\/comsaservice.com\/pt-pt\/politica-de-privacidad-del-sitio-web\/#breadcrumb"},"inLanguage":"pt-PT","potentialAction":[{"@type":"ReadAction","target":["https:\/\/comsaservice.com\/pt-pt\/politica-de-privacidad-del-sitio-web\/"]}]},{"@type":"BreadcrumbList","@id":"https:\/\/comsaservice.com\/pt-pt\/politica-de-privacidad-del-sitio-web\/#breadcrumb","itemListElement":[{"@type":"ListItem","position":1,"name":"Inicio","item":"https:\/\/comsaservice.com\/pt-pt\/"},{"@type":"ListItem","position":2,"name":"Pol\u00edtica de Privacidad del Sitio Web"}]},{"@type":"WebSite","@id":"https:\/\/comsaservice.com\/pt-pt\/#website","url":"https:\/\/comsaservice.com\/pt-pt\/","name":"COMSA SERVICE","description":"COMSA SERVICE","publisher":{"@id":"https:\/\/comsaservice.com\/pt-pt\/#organization"},"potentialAction":[{"@type":"SearchAction","target":{"@type":"EntryPoint","urlTemplate":"https:\/\/comsaservice.com\/pt-pt\/?s={search_term_string}"},"query-input":{"@type":"PropertyValueSpecification","valueRequired":true,"valueName":"search_term_string"}}],"inLanguage":"pt-PT"},{"@type":"Organization","@id":"https:\/\/comsaservice.com\/pt-pt\/#organization","name":"GMF | Gesti\u00f3n de Maquinaria Ferroviaria","url":"https:\/\/comsaservice.com\/pt-pt\/","logo":{"@type":"ImageObject","inLanguage":"pt-PT","@id":"https:\/\/comsaservice.com\/pt-pt\/#\/schema\/logo\/image\/","url":"https:\/\/comsaservice.multisite.comsa.com\/wp-content\/uploads\/sites\/6\/logo-gmf-1.png","contentUrl":"https:\/\/comsaservice.multisite.comsa.com\/wp-content\/uploads\/sites\/6\/logo-gmf-1.png","width":435,"height":60,"caption":"GMF | Gesti\u00f3n de Maquinaria Ferroviaria"},"image":{"@id":"https:\/\/comsaservice.com\/pt-pt\/#\/schema\/logo\/image\/"}}]}},"_links":{"self":[{"href":"https:\/\/comsaservice.com\/pt-pt\/wp-json\/wp\/v2\/pages\/17608","targetHints":{"allow":["GET"]}}],"collection":[{"href":"https:\/\/comsaservice.com\/pt-pt\/wp-json\/wp\/v2\/pages"}],"about":[{"href":"https:\/\/comsaservice.com\/pt-pt\/wp-json\/wp\/v2\/types\/page"}],"author":[{"embeddable":true,"href":"https:\/\/comsaservice.com\/pt-pt\/wp-json\/wp\/v2\/users\/1"}],"replies":[{"embeddable":true,"href":"https:\/\/comsaservice.com\/pt-pt\/wp-json\/wp\/v2\/comments?post=17608"}],"version-history":[{"count":33,"href":"https:\/\/comsaservice.com\/pt-pt\/wp-json\/wp\/v2\/pages\/17608\/revisions"}],"predecessor-version":[{"id":20683,"href":"https:\/\/comsaservice.com\/pt-pt\/wp-json\/wp\/v2\/pages\/17608\/revisions\/20683"}],"wp:attachment":[{"href":"https:\/\/comsaservice.com\/pt-pt\/wp-json\/wp\/v2\/media?parent=17608"}],"curies":[{"name":"wp","href":"https:\/\/api.w.org\/{rel}","templated":true}]}}