{"id":20721,"date":"2024-06-18T10:40:03","date_gmt":"2024-06-18T08:40:03","guid":{"rendered":"https:\/\/comsaservice.com\/?page_id=20721"},"modified":"2024-06-18T10:40:03","modified_gmt":"2024-06-18T08:40:03","slug":"carte-web","status":"publish","type":"page","link":"https:\/\/comsaservice.com\/fr\/carte-web\/","title":{"rendered":"Carte Web"},"content":{"rendered":"\t\t<div data-elementor-type=\"wp-page\" data-elementor-id=\"20721\" class=\"elementor elementor-20721 elementor-20631\" data-elementor-post-type=\"page\">\n\t\t\t\t\t\t<section class=\"elementor-section elementor-top-section elementor-element elementor-element-6b098a5 elementor-section-boxed elementor-section-height-default elementor-section-height-default\" data-id=\"6b098a5\" data-element_type=\"section\" data-e-type=\"section\">\n\t\t\t\t\t\t<div class=\"elementor-container elementor-column-gap-default\">\n\t\t\t\t\t<div class=\"elementor-column elementor-col-100 elementor-top-column elementor-element elementor-element-e3b715e\" data-id=\"e3b715e\" data-element_type=\"column\" data-e-type=\"column\">\n\t\t\t<div class=\"elementor-widget-wrap elementor-element-populated\">\n\t\t\t\t\t\t<div class=\"elementor-element elementor-element-3fced3e v-sitemap elementor-widget elementor-widget-sitemap\" data-id=\"3fced3e\" data-element_type=\"widget\" data-e-type=\"widget\" data-widget_type=\"sitemap.default\">\n\t\t\t\t<div class=\"elementor-widget-container\">\n\t\t\t\t\t<div class=\"elementor-sitemap-wrap\"><div class=\"elementor-sitemap-section\"><span class=\"elementor-sitemap-title elementor-sitemap-page-title\"> <\/span><ul class=\"elementor-sitemap-list elementor-sitemap-page-list\"><li class=\"elementor-sitemap-item elementor-sitemap-item-page page_item page-item-19849\"><a href=\"https:\/\/comsaservice.com\/fr\/competence-technique\/\">Comp\u00e9tence technique<\/a><\/li><li class=\"elementor-sitemap-item elementor-sitemap-item-page page_item page-item-19865\"><a href=\"https:\/\/comsaservice.com\/fr\/divisions\/\">Divisions<\/a><ul class='children'><li class=\"elementor-sitemap-item elementor-sitemap-item-page page_item page-item-19881\"><a href=\"https:\/\/comsaservice.com\/fr\/divisions\/entreprise-de-services-energetiques\/\">Entreprise de Services \u00c9nerg\u00e9tiques<\/a><\/li><li class=\"elementor-sitemap-item elementor-sitemap-item-page page_item page-item-19897\"><a href=\"https:\/\/comsaservice.com\/fr\/divisions\/fontaines-et-eclairages-dornement\/\">Fontaines et \u00e9clairages d\u2019ornement<\/a><\/li><li class=\"elementor-sitemap-item elementor-sitemap-item-page page_item page-item-19942\"><a href=\"https:\/\/comsaservice.com\/fr\/divisions\/entretien-integral-et-specialise\/\">Entretien Int\u00e9gral et Sp\u00e9cialis\u00e9<\/a><\/li><li class=\"elementor-sitemap-item elementor-sitemap-item-page page_item page-item-20221\"><a href=\"https:\/\/comsaservice.com\/fr\/divisions\/facilities-management\/\">Facilities Management<\/a><\/li><\/ul><\/li><li class=\"elementor-sitemap-item elementor-sitemap-item-page page_item page-item-19873\"><a href=\"https:\/\/comsaservice.com\/fr\/enterprise\/\">Enterprise<\/a><ul class='children'><li class=\"elementor-sitemap-item elementor-sitemap-item-page page_item page-item-19857\"><a href=\"https:\/\/comsaservice.com\/fr\/enterprise\/engagement\/\">Engagement<\/a><\/li><li class=\"elementor-sitemap-item elementor-sitemap-item-page page_item page-item-19948\"><a href=\"https:\/\/comsaservice.com\/fr\/enterprise\/presence-territoriale\/\">Pr\u00e9sence territoriale<\/a><\/li><li class=\"elementor-sitemap-item elementor-sitemap-item-page page_item page-item-19968\"><a href=\"https:\/\/comsaservice.com\/fr\/enterprise\/risques-professionnels\/\">Risques professionnels<\/a><\/li><\/ul><\/li><li class=\"elementor-sitemap-item elementor-sitemap-item-page page_item page-item-19916\"><a href=\"https:\/\/comsaservice.com\/fr\/ingenierie-dentretien\/\">Ing\u00e9nierie d\u2019entretien<\/a><\/li><li class=\"elementor-sitemap-item elementor-sitemap-item-page page_item page-item-20004\"><a href=\"https:\/\/comsaservice.com\/fr\/informations\/\">informations<\/a><\/li><li class=\"elementor-sitemap-item elementor-sitemap-item-page page_item page-item-20067\"><a href=\"https:\/\/comsaservice.com\/fr\/\">Inicio<\/a><\/li><li class=\"elementor-sitemap-item elementor-sitemap-item-page page_item page-item-20726\"><a href=\"https:\/\/comsaservice.com\/fr\/legal-texts\/\">Legal texts<\/a><ul class='children'><li class=\"elementor-sitemap-item elementor-sitemap-item-page page_item page-item-19990\"><a href=\"https:\/\/comsaservice.com\/fr\/legal-texts\/privacy-policy\/\">Privacy Policy<\/a><\/li><li class=\"elementor-sitemap-item elementor-sitemap-item-page page_item page-item-20025\"><a href=\"https:\/\/comsaservice.com\/fr\/legal-texts\/politique-des-cookies\/\">Politique des cookies<\/a><\/li><li class=\"elementor-sitemap-item elementor-sitemap-item-page page_item page-item-20054\"><a href=\"https:\/\/comsaservice.com\/fr\/legal-texts\/avertissement-legal\/\">Avertissement l\u00e9gal<\/a><\/li><\/ul><\/li><\/ul><\/div><\/div>\t\t\t\t<\/div>\n\t\t\t\t<\/div>\n\t\t\t\t\t<\/div>\n\t\t<\/div>\n\t\t\t\t\t<\/div>\n\t\t<\/section>\n\t\t\t\t<\/div>\n\t\t","protected":false},"excerpt":{"rendered":"","protected":false},"author":1,"featured_media":0,"parent":0,"menu_order":0,"comment_status":"closed","ping_status":"closed","template":"","meta":{"footnotes":""},"class_list":["post-20721","page","type-page","status-publish","hentry"],"yoast_head":"<!-- This site is optimized with the Yoast SEO plugin v26.2 - https:\/\/yoast.com\/wordpress\/plugins\/seo\/ -->\n<title>Carte Web - COMSA SERVICE<\/title>\n<meta name=\"robots\" content=\"index, follow, max-snippet:-1, max-image-preview:large, max-video-preview:-1\" \/>\n<link rel=\"canonical\" href=\"https:\/\/comsaservice.com\/fr\/carte-web\/\" \/>\n<meta property=\"og:locale\" content=\"fr_FR\" \/>\n<meta property=\"og:type\" content=\"article\" \/>\n<meta property=\"og:title\" content=\"Carte Web - COMSA SERVICE\" \/>\n<meta property=\"og:url\" content=\"https:\/\/comsaservice.com\/fr\/carte-web\/\" \/>\n<meta property=\"og:site_name\" content=\"COMSA SERVICE\" \/>\n<meta name=\"twitter:card\" content=\"summary_large_image\" \/>\n<script type=\"application\/ld+json\" class=\"yoast-schema-graph\">{\"@context\":\"https:\/\/schema.org\",\"@graph\":[{\"@type\":\"WebPage\",\"@id\":\"https:\/\/comsaservice.com\/fr\/carte-web\/\",\"url\":\"https:\/\/comsaservice.com\/fr\/carte-web\/\",\"name\":\"Carte Web - COMSA SERVICE\",\"isPartOf\":{\"@id\":\"https:\/\/comsaservice.com\/fr\/#website\"},\"datePublished\":\"2024-06-18T08:40:03+00:00\",\"breadcrumb\":{\"@id\":\"https:\/\/comsaservice.com\/fr\/carte-web\/#breadcrumb\"},\"inLanguage\":\"fr-FR\",\"potentialAction\":[{\"@type\":\"ReadAction\",\"target\":[\"https:\/\/comsaservice.com\/fr\/carte-web\/\"]}]},{\"@type\":\"BreadcrumbList\",\"@id\":\"https:\/\/comsaservice.com\/fr\/carte-web\/#breadcrumb\",\"itemListElement\":[{\"@type\":\"ListItem\",\"position\":1,\"name\":\"Inicio\",\"item\":\"https:\/\/comsaservice.com\/fr\/\"},{\"@type\":\"ListItem\",\"position\":2,\"name\":\"Carte Web\"}]},{\"@type\":\"WebSite\",\"@id\":\"https:\/\/comsaservice.com\/fr\/#website\",\"url\":\"https:\/\/comsaservice.com\/fr\/\",\"name\":\"COMSA SERVICE\",\"description\":\"COMSA SERVICE\",\"publisher\":{\"@id\":\"https:\/\/comsaservice.com\/fr\/#organization\"},\"potentialAction\":[{\"@type\":\"SearchAction\",\"target\":{\"@type\":\"EntryPoint\",\"urlTemplate\":\"https:\/\/comsaservice.com\/fr\/?s={search_term_string}\"},\"query-input\":{\"@type\":\"PropertyValueSpecification\",\"valueRequired\":true,\"valueName\":\"search_term_string\"}}],\"inLanguage\":\"fr-FR\"},{\"@type\":\"Organization\",\"@id\":\"https:\/\/comsaservice.com\/fr\/#organization\",\"name\":\"GMF | Gesti\u00f3n de Maquinaria Ferroviaria\",\"url\":\"https:\/\/comsaservice.com\/fr\/\",\"logo\":{\"@type\":\"ImageObject\",\"inLanguage\":\"fr-FR\",\"@id\":\"https:\/\/comsaservice.com\/fr\/#\/schema\/logo\/image\/\",\"url\":\"https:\/\/comsaservice.multisite.comsa.com\/wp-content\/uploads\/sites\/6\/logo-gmf-1.png\",\"contentUrl\":\"https:\/\/comsaservice.multisite.comsa.com\/wp-content\/uploads\/sites\/6\/logo-gmf-1.png\",\"width\":435,\"height\":60,\"caption\":\"GMF | Gesti\u00f3n de Maquinaria Ferroviaria\"},\"image\":{\"@id\":\"https:\/\/comsaservice.com\/fr\/#\/schema\/logo\/image\/\"}}]}<\/script>\n<!-- \/ Yoast SEO plugin. -->","yoast_head_json":{"title":"Carte Web - COMSA SERVICE","robots":{"index":"index","follow":"follow","max-snippet":"max-snippet:-1","max-image-preview":"max-image-preview:large","max-video-preview":"max-video-preview:-1"},"canonical":"https:\/\/comsaservice.com\/fr\/carte-web\/","og_locale":"fr_FR","og_type":"article","og_title":"Carte Web - COMSA SERVICE","og_url":"https:\/\/comsaservice.com\/fr\/carte-web\/","og_site_name":"COMSA SERVICE","twitter_card":"summary_large_image","schema":{"@context":"https:\/\/schema.org","@graph":[{"@type":"WebPage","@id":"https:\/\/comsaservice.com\/fr\/carte-web\/","url":"https:\/\/comsaservice.com\/fr\/carte-web\/","name":"Carte Web - COMSA SERVICE","isPartOf":{"@id":"https:\/\/comsaservice.com\/fr\/#website"},"datePublished":"2024-06-18T08:40:03+00:00","breadcrumb":{"@id":"https:\/\/comsaservice.com\/fr\/carte-web\/#breadcrumb"},"inLanguage":"fr-FR","potentialAction":[{"@type":"ReadAction","target":["https:\/\/comsaservice.com\/fr\/carte-web\/"]}]},{"@type":"BreadcrumbList","@id":"https:\/\/comsaservice.com\/fr\/carte-web\/#breadcrumb","itemListElement":[{"@type":"ListItem","position":1,"name":"Inicio","item":"https:\/\/comsaservice.com\/fr\/"},{"@type":"ListItem","position":2,"name":"Carte Web"}]},{"@type":"WebSite","@id":"https:\/\/comsaservice.com\/fr\/#website","url":"https:\/\/comsaservice.com\/fr\/","name":"COMSA SERVICE","description":"COMSA SERVICE","publisher":{"@id":"https:\/\/comsaservice.com\/fr\/#organization"},"potentialAction":[{"@type":"SearchAction","target":{"@type":"EntryPoint","urlTemplate":"https:\/\/comsaservice.com\/fr\/?s={search_term_string}"},"query-input":{"@type":"PropertyValueSpecification","valueRequired":true,"valueName":"search_term_string"}}],"inLanguage":"fr-FR"},{"@type":"Organization","@id":"https:\/\/comsaservice.com\/fr\/#organization","name":"GMF | Gesti\u00f3n de Maquinaria Ferroviaria","url":"https:\/\/comsaservice.com\/fr\/","logo":{"@type":"ImageObject","inLanguage":"fr-FR","@id":"https:\/\/comsaservice.com\/fr\/#\/schema\/logo\/image\/","url":"https:\/\/comsaservice.multisite.comsa.com\/wp-content\/uploads\/sites\/6\/logo-gmf-1.png","contentUrl":"https:\/\/comsaservice.multisite.comsa.com\/wp-content\/uploads\/sites\/6\/logo-gmf-1.png","width":435,"height":60,"caption":"GMF | Gesti\u00f3n de Maquinaria Ferroviaria"},"image":{"@id":"https:\/\/comsaservice.com\/fr\/#\/schema\/logo\/image\/"}}]}},"_links":{"self":[{"href":"https:\/\/comsaservice.com\/fr\/wp-json\/wp\/v2\/pages\/20721","targetHints":{"allow":["GET"]}}],"collection":[{"href":"https:\/\/comsaservice.com\/fr\/wp-json\/wp\/v2\/pages"}],"about":[{"href":"https:\/\/comsaservice.com\/fr\/wp-json\/wp\/v2\/types\/page"}],"author":[{"embeddable":true,"href":"https:\/\/comsaservice.com\/fr\/wp-json\/wp\/v2\/users\/1"}],"replies":[{"embeddable":true,"href":"https:\/\/comsaservice.com\/fr\/wp-json\/wp\/v2\/comments?post=20721"}],"version-history":[{"count":1,"href":"https:\/\/comsaservice.com\/fr\/wp-json\/wp\/v2\/pages\/20721\/revisions"}],"predecessor-version":[{"id":20722,"href":"https:\/\/comsaservice.com\/fr\/wp-json\/wp\/v2\/pages\/20721\/revisions\/20722"}],"wp:attachment":[{"href":"https:\/\/comsaservice.com\/fr\/wp-json\/wp\/v2\/media?parent=20721"}],"curies":[{"name":"wp","href":"https:\/\/api.w.org\/{rel}","templated":true}]}}