{"id":20221,"date":"2023-06-12T17:13:34","date_gmt":"2023-06-12T15:13:34","guid":{"rendered":"https:\/\/comsaservice.com\/facilities-management\/"},"modified":"2024-06-18T09:55:46","modified_gmt":"2024-06-18T07:55:46","slug":"facilities-management","status":"publish","type":"page","link":"https:\/\/comsaservice.com\/fr\/divisions\/facilities-management\/","title":{"rendered":"Facilities Management"},"content":{"rendered":"\t\t<div data-elementor-type=\"wp-page\" data-elementor-id=\"20221\" class=\"elementor elementor-20221 elementor-20207\" data-elementor-post-type=\"page\">\n\t\t\t\t\t\t<section class=\"elementor-section elementor-top-section elementor-element elementor-element-e31db01 elementor-section-boxed elementor-section-height-default elementor-section-height-default\" data-id=\"e31db01\" data-element_type=\"section\" data-e-type=\"section\">\n\t\t\t\t\t\t<div class=\"elementor-container elementor-column-gap-default\">\n\t\t\t\t\t<div class=\"elementor-column elementor-col-100 elementor-top-column elementor-element elementor-element-40f18e0\" data-id=\"40f18e0\" data-element_type=\"column\" data-e-type=\"column\">\n\t\t\t<div class=\"elementor-widget-wrap elementor-element-populated\">\n\t\t\t\t\t\t<div class=\"elementor-element elementor-element-6ec322e elementor-widget elementor-widget-heading\" data-id=\"6ec322e\" data-element_type=\"widget\" data-e-type=\"widget\" data-widget_type=\"heading.default\">\n\t\t\t\t<div class=\"elementor-widget-container\">\n\t\t\t\t\t<h2 class=\"elementor-heading-title elementor-size-default\">Facilities Management<\/h2>\t\t\t\t<\/div>\n\t\t\t\t<\/div>\n\t\t\t\t\t<\/div>\n\t\t<\/div>\n\t\t\t\t\t<\/div>\n\t\t<\/section>\n\t\t\t\t<article class=\"elementor-section elementor-top-section elementor-element elementor-element-1e9b923b v-box box-line no-top-space elementor-section-boxed elementor-section-height-default elementor-section-height-default\" data-id=\"1e9b923b\" data-element_type=\"section\" data-e-type=\"section\">\n\t\t\t\t\t\t<div class=\"elementor-container elementor-column-gap-default\">\n\t\t\t\t\t<div class=\"elementor-column elementor-col-50 elementor-top-column elementor-element elementor-element-30a0e796 md-txt\" data-id=\"30a0e796\" data-element_type=\"column\" data-e-type=\"column\">\n\t\t\t<div class=\"elementor-widget-wrap elementor-element-populated\">\n\t\t\t\t\t\t<div class=\"elementor-element elementor-element-3b56e45 elementor-widget elementor-widget-image\" data-id=\"3b56e45\" data-element_type=\"widget\" data-e-type=\"widget\" data-widget_type=\"image.default\">\n\t\t\t\t<div class=\"elementor-widget-container\">\n\t\t\t\t\t\t\t\t\t\t\t\t\t\t\t<img fetchpriority=\"high\" decoding=\"async\" width=\"400\" height=\"400\" src=\"https:\/\/comsaservice.com\/wp-content\/uploads\/sites\/6\/Facilities-Management.jpg\" class=\"attachment-large size-large wp-image-20212\" alt=\"\" srcset=\"https:\/\/comsaservice.com\/wp-content\/uploads\/sites\/6\/Facilities-Management.jpg 400w, https:\/\/comsaservice.com\/wp-content\/uploads\/sites\/6\/Facilities-Management-300x300.jpg 300w, https:\/\/comsaservice.com\/wp-content\/uploads\/sites\/6\/Facilities-Management-150x150.jpg 150w\" sizes=\"(max-width: 400px) 100vw, 400px\" \/>\t\t\t\t\t\t\t\t\t\t\t\t\t\t\t<\/div>\n\t\t\t\t<\/div>\n\t\t\t\t\t<\/div>\n\t\t<\/div>\n\t\t\t\t<div class=\"elementor-column elementor-col-50 elementor-top-column elementor-element elementor-element-6b475c63 md-txt\" data-id=\"6b475c63\" data-element_type=\"column\" data-e-type=\"column\">\n\t\t\t<div class=\"elementor-widget-wrap elementor-element-populated\">\n\t\t\t\t\t\t<div class=\"elementor-element elementor-element-ab36cf6 elementor-widget elementor-widget-text-editor\" data-id=\"ab36cf6\" data-element_type=\"widget\" data-e-type=\"widget\" data-widget_type=\"text-editor.default\">\n\t\t\t\t<div class=\"elementor-widget-container\">\n\t\t\t\t\t\t\t\t\t<p><span style=\"font-size: 14.992px;\">La division de Facility Management est n\u00e9e en 1999 en r\u00e9ponse \u00e0 la demande croissante d\u2019externalisation des services li\u00e9s \u00e0 la gestion et \u00e0 l\u2019exploitation d\u2019immeubles.<\/span><\/p>\n<p><span style=\"font-size: 14.992px;\"> <\/span><\/p>\n<p><span style=\"font-size: 14.992px;\">Cette division de COMSA Service offre des services sp\u00e9cialis\u00e9s pour la gestion de l\u2019exploitation d\u2019immeubles. La compagnie assure l\u2019ad\u00e9quation permanente des ressources immobili\u00e8res avec l\u2019\u00e9quipe humaine des entreprises au moindre co\u00fbt possible, par l\u2019int\u00e9gration de toutes les t\u00e2ches de gestion, ainsi qu\u2019en participant \u00e0 la gestion du projet lui-m\u00eame.<\/span><\/p>\n<p><span style=\"font-size: 14.992px;\"> <\/span><\/p>\n<p><span style=\"font-size: 14.992px;\">Son exp\u00e9rience couvre divers types d\u2019installations : immeubles de bureaux, mus\u00e9es, centres culturels et d\u2019expositions, centres commerciaux et industriels.<\/span><\/p>\n\t\t\t\t\t\t\t\t<\/div>\n\t\t\t\t<\/div>\n\t\t\t\t\t<\/div>\n\t\t<\/div>\n\t\t\t\t\t<\/div>\n\t\t<\/article>\n\t\t\t\t<article class=\"elementor-section elementor-top-section elementor-element elementor-element-bbda60d v-box box-line no-top-space elementor-section-boxed elementor-section-height-default elementor-section-height-default\" data-id=\"bbda60d\" data-element_type=\"section\" data-e-type=\"section\">\n\t\t\t\t\t\t<div class=\"elementor-container elementor-column-gap-default\">\n\t\t\t\t\t<div class=\"elementor-column elementor-col-100 elementor-top-column elementor-element elementor-element-6d31d9dc md-txt\" data-id=\"6d31d9dc\" data-element_type=\"column\" data-e-type=\"column\">\n\t\t\t<div class=\"elementor-widget-wrap elementor-element-populated\">\n\t\t\t\t\t\t<div class=\"elementor-element elementor-element-18745a2a elementor-widget elementor-widget-heading\" data-id=\"18745a2a\" data-element_type=\"widget\" data-e-type=\"widget\" data-widget_type=\"heading.default\">\n\t\t\t\t<div class=\"elementor-widget-container\">\n\t\t\t\t\t<h3 class=\"elementor-heading-title elementor-size-default\">Services<\/h3>\t\t\t\t<\/div>\n\t\t\t\t<\/div>\n\t\t\t\t<div class=\"elementor-element elementor-element-d44b275 elementor-widget elementor-widget-text-editor\" data-id=\"d44b275\" data-element_type=\"widget\" data-e-type=\"widget\" data-widget_type=\"text-editor.default\">\n\t\t\t\t<div class=\"elementor-widget-container\">\n\t\t\t\t\t\t\t\t\t<p>\u2013 Services de Conseil FM.<\/p>\n<p>\u2013 R\u00e9partition et am\u00e9nagement de locaux.<\/p>\n<p>\u2013 Gestion des besoins \u00e9nerg\u00e9tiques.<\/p>\n<p>\u2013 Gestion de l\u2019Entretien.<\/p>\n<p>\u2013 Gestion de Services d\u2019Exploitation.<\/p>\n<p>\u2013 S\u00e9curit\u00e9 des personnes et des biens.<\/p>\n<p>\u2013 Gestion Documentaire.<\/p>\n\t\t\t\t\t\t\t\t<\/div>\n\t\t\t\t<\/div>\n\t\t\t\t\t<\/div>\n\t\t<\/div>\n\t\t\t\t\t<\/div>\n\t\t<\/article>\n\t\t\t\t<\/div>\n\t\t","protected":false},"excerpt":{"rendered":"<p>Facilities Management La division de Facility Management est n\u00e9e en 1999 en r\u00e9ponse \u00e0 la demande croissante d\u2019externalisation des services li\u00e9s \u00e0 la gestion et \u00e0 l\u2019exploitation d\u2019immeubles. Cette division de COMSA Service offre des services sp\u00e9cialis\u00e9s pour la gestion de l\u2019exploitation d\u2019immeubles. La compagnie assure l\u2019ad\u00e9quation permanente des ressources immobili\u00e8res avec l\u2019\u00e9quipe humaine des [&hellip;]<\/p>\n","protected":false},"author":1,"featured_media":0,"parent":19865,"menu_order":0,"comment_status":"closed","ping_status":"closed","template":"","meta":{"footnotes":""},"class_list":["post-20221","page","type-page","status-publish","hentry"],"yoast_head":"<!-- This site is optimized with the Yoast SEO plugin v26.2 - https:\/\/yoast.com\/wordpress\/plugins\/seo\/ -->\n<title>Facilities Management - COMSA SERVICE<\/title>\n<meta name=\"description\" content=\"Facilities Management La division de Facility Management est n\u00e9e en 1999 en r\u00e9ponse \u00e0 la demande croissante d\u2019externalisation des services li\u00e9s \u00e0 la\" \/>\n<meta name=\"robots\" content=\"index, follow, max-snippet:-1, max-image-preview:large, max-video-preview:-1\" \/>\n<link rel=\"canonical\" href=\"https:\/\/comsaservice.com\/fr\/divisions\/facilities-management\/\" \/>\n<meta property=\"og:locale\" content=\"fr_FR\" \/>\n<meta property=\"og:type\" content=\"article\" \/>\n<meta property=\"og:title\" content=\"Facilities Management - COMSA SERVICE\" \/>\n<meta property=\"og:description\" content=\"Facilities Management La division de Facility Management est n\u00e9e en 1999 en r\u00e9ponse \u00e0 la demande croissante d\u2019externalisation des services li\u00e9s \u00e0 la\" \/>\n<meta property=\"og:url\" content=\"https:\/\/comsaservice.com\/fr\/divisions\/facilities-management\/\" \/>\n<meta property=\"og:site_name\" content=\"COMSA SERVICE\" \/>\n<meta property=\"article:modified_time\" content=\"2024-06-18T07:55:46+00:00\" \/>\n<meta property=\"og:image\" content=\"https:\/\/comsaservice.com\/wp-content\/uploads\/sites\/6\/Facilities-Management.jpg\" \/>\n<meta name=\"twitter:card\" content=\"summary_large_image\" \/>\n<meta name=\"twitter:label1\" content=\"Dur\u00e9e de lecture estim\u00e9e\" \/>\n\t<meta name=\"twitter:data1\" content=\"1 minute\" \/>\n<script type=\"application\/ld+json\" class=\"yoast-schema-graph\">{\"@context\":\"https:\/\/schema.org\",\"@graph\":[{\"@type\":\"WebPage\",\"@id\":\"https:\/\/comsaservice.com\/fr\/divisions\/facilities-management\/\",\"url\":\"https:\/\/comsaservice.com\/fr\/divisions\/facilities-management\/\",\"name\":\"Facilities Management - COMSA SERVICE\",\"isPartOf\":{\"@id\":\"https:\/\/comsaservice.com\/fr\/#website\"},\"primaryImageOfPage\":{\"@id\":\"https:\/\/comsaservice.com\/fr\/divisions\/facilities-management\/#primaryimage\"},\"image\":{\"@id\":\"https:\/\/comsaservice.com\/fr\/divisions\/facilities-management\/#primaryimage\"},\"thumbnailUrl\":\"https:\/\/comsaservice.com\/wp-content\/uploads\/sites\/6\/Facilities-Management.jpg\",\"datePublished\":\"2023-06-12T15:13:34+00:00\",\"dateModified\":\"2024-06-18T07:55:46+00:00\",\"description\":\"Facilities Management La division de Facility Management est n\u00e9e en 1999 en r\u00e9ponse \u00e0 la demande croissante d\u2019externalisation des services li\u00e9s \u00e0 la\",\"breadcrumb\":{\"@id\":\"https:\/\/comsaservice.com\/fr\/divisions\/facilities-management\/#breadcrumb\"},\"inLanguage\":\"fr-FR\",\"potentialAction\":[{\"@type\":\"ReadAction\",\"target\":[\"https:\/\/comsaservice.com\/fr\/divisions\/facilities-management\/\"]}]},{\"@type\":\"ImageObject\",\"inLanguage\":\"fr-FR\",\"@id\":\"https:\/\/comsaservice.com\/fr\/divisions\/facilities-management\/#primaryimage\",\"url\":\"https:\/\/comsaservice.com\/wp-content\/uploads\/sites\/6\/Facilities-Management.jpg\",\"contentUrl\":\"https:\/\/comsaservice.com\/wp-content\/uploads\/sites\/6\/Facilities-Management.jpg\"},{\"@type\":\"BreadcrumbList\",\"@id\":\"https:\/\/comsaservice.com\/fr\/divisions\/facilities-management\/#breadcrumb\",\"itemListElement\":[{\"@type\":\"ListItem\",\"position\":1,\"name\":\"Inicio\",\"item\":\"https:\/\/comsaservice.com\/fr\/\"},{\"@type\":\"ListItem\",\"position\":2,\"name\":\"Facilities Management\"}]},{\"@type\":\"WebSite\",\"@id\":\"https:\/\/comsaservice.com\/fr\/#website\",\"url\":\"https:\/\/comsaservice.com\/fr\/\",\"name\":\"COMSA SERVICE\",\"description\":\"COMSA SERVICE\",\"publisher\":{\"@id\":\"https:\/\/comsaservice.com\/fr\/#organization\"},\"potentialAction\":[{\"@type\":\"SearchAction\",\"target\":{\"@type\":\"EntryPoint\",\"urlTemplate\":\"https:\/\/comsaservice.com\/fr\/?s={search_term_string}\"},\"query-input\":{\"@type\":\"PropertyValueSpecification\",\"valueRequired\":true,\"valueName\":\"search_term_string\"}}],\"inLanguage\":\"fr-FR\"},{\"@type\":\"Organization\",\"@id\":\"https:\/\/comsaservice.com\/fr\/#organization\",\"name\":\"GMF | Gesti\u00f3n de Maquinaria Ferroviaria\",\"url\":\"https:\/\/comsaservice.com\/fr\/\",\"logo\":{\"@type\":\"ImageObject\",\"inLanguage\":\"fr-FR\",\"@id\":\"https:\/\/comsaservice.com\/fr\/#\/schema\/logo\/image\/\",\"url\":\"https:\/\/comsaservice.multisite.comsa.com\/wp-content\/uploads\/sites\/6\/logo-gmf-1.png\",\"contentUrl\":\"https:\/\/comsaservice.multisite.comsa.com\/wp-content\/uploads\/sites\/6\/logo-gmf-1.png\",\"width\":435,\"height\":60,\"caption\":\"GMF | Gesti\u00f3n de Maquinaria Ferroviaria\"},\"image\":{\"@id\":\"https:\/\/comsaservice.com\/fr\/#\/schema\/logo\/image\/\"}}]}<\/script>\n<!-- \/ Yoast SEO plugin. -->","yoast_head_json":{"title":"Facilities Management - COMSA SERVICE","description":"Facilities Management La division de Facility Management est n\u00e9e en 1999 en r\u00e9ponse \u00e0 la demande croissante d\u2019externalisation des services li\u00e9s \u00e0 la","robots":{"index":"index","follow":"follow","max-snippet":"max-snippet:-1","max-image-preview":"max-image-preview:large","max-video-preview":"max-video-preview:-1"},"canonical":"https:\/\/comsaservice.com\/fr\/divisions\/facilities-management\/","og_locale":"fr_FR","og_type":"article","og_title":"Facilities Management - COMSA SERVICE","og_description":"Facilities Management La division de Facility Management est n\u00e9e en 1999 en r\u00e9ponse \u00e0 la demande croissante d\u2019externalisation des services li\u00e9s \u00e0 la","og_url":"https:\/\/comsaservice.com\/fr\/divisions\/facilities-management\/","og_site_name":"COMSA SERVICE","article_modified_time":"2024-06-18T07:55:46+00:00","og_image":[{"url":"https:\/\/comsaservice.com\/wp-content\/uploads\/sites\/6\/Facilities-Management.jpg","type":"","width":"","height":""}],"twitter_card":"summary_large_image","twitter_misc":{"Dur\u00e9e de lecture estim\u00e9e":"1 minute"},"schema":{"@context":"https:\/\/schema.org","@graph":[{"@type":"WebPage","@id":"https:\/\/comsaservice.com\/fr\/divisions\/facilities-management\/","url":"https:\/\/comsaservice.com\/fr\/divisions\/facilities-management\/","name":"Facilities Management - COMSA SERVICE","isPartOf":{"@id":"https:\/\/comsaservice.com\/fr\/#website"},"primaryImageOfPage":{"@id":"https:\/\/comsaservice.com\/fr\/divisions\/facilities-management\/#primaryimage"},"image":{"@id":"https:\/\/comsaservice.com\/fr\/divisions\/facilities-management\/#primaryimage"},"thumbnailUrl":"https:\/\/comsaservice.com\/wp-content\/uploads\/sites\/6\/Facilities-Management.jpg","datePublished":"2023-06-12T15:13:34+00:00","dateModified":"2024-06-18T07:55:46+00:00","description":"Facilities Management La division de Facility Management est n\u00e9e en 1999 en r\u00e9ponse \u00e0 la demande croissante d\u2019externalisation des services li\u00e9s \u00e0 la","breadcrumb":{"@id":"https:\/\/comsaservice.com\/fr\/divisions\/facilities-management\/#breadcrumb"},"inLanguage":"fr-FR","potentialAction":[{"@type":"ReadAction","target":["https:\/\/comsaservice.com\/fr\/divisions\/facilities-management\/"]}]},{"@type":"ImageObject","inLanguage":"fr-FR","@id":"https:\/\/comsaservice.com\/fr\/divisions\/facilities-management\/#primaryimage","url":"https:\/\/comsaservice.com\/wp-content\/uploads\/sites\/6\/Facilities-Management.jpg","contentUrl":"https:\/\/comsaservice.com\/wp-content\/uploads\/sites\/6\/Facilities-Management.jpg"},{"@type":"BreadcrumbList","@id":"https:\/\/comsaservice.com\/fr\/divisions\/facilities-management\/#breadcrumb","itemListElement":[{"@type":"ListItem","position":1,"name":"Inicio","item":"https:\/\/comsaservice.com\/fr\/"},{"@type":"ListItem","position":2,"name":"Facilities Management"}]},{"@type":"WebSite","@id":"https:\/\/comsaservice.com\/fr\/#website","url":"https:\/\/comsaservice.com\/fr\/","name":"COMSA SERVICE","description":"COMSA SERVICE","publisher":{"@id":"https:\/\/comsaservice.com\/fr\/#organization"},"potentialAction":[{"@type":"SearchAction","target":{"@type":"EntryPoint","urlTemplate":"https:\/\/comsaservice.com\/fr\/?s={search_term_string}"},"query-input":{"@type":"PropertyValueSpecification","valueRequired":true,"valueName":"search_term_string"}}],"inLanguage":"fr-FR"},{"@type":"Organization","@id":"https:\/\/comsaservice.com\/fr\/#organization","name":"GMF | Gesti\u00f3n de Maquinaria Ferroviaria","url":"https:\/\/comsaservice.com\/fr\/","logo":{"@type":"ImageObject","inLanguage":"fr-FR","@id":"https:\/\/comsaservice.com\/fr\/#\/schema\/logo\/image\/","url":"https:\/\/comsaservice.multisite.comsa.com\/wp-content\/uploads\/sites\/6\/logo-gmf-1.png","contentUrl":"https:\/\/comsaservice.multisite.comsa.com\/wp-content\/uploads\/sites\/6\/logo-gmf-1.png","width":435,"height":60,"caption":"GMF | Gesti\u00f3n de Maquinaria Ferroviaria"},"image":{"@id":"https:\/\/comsaservice.com\/fr\/#\/schema\/logo\/image\/"}}]}},"_links":{"self":[{"href":"https:\/\/comsaservice.com\/fr\/wp-json\/wp\/v2\/pages\/20221","targetHints":{"allow":["GET"]}}],"collection":[{"href":"https:\/\/comsaservice.com\/fr\/wp-json\/wp\/v2\/pages"}],"about":[{"href":"https:\/\/comsaservice.com\/fr\/wp-json\/wp\/v2\/types\/page"}],"author":[{"embeddable":true,"href":"https:\/\/comsaservice.com\/fr\/wp-json\/wp\/v2\/users\/1"}],"replies":[{"embeddable":true,"href":"https:\/\/comsaservice.com\/fr\/wp-json\/wp\/v2\/comments?post=20221"}],"version-history":[{"count":2,"href":"https:\/\/comsaservice.com\/fr\/wp-json\/wp\/v2\/pages\/20221\/revisions"}],"predecessor-version":[{"id":20664,"href":"https:\/\/comsaservice.com\/fr\/wp-json\/wp\/v2\/pages\/20221\/revisions\/20664"}],"up":[{"embeddable":true,"href":"https:\/\/comsaservice.com\/fr\/wp-json\/wp\/v2\/pages\/19865"}],"wp:attachment":[{"href":"https:\/\/comsaservice.com\/fr\/wp-json\/wp\/v2\/media?parent=20221"}],"curies":[{"name":"wp","href":"https:\/\/api.w.org\/{rel}","templated":true}]}}