{"id":20025,"date":"2023-06-12T14:29:56","date_gmt":"2023-06-12T12:29:56","guid":{"rendered":"https:\/\/comsaservice.com\/politique-des-cookies\/"},"modified":"2024-06-18T10:44:39","modified_gmt":"2024-06-18T08:44:39","slug":"politique-des-cookies","status":"publish","type":"page","link":"https:\/\/comsaservice.com\/fr\/legal-texts\/politique-des-cookies\/","title":{"rendered":"Politique des cookies"},"content":{"rendered":"\t\t<div data-elementor-type=\"wp-page\" data-elementor-id=\"20025\" class=\"elementor elementor-20025 elementor-14701\" data-elementor-post-type=\"page\">\n\t\t\t\t\t\t<section class=\"elementor-section elementor-top-section elementor-element elementor-element-c95ca2a elementor-section-boxed elementor-section-height-default elementor-section-height-default\" data-id=\"c95ca2a\" data-element_type=\"section\" data-e-type=\"section\">\n\t\t\t\t\t\t<div class=\"elementor-container elementor-column-gap-default\">\n\t\t\t\t\t<div class=\"elementor-column elementor-col-100 elementor-top-column elementor-element elementor-element-cba933e\" data-id=\"cba933e\" data-element_type=\"column\" data-e-type=\"column\">\n\t\t\t<div class=\"elementor-widget-wrap elementor-element-populated\">\n\t\t\t\t\t\t\t<\/div>\n\t\t<\/div>\n\t\t\t\t\t<\/div>\n\t\t<\/section>\n\t\t\t\t<section class=\"elementor-section elementor-top-section elementor-element elementor-element-fc0f24a elementor-section-boxed elementor-section-height-default elementor-section-height-default\" data-id=\"fc0f24a\" data-element_type=\"section\" data-e-type=\"section\">\n\t\t\t\t\t\t<div class=\"elementor-container elementor-column-gap-default\">\n\t\t\t\t\t<div class=\"elementor-column elementor-col-100 elementor-top-column elementor-element elementor-element-1749985\" data-id=\"1749985\" data-element_type=\"column\" data-e-type=\"column\">\n\t\t\t<div class=\"elementor-widget-wrap elementor-element-populated\">\n\t\t\t\t\t\t<div class=\"elementor-element elementor-element-2473c1f elementor-widget elementor-widget-text-editor\" data-id=\"2473c1f\" data-element_type=\"widget\" data-e-type=\"widget\" data-widget_type=\"text-editor.default\">\n\t\t\t\t<div class=\"elementor-widget-container\">\n\t\t\t\t\t\t\t\t\t<p>Le pr\u00e9sent site utilise des cookies dans le but de faciliter la navigation et offrir un service personnalis\u00e9 et plus agile. Vous pouvez personnaliser votre programme de navigation sur Internet afin de ne pas recevoir lesdits cookies. Dans un tel cas, la qualit\u00e9 et la vitesse de la navigation sur le site pourraient se voir affect\u00e9es.<\/p>\n<p><\/p>\n<p><em>Qu\u2019est-ce qu\u2019un cookie&nbsp;?<\/em><\/p>\n<p><\/p>\n<p>Les cookies sont de petites quantit\u00e9s d\u2019information qui sont conserv\u00e9es dans le navigateur utilis\u00e9 par chaque utilisateur afin que le serveur se souvienne de certaines informations qui ensuite ne seront lues que par les serveurs qui les ont implant\u00e9es. Les cookies ont, en g\u00e9n\u00e9ral, une dur\u00e9e limit\u00e9e dans le temps.<\/p>\n<p><\/p>\n<p><em>Quels sont les cookies que nous utilisons&nbsp;?<\/em><\/p>\n<p><em>&nbsp;<\/em><\/p>\n<p>Notre site web utilise les cookies suivants&nbsp;:<\/p>\n<p><\/p>\n<ul>\n<li><strong>Cookies techniques&nbsp;:<\/strong>&nbsp;il s\u2019agit de ceux qui permettent \u00e0 l\u2019usager de naviguer sur un site web et d\u2019utiliser les diff\u00e9rentes options ou services qui y existent comme, par exemple, contr\u00f4ler le trafic et la communication de donn\u00e9es, identifier la session, acc\u00e9der aux parties \u00e0 l\u2019acc\u00e8s restreint, etc.<\/li>\n<\/ul>\n<ul>\n<li><strong>Cookies de personnalisation&nbsp;:<\/strong>&nbsp;il s\u2019agit de ceux qui permettent \u00e0 l\u2019usager d\u2019acc\u00e9der au service ayant certaines caract\u00e9ristiques \u00e0 caract\u00e8re pr\u00e9d\u00e9termin\u00e9 comme par exemple le seraient la langue, le type de navigateur au travers duquel il acc\u00e8de au service, la configuration r\u00e9gionale \u00e0 partir de laquelle le service est acc\u00e9d\u00e9, etc.<\/li>\n<\/ul>\n<ul>\n<li><strong>Cookies d\u2019analyse&nbsp;:<\/strong>&nbsp;il s\u2019agit de ceux qui permettent le suivi et l\u2019analyse du comportement de l\u2019usager. L\u2019information recueillie gr\u00e2ce \u00e0 ce type de cookies est utilis\u00e9e pour l\u2019\u00e9valuation de l\u2019activit\u00e9 du site web et pour l\u2019\u00e9laboration des profils de navigation des usagers, dans le but d\u2019introduire des am\u00e9liorations. La compilation de ces donn\u00e9es est faite de forme anonyme et n\u2019est li\u00e9e \u00e0 aucune donn\u00e9e \u00e0 caract\u00e8re personnel.<\/li>\n<\/ul>\n<ul>\n<li><strong>Cookies de g\u00e9olocalisation&nbsp;:<\/strong>&nbsp;il s\u2019agit de ceux qui d\u00e9tectent de fa\u00e7on anonyme le pays o\u00f9 se trouve l\u2019utilisateur afin d\u2019offrir des contenus et des services ad\u00e9quats.<\/li>\n<\/ul>\n<ul>\n<li><strong>Cookies de tiers&nbsp;:<\/strong>&nbsp;il s\u2019agit de ceux qui peuvent \u00eatre install\u00e9s sur le site dans le but d\u2019am\u00e9liorer les services que ces tiers offrent, comme par exemple, les liens \u00e0 des r\u00e9seaux sociaux pour partager les contenus de la web.<\/li>\n<\/ul>\n<p><em>&nbsp;<\/em><\/p>\n<p><em>Qui utilise les cookies&nbsp;?<\/em><\/p>\n<p><em>&nbsp;<\/em><\/p>\n<p>L\u2019information obtenue au travers des cookies sera recueillie et trait\u00e9e par COMSA SERVICE FACILITY MANAGEMENT, S.A.U.,, dont les donn\u00e9es sont d\u00e9taill\u00e9es \u00e0 la suite&nbsp;:<\/p>\n<p>Raison sociale&nbsp;: COMSA SERVICE FACILITY MANAGEMENT, S.A.U.,<\/p>\n<p>Adresse. Vall\u00e8s, 2 08970 Cornell\u00e0 de Llobregat (Barcelona)<\/p>\n<p>T\u00e9l\u00e9phone&nbsp;: +34 934 809 150<\/p>\n<p>Adresse courriel&nbsp;: comunicacion.eser@comsa.com<\/p>\n<p><\/p>\n<p>Contact D\u00e9l\u00e9gu\u00e9 de protection des donn\u00e9es&nbsp;: C\/ Viriato, 47, 08014, Barcelone et&nbsp;<a href=\"mailto:lopd@comsa.com\">lopd@comsa.com<\/a><\/p>\n<p><\/p>\n<p><em>Comment d\u00e9sactiver les cookies&nbsp;?<\/em><\/p>\n<p><\/p>\n<p>Vous pouvez bloquer ou \u00e9liminer des cookies au travers de l\u2019explorateur d\u2019internet, mais si vous le faites des probl\u00e8mes pourraient se produire au moment d\u2019utiliser ou de charger la plateforme.<\/p>\n<p><\/p>\n<p>La configuration de l\u2019explorateur d\u2019internet \u00e0 cet effet d\u00e9pendra du navigateur qui vous utilisez. Ci-apr\u00e8s, nous vous fournissons des liens aux instructions qu\u2019offrent les principaux navigateurs pour \u00e9liminer les cookies&nbsp;:<\/p>\n<p><\/p>\n<ul>\n<li>Internet Explorer:&nbsp;<a href=\"http:\/\/windows.microsoft.com\/es-ES\/internet-explorer\/delete-manage-cookies#ie=ie-11-win-7\">http:\/\/windows.microsoft.com\/es-ES\/internet-explorer\/delete-manage-cookies#ie=ie-11-win-7<\/a><\/li>\n<li>Firefox:&nbsp;<a href=\"https:\/\/support.mozilla.org\/es\/kb\/Borrar%20cookies\">https:\/\/support.mozilla.org\/es\/kb\/Borrar%20cookies<\/a><\/li>\n<li>Chrome:&nbsp;https:\/\/support.google.com\/chrome\/answer\/95647<\/li>\n<\/ul>\t\t\t\t\t\t\t\t<\/div>\n\t\t\t\t<\/div>\n\t\t\t\t\t<\/div>\n\t\t<\/div>\n\t\t\t\t\t<\/div>\n\t\t<\/section>\n\t\t\t\t<\/div>\n\t\t","protected":false},"excerpt":{"rendered":"<p>Le pr\u00e9sent site utilise des cookies dans le but de faciliter la navigation et offrir un service personnalis\u00e9 et plus agile. Vous pouvez personnaliser votre programme de navigation sur Internet afin de ne pas recevoir lesdits cookies. Dans un tel cas, la qualit\u00e9 et la vitesse de la navigation sur le site pourraient se voir [&hellip;]<\/p>\n","protected":false},"author":1,"featured_media":0,"parent":20726,"menu_order":0,"comment_status":"closed","ping_status":"closed","template":"","meta":{"footnotes":""},"class_list":["post-20025","page","type-page","status-publish","hentry"],"yoast_head":"<!-- This site is optimized with the Yoast SEO plugin v26.2 - https:\/\/yoast.com\/wordpress\/plugins\/seo\/ -->\n<title>Politique des cookies - COMSA SERVICE<\/title>\n<meta name=\"description\" content=\"Le pr\u00e9sent site utilise des cookies dans le but de faciliter la navigation et offrir un service personnalis\u00e9 et plus agile. Vous pouvez personnaliser\" \/>\n<meta name=\"robots\" content=\"noindex, nofollow\" \/>\n<meta property=\"og:locale\" content=\"fr_FR\" \/>\n<meta property=\"og:type\" content=\"article\" \/>\n<meta property=\"og:title\" content=\"Politique des cookies - COMSA SERVICE\" \/>\n<meta property=\"og:description\" content=\"Le pr\u00e9sent site utilise des cookies dans le but de faciliter la navigation et offrir un service personnalis\u00e9 et plus agile. Vous pouvez personnaliser\" \/>\n<meta property=\"og:url\" content=\"https:\/\/comsaservice.com\/fr\/legal-texts\/politique-des-cookies\/\" \/>\n<meta property=\"og:site_name\" content=\"COMSA SERVICE\" \/>\n<meta property=\"article:modified_time\" content=\"2024-06-18T08:44:39+00:00\" \/>\n<meta name=\"twitter:card\" content=\"summary_large_image\" \/>\n<meta name=\"twitter:label1\" content=\"Dur\u00e9e de lecture estim\u00e9e\" \/>\n\t<meta name=\"twitter:data1\" content=\"3 minutes\" \/>\n<script type=\"application\/ld+json\" class=\"yoast-schema-graph\">{\"@context\":\"https:\/\/schema.org\",\"@graph\":[{\"@type\":\"WebPage\",\"@id\":\"https:\/\/comsaservice.com\/fr\/legal-texts\/politique-des-cookies\/\",\"url\":\"https:\/\/comsaservice.com\/fr\/legal-texts\/politique-des-cookies\/\",\"name\":\"Politique des cookies - COMSA SERVICE\",\"isPartOf\":{\"@id\":\"https:\/\/comsaservice.com\/fr\/#website\"},\"datePublished\":\"2023-06-12T12:29:56+00:00\",\"dateModified\":\"2024-06-18T08:44:39+00:00\",\"description\":\"Le pr\u00e9sent site utilise des cookies dans le but de faciliter la navigation et offrir un service personnalis\u00e9 et plus agile. Vous pouvez personnaliser\",\"breadcrumb\":{\"@id\":\"https:\/\/comsaservice.com\/fr\/legal-texts\/politique-des-cookies\/#breadcrumb\"},\"inLanguage\":\"fr-FR\",\"potentialAction\":[{\"@type\":\"ReadAction\",\"target\":[\"https:\/\/comsaservice.com\/fr\/legal-texts\/politique-des-cookies\/\"]}]},{\"@type\":\"BreadcrumbList\",\"@id\":\"https:\/\/comsaservice.com\/fr\/legal-texts\/politique-des-cookies\/#breadcrumb\",\"itemListElement\":[{\"@type\":\"ListItem\",\"position\":1,\"name\":\"Inicio\",\"item\":\"https:\/\/comsaservice.com\/fr\/\"},{\"@type\":\"ListItem\",\"position\":2,\"name\":\"Legal texts\",\"item\":\"https:\/\/comsaservice.com\/fr\/legal-texts\/\"},{\"@type\":\"ListItem\",\"position\":3,\"name\":\"Politique des cookies\"}]},{\"@type\":\"WebSite\",\"@id\":\"https:\/\/comsaservice.com\/fr\/#website\",\"url\":\"https:\/\/comsaservice.com\/fr\/\",\"name\":\"COMSA SERVICE\",\"description\":\"COMSA SERVICE\",\"publisher\":{\"@id\":\"https:\/\/comsaservice.com\/fr\/#organization\"},\"potentialAction\":[{\"@type\":\"SearchAction\",\"target\":{\"@type\":\"EntryPoint\",\"urlTemplate\":\"https:\/\/comsaservice.com\/fr\/?s={search_term_string}\"},\"query-input\":{\"@type\":\"PropertyValueSpecification\",\"valueRequired\":true,\"valueName\":\"search_term_string\"}}],\"inLanguage\":\"fr-FR\"},{\"@type\":\"Organization\",\"@id\":\"https:\/\/comsaservice.com\/fr\/#organization\",\"name\":\"GMF | Gesti\u00f3n de Maquinaria Ferroviaria\",\"url\":\"https:\/\/comsaservice.com\/fr\/\",\"logo\":{\"@type\":\"ImageObject\",\"inLanguage\":\"fr-FR\",\"@id\":\"https:\/\/comsaservice.com\/fr\/#\/schema\/logo\/image\/\",\"url\":\"https:\/\/comsaservice.multisite.comsa.com\/wp-content\/uploads\/sites\/6\/logo-gmf-1.png\",\"contentUrl\":\"https:\/\/comsaservice.multisite.comsa.com\/wp-content\/uploads\/sites\/6\/logo-gmf-1.png\",\"width\":435,\"height\":60,\"caption\":\"GMF | Gesti\u00f3n de Maquinaria Ferroviaria\"},\"image\":{\"@id\":\"https:\/\/comsaservice.com\/fr\/#\/schema\/logo\/image\/\"}}]}<\/script>\n<!-- \/ Yoast SEO plugin. -->","yoast_head_json":{"title":"Politique des cookies - COMSA SERVICE","description":"Le pr\u00e9sent site utilise des cookies dans le but de faciliter la navigation et offrir un service personnalis\u00e9 et plus agile. Vous pouvez personnaliser","robots":{"index":"noindex","follow":"nofollow"},"og_locale":"fr_FR","og_type":"article","og_title":"Politique des cookies - COMSA SERVICE","og_description":"Le pr\u00e9sent site utilise des cookies dans le but de faciliter la navigation et offrir un service personnalis\u00e9 et plus agile. Vous pouvez personnaliser","og_url":"https:\/\/comsaservice.com\/fr\/legal-texts\/politique-des-cookies\/","og_site_name":"COMSA SERVICE","article_modified_time":"2024-06-18T08:44:39+00:00","twitter_card":"summary_large_image","twitter_misc":{"Dur\u00e9e de lecture estim\u00e9e":"3 minutes"},"schema":{"@context":"https:\/\/schema.org","@graph":[{"@type":"WebPage","@id":"https:\/\/comsaservice.com\/fr\/legal-texts\/politique-des-cookies\/","url":"https:\/\/comsaservice.com\/fr\/legal-texts\/politique-des-cookies\/","name":"Politique des cookies - COMSA SERVICE","isPartOf":{"@id":"https:\/\/comsaservice.com\/fr\/#website"},"datePublished":"2023-06-12T12:29:56+00:00","dateModified":"2024-06-18T08:44:39+00:00","description":"Le pr\u00e9sent site utilise des cookies dans le but de faciliter la navigation et offrir un service personnalis\u00e9 et plus agile. Vous pouvez personnaliser","breadcrumb":{"@id":"https:\/\/comsaservice.com\/fr\/legal-texts\/politique-des-cookies\/#breadcrumb"},"inLanguage":"fr-FR","potentialAction":[{"@type":"ReadAction","target":["https:\/\/comsaservice.com\/fr\/legal-texts\/politique-des-cookies\/"]}]},{"@type":"BreadcrumbList","@id":"https:\/\/comsaservice.com\/fr\/legal-texts\/politique-des-cookies\/#breadcrumb","itemListElement":[{"@type":"ListItem","position":1,"name":"Inicio","item":"https:\/\/comsaservice.com\/fr\/"},{"@type":"ListItem","position":2,"name":"Legal texts","item":"https:\/\/comsaservice.com\/fr\/legal-texts\/"},{"@type":"ListItem","position":3,"name":"Politique des cookies"}]},{"@type":"WebSite","@id":"https:\/\/comsaservice.com\/fr\/#website","url":"https:\/\/comsaservice.com\/fr\/","name":"COMSA SERVICE","description":"COMSA SERVICE","publisher":{"@id":"https:\/\/comsaservice.com\/fr\/#organization"},"potentialAction":[{"@type":"SearchAction","target":{"@type":"EntryPoint","urlTemplate":"https:\/\/comsaservice.com\/fr\/?s={search_term_string}"},"query-input":{"@type":"PropertyValueSpecification","valueRequired":true,"valueName":"search_term_string"}}],"inLanguage":"fr-FR"},{"@type":"Organization","@id":"https:\/\/comsaservice.com\/fr\/#organization","name":"GMF | Gesti\u00f3n de Maquinaria Ferroviaria","url":"https:\/\/comsaservice.com\/fr\/","logo":{"@type":"ImageObject","inLanguage":"fr-FR","@id":"https:\/\/comsaservice.com\/fr\/#\/schema\/logo\/image\/","url":"https:\/\/comsaservice.multisite.comsa.com\/wp-content\/uploads\/sites\/6\/logo-gmf-1.png","contentUrl":"https:\/\/comsaservice.multisite.comsa.com\/wp-content\/uploads\/sites\/6\/logo-gmf-1.png","width":435,"height":60,"caption":"GMF | Gesti\u00f3n de Maquinaria Ferroviaria"},"image":{"@id":"https:\/\/comsaservice.com\/fr\/#\/schema\/logo\/image\/"}}]}},"_links":{"self":[{"href":"https:\/\/comsaservice.com\/fr\/wp-json\/wp\/v2\/pages\/20025","targetHints":{"allow":["GET"]}}],"collection":[{"href":"https:\/\/comsaservice.com\/fr\/wp-json\/wp\/v2\/pages"}],"about":[{"href":"https:\/\/comsaservice.com\/fr\/wp-json\/wp\/v2\/types\/page"}],"author":[{"embeddable":true,"href":"https:\/\/comsaservice.com\/fr\/wp-json\/wp\/v2\/users\/1"}],"replies":[{"embeddable":true,"href":"https:\/\/comsaservice.com\/fr\/wp-json\/wp\/v2\/comments?post=20025"}],"version-history":[{"count":4,"href":"https:\/\/comsaservice.com\/fr\/wp-json\/wp\/v2\/pages\/20025\/revisions"}],"predecessor-version":[{"id":20029,"href":"https:\/\/comsaservice.com\/fr\/wp-json\/wp\/v2\/pages\/20025\/revisions\/20029"}],"up":[{"embeddable":true,"href":"https:\/\/comsaservice.com\/fr\/wp-json\/wp\/v2\/pages\/20726"}],"wp:attachment":[{"href":"https:\/\/comsaservice.com\/fr\/wp-json\/wp\/v2\/media?parent=20025"}],"curies":[{"name":"wp","href":"https:\/\/api.w.org\/{rel}","templated":true}]}}