{"id":19916,"date":"2023-06-12T12:26:26","date_gmt":"2023-06-12T10:26:26","guid":{"rendered":"https:\/\/comsaservice.com\/ingenierie-dentretien\/"},"modified":"2023-06-12T12:26:27","modified_gmt":"2023-06-12T10:26:27","slug":"ingenierie-dentretien","status":"publish","type":"page","link":"https:\/\/comsaservice.com\/fr\/ingenierie-dentretien\/","title":{"rendered":"Ing\u00e9nierie d\u2019entretien"},"content":{"rendered":"\t\t<div data-elementor-type=\"wp-page\" data-elementor-id=\"19916\" class=\"elementor elementor-19916\" data-elementor-post-type=\"page\">\n\t\t\t\t\t\t<section class=\"elementor-section elementor-top-section elementor-element elementor-element-207da79 v-head elementor-section-boxed elementor-section-height-default elementor-section-height-default\" data-id=\"207da79\" data-element_type=\"section\" data-e-type=\"section\">\n\t\t\t\t\t\t<div class=\"elementor-container elementor-column-gap-default\">\n\t\t\t\t\t<div class=\"elementor-column elementor-col-100 elementor-top-column elementor-element elementor-element-2da41a7\" data-id=\"2da41a7\" data-element_type=\"column\" data-e-type=\"column\">\n\t\t\t<div class=\"elementor-widget-wrap elementor-element-populated\">\n\t\t\t\t\t\t<div class=\"elementor-element elementor-element-c50a17c elementor-widget elementor-widget-heading\" data-id=\"c50a17c\" data-element_type=\"widget\" data-e-type=\"widget\" data-widget_type=\"heading.default\">\n\t\t\t\t<div class=\"elementor-widget-container\">\n\t\t\t\t\t<h1 class=\"elementor-heading-title elementor-size-default\">Ing\u00e9nierie d\u2019entretien<\/h1>\t\t\t\t<\/div>\n\t\t\t\t<\/div>\n\t\t\t\t\t<\/div>\n\t\t<\/div>\n\t\t\t\t\t<\/div>\n\t\t<\/section>\n\t\t\t\t<article class=\"elementor-section elementor-top-section elementor-element elementor-element-e199150 v-box box-line no-top-space elementor-section-boxed elementor-section-height-default elementor-section-height-default\" data-id=\"e199150\" data-element_type=\"section\" data-e-type=\"section\">\n\t\t\t\t\t\t<div class=\"elementor-container elementor-column-gap-default\">\n\t\t\t\t\t<div class=\"elementor-column elementor-col-50 elementor-top-column elementor-element elementor-element-caa8051 md-box\" data-id=\"caa8051\" data-element_type=\"column\" data-e-type=\"column\">\n\t\t\t<div class=\"elementor-widget-wrap elementor-element-populated\">\n\t\t\t\t\t\t<div class=\"elementor-element elementor-element-69766d9 md-actislide elementor--h-position-center elementor--v-position-middle elementor-pagination-position-inside elementor-widget elementor-widget-slides\" data-id=\"69766d9\" data-element_type=\"widget\" data-e-type=\"widget\" data-settings=\"{&quot;navigation&quot;:&quot;dots&quot;,&quot;transition&quot;:&quot;fade&quot;,&quot;autoplay&quot;:&quot;yes&quot;,&quot;pause_on_hover&quot;:&quot;yes&quot;,&quot;pause_on_interaction&quot;:&quot;yes&quot;,&quot;autoplay_speed&quot;:5000,&quot;infinite&quot;:&quot;yes&quot;,&quot;transition_speed&quot;:500}\" data-widget_type=\"slides.default\">\n\t\t\t\t<div class=\"elementor-widget-container\">\n\t\t\t\t\t\t\t\t\t<div class=\"elementor-swiper\">\n\t\t\t\t\t<div class=\"elementor-slides-wrapper elementor-main-swiper swiper\" role=\"region\" aria-roledescription=\"carousel\" aria-label=\"Diapositives\" dir=\"ltr\" data-animation=\"\">\n\t\t\t\t<div class=\"swiper-wrapper elementor-slides\">\n\t\t\t\t\t\t\t\t\t\t<div class=\"elementor-repeater-item-9d95680 swiper-slide\" role=\"group\" aria-roledescription=\"slide\"><div class=\"swiper-slide-bg\" role=\"img\" aria-label=\"4-400x400\"><\/div><div class=\"swiper-slide-inner\" ><div class=\"swiper-slide-contents\"><\/div><\/div><\/div>\t\t\t\t<\/div>\n\t\t\t\t\t\t\t<\/div>\n\t\t\t\t<\/div>\n\t\t\t\t\t\t\t\t<\/div>\n\t\t\t\t<\/div>\n\t\t\t\t\t<\/div>\n\t\t<\/div>\n\t\t\t\t<div class=\"elementor-column elementor-col-50 elementor-top-column elementor-element elementor-element-336ca8b md-txt\" data-id=\"336ca8b\" data-element_type=\"column\" data-e-type=\"column\">\n\t\t\t<div class=\"elementor-widget-wrap elementor-element-populated\">\n\t\t\t\t\t\t<div class=\"elementor-element elementor-element-085a236 elementor-widget elementor-widget-text-editor\" data-id=\"085a236\" data-element_type=\"widget\" data-e-type=\"widget\" data-widget_type=\"text-editor.default\">\n\t\t\t\t<div class=\"elementor-widget-container\">\n\t\t\t\t\t\t\t\t\t<p><span style=\"color: #000000; font-family: Arial, Helvetica, SansSerif; font-size: 16px; font-style: normal; font-variant-ligatures: normal; font-variant-caps: normal; font-weight: 400; letter-spacing: normal; orphans: 2; text-align: start; text-indent: 0px; text-transform: none; widows: 2; word-spacing: 0px; -webkit-text-stroke-width: 0px; white-space: normal; background-color: #ffffff; text-decoration-thickness: initial; text-decoration-style: initial; text-decoration-color: initial; display: inline !important; float: none;\">COMSA Service d\u00e9veloppe des syst\u00e8mes informatiques multi-plateforme adaptables \u00e0 diff\u00e9rents supports pour la gestion assist\u00e9e des t\u00e2ches de conservation, en ad\u00e9quation avec les syst\u00e8mes existants de gestion \u00e9lectronique et de contr\u00f4le centralis\u00e9 des installations. <\/span><\/p>\n<p><span style=\"color: #000000; font-family: Arial, Helvetica, SansSerif; font-size: 16px; font-style: normal; font-variant-ligatures: normal; font-variant-caps: normal; font-weight: 400; letter-spacing: normal; orphans: 2; text-align: start; text-indent: 0px; text-transform: none; widows: 2; word-spacing: 0px; -webkit-text-stroke-width: 0px; white-space: normal; background-color: #ffffff; text-decoration-thickness: initial; text-decoration-style: initial; text-decoration-color: initial; display: inline !important; float: none;\">L\u2019entreprise r\u00e9alise \u00e9galement des audits techniques pour \u00e9tablir le diagnostic des installations et leur conformit\u00e9 avec la r\u00e9glementation, ainsi que des audits \u00e9nerg\u00e9tiques incluant des \u00e9tudes sur la consommation, la qualit\u00e9 et l\u2019efficacit\u00e9 du syst\u00e8me, ainsi que des \u00e9tudes de faisabilit\u00e9 pour la d\u00e9finition et la mise en \u0153uvre de projets.<\/span><\/p>\n\t\t\t\t\t\t\t\t<\/div>\n\t\t\t\t<\/div>\n\t\t\t\t\t<\/div>\n\t\t<\/div>\n\t\t\t\t\t<\/div>\n\t\t<\/article>\n\t\t\t\t<article class=\"elementor-section elementor-top-section elementor-element elementor-element-6a58864 v-box box-line no-top-space elementor-section-boxed elementor-section-height-default elementor-section-height-default\" data-id=\"6a58864\" data-element_type=\"section\" data-e-type=\"section\">\n\t\t\t\t\t\t<div class=\"elementor-container elementor-column-gap-default\">\n\t\t\t\t\t<div class=\"elementor-column elementor-col-50 elementor-top-column elementor-element elementor-element-3c33cad0 md-txt\" data-id=\"3c33cad0\" data-element_type=\"column\" data-e-type=\"column\">\n\t\t\t<div class=\"elementor-widget-wrap elementor-element-populated\">\n\t\t\t\t\t\t<div class=\"elementor-element elementor-element-2daa408b elementor-widget elementor-widget-heading\" data-id=\"2daa408b\" data-element_type=\"widget\" data-e-type=\"widget\" data-widget_type=\"heading.default\">\n\t\t\t\t<div class=\"elementor-widget-container\">\n\t\t\t\t\t<h3 class=\"elementor-heading-title elementor-size-default\">GMAO (IMAN)<\/h3>\t\t\t\t<\/div>\n\t\t\t\t<\/div>\n\t\t\t\t<div class=\"elementor-element elementor-element-4ebc8cd elementor-widget elementor-widget-text-editor\" data-id=\"4ebc8cd\" data-element_type=\"widget\" data-e-type=\"widget\" data-widget_type=\"text-editor.default\">\n\t\t\t\t<div class=\"elementor-widget-container\">\n\t\t\t\t\t\t\t\t\t<p><span style=\"font-size: 14.992px;\">\u2013 IMAN est une application informatique con\u00e7ue pour la Gestion de l\u2019Entretien Assist\u00e9 par Ordinateur, d\u00e9velopp\u00e9e par le d\u00e9partement informatique de COMSA Service.<\/span><\/p>\n<p><span style=\"font-size: 14.992px;\"> <\/span><\/p>\n<p><span style=\"font-size: 14.992px;\">\u2013 Disponible sur plusieurs plateformes, simple et facile \u00e0 utiliser.<\/span><\/p>\n<p><span style=\"font-size: 14.992px;\"> <\/span><\/p>\n<p><span style=\"font-size: 14.992px;\">\u2013 Acc\u00e8s aux demandes des utilisateurs via Internet.<\/span><\/p>\n<p><span style=\"font-size: 14.992px;\"> <\/span><\/p>\n<p><span style=\"font-size: 14.992px;\">\u2013 Technologies d\u2019acc\u00e8s : WEB, PDA, SMS, etc.<\/span><\/p>\n<p><span style=\"font-size: 14.992px;\"> <\/span><\/p>\n<p><span style=\"font-size: 14.992px;\">\u2013 Incorpore une liaison avec les syst\u00e8mes de gestion \u00e9lectronique et de contr\u00f4le centralis\u00e9 des installations.<\/span><\/p>\n\t\t\t\t\t\t\t\t<\/div>\n\t\t\t\t<\/div>\n\t\t\t\t\t<\/div>\n\t\t<\/div>\n\t\t\t\t<div class=\"elementor-column elementor-col-50 elementor-top-column elementor-element elementor-element-c94688b md-txt\" data-id=\"c94688b\" data-element_type=\"column\" data-e-type=\"column\">\n\t\t\t<div class=\"elementor-widget-wrap elementor-element-populated\">\n\t\t\t\t\t\t<div class=\"elementor-element elementor-element-7066772 elementor-widget elementor-widget-heading\" data-id=\"7066772\" data-element_type=\"widget\" data-e-type=\"widget\" data-widget_type=\"heading.default\">\n\t\t\t\t<div class=\"elementor-widget-container\">\n\t\t\t\t\t<h3 class=\"elementor-heading-title elementor-size-default\">Audits Techniques<\/h3>\t\t\t\t<\/div>\n\t\t\t\t<\/div>\n\t\t\t\t<div class=\"elementor-element elementor-element-f29fb14 elementor-widget elementor-widget-text-editor\" data-id=\"f29fb14\" data-element_type=\"widget\" data-e-type=\"widget\" data-widget_type=\"text-editor.default\">\n\t\t\t\t<div class=\"elementor-widget-container\">\n\t\t\t\t\t\t\t\t\t<p><span style=\"font-size: 14.992px;\">\u2013 Inventaire des installations.<\/span><\/p>\n<p><span style=\"font-size: 14.992px;\"> <\/span><\/p>\n<p><span style=\"font-size: 14.992px;\">\u2013 Diagnostic de l\u2019\u00e9tat des \u00e9quipements.<\/span><\/p>\n<p><span style=\"font-size: 14.992px;\"> <\/span><\/p>\n<p><span style=\"font-size: 14.992px;\">\u2013 Ad\u00e9quation des installations avec la r\u00e9glementation.<\/span><\/p>\n<p><span style=\"font-size: 14.992px;\"> <\/span><\/p>\n<p><span style=\"font-size: 14.992px;\">\u2013 Analyse des programmes d\u2019entretien.<\/span><\/p>\n<p><span style=\"font-size: 14.992px;\"> <\/span><\/p>\n<p><span style=\"font-size: 14.992px;\">\u2013 Propositions chiffr\u00e9es de r\u00e9forme.<\/span><\/p>\n<p><span style=\"font-size: 14.992px;\"> <\/span><\/p>\n<p><span style=\"font-size: 14.992px;\">\u2013 \u00c9laboration de programmes d\u2019entretien personnalis\u00e9s.<\/span><\/p>\n\t\t\t\t\t\t\t\t<\/div>\n\t\t\t\t<\/div>\n\t\t\t\t\t<\/div>\n\t\t<\/div>\n\t\t\t\t\t<\/div>\n\t\t<\/article>\n\t\t\t\t<article class=\"elementor-section elementor-top-section elementor-element elementor-element-41f1fff v-box box-line no-top-space elementor-section-boxed elementor-section-height-default elementor-section-height-default\" data-id=\"41f1fff\" data-element_type=\"section\" data-e-type=\"section\">\n\t\t\t\t\t\t<div class=\"elementor-container elementor-column-gap-default\">\n\t\t\t\t\t<div class=\"elementor-column elementor-col-50 elementor-top-column elementor-element elementor-element-7888be1 md-txt\" data-id=\"7888be1\" data-element_type=\"column\" data-e-type=\"column\">\n\t\t\t<div class=\"elementor-widget-wrap elementor-element-populated\">\n\t\t\t\t\t\t<div class=\"elementor-element elementor-element-5d4352c elementor-widget elementor-widget-heading\" data-id=\"5d4352c\" data-element_type=\"widget\" data-e-type=\"widget\" data-widget_type=\"heading.default\">\n\t\t\t\t<div class=\"elementor-widget-container\">\n\t\t\t\t\t<h3 class=\"elementor-heading-title elementor-size-default\">Audits \u00c9nerg\u00e9tiques<\/h3>\t\t\t\t<\/div>\n\t\t\t\t<\/div>\n\t\t\t\t<div class=\"elementor-element elementor-element-3364ce2 elementor-widget elementor-widget-text-editor\" data-id=\"3364ce2\" data-element_type=\"widget\" data-e-type=\"widget\" data-widget_type=\"text-editor.default\">\n\t\t\t\t<div class=\"elementor-widget-container\">\n\t\t\t\t\t\t\t\t\t<p><span style=\"font-size: 14.992px;\">\u2013 Inventaire des \u00e9quipements consommateurs.<\/span><\/p>\n<p><span style=\"font-size: 14.992px;\"> <\/span><\/p>\n<p><span style=\"font-size: 14.992px;\">\u2013 \u00c9tudes de courbes de charge et des tendances de consommation.<\/span><\/p>\n<p><span style=\"font-size: 14.992px;\"> <\/span><\/p>\n<p><span style=\"font-size: 14.992px;\">\u2013 Contr\u00f4le de la Qualit\u00e9 de l\u2019\u00c9nergie.<\/span><\/p>\n<p><span style=\"font-size: 14.992px;\"> <\/span><\/p>\n<p><span style=\"font-size: 14.992px;\">\u2013 Analyse des contrats d\u2019approvisionnements \u00e9nerg\u00e9tiques.<\/span><\/p>\n<p><span style=\"font-size: 14.992px;\"> <\/span><\/p>\n<p><span style=\"font-size: 14.992px;\">\u2013 Efficacit\u00e9 du syst\u00e8me.<\/span><\/p>\n<p><span style=\"font-size: 14.992px;\"> <\/span><\/p>\n<p><span style=\"font-size: 14.992px;\">\u2013 Exploitation par les utilisateurs.<\/span><\/p>\n<p><span style=\"font-size: 14.992px;\"> <\/span><\/p>\n<p><span style=\"font-size: 14.992px;\">\u2013 Certification \u00e9nerg\u00e9tique.<\/span><\/p>\n\t\t\t\t\t\t\t\t<\/div>\n\t\t\t\t<\/div>\n\t\t\t\t\t<\/div>\n\t\t<\/div>\n\t\t\t\t<div class=\"elementor-column elementor-col-50 elementor-top-column elementor-element elementor-element-f567333 md-txt\" data-id=\"f567333\" data-element_type=\"column\" data-e-type=\"column\">\n\t\t\t<div class=\"elementor-widget-wrap elementor-element-populated\">\n\t\t\t\t\t\t<div class=\"elementor-element elementor-element-6f76995 elementor-widget elementor-widget-heading\" data-id=\"6f76995\" data-element_type=\"widget\" data-e-type=\"widget\" data-widget_type=\"heading.default\">\n\t\t\t\t<div class=\"elementor-widget-container\">\n\t\t\t\t\t<h3 class=\"elementor-heading-title elementor-size-default\">\u00c9tudes de Faisabilit\u00e9 de Projets de Services \u00c9nerg\u00e9tiques<\/h3>\t\t\t\t<\/div>\n\t\t\t\t<\/div>\n\t\t\t\t<div class=\"elementor-element elementor-element-80bbb63 elementor-widget elementor-widget-text-editor\" data-id=\"80bbb63\" data-element_type=\"widget\" data-e-type=\"widget\" data-widget_type=\"text-editor.default\">\n\t\t\t\t<div class=\"elementor-widget-container\">\n\t\t\t\t\t\t\t\t\t<p><span style=\"font-size: 14.992px;\">\u2013 Demande et collecte d\u2019informations.<\/span><\/p>\n<p><span style=\"font-size: 14.992px;\"><br \/><\/span><\/p>\n<p><span style=\"font-size: 14.992px;\">\u2013 Diagnostic \u00e9nerg\u00e9tique.<\/span><\/p>\n<p><span style=\"font-size: 14.992px;\"><br \/><\/span><\/p>\n<p><span style=\"font-size: 14.992px;\">\u2013 \u00c9valuation d\u2019\u00e9conomies.<\/span><\/p>\n<p><span style=\"font-size: 14.992px;\"><br \/><\/span><\/p>\n<p><span style=\"font-size: 14.992px;\">\u2013 Plan d\u2019investissement et analyse financi\u00e8re.<\/span><\/p>\n<p><span style=\"font-size: 14.992px;\"><br \/><\/span><\/p>\n<p><span style=\"font-size: 14.992px;\">\u2013 Plan d\u2019entreprise.<\/span><\/p>\n<p><span style=\"font-size: 14.992px;\"><br \/><\/span><\/p>\n<p><span style=\"font-size: 14.992px;\">\u2013 \u00ab Contrat d\u2019ex\u00e9cution \u00bb.<\/span><\/p>\n<p><span style=\"font-size: 14.992px;\"><br \/><\/span><\/p>\n<p><span style=\"font-size: 14.992px;\">\u2013 D\u00e9finition et mise en \u0153uvre du projet.<\/span><\/p>\n<p><span style=\"font-size: 14.992px;\"><br \/><\/span><\/p>\n<p><span style=\"font-size: 14.992px;\">\u2013 Dur\u00e9e et suivi du projet.<\/span><\/p>\n\t\t\t\t\t\t\t\t<\/div>\n\t\t\t\t<\/div>\n\t\t\t\t\t<\/div>\n\t\t<\/div>\n\t\t\t\t\t<\/div>\n\t\t<\/article>\n\t\t\t\t<\/div>\n\t\t","protected":false},"excerpt":{"rendered":"<p>Ing\u00e9nierie d\u2019entretien COMSA Service d\u00e9veloppe des syst\u00e8mes informatiques multi-plateforme adaptables \u00e0 diff\u00e9rents supports pour la gestion assist\u00e9e des t\u00e2ches de conservation, en ad\u00e9quation avec les syst\u00e8mes existants de gestion \u00e9lectronique et de contr\u00f4le centralis\u00e9 des installations. L\u2019entreprise r\u00e9alise \u00e9galement des audits techniques pour \u00e9tablir le diagnostic des installations et leur conformit\u00e9 avec la r\u00e9glementation, ainsi [&hellip;]<\/p>\n","protected":false},"author":1,"featured_media":0,"parent":0,"menu_order":0,"comment_status":"closed","ping_status":"closed","template":"","meta":{"footnotes":""},"class_list":["post-19916","page","type-page","status-publish","hentry"],"yoast_head":"<!-- This site is optimized with the Yoast SEO plugin v26.2 - https:\/\/yoast.com\/wordpress\/plugins\/seo\/ -->\n<title>Ing\u00e9nierie d\u2019entretien - COMSA SERVICE<\/title>\n<meta name=\"description\" content=\"Ing\u00e9nierie d\u2019entretien COMSA Service d\u00e9veloppe des syst\u00e8mes informatiques multi-plateforme adaptables \u00e0 diff\u00e9rents supports pour la gestion assist\u00e9e des\" \/>\n<meta name=\"robots\" content=\"index, follow, max-snippet:-1, max-image-preview:large, max-video-preview:-1\" \/>\n<link rel=\"canonical\" href=\"https:\/\/comsaservice.com\/fr\/ingenierie-dentretien\/\" \/>\n<meta property=\"og:locale\" content=\"fr_FR\" \/>\n<meta property=\"og:type\" content=\"article\" \/>\n<meta property=\"og:title\" content=\"Ing\u00e9nierie d\u2019entretien - COMSA SERVICE\" \/>\n<meta property=\"og:description\" content=\"Ing\u00e9nierie d\u2019entretien COMSA Service d\u00e9veloppe des syst\u00e8mes informatiques multi-plateforme adaptables \u00e0 diff\u00e9rents supports pour la gestion assist\u00e9e des\" \/>\n<meta property=\"og:url\" content=\"https:\/\/comsaservice.com\/fr\/ingenierie-dentretien\/\" \/>\n<meta property=\"og:site_name\" content=\"COMSA SERVICE\" \/>\n<meta property=\"article:modified_time\" content=\"2023-06-12T10:26:27+00:00\" \/>\n<meta name=\"twitter:card\" content=\"summary_large_image\" \/>\n<meta name=\"twitter:label1\" content=\"Dur\u00e9e de lecture estim\u00e9e\" \/>\n\t<meta name=\"twitter:data1\" content=\"2 minutes\" \/>\n<script type=\"application\/ld+json\" class=\"yoast-schema-graph\">{\"@context\":\"https:\/\/schema.org\",\"@graph\":[{\"@type\":\"WebPage\",\"@id\":\"https:\/\/comsaservice.com\/fr\/ingenierie-dentretien\/\",\"url\":\"https:\/\/comsaservice.com\/fr\/ingenierie-dentretien\/\",\"name\":\"Ing\u00e9nierie d\u2019entretien - COMSA SERVICE\",\"isPartOf\":{\"@id\":\"https:\/\/comsaservice.com\/fr\/#website\"},\"datePublished\":\"2023-06-12T10:26:26+00:00\",\"dateModified\":\"2023-06-12T10:26:27+00:00\",\"description\":\"Ing\u00e9nierie d\u2019entretien COMSA Service d\u00e9veloppe des syst\u00e8mes informatiques multi-plateforme adaptables \u00e0 diff\u00e9rents supports pour la gestion assist\u00e9e des\",\"breadcrumb\":{\"@id\":\"https:\/\/comsaservice.com\/fr\/ingenierie-dentretien\/#breadcrumb\"},\"inLanguage\":\"fr-FR\",\"potentialAction\":[{\"@type\":\"ReadAction\",\"target\":[\"https:\/\/comsaservice.com\/fr\/ingenierie-dentretien\/\"]}]},{\"@type\":\"BreadcrumbList\",\"@id\":\"https:\/\/comsaservice.com\/fr\/ingenierie-dentretien\/#breadcrumb\",\"itemListElement\":[{\"@type\":\"ListItem\",\"position\":1,\"name\":\"Inicio\",\"item\":\"https:\/\/comsaservice.com\/fr\/\"},{\"@type\":\"ListItem\",\"position\":2,\"name\":\"Ing\u00e9nierie d\u2019entretien\"}]},{\"@type\":\"WebSite\",\"@id\":\"https:\/\/comsaservice.com\/fr\/#website\",\"url\":\"https:\/\/comsaservice.com\/fr\/\",\"name\":\"COMSA SERVICE\",\"description\":\"COMSA SERVICE\",\"publisher\":{\"@id\":\"https:\/\/comsaservice.com\/fr\/#organization\"},\"potentialAction\":[{\"@type\":\"SearchAction\",\"target\":{\"@type\":\"EntryPoint\",\"urlTemplate\":\"https:\/\/comsaservice.com\/fr\/?s={search_term_string}\"},\"query-input\":{\"@type\":\"PropertyValueSpecification\",\"valueRequired\":true,\"valueName\":\"search_term_string\"}}],\"inLanguage\":\"fr-FR\"},{\"@type\":\"Organization\",\"@id\":\"https:\/\/comsaservice.com\/fr\/#organization\",\"name\":\"GMF | Gesti\u00f3n de Maquinaria Ferroviaria\",\"url\":\"https:\/\/comsaservice.com\/fr\/\",\"logo\":{\"@type\":\"ImageObject\",\"inLanguage\":\"fr-FR\",\"@id\":\"https:\/\/comsaservice.com\/fr\/#\/schema\/logo\/image\/\",\"url\":\"https:\/\/comsaservice.multisite.comsa.com\/wp-content\/uploads\/sites\/6\/logo-gmf-1.png\",\"contentUrl\":\"https:\/\/comsaservice.multisite.comsa.com\/wp-content\/uploads\/sites\/6\/logo-gmf-1.png\",\"width\":435,\"height\":60,\"caption\":\"GMF | Gesti\u00f3n de Maquinaria Ferroviaria\"},\"image\":{\"@id\":\"https:\/\/comsaservice.com\/fr\/#\/schema\/logo\/image\/\"}}]}<\/script>\n<!-- \/ Yoast SEO plugin. -->","yoast_head_json":{"title":"Ing\u00e9nierie d\u2019entretien - COMSA SERVICE","description":"Ing\u00e9nierie d\u2019entretien COMSA Service d\u00e9veloppe des syst\u00e8mes informatiques multi-plateforme adaptables \u00e0 diff\u00e9rents supports pour la gestion assist\u00e9e des","robots":{"index":"index","follow":"follow","max-snippet":"max-snippet:-1","max-image-preview":"max-image-preview:large","max-video-preview":"max-video-preview:-1"},"canonical":"https:\/\/comsaservice.com\/fr\/ingenierie-dentretien\/","og_locale":"fr_FR","og_type":"article","og_title":"Ing\u00e9nierie d\u2019entretien - COMSA SERVICE","og_description":"Ing\u00e9nierie d\u2019entretien COMSA Service d\u00e9veloppe des syst\u00e8mes informatiques multi-plateforme adaptables \u00e0 diff\u00e9rents supports pour la gestion assist\u00e9e des","og_url":"https:\/\/comsaservice.com\/fr\/ingenierie-dentretien\/","og_site_name":"COMSA SERVICE","article_modified_time":"2023-06-12T10:26:27+00:00","twitter_card":"summary_large_image","twitter_misc":{"Dur\u00e9e de lecture estim\u00e9e":"2 minutes"},"schema":{"@context":"https:\/\/schema.org","@graph":[{"@type":"WebPage","@id":"https:\/\/comsaservice.com\/fr\/ingenierie-dentretien\/","url":"https:\/\/comsaservice.com\/fr\/ingenierie-dentretien\/","name":"Ing\u00e9nierie d\u2019entretien - COMSA SERVICE","isPartOf":{"@id":"https:\/\/comsaservice.com\/fr\/#website"},"datePublished":"2023-06-12T10:26:26+00:00","dateModified":"2023-06-12T10:26:27+00:00","description":"Ing\u00e9nierie d\u2019entretien COMSA Service d\u00e9veloppe des syst\u00e8mes informatiques multi-plateforme adaptables \u00e0 diff\u00e9rents supports pour la gestion assist\u00e9e des","breadcrumb":{"@id":"https:\/\/comsaservice.com\/fr\/ingenierie-dentretien\/#breadcrumb"},"inLanguage":"fr-FR","potentialAction":[{"@type":"ReadAction","target":["https:\/\/comsaservice.com\/fr\/ingenierie-dentretien\/"]}]},{"@type":"BreadcrumbList","@id":"https:\/\/comsaservice.com\/fr\/ingenierie-dentretien\/#breadcrumb","itemListElement":[{"@type":"ListItem","position":1,"name":"Inicio","item":"https:\/\/comsaservice.com\/fr\/"},{"@type":"ListItem","position":2,"name":"Ing\u00e9nierie d\u2019entretien"}]},{"@type":"WebSite","@id":"https:\/\/comsaservice.com\/fr\/#website","url":"https:\/\/comsaservice.com\/fr\/","name":"COMSA SERVICE","description":"COMSA SERVICE","publisher":{"@id":"https:\/\/comsaservice.com\/fr\/#organization"},"potentialAction":[{"@type":"SearchAction","target":{"@type":"EntryPoint","urlTemplate":"https:\/\/comsaservice.com\/fr\/?s={search_term_string}"},"query-input":{"@type":"PropertyValueSpecification","valueRequired":true,"valueName":"search_term_string"}}],"inLanguage":"fr-FR"},{"@type":"Organization","@id":"https:\/\/comsaservice.com\/fr\/#organization","name":"GMF | Gesti\u00f3n de Maquinaria Ferroviaria","url":"https:\/\/comsaservice.com\/fr\/","logo":{"@type":"ImageObject","inLanguage":"fr-FR","@id":"https:\/\/comsaservice.com\/fr\/#\/schema\/logo\/image\/","url":"https:\/\/comsaservice.multisite.comsa.com\/wp-content\/uploads\/sites\/6\/logo-gmf-1.png","contentUrl":"https:\/\/comsaservice.multisite.comsa.com\/wp-content\/uploads\/sites\/6\/logo-gmf-1.png","width":435,"height":60,"caption":"GMF | Gesti\u00f3n de Maquinaria Ferroviaria"},"image":{"@id":"https:\/\/comsaservice.com\/fr\/#\/schema\/logo\/image\/"}}]}},"_links":{"self":[{"href":"https:\/\/comsaservice.com\/fr\/wp-json\/wp\/v2\/pages\/19916","targetHints":{"allow":["GET"]}}],"collection":[{"href":"https:\/\/comsaservice.com\/fr\/wp-json\/wp\/v2\/pages"}],"about":[{"href":"https:\/\/comsaservice.com\/fr\/wp-json\/wp\/v2\/types\/page"}],"author":[{"embeddable":true,"href":"https:\/\/comsaservice.com\/fr\/wp-json\/wp\/v2\/users\/1"}],"replies":[{"embeddable":true,"href":"https:\/\/comsaservice.com\/fr\/wp-json\/wp\/v2\/comments?post=19916"}],"version-history":[{"count":1,"href":"https:\/\/comsaservice.com\/fr\/wp-json\/wp\/v2\/pages\/19916\/revisions"}],"predecessor-version":[{"id":19917,"href":"https:\/\/comsaservice.com\/fr\/wp-json\/wp\/v2\/pages\/19916\/revisions\/19917"}],"wp:attachment":[{"href":"https:\/\/comsaservice.com\/fr\/wp-json\/wp\/v2\/media?parent=19916"}],"curies":[{"name":"wp","href":"https:\/\/api.w.org\/{rel}","templated":true}]}}