{"id":19897,"date":"2023-06-12T12:10:26","date_gmt":"2023-06-12T10:10:26","guid":{"rendered":"https:\/\/comsaservice.com\/fontaines-et-eclairages-dornement\/"},"modified":"2023-06-12T12:11:06","modified_gmt":"2023-06-12T10:11:06","slug":"fontaines-et-eclairages-dornement","status":"publish","type":"page","link":"https:\/\/comsaservice.com\/fr\/divisions\/fontaines-et-eclairages-dornement\/","title":{"rendered":"Fontaines et \u00e9clairages d\u2019ornement"},"content":{"rendered":"\t\t<div data-elementor-type=\"wp-page\" data-elementor-id=\"19897\" class=\"elementor elementor-19897 elementor-19176\" data-elementor-post-type=\"page\">\n\t\t\t\t\t\t<section class=\"elementor-section elementor-top-section elementor-element elementor-element-207da79 v-head elementor-section-boxed elementor-section-height-default elementor-section-height-default\" data-id=\"207da79\" data-element_type=\"section\" data-e-type=\"section\">\n\t\t\t\t\t\t<div class=\"elementor-container elementor-column-gap-default\">\n\t\t\t\t\t<div class=\"elementor-column elementor-col-100 elementor-top-column elementor-element elementor-element-2da41a7\" data-id=\"2da41a7\" data-element_type=\"column\" data-e-type=\"column\">\n\t\t\t<div class=\"elementor-widget-wrap elementor-element-populated\">\n\t\t\t\t\t\t<div class=\"elementor-element elementor-element-c50a17c elementor-widget elementor-widget-heading\" data-id=\"c50a17c\" data-element_type=\"widget\" data-e-type=\"widget\" data-widget_type=\"heading.default\">\n\t\t\t\t<div class=\"elementor-widget-container\">\n\t\t\t\t\t<h1 class=\"elementor-heading-title elementor-size-default\">Fontaines et \u00e9clairages d\u2019ornement<\/h1>\t\t\t\t<\/div>\n\t\t\t\t<\/div>\n\t\t\t\t\t<\/div>\n\t\t<\/div>\n\t\t\t\t\t<\/div>\n\t\t<\/section>\n\t\t\t\t<article class=\"elementor-section elementor-top-section elementor-element elementor-element-e199150 v-box box-line no-top-space elementor-section-boxed elementor-section-height-default elementor-section-height-default\" data-id=\"e199150\" data-element_type=\"section\" data-e-type=\"section\">\n\t\t\t\t\t\t<div class=\"elementor-container elementor-column-gap-default\">\n\t\t\t\t\t<div class=\"elementor-column elementor-col-50 elementor-top-column elementor-element elementor-element-caa8051 md-box\" data-id=\"caa8051\" data-element_type=\"column\" data-e-type=\"column\">\n\t\t\t<div class=\"elementor-widget-wrap elementor-element-populated\">\n\t\t\t\t\t\t<div class=\"elementor-element elementor-element-69766d9 md-actislide elementor--h-position-center elementor--v-position-middle elementor-pagination-position-inside elementor-widget elementor-widget-slides\" data-id=\"69766d9\" data-element_type=\"widget\" data-e-type=\"widget\" data-settings=\"{&quot;navigation&quot;:&quot;dots&quot;,&quot;transition&quot;:&quot;fade&quot;,&quot;autoplay&quot;:&quot;yes&quot;,&quot;pause_on_hover&quot;:&quot;yes&quot;,&quot;pause_on_interaction&quot;:&quot;yes&quot;,&quot;autoplay_speed&quot;:5000,&quot;infinite&quot;:&quot;yes&quot;,&quot;transition_speed&quot;:500}\" data-widget_type=\"slides.default\">\n\t\t\t\t<div class=\"elementor-widget-container\">\n\t\t\t\t\t\t\t\t\t<div class=\"elementor-swiper\">\n\t\t\t\t\t<div class=\"elementor-slides-wrapper elementor-main-swiper swiper\" role=\"region\" aria-roledescription=\"carousel\" aria-label=\"Diapositives\" dir=\"ltr\" data-animation=\"\">\n\t\t\t\t<div class=\"swiper-wrapper elementor-slides\">\n\t\t\t\t\t\t\t\t\t\t<div class=\"elementor-repeater-item-9d95680 swiper-slide\" role=\"group\" aria-roledescription=\"slide\"><div class=\"swiper-slide-bg\" role=\"img\" aria-label=\"5-1-400x400\"><\/div><div class=\"swiper-slide-inner\" ><div class=\"swiper-slide-contents\"><\/div><\/div><\/div>\t\t\t\t<\/div>\n\t\t\t\t\t\t\t<\/div>\n\t\t\t\t<\/div>\n\t\t\t\t\t\t\t\t<\/div>\n\t\t\t\t<\/div>\n\t\t\t\t\t<\/div>\n\t\t<\/div>\n\t\t\t\t<div class=\"elementor-column elementor-col-50 elementor-top-column elementor-element elementor-element-336ca8b md-txt\" data-id=\"336ca8b\" data-element_type=\"column\" data-e-type=\"column\">\n\t\t\t<div class=\"elementor-widget-wrap elementor-element-populated\">\n\t\t\t\t\t\t<div class=\"elementor-element elementor-element-9cb4997 elementor-widget elementor-widget-heading\" data-id=\"9cb4997\" data-element_type=\"widget\" data-e-type=\"widget\" data-widget_type=\"heading.default\">\n\t\t\t\t<div class=\"elementor-widget-container\">\n\t\t\t\t\t<h3 class=\"elementor-heading-title elementor-size-default\">COMSA Service, par le biais de sa division de Sources d\u2019Ornement, r\u00e9alise la conception, l\u2019ing\u00e9nierie, la mise en \u0153uvre et l\u2019entretien de tout type de fontaines ornementales<\/h3>\t\t\t\t<\/div>\n\t\t\t\t<\/div>\n\t\t\t\t<div class=\"elementor-element elementor-element-085a236 elementor-widget elementor-widget-text-editor\" data-id=\"085a236\" data-element_type=\"widget\" data-e-type=\"widget\" data-widget_type=\"text-editor.default\">\n\t\t\t\t<div class=\"elementor-widget-container\">\n\t\t\t\t\t\t\t\t\t<\/p>\n<p style=\"box-sizing: border-box; margin: 0px 0px 10px; color: #000000; font-family: Arial, Helvetica, SansSerif; font-size: 16px; font-style: normal; font-variant-ligatures: normal; font-variant-caps: normal; font-weight: 400; letter-spacing: normal; orphans: 2; text-indent: 0px; text-transform: none; widows: 2; word-spacing: 0px; -webkit-text-stroke-width: 0px; white-space: normal; background-color: #ffffff; text-decoration-thickness: initial; text-decoration-style: initial; text-decoration-color: initial; text-align: left;\">Depuis les plus simples jusqu\u2019\u00e0 celles qui int\u00e8grent de la lumi\u00e8re, du son et des effets sp\u00e9ciaux, conform\u00e9ment aux crit\u00e8res environnementaux et de rendement \u00e9nerg\u00e9tique.<\/p>\n<p style=\"box-sizing: border-box; margin: 0px 0px 10px; color: #000000; font-family: Arial, Helvetica, SansSerif; font-size: 16px; font-style: normal; font-variant-ligatures: normal; font-variant-caps: normal; font-weight: 400; letter-spacing: normal; orphans: 2; text-indent: 0px; text-transform: none; widows: 2; word-spacing: 0px; -webkit-text-stroke-width: 0px; white-space: normal; background-color: #ffffff; text-decoration-thickness: initial; text-decoration-style: initial; text-decoration-color: initial; text-align: left;\">Cette division, qui int\u00e8gre la marque du Bureau Technique Buigas, offre sa collaboration aux administrations, services d\u2019ing\u00e9nierie et bureaux d\u2019architectes pour d\u00e9velopper des projets apportant une vision technique et artistique.<\/p>\n<p style=\"box-sizing: border-box; margin: 0px 0px 10px; color: #000000; font-family: Arial, Helvetica, SansSerif; font-size: 16px; font-style: normal; font-variant-ligatures: normal; font-variant-caps: normal; font-weight: 400; letter-spacing: normal; orphans: 2; text-indent: 0px; text-transform: none; widows: 2; word-spacing: 0px; -webkit-text-stroke-width: 0px; white-space: normal; background-color: #ffffff; text-decoration-thickness: initial; text-decoration-style: initial; text-decoration-color: initial; text-align: left;\">COMSA Service est une entreprise de r\u00e9f\u00e9rence au niveau mondial sur le march\u00e9 des fontaines et a r\u00e9alis\u00e9 des installations pour des administrations publiques et des clients priv\u00e9s dans des pays comme l\u2019Arabie Saoudite, le Canada, la Cor\u00e9e du Sud, le Danemark, l\u2019Espagne, les \u00c9tats-Unis, la France, le Japon, le Maroc, la R\u00e9publique Dominicaine, entre autres.<\/p>\n\t\t\t\t\t\t\t\t<\/div>\n\t\t\t\t<\/div>\n\t\t\t\t\t<\/div>\n\t\t<\/div>\n\t\t\t\t\t<\/div>\n\t\t<\/article>\n\t\t\t\t<article class=\"elementor-section elementor-top-section elementor-element elementor-element-559f99b9 v-box box-line no-top-space elementor-section-boxed elementor-section-height-default elementor-section-height-default\" data-id=\"559f99b9\" data-element_type=\"section\" data-e-type=\"section\">\n\t\t\t\t\t\t<div class=\"elementor-container elementor-column-gap-default\">\n\t\t\t\t\t<div class=\"elementor-column elementor-col-100 elementor-top-column elementor-element elementor-element-452847e9 md-txt\" data-id=\"452847e9\" data-element_type=\"column\" data-e-type=\"column\">\n\t\t\t<div class=\"elementor-widget-wrap elementor-element-populated\">\n\t\t\t\t\t\t<div class=\"elementor-element elementor-element-15404a77 elementor-widget elementor-widget-heading\" data-id=\"15404a77\" data-element_type=\"widget\" data-e-type=\"widget\" data-widget_type=\"heading.default\">\n\t\t\t\t<div class=\"elementor-widget-container\">\n\t\t\t\t\t<h3 class=\"elementor-heading-title elementor-size-default\">Port\u00e9e du service<\/h3>\t\t\t\t<\/div>\n\t\t\t\t<\/div>\n\t\t\t\t<div class=\"elementor-element elementor-element-46f322d elementor-widget elementor-widget-text-editor\" data-id=\"46f322d\" data-element_type=\"widget\" data-e-type=\"widget\" data-widget_type=\"text-editor.default\">\n\t\t\t\t<div class=\"elementor-widget-container\">\n\t\t\t\t\t\t\t\t\t<p>\u2013 \u00c9tude et projet personnalis\u00e9 en accord avec le site.<\/p>\n<p>\u2013 Conception de la volum\u00e9trie et des d\u00e9tails de construction pour fontaines, cascades et \u00e9clairages.<\/p>\n<p>\u2013 Installation d\u2019\u00e9l\u00e9ments hydrauliques, \u00e9lectriques, \u00e9lectroniques, de sonorisation et des effets sp\u00e9ciaux.<\/p>\n<p>\u2013 Op\u00e9rations d\u2019entretien, de reconstruction et de remise en \u00e9tat d\u2019installations anciennes.<\/p>\n<p>\u2013 Automatisation des installations, t\u00e9l\u00e9commande, webcams online, etc.<\/p>\n<p>\u2013 Assistance technique et artistique aux ing\u00e9nieurs, architectes et urbanistes.<\/p>\n\t\t\t\t\t\t\t\t<\/div>\n\t\t\t\t<\/div>\n\t\t\t\t\t<\/div>\n\t\t<\/div>\n\t\t\t\t\t<\/div>\n\t\t<\/article>\n\t\t\t\t<article class=\"elementor-section elementor-top-section elementor-element elementor-element-4b3ec12 v-box box-line no-top-space elementor-section-boxed elementor-section-height-default elementor-section-height-default\" data-id=\"4b3ec12\" data-element_type=\"section\" data-e-type=\"section\">\n\t\t\t\t\t\t<div class=\"elementor-container elementor-column-gap-default\">\n\t\t\t\t\t<div class=\"elementor-column elementor-col-100 elementor-top-column elementor-element elementor-element-e85b56b md-txt\" data-id=\"e85b56b\" data-element_type=\"column\" data-e-type=\"column\">\n\t\t\t<div class=\"elementor-widget-wrap elementor-element-populated\">\n\t\t\t\t\t\t<div class=\"elementor-element elementor-element-f8f21a6 elementor-widget elementor-widget-heading\" data-id=\"f8f21a6\" data-element_type=\"widget\" data-e-type=\"widget\" data-widget_type=\"heading.default\">\n\t\t\t\t<div class=\"elementor-widget-container\">\n\t\t\t\t\t<h3 class=\"elementor-heading-title elementor-size-default\">Fontaines et sites<\/h3>\t\t\t\t<\/div>\n\t\t\t\t<\/div>\n\t\t\t\t<div class=\"elementor-element elementor-element-b21e281 elementor-widget elementor-widget-text-editor\" data-id=\"b21e281\" data-element_type=\"widget\" data-e-type=\"widget\" data-widget_type=\"text-editor.default\">\n\t\t\t\t<div class=\"elementor-widget-container\">\n\t\t\t\t\t\t\t\t\t<p>\u2013\u00a0<strong>Fontaines statiques<\/strong>: Sans changements ou avec des variations tr\u00e8s espac\u00e9es et sans contraintes sp\u00e9cifiques pour leur emplacement.<\/p><p>\u2013\u00a0<strong>Fontaines changeantes<\/strong>: Changement de formes et de couleurs, conseill\u00e9es pour les parcs et espaces de jardins, tr\u00e8s grandes places, zones pi\u00e9tonnes, etc.<\/p><p>\u2013\u00a0<strong>Fontaines musicales spectaculaires<\/strong>: Destin\u00e9es \u00e0 devenir des centres d\u2019attraction, situ\u00e9es dans des espaces \u00e9loign\u00e9s de la circulation routi\u00e8re permettant un afflux important de public.<\/p><p>\u2013\u00a0<strong>Fontaines visitables et interactives<\/strong>: Enfants et adultes peuvent interagir avec la fontaine et cr\u00e9er leurs propres chor\u00e9graphies. Il convient de les situer sur des places, des zones pi\u00e9tonnes, des parcs, jardins ou autre zone de loisirs.<\/p><p>\u2013\u00a0<strong>Fontaines uniques<\/strong>: Incorporent des sculptures, des horloges d\u2019eau, des cascades, des num\u00e9ros ou tout autre \u00e9l\u00e9ment artistique \u00e0 mettre en valeur. Ne n\u00e9cessitent pas d\u2019emplacement sp\u00e9cial.<\/p><p>\u2013\u00a0<strong>Fontaines cybern\u00e9tiques<\/strong>: Elles int\u00e8grent la technologie la plus moderne : laser, fum\u00e9e, flammes, feux d\u2019artifice, sc\u00e8nes spectaculaires de lumi\u00e8re et de couleur, de la musique, etc. Il convient de les placer dans des espaces vastes et \u00e9loign\u00e9s de la circulation routi\u00e8re, des parcs d\u2019attractions, des jardins, des for\u00eats urbaines, des centres commerciaux, etc.<\/p><p>\u2013\u00a0<strong>\u00c9cran d\u2019eau num\u00e9rique<\/strong>: Fontaine sp\u00e9ciale qui recr\u00e9e sur un \u00e9cran d\u2019au informatis\u00e9 des images, des lettres, des symboles, etc. Conseill\u00e9 pour des manifestations, foires, expositions, etc.<\/p>\t\t\t\t\t\t\t\t<\/div>\n\t\t\t\t<\/div>\n\t\t\t\t\t<\/div>\n\t\t<\/div>\n\t\t\t\t\t<\/div>\n\t\t<\/article>\n\t\t\t\t<article class=\"elementor-section elementor-top-section elementor-element elementor-element-5326637 v-box box-line no-top-space elementor-section-boxed elementor-section-height-default elementor-section-height-default\" data-id=\"5326637\" data-element_type=\"section\" data-e-type=\"section\">\n\t\t\t\t\t\t<div class=\"elementor-container elementor-column-gap-default\">\n\t\t\t\t\t<div class=\"elementor-column elementor-col-100 elementor-top-column elementor-element elementor-element-8a9e81d md-txt\" data-id=\"8a9e81d\" data-element_type=\"column\" data-e-type=\"column\">\n\t\t\t<div class=\"elementor-widget-wrap elementor-element-populated\">\n\t\t\t\t\t\t<div class=\"elementor-element elementor-element-74ccce9 elementor-widget elementor-widget-heading\" data-id=\"74ccce9\" data-element_type=\"widget\" data-e-type=\"widget\" data-widget_type=\"heading.default\">\n\t\t\t\t<div class=\"elementor-widget-container\">\n\t\t\t\t\t<h3 class=\"elementor-heading-title elementor-size-default\">Bureau Technique Buigas (OTB)<\/h3>\t\t\t\t<\/div>\n\t\t\t\t<\/div>\n\t\t\t\t<div class=\"elementor-element elementor-element-f55ee45 elementor-widget elementor-widget-text-editor\" data-id=\"f55ee45\" data-element_type=\"widget\" data-e-type=\"widget\" data-widget_type=\"text-editor.default\">\n\t\t\t\t<div class=\"elementor-widget-container\">\n\t\t\t\t\t\t\t\t\t<p>En 1996 COMSA Service, dans le cadre de son processus de diversification, int\u00e8gre la marque de qualit\u00e9 et le prestige de la Division OTB (Bureau Technique Buigas), dont la sp\u00e9cialit\u00e9 est le traitement spectaculaire de l\u2019eau, de la lumi\u00e8re et du son.<\/p>\n<p>OTB a \u00e9t\u00e9 fond\u00e9e il y a plus de 75 ans par Carlos Buigas, concepteur de la \u00ab Fontaine Magique de Montjuic \u00bb et r\u00e9alise depuis des fontaines ornementales et des spectacles m\u00ealant eau et lumi\u00e8re dans le monde entier.<\/p>\n<p><a href=\"https:\/\/www.otb.es\/\">https:\/\/www.otb.es\/<\/a><\/p>\n\t\t\t\t\t\t\t\t<\/div>\n\t\t\t\t<\/div>\n\t\t\t\t\t<\/div>\n\t\t<\/div>\n\t\t\t\t\t<\/div>\n\t\t<\/article>\n\t\t\t\t<\/div>\n\t\t","protected":false},"excerpt":{"rendered":"<p>Fontaines et \u00e9clairages d\u2019ornement COMSA Service, par le biais de sa division de Sources d\u2019Ornement, r\u00e9alise la conception, l\u2019ing\u00e9nierie, la mise en \u0153uvre et l\u2019entretien de tout type de fontaines ornementales Depuis les plus simples jusqu\u2019\u00e0 celles qui int\u00e8grent de la lumi\u00e8re, du son et des effets sp\u00e9ciaux, conform\u00e9ment aux crit\u00e8res environnementaux et de rendement [&hellip;]<\/p>\n","protected":false},"author":1,"featured_media":0,"parent":19865,"menu_order":0,"comment_status":"closed","ping_status":"closed","template":"","meta":{"footnotes":""},"class_list":["post-19897","page","type-page","status-publish","hentry"],"yoast_head":"<!-- This site is optimized with the Yoast SEO plugin v26.2 - https:\/\/yoast.com\/wordpress\/plugins\/seo\/ -->\n<title>Fontaines et \u00e9clairages d\u2019ornement - COMSA SERVICE<\/title>\n<meta name=\"description\" content=\"Fontaines et \u00e9clairages d\u2019ornement COMSA Service, par le biais de sa division de Sources d\u2019Ornement, r\u00e9alise la conception, l\u2019ing\u00e9nierie, la mise en \u0153uvre\" \/>\n<meta name=\"robots\" content=\"index, follow, max-snippet:-1, max-image-preview:large, max-video-preview:-1\" \/>\n<link rel=\"canonical\" href=\"https:\/\/comsaservice.com\/fr\/divisions\/fontaines-et-eclairages-dornement\/\" \/>\n<meta property=\"og:locale\" content=\"fr_FR\" \/>\n<meta property=\"og:type\" content=\"article\" \/>\n<meta property=\"og:title\" content=\"Fontaines et \u00e9clairages d\u2019ornement - COMSA SERVICE\" \/>\n<meta property=\"og:description\" content=\"Fontaines et \u00e9clairages d\u2019ornement COMSA Service, par le biais de sa division de Sources d\u2019Ornement, r\u00e9alise la conception, l\u2019ing\u00e9nierie, la mise en \u0153uvre\" \/>\n<meta property=\"og:url\" content=\"https:\/\/comsaservice.com\/fr\/divisions\/fontaines-et-eclairages-dornement\/\" \/>\n<meta property=\"og:site_name\" content=\"COMSA SERVICE\" \/>\n<meta property=\"article:modified_time\" content=\"2023-06-12T10:11:06+00:00\" \/>\n<meta name=\"twitter:card\" content=\"summary_large_image\" \/>\n<meta name=\"twitter:label1\" content=\"Dur\u00e9e de lecture estim\u00e9e\" \/>\n\t<meta name=\"twitter:data1\" content=\"3 minutes\" \/>\n<script type=\"application\/ld+json\" class=\"yoast-schema-graph\">{\"@context\":\"https:\/\/schema.org\",\"@graph\":[{\"@type\":\"WebPage\",\"@id\":\"https:\/\/comsaservice.com\/fr\/divisions\/fontaines-et-eclairages-dornement\/\",\"url\":\"https:\/\/comsaservice.com\/fr\/divisions\/fontaines-et-eclairages-dornement\/\",\"name\":\"Fontaines et \u00e9clairages d\u2019ornement - COMSA SERVICE\",\"isPartOf\":{\"@id\":\"https:\/\/comsaservice.com\/fr\/#website\"},\"datePublished\":\"2023-06-12T10:10:26+00:00\",\"dateModified\":\"2023-06-12T10:11:06+00:00\",\"description\":\"Fontaines et \u00e9clairages d\u2019ornement COMSA Service, par le biais de sa division de Sources d\u2019Ornement, r\u00e9alise la conception, l\u2019ing\u00e9nierie, la mise en \u0153uvre\",\"breadcrumb\":{\"@id\":\"https:\/\/comsaservice.com\/fr\/divisions\/fontaines-et-eclairages-dornement\/#breadcrumb\"},\"inLanguage\":\"fr-FR\",\"potentialAction\":[{\"@type\":\"ReadAction\",\"target\":[\"https:\/\/comsaservice.com\/fr\/divisions\/fontaines-et-eclairages-dornement\/\"]}]},{\"@type\":\"BreadcrumbList\",\"@id\":\"https:\/\/comsaservice.com\/fr\/divisions\/fontaines-et-eclairages-dornement\/#breadcrumb\",\"itemListElement\":[{\"@type\":\"ListItem\",\"position\":1,\"name\":\"Inicio\",\"item\":\"https:\/\/comsaservice.com\/fr\/\"},{\"@type\":\"ListItem\",\"position\":2,\"name\":\"Fontaines et \u00e9clairages d\u2019ornement\"}]},{\"@type\":\"WebSite\",\"@id\":\"https:\/\/comsaservice.com\/fr\/#website\",\"url\":\"https:\/\/comsaservice.com\/fr\/\",\"name\":\"COMSA SERVICE\",\"description\":\"COMSA SERVICE\",\"publisher\":{\"@id\":\"https:\/\/comsaservice.com\/fr\/#organization\"},\"potentialAction\":[{\"@type\":\"SearchAction\",\"target\":{\"@type\":\"EntryPoint\",\"urlTemplate\":\"https:\/\/comsaservice.com\/fr\/?s={search_term_string}\"},\"query-input\":{\"@type\":\"PropertyValueSpecification\",\"valueRequired\":true,\"valueName\":\"search_term_string\"}}],\"inLanguage\":\"fr-FR\"},{\"@type\":\"Organization\",\"@id\":\"https:\/\/comsaservice.com\/fr\/#organization\",\"name\":\"GMF | Gesti\u00f3n de Maquinaria Ferroviaria\",\"url\":\"https:\/\/comsaservice.com\/fr\/\",\"logo\":{\"@type\":\"ImageObject\",\"inLanguage\":\"fr-FR\",\"@id\":\"https:\/\/comsaservice.com\/fr\/#\/schema\/logo\/image\/\",\"url\":\"https:\/\/comsaservice.multisite.comsa.com\/wp-content\/uploads\/sites\/6\/logo-gmf-1.png\",\"contentUrl\":\"https:\/\/comsaservice.multisite.comsa.com\/wp-content\/uploads\/sites\/6\/logo-gmf-1.png\",\"width\":435,\"height\":60,\"caption\":\"GMF | Gesti\u00f3n de Maquinaria Ferroviaria\"},\"image\":{\"@id\":\"https:\/\/comsaservice.com\/fr\/#\/schema\/logo\/image\/\"}}]}<\/script>\n<!-- \/ Yoast SEO plugin. -->","yoast_head_json":{"title":"Fontaines et \u00e9clairages d\u2019ornement - COMSA SERVICE","description":"Fontaines et \u00e9clairages d\u2019ornement COMSA Service, par le biais de sa division de Sources d\u2019Ornement, r\u00e9alise la conception, l\u2019ing\u00e9nierie, la mise en \u0153uvre","robots":{"index":"index","follow":"follow","max-snippet":"max-snippet:-1","max-image-preview":"max-image-preview:large","max-video-preview":"max-video-preview:-1"},"canonical":"https:\/\/comsaservice.com\/fr\/divisions\/fontaines-et-eclairages-dornement\/","og_locale":"fr_FR","og_type":"article","og_title":"Fontaines et \u00e9clairages d\u2019ornement - COMSA SERVICE","og_description":"Fontaines et \u00e9clairages d\u2019ornement COMSA Service, par le biais de sa division de Sources d\u2019Ornement, r\u00e9alise la conception, l\u2019ing\u00e9nierie, la mise en \u0153uvre","og_url":"https:\/\/comsaservice.com\/fr\/divisions\/fontaines-et-eclairages-dornement\/","og_site_name":"COMSA SERVICE","article_modified_time":"2023-06-12T10:11:06+00:00","twitter_card":"summary_large_image","twitter_misc":{"Dur\u00e9e de lecture estim\u00e9e":"3 minutes"},"schema":{"@context":"https:\/\/schema.org","@graph":[{"@type":"WebPage","@id":"https:\/\/comsaservice.com\/fr\/divisions\/fontaines-et-eclairages-dornement\/","url":"https:\/\/comsaservice.com\/fr\/divisions\/fontaines-et-eclairages-dornement\/","name":"Fontaines et \u00e9clairages d\u2019ornement - COMSA SERVICE","isPartOf":{"@id":"https:\/\/comsaservice.com\/fr\/#website"},"datePublished":"2023-06-12T10:10:26+00:00","dateModified":"2023-06-12T10:11:06+00:00","description":"Fontaines et \u00e9clairages d\u2019ornement COMSA Service, par le biais de sa division de Sources d\u2019Ornement, r\u00e9alise la conception, l\u2019ing\u00e9nierie, la mise en \u0153uvre","breadcrumb":{"@id":"https:\/\/comsaservice.com\/fr\/divisions\/fontaines-et-eclairages-dornement\/#breadcrumb"},"inLanguage":"fr-FR","potentialAction":[{"@type":"ReadAction","target":["https:\/\/comsaservice.com\/fr\/divisions\/fontaines-et-eclairages-dornement\/"]}]},{"@type":"BreadcrumbList","@id":"https:\/\/comsaservice.com\/fr\/divisions\/fontaines-et-eclairages-dornement\/#breadcrumb","itemListElement":[{"@type":"ListItem","position":1,"name":"Inicio","item":"https:\/\/comsaservice.com\/fr\/"},{"@type":"ListItem","position":2,"name":"Fontaines et \u00e9clairages d\u2019ornement"}]},{"@type":"WebSite","@id":"https:\/\/comsaservice.com\/fr\/#website","url":"https:\/\/comsaservice.com\/fr\/","name":"COMSA SERVICE","description":"COMSA SERVICE","publisher":{"@id":"https:\/\/comsaservice.com\/fr\/#organization"},"potentialAction":[{"@type":"SearchAction","target":{"@type":"EntryPoint","urlTemplate":"https:\/\/comsaservice.com\/fr\/?s={search_term_string}"},"query-input":{"@type":"PropertyValueSpecification","valueRequired":true,"valueName":"search_term_string"}}],"inLanguage":"fr-FR"},{"@type":"Organization","@id":"https:\/\/comsaservice.com\/fr\/#organization","name":"GMF | Gesti\u00f3n de Maquinaria Ferroviaria","url":"https:\/\/comsaservice.com\/fr\/","logo":{"@type":"ImageObject","inLanguage":"fr-FR","@id":"https:\/\/comsaservice.com\/fr\/#\/schema\/logo\/image\/","url":"https:\/\/comsaservice.multisite.comsa.com\/wp-content\/uploads\/sites\/6\/logo-gmf-1.png","contentUrl":"https:\/\/comsaservice.multisite.comsa.com\/wp-content\/uploads\/sites\/6\/logo-gmf-1.png","width":435,"height":60,"caption":"GMF | Gesti\u00f3n de Maquinaria Ferroviaria"},"image":{"@id":"https:\/\/comsaservice.com\/fr\/#\/schema\/logo\/image\/"}}]}},"_links":{"self":[{"href":"https:\/\/comsaservice.com\/fr\/wp-json\/wp\/v2\/pages\/19897","targetHints":{"allow":["GET"]}}],"collection":[{"href":"https:\/\/comsaservice.com\/fr\/wp-json\/wp\/v2\/pages"}],"about":[{"href":"https:\/\/comsaservice.com\/fr\/wp-json\/wp\/v2\/types\/page"}],"author":[{"embeddable":true,"href":"https:\/\/comsaservice.com\/fr\/wp-json\/wp\/v2\/users\/1"}],"replies":[{"embeddable":true,"href":"https:\/\/comsaservice.com\/fr\/wp-json\/wp\/v2\/comments?post=19897"}],"version-history":[{"count":4,"href":"https:\/\/comsaservice.com\/fr\/wp-json\/wp\/v2\/pages\/19897\/revisions"}],"predecessor-version":[{"id":19901,"href":"https:\/\/comsaservice.com\/fr\/wp-json\/wp\/v2\/pages\/19897\/revisions\/19901"}],"up":[{"embeddable":true,"href":"https:\/\/comsaservice.com\/fr\/wp-json\/wp\/v2\/pages\/19865"}],"wp:attachment":[{"href":"https:\/\/comsaservice.com\/fr\/wp-json\/wp\/v2\/media?parent=19897"}],"curies":[{"name":"wp","href":"https:\/\/api.w.org\/{rel}","templated":true}]}}