{"id":19873,"date":"2023-06-12T10:06:52","date_gmt":"2023-06-12T08:06:52","guid":{"rendered":"https:\/\/comsaservice.com\/enterprise\/"},"modified":"2023-06-12T10:06:53","modified_gmt":"2023-06-12T08:06:53","slug":"enterprise","status":"publish","type":"page","link":"https:\/\/comsaservice.com\/fr\/enterprise\/","title":{"rendered":"Enterprise"},"content":{"rendered":"\t\t<div data-elementor-type=\"wp-page\" data-elementor-id=\"19873\" class=\"elementor elementor-19873 elementor-19098\" data-elementor-post-type=\"page\">\n\t\t\t\t\t\t<section class=\"elementor-section elementor-top-section elementor-element elementor-element-207da79 v-head elementor-section-boxed elementor-section-height-default elementor-section-height-default\" data-id=\"207da79\" data-element_type=\"section\" data-e-type=\"section\">\n\t\t\t\t\t\t<div class=\"elementor-container elementor-column-gap-default\">\n\t\t\t\t\t<div class=\"elementor-column elementor-col-100 elementor-top-column elementor-element elementor-element-2da41a7\" data-id=\"2da41a7\" data-element_type=\"column\" data-e-type=\"column\">\n\t\t\t<div class=\"elementor-widget-wrap elementor-element-populated\">\n\t\t\t\t\t\t<div class=\"elementor-element elementor-element-c50a17c elementor-widget elementor-widget-heading\" data-id=\"c50a17c\" data-element_type=\"widget\" data-e-type=\"widget\" data-widget_type=\"heading.default\">\n\t\t\t\t<div class=\"elementor-widget-container\">\n\t\t\t\t\t<h1 class=\"elementor-heading-title elementor-size-default\">Qui sommes-nous ?<\/h1>\t\t\t\t<\/div>\n\t\t\t\t<\/div>\n\t\t\t\t<div class=\"elementor-element elementor-element-d87650c elementor-widget elementor-widget-heading\" data-id=\"d87650c\" data-element_type=\"widget\" data-e-type=\"widget\" data-widget_type=\"heading.default\">\n\t\t\t\t<div class=\"elementor-widget-container\">\n\t\t\t\t\t<h2 class=\"elementor-heading-title elementor-size-default\">COMSA Service est une entreprise de services multidisciplinaires d\u00e9di\u00e9s \u00e0 l\u2019entretien et \u00e0 l\u2019\u00e9nergie.<\/h2>\t\t\t\t<\/div>\n\t\t\t\t<\/div>\n\t\t\t\t\t<\/div>\n\t\t<\/div>\n\t\t\t\t\t<\/div>\n\t\t<\/section>\n\t\t\t\t<article class=\"elementor-section elementor-top-section elementor-element elementor-element-e199150 v-box box-line no-top-space elementor-section-boxed elementor-section-height-default elementor-section-height-default\" data-id=\"e199150\" data-element_type=\"section\" data-e-type=\"section\">\n\t\t\t\t\t\t<div class=\"elementor-container elementor-column-gap-default\">\n\t\t\t\t\t<div class=\"elementor-column elementor-col-50 elementor-top-column elementor-element elementor-element-caa8051 md-box\" data-id=\"caa8051\" data-element_type=\"column\" data-e-type=\"column\">\n\t\t\t<div class=\"elementor-widget-wrap elementor-element-populated\">\n\t\t\t\t\t\t<div class=\"elementor-element elementor-element-69766d9 md-actislide elementor--h-position-center elementor--v-position-middle elementor-pagination-position-inside elementor-widget elementor-widget-slides\" data-id=\"69766d9\" data-element_type=\"widget\" data-e-type=\"widget\" data-settings=\"{&quot;navigation&quot;:&quot;dots&quot;,&quot;transition&quot;:&quot;fade&quot;,&quot;autoplay&quot;:&quot;yes&quot;,&quot;pause_on_hover&quot;:&quot;yes&quot;,&quot;pause_on_interaction&quot;:&quot;yes&quot;,&quot;autoplay_speed&quot;:5000,&quot;infinite&quot;:&quot;yes&quot;,&quot;transition_speed&quot;:500}\" data-widget_type=\"slides.default\">\n\t\t\t\t<div class=\"elementor-widget-container\">\n\t\t\t\t\t\t\t\t\t<div class=\"elementor-swiper\">\n\t\t\t\t\t<div class=\"elementor-slides-wrapper elementor-main-swiper swiper\" role=\"region\" aria-roledescription=\"carousel\" aria-label=\"Diapositives\" dir=\"ltr\" data-animation=\"\">\n\t\t\t\t<div class=\"swiper-wrapper elementor-slides\">\n\t\t\t\t\t\t\t\t\t\t<div class=\"elementor-repeater-item-9d95680 swiper-slide\" role=\"group\" aria-roledescription=\"slide\"><div class=\"swiper-slide-bg\" role=\"img\" aria-label=\"quienes-somos-400x400\"><\/div><div class=\"swiper-slide-inner\" ><div class=\"swiper-slide-contents\"><\/div><\/div><\/div>\t\t\t\t<\/div>\n\t\t\t\t\t\t\t<\/div>\n\t\t\t\t<\/div>\n\t\t\t\t\t\t\t\t<\/div>\n\t\t\t\t<\/div>\n\t\t\t\t\t<\/div>\n\t\t<\/div>\n\t\t\t\t<div class=\"elementor-column elementor-col-50 elementor-top-column elementor-element elementor-element-336ca8b md-txt\" data-id=\"336ca8b\" data-element_type=\"column\" data-e-type=\"column\">\n\t\t\t<div class=\"elementor-widget-wrap elementor-element-populated\">\n\t\t\t\t\t\t<div class=\"elementor-element elementor-element-9cb4997 elementor-widget elementor-widget-heading\" data-id=\"9cb4997\" data-element_type=\"widget\" data-e-type=\"widget\" data-widget_type=\"heading.default\">\n\t\t\t\t<div class=\"elementor-widget-container\">\n\t\t\t\t\t<h3 class=\"elementor-heading-title elementor-size-default\">COMSA SERVICE<\/h3>\t\t\t\t<\/div>\n\t\t\t\t<\/div>\n\t\t\t\t<div class=\"elementor-element elementor-element-085a236 elementor-widget elementor-widget-text-editor\" data-id=\"085a236\" data-element_type=\"widget\" data-e-type=\"widget\" data-widget_type=\"text-editor.default\">\n\t\t\t\t<div class=\"elementor-widget-container\">\n\t\t\t\t\t\t\t\t\t<p>Fond\u00e9e en 1994 avec une nette <strong>vocation de service<\/strong> et <strong>l\u2019engagement de nous adapter aux exigences et besoins<\/strong> de nos clients. Notre principal actif est form\u00e9 par plus de 1000 professionnels qui composent la soci\u00e9t\u00e9. La confiance de nos clients nous a permis d\u2019\u00e9voluer jusqu\u2019\u00e0 devenir l\u2019une des entreprises de r\u00e9f\u00e9rence en Espagne.<\/p>\n\t\t\t\t\t\t\t\t<\/div>\n\t\t\t\t<\/div>\n\t\t\t\t\t<\/div>\n\t\t<\/div>\n\t\t\t\t\t<\/div>\n\t\t<\/article>\n\t\t\t\t<\/div>\n\t\t","protected":false},"excerpt":{"rendered":"<p>Qui sommes-nous ? COMSA Service est une entreprise de services multidisciplinaires d\u00e9di\u00e9s \u00e0 l\u2019entretien et \u00e0 l\u2019\u00e9nergie. COMSA SERVICE Fond\u00e9e en 1994 avec une nette vocation de service et l\u2019engagement de nous adapter aux exigences et besoins de nos clients. Notre principal actif est form\u00e9 par plus de 1000 professionnels qui composent la soci\u00e9t\u00e9. La [&hellip;]<\/p>\n","protected":false},"author":1,"featured_media":0,"parent":0,"menu_order":0,"comment_status":"closed","ping_status":"closed","template":"","meta":{"footnotes":""},"class_list":["post-19873","page","type-page","status-publish","hentry"],"yoast_head":"<!-- This site is optimized with the Yoast SEO plugin v26.2 - https:\/\/yoast.com\/wordpress\/plugins\/seo\/ -->\n<title>Enterprise - COMSA SERVICE<\/title>\n<meta name=\"description\" content=\"Qui sommes-nous ? COMSA Service est une entreprise de services multidisciplinaires d\u00e9di\u00e9s \u00e0 l\u2019entretien et \u00e0 l\u2019\u00e9nergie. COMSA SERVICE Fond\u00e9e en 1994 avec\" \/>\n<meta name=\"robots\" content=\"index, follow, max-snippet:-1, max-image-preview:large, max-video-preview:-1\" \/>\n<link rel=\"canonical\" href=\"https:\/\/comsaservice.com\/fr\/enterprise\/\" \/>\n<meta property=\"og:locale\" content=\"fr_FR\" \/>\n<meta property=\"og:type\" content=\"article\" \/>\n<meta property=\"og:title\" content=\"Enterprise - COMSA SERVICE\" \/>\n<meta property=\"og:description\" content=\"Qui sommes-nous ? COMSA Service est une entreprise de services multidisciplinaires d\u00e9di\u00e9s \u00e0 l\u2019entretien et \u00e0 l\u2019\u00e9nergie. COMSA SERVICE Fond\u00e9e en 1994 avec\" \/>\n<meta property=\"og:url\" content=\"https:\/\/comsaservice.com\/fr\/enterprise\/\" \/>\n<meta property=\"og:site_name\" content=\"COMSA SERVICE\" \/>\n<meta property=\"article:modified_time\" content=\"2023-06-12T08:06:53+00:00\" \/>\n<meta name=\"twitter:card\" content=\"summary_large_image\" \/>\n<script type=\"application\/ld+json\" class=\"yoast-schema-graph\">{\"@context\":\"https:\/\/schema.org\",\"@graph\":[{\"@type\":\"WebPage\",\"@id\":\"https:\/\/comsaservice.com\/fr\/enterprise\/\",\"url\":\"https:\/\/comsaservice.com\/fr\/enterprise\/\",\"name\":\"Enterprise - COMSA SERVICE\",\"isPartOf\":{\"@id\":\"https:\/\/comsaservice.com\/fr\/#website\"},\"datePublished\":\"2023-06-12T08:06:52+00:00\",\"dateModified\":\"2023-06-12T08:06:53+00:00\",\"description\":\"Qui sommes-nous ? COMSA Service est une entreprise de services multidisciplinaires d\u00e9di\u00e9s \u00e0 l\u2019entretien et \u00e0 l\u2019\u00e9nergie. COMSA SERVICE Fond\u00e9e en 1994 avec\",\"breadcrumb\":{\"@id\":\"https:\/\/comsaservice.com\/fr\/enterprise\/#breadcrumb\"},\"inLanguage\":\"fr-FR\",\"potentialAction\":[{\"@type\":\"ReadAction\",\"target\":[\"https:\/\/comsaservice.com\/fr\/enterprise\/\"]}]},{\"@type\":\"BreadcrumbList\",\"@id\":\"https:\/\/comsaservice.com\/fr\/enterprise\/#breadcrumb\",\"itemListElement\":[{\"@type\":\"ListItem\",\"position\":1,\"name\":\"Inicio\",\"item\":\"https:\/\/comsaservice.com\/fr\/\"},{\"@type\":\"ListItem\",\"position\":2,\"name\":\"Enterprise\"}]},{\"@type\":\"WebSite\",\"@id\":\"https:\/\/comsaservice.com\/fr\/#website\",\"url\":\"https:\/\/comsaservice.com\/fr\/\",\"name\":\"COMSA SERVICE\",\"description\":\"COMSA SERVICE\",\"publisher\":{\"@id\":\"https:\/\/comsaservice.com\/fr\/#organization\"},\"potentialAction\":[{\"@type\":\"SearchAction\",\"target\":{\"@type\":\"EntryPoint\",\"urlTemplate\":\"https:\/\/comsaservice.com\/fr\/?s={search_term_string}\"},\"query-input\":{\"@type\":\"PropertyValueSpecification\",\"valueRequired\":true,\"valueName\":\"search_term_string\"}}],\"inLanguage\":\"fr-FR\"},{\"@type\":\"Organization\",\"@id\":\"https:\/\/comsaservice.com\/fr\/#organization\",\"name\":\"GMF | Gesti\u00f3n de Maquinaria Ferroviaria\",\"url\":\"https:\/\/comsaservice.com\/fr\/\",\"logo\":{\"@type\":\"ImageObject\",\"inLanguage\":\"fr-FR\",\"@id\":\"https:\/\/comsaservice.com\/fr\/#\/schema\/logo\/image\/\",\"url\":\"https:\/\/comsaservice.multisite.comsa.com\/wp-content\/uploads\/sites\/6\/logo-gmf-1.png\",\"contentUrl\":\"https:\/\/comsaservice.multisite.comsa.com\/wp-content\/uploads\/sites\/6\/logo-gmf-1.png\",\"width\":435,\"height\":60,\"caption\":\"GMF | Gesti\u00f3n de Maquinaria Ferroviaria\"},\"image\":{\"@id\":\"https:\/\/comsaservice.com\/fr\/#\/schema\/logo\/image\/\"}}]}<\/script>\n<!-- \/ Yoast SEO plugin. -->","yoast_head_json":{"title":"Enterprise - COMSA SERVICE","description":"Qui sommes-nous ? COMSA Service est une entreprise de services multidisciplinaires d\u00e9di\u00e9s \u00e0 l\u2019entretien et \u00e0 l\u2019\u00e9nergie. COMSA SERVICE Fond\u00e9e en 1994 avec","robots":{"index":"index","follow":"follow","max-snippet":"max-snippet:-1","max-image-preview":"max-image-preview:large","max-video-preview":"max-video-preview:-1"},"canonical":"https:\/\/comsaservice.com\/fr\/enterprise\/","og_locale":"fr_FR","og_type":"article","og_title":"Enterprise - COMSA SERVICE","og_description":"Qui sommes-nous ? COMSA Service est une entreprise de services multidisciplinaires d\u00e9di\u00e9s \u00e0 l\u2019entretien et \u00e0 l\u2019\u00e9nergie. COMSA SERVICE Fond\u00e9e en 1994 avec","og_url":"https:\/\/comsaservice.com\/fr\/enterprise\/","og_site_name":"COMSA SERVICE","article_modified_time":"2023-06-12T08:06:53+00:00","twitter_card":"summary_large_image","schema":{"@context":"https:\/\/schema.org","@graph":[{"@type":"WebPage","@id":"https:\/\/comsaservice.com\/fr\/enterprise\/","url":"https:\/\/comsaservice.com\/fr\/enterprise\/","name":"Enterprise - COMSA SERVICE","isPartOf":{"@id":"https:\/\/comsaservice.com\/fr\/#website"},"datePublished":"2023-06-12T08:06:52+00:00","dateModified":"2023-06-12T08:06:53+00:00","description":"Qui sommes-nous ? COMSA Service est une entreprise de services multidisciplinaires d\u00e9di\u00e9s \u00e0 l\u2019entretien et \u00e0 l\u2019\u00e9nergie. COMSA SERVICE Fond\u00e9e en 1994 avec","breadcrumb":{"@id":"https:\/\/comsaservice.com\/fr\/enterprise\/#breadcrumb"},"inLanguage":"fr-FR","potentialAction":[{"@type":"ReadAction","target":["https:\/\/comsaservice.com\/fr\/enterprise\/"]}]},{"@type":"BreadcrumbList","@id":"https:\/\/comsaservice.com\/fr\/enterprise\/#breadcrumb","itemListElement":[{"@type":"ListItem","position":1,"name":"Inicio","item":"https:\/\/comsaservice.com\/fr\/"},{"@type":"ListItem","position":2,"name":"Enterprise"}]},{"@type":"WebSite","@id":"https:\/\/comsaservice.com\/fr\/#website","url":"https:\/\/comsaservice.com\/fr\/","name":"COMSA SERVICE","description":"COMSA SERVICE","publisher":{"@id":"https:\/\/comsaservice.com\/fr\/#organization"},"potentialAction":[{"@type":"SearchAction","target":{"@type":"EntryPoint","urlTemplate":"https:\/\/comsaservice.com\/fr\/?s={search_term_string}"},"query-input":{"@type":"PropertyValueSpecification","valueRequired":true,"valueName":"search_term_string"}}],"inLanguage":"fr-FR"},{"@type":"Organization","@id":"https:\/\/comsaservice.com\/fr\/#organization","name":"GMF | Gesti\u00f3n de Maquinaria Ferroviaria","url":"https:\/\/comsaservice.com\/fr\/","logo":{"@type":"ImageObject","inLanguage":"fr-FR","@id":"https:\/\/comsaservice.com\/fr\/#\/schema\/logo\/image\/","url":"https:\/\/comsaservice.multisite.comsa.com\/wp-content\/uploads\/sites\/6\/logo-gmf-1.png","contentUrl":"https:\/\/comsaservice.multisite.comsa.com\/wp-content\/uploads\/sites\/6\/logo-gmf-1.png","width":435,"height":60,"caption":"GMF | Gesti\u00f3n de Maquinaria Ferroviaria"},"image":{"@id":"https:\/\/comsaservice.com\/fr\/#\/schema\/logo\/image\/"}}]}},"_links":{"self":[{"href":"https:\/\/comsaservice.com\/fr\/wp-json\/wp\/v2\/pages\/19873","targetHints":{"allow":["GET"]}}],"collection":[{"href":"https:\/\/comsaservice.com\/fr\/wp-json\/wp\/v2\/pages"}],"about":[{"href":"https:\/\/comsaservice.com\/fr\/wp-json\/wp\/v2\/types\/page"}],"author":[{"embeddable":true,"href":"https:\/\/comsaservice.com\/fr\/wp-json\/wp\/v2\/users\/1"}],"replies":[{"embeddable":true,"href":"https:\/\/comsaservice.com\/fr\/wp-json\/wp\/v2\/comments?post=19873"}],"version-history":[{"count":1,"href":"https:\/\/comsaservice.com\/fr\/wp-json\/wp\/v2\/pages\/19873\/revisions"}],"predecessor-version":[{"id":19874,"href":"https:\/\/comsaservice.com\/fr\/wp-json\/wp\/v2\/pages\/19873\/revisions\/19874"}],"wp:attachment":[{"href":"https:\/\/comsaservice.com\/fr\/wp-json\/wp\/v2\/media?parent=19873"}],"curies":[{"name":"wp","href":"https:\/\/api.w.org\/{rel}","templated":true}]}}