{"id":19865,"date":"2023-06-12T09:55:34","date_gmt":"2023-06-12T07:55:34","guid":{"rendered":"https:\/\/comsaservice.com\/divisions\/"},"modified":"2024-06-18T10:04:57","modified_gmt":"2024-06-18T08:04:57","slug":"divisions","status":"publish","type":"page","link":"https:\/\/comsaservice.com\/fr\/divisions\/","title":{"rendered":"Divisions"},"content":{"rendered":"\t\t<div data-elementor-type=\"wp-page\" data-elementor-id=\"19865\" class=\"elementor elementor-19865 elementor-19160\" data-elementor-post-type=\"page\">\n\t\t\t\t\t\t<section class=\"elementor-section elementor-top-section elementor-element elementor-element-207da79 v-head elementor-section-boxed elementor-section-height-default elementor-section-height-default\" data-id=\"207da79\" data-element_type=\"section\" data-e-type=\"section\">\n\t\t\t\t\t\t<div class=\"elementor-container elementor-column-gap-default\">\n\t\t\t\t\t<div class=\"elementor-column elementor-col-100 elementor-top-column elementor-element elementor-element-2da41a7\" data-id=\"2da41a7\" data-element_type=\"column\" data-e-type=\"column\">\n\t\t\t<div class=\"elementor-widget-wrap elementor-element-populated\">\n\t\t\t\t\t\t<div class=\"elementor-element elementor-element-c50a17c elementor-widget elementor-widget-heading\" data-id=\"c50a17c\" data-element_type=\"widget\" data-e-type=\"widget\" data-widget_type=\"heading.default\">\n\t\t\t\t<div class=\"elementor-widget-container\">\n\t\t\t\t\t<h1 class=\"elementor-heading-title elementor-size-default\">Divisions<\/h1>\t\t\t\t<\/div>\n\t\t\t\t<\/div>\n\t\t\t\t\t<\/div>\n\t\t<\/div>\n\t\t\t\t\t<\/div>\n\t\t<\/section>\n\t\t\t\t<article class=\"elementor-section elementor-top-section elementor-element elementor-element-e199150 v-box box-line no-top-space elementor-section-boxed elementor-section-height-default elementor-section-height-default\" data-id=\"e199150\" data-element_type=\"section\" data-e-type=\"section\">\n\t\t\t\t\t\t<div class=\"elementor-container elementor-column-gap-default\">\n\t\t\t\t\t<div class=\"elementor-column elementor-col-50 elementor-top-column elementor-element elementor-element-caa8051 md-box\" data-id=\"caa8051\" data-element_type=\"column\" data-e-type=\"column\">\n\t\t\t<div class=\"elementor-widget-wrap elementor-element-populated\">\n\t\t\t\t\t\t<div class=\"elementor-element elementor-element-69766d9 md-actislide elementor--h-position-center elementor--v-position-middle elementor-pagination-position-inside elementor-widget elementor-widget-slides\" data-id=\"69766d9\" data-element_type=\"widget\" data-e-type=\"widget\" data-settings=\"{&quot;navigation&quot;:&quot;dots&quot;,&quot;transition&quot;:&quot;fade&quot;,&quot;autoplay&quot;:&quot;yes&quot;,&quot;pause_on_hover&quot;:&quot;yes&quot;,&quot;pause_on_interaction&quot;:&quot;yes&quot;,&quot;autoplay_speed&quot;:5000,&quot;infinite&quot;:&quot;yes&quot;,&quot;transition_speed&quot;:500}\" data-widget_type=\"slides.default\">\n\t\t\t\t<div class=\"elementor-widget-container\">\n\t\t\t\t\t\t\t\t\t<div class=\"elementor-swiper\">\n\t\t\t\t\t<div class=\"elementor-slides-wrapper elementor-main-swiper swiper\" role=\"region\" aria-roledescription=\"carousel\" aria-label=\"Diapositives\" dir=\"ltr\" data-animation=\"\">\n\t\t\t\t<div class=\"swiper-wrapper elementor-slides\">\n\t\t\t\t\t\t\t\t\t\t<div class=\"elementor-repeater-item-9d95680 swiper-slide\" role=\"group\" aria-roledescription=\"slide\"><div class=\"swiper-slide-bg\" role=\"img\" aria-label=\"1-400x400\"><\/div><div class=\"swiper-slide-inner\" ><div class=\"swiper-slide-contents\"><\/div><\/div><\/div>\t\t\t\t<\/div>\n\t\t\t\t\t\t\t<\/div>\n\t\t\t\t<\/div>\n\t\t\t\t\t\t\t\t<\/div>\n\t\t\t\t<\/div>\n\t\t\t\t\t<\/div>\n\t\t<\/div>\n\t\t\t\t<div class=\"elementor-column elementor-col-50 elementor-top-column elementor-element elementor-element-336ca8b md-txt\" data-id=\"336ca8b\" data-element_type=\"column\" data-e-type=\"column\">\n\t\t\t<div class=\"elementor-widget-wrap elementor-element-populated\">\n\t\t\t\t\t\t<div class=\"elementor-element elementor-element-085a236 elementor-widget elementor-widget-text-editor\" data-id=\"085a236\" data-element_type=\"widget\" data-e-type=\"widget\" data-widget_type=\"text-editor.default\">\n\t\t\t\t<div class=\"elementor-widget-container\">\n\t\t\t\t\t\t\t\t\t<p><br class=\"Apple-interchange-newline\"><span style=\"color: #000000; font-family: Arial, Helvetica, SansSerif; font-size: 16px; font-style: normal; font-variant-ligatures: normal; font-variant-caps: normal; font-weight: 400; letter-spacing: normal; orphans: 2; text-align: start; text-indent: 0px; text-transform: none; widows: 2; word-spacing: 0px; -webkit-text-stroke-width: 0px; white-space: normal; background-color: #ffffff; text-decoration-thickness: initial; text-decoration-style: initial; text-decoration-color: initial; display: inline !important; float: none;\">COMSA Service favorise un entretien multidisciplinaire dans tout type d\u2019installations, depuis l\u2019accompagnement initial concernant les technologies et mat\u00e9riaux \u00e0 utiliser jusqu\u2019\u00e0 la mise en place et la mise en \u0153uvre des diff\u00e9rentes typologies d\u2019entretien : normatif, pr\u00e9ventif, conductif, pr\u00e9dictif, correctif, modificatif et de remplacement. Son activit\u00e9 est compl\u00e9t\u00e9e par des services de mise en marche d\u2019installations ainsi que par une assistance permanente 24 heures sur 24, 365 jours de l\u2019ann\u00e9e, d\u00e9montrant une grande exp\u00e9rience dans les travaux d\u2019am\u00e9nagement, de r\u00e9forme et\/ou d\u2019am\u00e9lioration. Ces services s\u2019appliquent \u00e0 tout type d\u2019installations : \u00e9lectriques (de haute et basse tension), \u00e9clairage ext\u00e9rieur, m\u00e9caniques, contre les incendies, \u00e9quipements \u00e9lectrom\u00e9dicaux, installations sp\u00e9ciales, exploitation de sites, patrimoine, g\u00e9nie civil et bureaux.<\/span><\/p>\n\t\t\t\t\t\t\t\t<\/div>\n\t\t\t\t<\/div>\n\t\t\t\t\t<\/div>\n\t\t<\/div>\n\t\t\t\t\t<\/div>\n\t\t<\/article>\n\t\t\t\t<\/div>\n\t\t","protected":false},"excerpt":{"rendered":"<p>Divisions COMSA Service favorise un entretien multidisciplinaire dans tout type d\u2019installations, depuis l\u2019accompagnement initial concernant les technologies et mat\u00e9riaux \u00e0 utiliser jusqu\u2019\u00e0 la mise en place et la mise en \u0153uvre des diff\u00e9rentes typologies d\u2019entretien : normatif, pr\u00e9ventif, conductif, pr\u00e9dictif, correctif, modificatif et de remplacement. Son activit\u00e9 est compl\u00e9t\u00e9e par des services de mise en [&hellip;]<\/p>\n","protected":false},"author":1,"featured_media":0,"parent":0,"menu_order":0,"comment_status":"closed","ping_status":"closed","template":"","meta":{"footnotes":""},"class_list":["post-19865","page","type-page","status-publish","hentry"],"yoast_head":"<!-- This site is optimized with the Yoast SEO plugin v26.2 - https:\/\/yoast.com\/wordpress\/plugins\/seo\/ -->\n<title>Divisions - COMSA SERVICE<\/title>\n<meta name=\"description\" content=\"Divisions COMSA Service favorise un entretien multidisciplinaire dans tout type d\u2019installations, depuis l\u2019accompagnement initial concernant les\" \/>\n<meta name=\"robots\" content=\"index, follow, max-snippet:-1, max-image-preview:large, max-video-preview:-1\" \/>\n<link rel=\"canonical\" href=\"https:\/\/comsaservice.com\/fr\/divisions\/\" \/>\n<meta property=\"og:locale\" content=\"fr_FR\" \/>\n<meta property=\"og:type\" content=\"article\" \/>\n<meta property=\"og:title\" content=\"Divisions - COMSA SERVICE\" \/>\n<meta property=\"og:description\" content=\"Divisions COMSA Service favorise un entretien multidisciplinaire dans tout type d\u2019installations, depuis l\u2019accompagnement initial concernant les\" \/>\n<meta property=\"og:url\" content=\"https:\/\/comsaservice.com\/fr\/divisions\/\" \/>\n<meta property=\"og:site_name\" content=\"COMSA SERVICE\" \/>\n<meta property=\"article:modified_time\" content=\"2024-06-18T08:04:57+00:00\" \/>\n<meta name=\"twitter:card\" content=\"summary_large_image\" \/>\n<meta name=\"twitter:label1\" content=\"Dur\u00e9e de lecture estim\u00e9e\" \/>\n\t<meta name=\"twitter:data1\" content=\"1 minute\" \/>\n<script type=\"application\/ld+json\" class=\"yoast-schema-graph\">{\"@context\":\"https:\/\/schema.org\",\"@graph\":[{\"@type\":\"WebPage\",\"@id\":\"https:\/\/comsaservice.com\/fr\/divisions\/\",\"url\":\"https:\/\/comsaservice.com\/fr\/divisions\/\",\"name\":\"Divisions - COMSA SERVICE\",\"isPartOf\":{\"@id\":\"https:\/\/comsaservice.com\/fr\/#website\"},\"datePublished\":\"2023-06-12T07:55:34+00:00\",\"dateModified\":\"2024-06-18T08:04:57+00:00\",\"description\":\"Divisions COMSA Service favorise un entretien multidisciplinaire dans tout type d\u2019installations, depuis l\u2019accompagnement initial concernant les\",\"breadcrumb\":{\"@id\":\"https:\/\/comsaservice.com\/fr\/divisions\/#breadcrumb\"},\"inLanguage\":\"fr-FR\",\"potentialAction\":[{\"@type\":\"ReadAction\",\"target\":[\"https:\/\/comsaservice.com\/fr\/divisions\/\"]}]},{\"@type\":\"BreadcrumbList\",\"@id\":\"https:\/\/comsaservice.com\/fr\/divisions\/#breadcrumb\",\"itemListElement\":[{\"@type\":\"ListItem\",\"position\":1,\"name\":\"Inicio\",\"item\":\"https:\/\/comsaservice.com\/fr\/\"},{\"@type\":\"ListItem\",\"position\":2,\"name\":\"Divisions\"}]},{\"@type\":\"WebSite\",\"@id\":\"https:\/\/comsaservice.com\/fr\/#website\",\"url\":\"https:\/\/comsaservice.com\/fr\/\",\"name\":\"COMSA SERVICE\",\"description\":\"COMSA SERVICE\",\"publisher\":{\"@id\":\"https:\/\/comsaservice.com\/fr\/#organization\"},\"potentialAction\":[{\"@type\":\"SearchAction\",\"target\":{\"@type\":\"EntryPoint\",\"urlTemplate\":\"https:\/\/comsaservice.com\/fr\/?s={search_term_string}\"},\"query-input\":{\"@type\":\"PropertyValueSpecification\",\"valueRequired\":true,\"valueName\":\"search_term_string\"}}],\"inLanguage\":\"fr-FR\"},{\"@type\":\"Organization\",\"@id\":\"https:\/\/comsaservice.com\/fr\/#organization\",\"name\":\"GMF | Gesti\u00f3n de Maquinaria Ferroviaria\",\"url\":\"https:\/\/comsaservice.com\/fr\/\",\"logo\":{\"@type\":\"ImageObject\",\"inLanguage\":\"fr-FR\",\"@id\":\"https:\/\/comsaservice.com\/fr\/#\/schema\/logo\/image\/\",\"url\":\"https:\/\/comsaservice.multisite.comsa.com\/wp-content\/uploads\/sites\/6\/logo-gmf-1.png\",\"contentUrl\":\"https:\/\/comsaservice.multisite.comsa.com\/wp-content\/uploads\/sites\/6\/logo-gmf-1.png\",\"width\":435,\"height\":60,\"caption\":\"GMF | Gesti\u00f3n de Maquinaria Ferroviaria\"},\"image\":{\"@id\":\"https:\/\/comsaservice.com\/fr\/#\/schema\/logo\/image\/\"}}]}<\/script>\n<!-- \/ Yoast SEO plugin. -->","yoast_head_json":{"title":"Divisions - COMSA SERVICE","description":"Divisions COMSA Service favorise un entretien multidisciplinaire dans tout type d\u2019installations, depuis l\u2019accompagnement initial concernant les","robots":{"index":"index","follow":"follow","max-snippet":"max-snippet:-1","max-image-preview":"max-image-preview:large","max-video-preview":"max-video-preview:-1"},"canonical":"https:\/\/comsaservice.com\/fr\/divisions\/","og_locale":"fr_FR","og_type":"article","og_title":"Divisions - COMSA SERVICE","og_description":"Divisions COMSA Service favorise un entretien multidisciplinaire dans tout type d\u2019installations, depuis l\u2019accompagnement initial concernant les","og_url":"https:\/\/comsaservice.com\/fr\/divisions\/","og_site_name":"COMSA SERVICE","article_modified_time":"2024-06-18T08:04:57+00:00","twitter_card":"summary_large_image","twitter_misc":{"Dur\u00e9e de lecture estim\u00e9e":"1 minute"},"schema":{"@context":"https:\/\/schema.org","@graph":[{"@type":"WebPage","@id":"https:\/\/comsaservice.com\/fr\/divisions\/","url":"https:\/\/comsaservice.com\/fr\/divisions\/","name":"Divisions - COMSA SERVICE","isPartOf":{"@id":"https:\/\/comsaservice.com\/fr\/#website"},"datePublished":"2023-06-12T07:55:34+00:00","dateModified":"2024-06-18T08:04:57+00:00","description":"Divisions COMSA Service favorise un entretien multidisciplinaire dans tout type d\u2019installations, depuis l\u2019accompagnement initial concernant les","breadcrumb":{"@id":"https:\/\/comsaservice.com\/fr\/divisions\/#breadcrumb"},"inLanguage":"fr-FR","potentialAction":[{"@type":"ReadAction","target":["https:\/\/comsaservice.com\/fr\/divisions\/"]}]},{"@type":"BreadcrumbList","@id":"https:\/\/comsaservice.com\/fr\/divisions\/#breadcrumb","itemListElement":[{"@type":"ListItem","position":1,"name":"Inicio","item":"https:\/\/comsaservice.com\/fr\/"},{"@type":"ListItem","position":2,"name":"Divisions"}]},{"@type":"WebSite","@id":"https:\/\/comsaservice.com\/fr\/#website","url":"https:\/\/comsaservice.com\/fr\/","name":"COMSA SERVICE","description":"COMSA SERVICE","publisher":{"@id":"https:\/\/comsaservice.com\/fr\/#organization"},"potentialAction":[{"@type":"SearchAction","target":{"@type":"EntryPoint","urlTemplate":"https:\/\/comsaservice.com\/fr\/?s={search_term_string}"},"query-input":{"@type":"PropertyValueSpecification","valueRequired":true,"valueName":"search_term_string"}}],"inLanguage":"fr-FR"},{"@type":"Organization","@id":"https:\/\/comsaservice.com\/fr\/#organization","name":"GMF | Gesti\u00f3n de Maquinaria Ferroviaria","url":"https:\/\/comsaservice.com\/fr\/","logo":{"@type":"ImageObject","inLanguage":"fr-FR","@id":"https:\/\/comsaservice.com\/fr\/#\/schema\/logo\/image\/","url":"https:\/\/comsaservice.multisite.comsa.com\/wp-content\/uploads\/sites\/6\/logo-gmf-1.png","contentUrl":"https:\/\/comsaservice.multisite.comsa.com\/wp-content\/uploads\/sites\/6\/logo-gmf-1.png","width":435,"height":60,"caption":"GMF | Gesti\u00f3n de Maquinaria Ferroviaria"},"image":{"@id":"https:\/\/comsaservice.com\/fr\/#\/schema\/logo\/image\/"}}]}},"_links":{"self":[{"href":"https:\/\/comsaservice.com\/fr\/wp-json\/wp\/v2\/pages\/19865","targetHints":{"allow":["GET"]}}],"collection":[{"href":"https:\/\/comsaservice.com\/fr\/wp-json\/wp\/v2\/pages"}],"about":[{"href":"https:\/\/comsaservice.com\/fr\/wp-json\/wp\/v2\/types\/page"}],"author":[{"embeddable":true,"href":"https:\/\/comsaservice.com\/fr\/wp-json\/wp\/v2\/users\/1"}],"replies":[{"embeddable":true,"href":"https:\/\/comsaservice.com\/fr\/wp-json\/wp\/v2\/comments?post=19865"}],"version-history":[{"count":1,"href":"https:\/\/comsaservice.com\/fr\/wp-json\/wp\/v2\/pages\/19865\/revisions"}],"predecessor-version":[{"id":19866,"href":"https:\/\/comsaservice.com\/fr\/wp-json\/wp\/v2\/pages\/19865\/revisions\/19866"}],"wp:attachment":[{"href":"https:\/\/comsaservice.com\/fr\/wp-json\/wp\/v2\/media?parent=19865"}],"curies":[{"name":"wp","href":"https:\/\/api.w.org\/{rel}","templated":true}]}}