{"id":20217,"date":"2023-06-12T17:11:03","date_gmt":"2023-06-12T15:11:03","guid":{"rendered":"https:\/\/comsaservice.com\/facilities-management\/"},"modified":"2024-06-18T09:55:45","modified_gmt":"2024-06-18T07:55:45","slug":"facilities-management","status":"publish","type":"page","link":"https:\/\/comsaservice.com\/ca\/divisions\/facilities-management\/","title":{"rendered":"Facilities Management"},"content":{"rendered":"\t\t<div data-elementor-type=\"wp-page\" data-elementor-id=\"20217\" class=\"elementor elementor-20217 elementor-20207\" data-elementor-post-type=\"page\">\n\t\t\t\t\t\t<section class=\"elementor-section elementor-top-section elementor-element elementor-element-e31db01 elementor-section-boxed elementor-section-height-default elementor-section-height-default\" data-id=\"e31db01\" data-element_type=\"section\" data-e-type=\"section\">\n\t\t\t\t\t\t<div class=\"elementor-container elementor-column-gap-default\">\n\t\t\t\t\t<div class=\"elementor-column elementor-col-100 elementor-top-column elementor-element elementor-element-40f18e0\" data-id=\"40f18e0\" data-element_type=\"column\" data-e-type=\"column\">\n\t\t\t<div class=\"elementor-widget-wrap elementor-element-populated\">\n\t\t\t\t\t\t<div class=\"elementor-element elementor-element-6ec322e elementor-widget elementor-widget-heading\" data-id=\"6ec322e\" data-element_type=\"widget\" data-e-type=\"widget\" data-widget_type=\"heading.default\">\n\t\t\t\t<div class=\"elementor-widget-container\">\n\t\t\t\t\t<h2 class=\"elementor-heading-title elementor-size-default\">Facilities Management<\/h2>\t\t\t\t<\/div>\n\t\t\t\t<\/div>\n\t\t\t\t\t<\/div>\n\t\t<\/div>\n\t\t\t\t\t<\/div>\n\t\t<\/section>\n\t\t\t\t<article class=\"elementor-section elementor-top-section elementor-element elementor-element-1e9b923b v-box box-line no-top-space elementor-section-boxed elementor-section-height-default elementor-section-height-default\" data-id=\"1e9b923b\" data-element_type=\"section\" data-e-type=\"section\">\n\t\t\t\t\t\t<div class=\"elementor-container elementor-column-gap-default\">\n\t\t\t\t\t<div class=\"elementor-column elementor-col-50 elementor-top-column elementor-element elementor-element-30a0e796 md-txt\" data-id=\"30a0e796\" data-element_type=\"column\" data-e-type=\"column\">\n\t\t\t<div class=\"elementor-widget-wrap elementor-element-populated\">\n\t\t\t\t\t\t<div class=\"elementor-element elementor-element-3b56e45 elementor-widget elementor-widget-image\" data-id=\"3b56e45\" data-element_type=\"widget\" data-e-type=\"widget\" data-widget_type=\"image.default\">\n\t\t\t\t<div class=\"elementor-widget-container\">\n\t\t\t\t\t\t\t\t\t\t\t\t\t\t\t<img fetchpriority=\"high\" decoding=\"async\" width=\"400\" height=\"400\" src=\"https:\/\/comsaservice.com\/wp-content\/uploads\/sites\/6\/Facilities-Management.jpg\" class=\"attachment-large size-large wp-image-20210\" alt=\"\" srcset=\"https:\/\/comsaservice.com\/wp-content\/uploads\/sites\/6\/Facilities-Management.jpg 400w, https:\/\/comsaservice.com\/wp-content\/uploads\/sites\/6\/Facilities-Management-300x300.jpg 300w, https:\/\/comsaservice.com\/wp-content\/uploads\/sites\/6\/Facilities-Management-150x150.jpg 150w\" sizes=\"(max-width: 400px) 100vw, 400px\" \/>\t\t\t\t\t\t\t\t\t\t\t\t\t\t\t<\/div>\n\t\t\t\t<\/div>\n\t\t\t\t\t<\/div>\n\t\t<\/div>\n\t\t\t\t<div class=\"elementor-column elementor-col-50 elementor-top-column elementor-element elementor-element-6b475c63 md-txt\" data-id=\"6b475c63\" data-element_type=\"column\" data-e-type=\"column\">\n\t\t\t<div class=\"elementor-widget-wrap elementor-element-populated\">\n\t\t\t\t\t\t<div class=\"elementor-element elementor-element-ab36cf6 elementor-widget elementor-widget-text-editor\" data-id=\"ab36cf6\" data-element_type=\"widget\" data-e-type=\"widget\" data-widget_type=\"text-editor.default\">\n\t\t\t\t<div class=\"elementor-widget-container\">\n\t\t\t\t\t\t\t\t\t<p><span style=\"font-size: 14.992px;\">La divisi\u00f3 de facility management neix el 1999 com a resposta a la creixent demanda d\u2019externalitzaci\u00f3 dels serveis relacionats amb la gesti\u00f3 i explotaci\u00f3 d\u2019immobles.<\/span><\/p>\n<p><span style=\"font-size: 14.992px;\"> <\/span><\/p>\n<p><span style=\"font-size: 14.992px;\">Aquesta divisi\u00f3 de COMSA Service ofereix serveis especialitzats en la gesti\u00f3 d\u2019explotaci\u00f3 d\u2019immobilitzats. La companyia garanteix l\u2019adequaci\u00f3 permanent dels recursos immobiliaris i l\u2019equip hum\u00e0 de les empreses al menor cost possible, mitjan\u00e7ant la integraci\u00f3 de totes les tasques de gesti\u00f3 i fins i tot participant en la gesti\u00f3 del propi projecte.<\/span><\/p>\n<p><span style=\"font-size: 14.992px;\"> <\/span><\/p>\n<p><span style=\"font-size: 14.992px;\">La seva experi\u00e8ncia abasta diversos tipus d\u2019instal\u00b7lacions: edificis d\u2019oficines, museus, centres culturals i d\u2019exposicions, centres comercials i ind\u00fastria.<\/span><\/p>\n\t\t\t\t\t\t\t\t<\/div>\n\t\t\t\t<\/div>\n\t\t\t\t\t<\/div>\n\t\t<\/div>\n\t\t\t\t\t<\/div>\n\t\t<\/article>\n\t\t\t\t<article class=\"elementor-section elementor-top-section elementor-element elementor-element-bbda60d v-box box-line no-top-space elementor-section-boxed elementor-section-height-default elementor-section-height-default\" data-id=\"bbda60d\" data-element_type=\"section\" data-e-type=\"section\">\n\t\t\t\t\t\t<div class=\"elementor-container elementor-column-gap-default\">\n\t\t\t\t\t<div class=\"elementor-column elementor-col-100 elementor-top-column elementor-element elementor-element-6d31d9dc md-txt\" data-id=\"6d31d9dc\" data-element_type=\"column\" data-e-type=\"column\">\n\t\t\t<div class=\"elementor-widget-wrap elementor-element-populated\">\n\t\t\t\t\t\t<div class=\"elementor-element elementor-element-18745a2a elementor-widget elementor-widget-heading\" data-id=\"18745a2a\" data-element_type=\"widget\" data-e-type=\"widget\" data-widget_type=\"heading.default\">\n\t\t\t\t<div class=\"elementor-widget-container\">\n\t\t\t\t\t<h3 class=\"elementor-heading-title elementor-size-default\">Serveis<\/h3>\t\t\t\t<\/div>\n\t\t\t\t<\/div>\n\t\t\t\t<div class=\"elementor-element elementor-element-d44b275 elementor-widget elementor-widget-text-editor\" data-id=\"d44b275\" data-element_type=\"widget\" data-e-type=\"widget\" data-widget_type=\"text-editor.default\">\n\t\t\t\t<div class=\"elementor-widget-container\">\n\t\t\t\t\t\t\t\t\t<p>\u2013 Consultoria FM.<\/p>\n<p>\u2013 Distribuci\u00f3 i condicionament d\u2019espais.<\/p>\n<p>\u2013 Gesti\u00f3 de necessitats energ\u00e8tiques.<\/p>\n<p>\u2013 Gesti\u00f3 de Manteniment.<\/p>\n<p>\u2013 Gesti\u00f3 de Serveis d\u2019Explotaci\u00f3.<\/p>\n<p>\u2013 Seguretat de persones i b\u00e9ns.<\/p>\n<p>\u2013 Gesti\u00f3 Documental.<\/p>\n\t\t\t\t\t\t\t\t<\/div>\n\t\t\t\t<\/div>\n\t\t\t\t\t<\/div>\n\t\t<\/div>\n\t\t\t\t\t<\/div>\n\t\t<\/article>\n\t\t\t\t<\/div>\n\t\t","protected":false},"excerpt":{"rendered":"<p>Facilities Management La divisi\u00f3 de facility management neix el 1999 com a resposta a la creixent demanda d\u2019externalitzaci\u00f3 dels serveis relacionats amb la gesti\u00f3 i explotaci\u00f3 d\u2019immobles. Aquesta divisi\u00f3 de COMSA Service ofereix serveis especialitzats en la gesti\u00f3 d\u2019explotaci\u00f3 d\u2019immobilitzats. La companyia garanteix l\u2019adequaci\u00f3 permanent dels recursos immobiliaris i l\u2019equip hum\u00e0 de les empreses al [&hellip;]<\/p>\n","protected":false},"author":1,"featured_media":0,"parent":19861,"menu_order":0,"comment_status":"closed","ping_status":"closed","template":"","meta":{"footnotes":""},"class_list":["post-20217","page","type-page","status-publish","hentry"],"yoast_head":"<!-- This site is optimized with the Yoast SEO plugin v26.2 - https:\/\/yoast.com\/wordpress\/plugins\/seo\/ -->\n<title>Facilities Management - COMSA SERVICE<\/title>\n<meta name=\"description\" content=\"Facilities Management La divisi\u00f3 de facility management neix el 1999 com a resposta a la creixent demanda d\u2019externalitzaci\u00f3 dels serveis relacionats amb\" \/>\n<meta name=\"robots\" content=\"index, follow, max-snippet:-1, max-image-preview:large, max-video-preview:-1\" \/>\n<link rel=\"canonical\" href=\"https:\/\/comsaservice.com\/ca\/divisions\/facilities-management\/\" \/>\n<meta property=\"og:locale\" content=\"ca_ES\" \/>\n<meta property=\"og:type\" content=\"article\" \/>\n<meta property=\"og:title\" content=\"Facilities Management - COMSA SERVICE\" \/>\n<meta property=\"og:description\" content=\"Facilities Management La divisi\u00f3 de facility management neix el 1999 com a resposta a la creixent demanda d\u2019externalitzaci\u00f3 dels serveis relacionats amb\" \/>\n<meta property=\"og:url\" content=\"https:\/\/comsaservice.com\/ca\/divisions\/facilities-management\/\" \/>\n<meta property=\"og:site_name\" content=\"COMSA SERVICE\" \/>\n<meta property=\"article:modified_time\" content=\"2024-06-18T07:55:45+00:00\" \/>\n<meta property=\"og:image\" content=\"https:\/\/comsaservice.com\/wp-content\/uploads\/sites\/6\/Facilities-Management.jpg\" \/>\n<meta name=\"twitter:card\" content=\"summary_large_image\" \/>\n<meta name=\"twitter:label1\" content=\"Temps estimat de lectura\" \/>\n\t<meta name=\"twitter:data1\" content=\"1 minut\" \/>\n<script type=\"application\/ld+json\" class=\"yoast-schema-graph\">{\"@context\":\"https:\/\/schema.org\",\"@graph\":[{\"@type\":\"WebPage\",\"@id\":\"https:\/\/comsaservice.com\/ca\/divisions\/facilities-management\/\",\"url\":\"https:\/\/comsaservice.com\/ca\/divisions\/facilities-management\/\",\"name\":\"Facilities Management - COMSA SERVICE\",\"isPartOf\":{\"@id\":\"https:\/\/comsaservice.com\/ca\/#website\"},\"primaryImageOfPage\":{\"@id\":\"https:\/\/comsaservice.com\/ca\/divisions\/facilities-management\/#primaryimage\"},\"image\":{\"@id\":\"https:\/\/comsaservice.com\/ca\/divisions\/facilities-management\/#primaryimage\"},\"thumbnailUrl\":\"https:\/\/comsaservice.com\/wp-content\/uploads\/sites\/6\/Facilities-Management.jpg\",\"datePublished\":\"2023-06-12T15:11:03+00:00\",\"dateModified\":\"2024-06-18T07:55:45+00:00\",\"description\":\"Facilities Management La divisi\u00f3 de facility management neix el 1999 com a resposta a la creixent demanda d\u2019externalitzaci\u00f3 dels serveis relacionats amb\",\"breadcrumb\":{\"@id\":\"https:\/\/comsaservice.com\/ca\/divisions\/facilities-management\/#breadcrumb\"},\"inLanguage\":\"ca\",\"potentialAction\":[{\"@type\":\"ReadAction\",\"target\":[\"https:\/\/comsaservice.com\/ca\/divisions\/facilities-management\/\"]}]},{\"@type\":\"ImageObject\",\"inLanguage\":\"ca\",\"@id\":\"https:\/\/comsaservice.com\/ca\/divisions\/facilities-management\/#primaryimage\",\"url\":\"https:\/\/comsaservice.com\/wp-content\/uploads\/sites\/6\/Facilities-Management.jpg\",\"contentUrl\":\"https:\/\/comsaservice.com\/wp-content\/uploads\/sites\/6\/Facilities-Management.jpg\"},{\"@type\":\"BreadcrumbList\",\"@id\":\"https:\/\/comsaservice.com\/ca\/divisions\/facilities-management\/#breadcrumb\",\"itemListElement\":[{\"@type\":\"ListItem\",\"position\":1,\"name\":\"Inicio\",\"item\":\"https:\/\/comsaservice.com\/ca\/\"},{\"@type\":\"ListItem\",\"position\":2,\"name\":\"Facilities Management\"}]},{\"@type\":\"WebSite\",\"@id\":\"https:\/\/comsaservice.com\/ca\/#website\",\"url\":\"https:\/\/comsaservice.com\/ca\/\",\"name\":\"COMSA SERVICE\",\"description\":\"COMSA SERVICE\",\"publisher\":{\"@id\":\"https:\/\/comsaservice.com\/ca\/#organization\"},\"potentialAction\":[{\"@type\":\"SearchAction\",\"target\":{\"@type\":\"EntryPoint\",\"urlTemplate\":\"https:\/\/comsaservice.com\/ca\/?s={search_term_string}\"},\"query-input\":{\"@type\":\"PropertyValueSpecification\",\"valueRequired\":true,\"valueName\":\"search_term_string\"}}],\"inLanguage\":\"ca\"},{\"@type\":\"Organization\",\"@id\":\"https:\/\/comsaservice.com\/ca\/#organization\",\"name\":\"GMF | Gesti\u00f3n de Maquinaria Ferroviaria\",\"url\":\"https:\/\/comsaservice.com\/ca\/\",\"logo\":{\"@type\":\"ImageObject\",\"inLanguage\":\"ca\",\"@id\":\"https:\/\/comsaservice.com\/ca\/#\/schema\/logo\/image\/\",\"url\":\"https:\/\/comsaservice.multisite.comsa.com\/wp-content\/uploads\/sites\/6\/logo-gmf-1.png\",\"contentUrl\":\"https:\/\/comsaservice.multisite.comsa.com\/wp-content\/uploads\/sites\/6\/logo-gmf-1.png\",\"width\":435,\"height\":60,\"caption\":\"GMF | Gesti\u00f3n de Maquinaria Ferroviaria\"},\"image\":{\"@id\":\"https:\/\/comsaservice.com\/ca\/#\/schema\/logo\/image\/\"}}]}<\/script>\n<!-- \/ Yoast SEO plugin. -->","yoast_head_json":{"title":"Facilities Management - COMSA SERVICE","description":"Facilities Management La divisi\u00f3 de facility management neix el 1999 com a resposta a la creixent demanda d\u2019externalitzaci\u00f3 dels serveis relacionats amb","robots":{"index":"index","follow":"follow","max-snippet":"max-snippet:-1","max-image-preview":"max-image-preview:large","max-video-preview":"max-video-preview:-1"},"canonical":"https:\/\/comsaservice.com\/ca\/divisions\/facilities-management\/","og_locale":"ca_ES","og_type":"article","og_title":"Facilities Management - COMSA SERVICE","og_description":"Facilities Management La divisi\u00f3 de facility management neix el 1999 com a resposta a la creixent demanda d\u2019externalitzaci\u00f3 dels serveis relacionats amb","og_url":"https:\/\/comsaservice.com\/ca\/divisions\/facilities-management\/","og_site_name":"COMSA SERVICE","article_modified_time":"2024-06-18T07:55:45+00:00","og_image":[{"url":"https:\/\/comsaservice.com\/wp-content\/uploads\/sites\/6\/Facilities-Management.jpg","type":"","width":"","height":""}],"twitter_card":"summary_large_image","twitter_misc":{"Temps estimat de lectura":"1 minut"},"schema":{"@context":"https:\/\/schema.org","@graph":[{"@type":"WebPage","@id":"https:\/\/comsaservice.com\/ca\/divisions\/facilities-management\/","url":"https:\/\/comsaservice.com\/ca\/divisions\/facilities-management\/","name":"Facilities Management - COMSA SERVICE","isPartOf":{"@id":"https:\/\/comsaservice.com\/ca\/#website"},"primaryImageOfPage":{"@id":"https:\/\/comsaservice.com\/ca\/divisions\/facilities-management\/#primaryimage"},"image":{"@id":"https:\/\/comsaservice.com\/ca\/divisions\/facilities-management\/#primaryimage"},"thumbnailUrl":"https:\/\/comsaservice.com\/wp-content\/uploads\/sites\/6\/Facilities-Management.jpg","datePublished":"2023-06-12T15:11:03+00:00","dateModified":"2024-06-18T07:55:45+00:00","description":"Facilities Management La divisi\u00f3 de facility management neix el 1999 com a resposta a la creixent demanda d\u2019externalitzaci\u00f3 dels serveis relacionats amb","breadcrumb":{"@id":"https:\/\/comsaservice.com\/ca\/divisions\/facilities-management\/#breadcrumb"},"inLanguage":"ca","potentialAction":[{"@type":"ReadAction","target":["https:\/\/comsaservice.com\/ca\/divisions\/facilities-management\/"]}]},{"@type":"ImageObject","inLanguage":"ca","@id":"https:\/\/comsaservice.com\/ca\/divisions\/facilities-management\/#primaryimage","url":"https:\/\/comsaservice.com\/wp-content\/uploads\/sites\/6\/Facilities-Management.jpg","contentUrl":"https:\/\/comsaservice.com\/wp-content\/uploads\/sites\/6\/Facilities-Management.jpg"},{"@type":"BreadcrumbList","@id":"https:\/\/comsaservice.com\/ca\/divisions\/facilities-management\/#breadcrumb","itemListElement":[{"@type":"ListItem","position":1,"name":"Inicio","item":"https:\/\/comsaservice.com\/ca\/"},{"@type":"ListItem","position":2,"name":"Facilities Management"}]},{"@type":"WebSite","@id":"https:\/\/comsaservice.com\/ca\/#website","url":"https:\/\/comsaservice.com\/ca\/","name":"COMSA SERVICE","description":"COMSA SERVICE","publisher":{"@id":"https:\/\/comsaservice.com\/ca\/#organization"},"potentialAction":[{"@type":"SearchAction","target":{"@type":"EntryPoint","urlTemplate":"https:\/\/comsaservice.com\/ca\/?s={search_term_string}"},"query-input":{"@type":"PropertyValueSpecification","valueRequired":true,"valueName":"search_term_string"}}],"inLanguage":"ca"},{"@type":"Organization","@id":"https:\/\/comsaservice.com\/ca\/#organization","name":"GMF | Gesti\u00f3n de Maquinaria Ferroviaria","url":"https:\/\/comsaservice.com\/ca\/","logo":{"@type":"ImageObject","inLanguage":"ca","@id":"https:\/\/comsaservice.com\/ca\/#\/schema\/logo\/image\/","url":"https:\/\/comsaservice.multisite.comsa.com\/wp-content\/uploads\/sites\/6\/logo-gmf-1.png","contentUrl":"https:\/\/comsaservice.multisite.comsa.com\/wp-content\/uploads\/sites\/6\/logo-gmf-1.png","width":435,"height":60,"caption":"GMF | Gesti\u00f3n de Maquinaria Ferroviaria"},"image":{"@id":"https:\/\/comsaservice.com\/ca\/#\/schema\/logo\/image\/"}}]}},"_links":{"self":[{"href":"https:\/\/comsaservice.com\/ca\/wp-json\/wp\/v2\/pages\/20217","targetHints":{"allow":["GET"]}}],"collection":[{"href":"https:\/\/comsaservice.com\/ca\/wp-json\/wp\/v2\/pages"}],"about":[{"href":"https:\/\/comsaservice.com\/ca\/wp-json\/wp\/v2\/types\/page"}],"author":[{"embeddable":true,"href":"https:\/\/comsaservice.com\/ca\/wp-json\/wp\/v2\/users\/1"}],"replies":[{"embeddable":true,"href":"https:\/\/comsaservice.com\/ca\/wp-json\/wp\/v2\/comments?post=20217"}],"version-history":[{"count":2,"href":"https:\/\/comsaservice.com\/ca\/wp-json\/wp\/v2\/pages\/20217\/revisions"}],"predecessor-version":[{"id":20662,"href":"https:\/\/comsaservice.com\/ca\/wp-json\/wp\/v2\/pages\/20217\/revisions\/20662"}],"up":[{"embeddable":true,"href":"https:\/\/comsaservice.com\/ca\/wp-json\/wp\/v2\/pages\/19861"}],"wp:attachment":[{"href":"https:\/\/comsaservice.com\/ca\/wp-json\/wp\/v2\/media?parent=20217"}],"curies":[{"name":"wp","href":"https:\/\/api.w.org\/{rel}","templated":true}]}}