{"id":20063,"date":"2023-06-12T14:42:16","date_gmt":"2023-06-12T12:42:16","guid":{"rendered":"https:\/\/comsaservice.com\/inicio\/"},"modified":"2023-06-12T15:46:30","modified_gmt":"2023-06-12T13:46:30","slug":"inicio","status":"publish","type":"page","link":"https:\/\/comsaservice.com\/ca\/","title":{"rendered":"Inicio"},"content":{"rendered":"\t\t<div data-elementor-type=\"wp-page\" data-elementor-id=\"20063\" class=\"elementor elementor-20063 elementor-15747\" data-elementor-post-type=\"page\">\n\t\t\t\t\t\t<section class=\"elementor-section elementor-top-section elementor-element elementor-element-bf961d7 elementor-section-boxed elementor-section-height-default elementor-section-height-default\" data-id=\"bf961d7\" data-element_type=\"section\" data-e-type=\"section\">\n\t\t\t\t\t\t<div class=\"elementor-container elementor-column-gap-no\">\n\t\t\t\t\t<div class=\"elementor-column elementor-col-100 elementor-top-column elementor-element elementor-element-7211e82\" data-id=\"7211e82\" data-element_type=\"column\" data-e-type=\"column\">\n\t\t\t<div class=\"elementor-widget-wrap elementor-element-populated\">\n\t\t\t\t\t\t<div class=\"elementor-element elementor-element-602f76a v-hiperbutton-inici elementor-view-default elementor-widget elementor-widget-icon\" data-id=\"602f76a\" data-element_type=\"widget\" data-e-type=\"widget\" data-widget_type=\"icon.default\">\n\t\t\t\t<div class=\"elementor-widget-container\">\n\t\t\t\t\t\t\t<div class=\"elementor-icon-wrapper\">\n\t\t\t<a class=\"elementor-icon\" href=\"#inicio\">\n\t\t\t<i aria-hidden=\"true\" class=\"fas fa-chevron-down\"><\/i>\t\t\t<\/a>\n\t\t<\/div>\n\t\t\t\t\t\t<\/div>\n\t\t\t\t<\/div>\n\t\t\t\t\t<\/div>\n\t\t<\/div>\n\t\t\t\t\t<\/div>\n\t\t<\/section>\n\t\t\t\t<section class=\"elementor-section elementor-top-section elementor-element elementor-element-c90abe9 max-width v-head elementor-section-boxed elementor-section-height-default elementor-section-height-default\" data-id=\"c90abe9\" data-element_type=\"section\" data-e-type=\"section\">\n\t\t\t\t\t\t<div class=\"elementor-container elementor-column-gap-default\">\n\t\t\t\t\t<div class=\"elementor-column elementor-col-100 elementor-top-column elementor-element elementor-element-41e4acd\" data-id=\"41e4acd\" data-element_type=\"column\" data-e-type=\"column\">\n\t\t\t<div class=\"elementor-widget-wrap elementor-element-populated\">\n\t\t\t\t\t\t<div class=\"elementor-element elementor-element-b16cdc1 elementor-widget elementor-widget-heading\" data-id=\"b16cdc1\" data-element_type=\"widget\" data-e-type=\"widget\" id=\"inicio\" data-widget_type=\"heading.default\">\n\t\t\t\t<div class=\"elementor-widget-container\">\n\t\t\t\t\t<h1 class=\"elementor-heading-title elementor-size-default\">COMSA Service<\/h1>\t\t\t\t<\/div>\n\t\t\t\t<\/div>\n\t\t\t\t\t<\/div>\n\t\t<\/div>\n\t\t\t\t\t<\/div>\n\t\t<\/section>\n\t\t\t\t<article class=\"elementor-section elementor-top-section elementor-element elementor-element-7446f62 md-box-col box-col-line max-width no-top-space elementor-section-boxed elementor-section-height-default elementor-section-height-default\" data-id=\"7446f62\" data-element_type=\"section\" data-e-type=\"section\">\n\t\t\t\t\t\t<div class=\"elementor-container elementor-column-gap-wider\">\n\t\t\t\t\t<div class=\"elementor-column elementor-col-100 elementor-top-column elementor-element elementor-element-3d572c6\" data-id=\"3d572c6\" data-element_type=\"column\" data-e-type=\"column\">\n\t\t\t<div class=\"elementor-widget-wrap elementor-element-populated\">\n\t\t\t\t\t\t<div class=\"elementor-element elementor-element-b1d0432 elementor-widget elementor-widget-text-editor\" data-id=\"b1d0432\" data-element_type=\"widget\" data-e-type=\"widget\" data-widget_type=\"text-editor.default\">\n\t\t\t\t<div class=\"elementor-widget-container\">\n\t\t\t\t\t\t\t\t\t<h4 class=\"elementor-heading-title elementor-size-default elementor-inline-editing pen\" contenteditable=\"true\" data-elementor-setting-key=\"title\" data-pen-placeholder=\"Teclea aqu\u00ed...\">COMSA Service presta serveis de manteniment amb l&#8217;objectiu d&#8217;aconseguir instal\u00b7lacions segures, fiables i eficients per tal de garantir-ne l&#8217;\u00f2ptim funcionament i allargar-ne la vida \u00fatil.<\/h4>\n\t\t\t\t\t\t\t\t<\/div>\n\t\t\t\t<\/div>\n\t\t\t\t\t<\/div>\n\t\t<\/div>\n\t\t\t\t\t<\/div>\n\t\t<\/article>\n\t\t\t\t<section class=\"elementor-section elementor-top-section elementor-element elementor-element-ad6c8d6 section-head-boxicon-center max-width elementor-section-boxed elementor-section-height-default elementor-section-height-default\" data-id=\"ad6c8d6\" data-element_type=\"section\" data-e-type=\"section\">\n\t\t\t\t\t\t<div class=\"elementor-container elementor-column-gap-default\">\n\t\t\t\t\t<div class=\"elementor-column elementor-col-100 elementor-top-column elementor-element elementor-element-83541a4\" data-id=\"83541a4\" data-element_type=\"column\" data-e-type=\"column\">\n\t\t\t<div class=\"elementor-widget-wrap elementor-element-populated\">\n\t\t\t\t\t\t<div class=\"elementor-element elementor-element-1e79e35 v-h1 elementor-widget elementor-widget-heading\" data-id=\"1e79e35\" data-element_type=\"widget\" data-e-type=\"widget\" data-widget_type=\"heading.default\">\n\t\t\t\t<div class=\"elementor-widget-container\">\n\t\t\t\t\t<h3 class=\"elementor-heading-title elementor-size-default\">Serveis de qualitat<\/h3>\t\t\t\t<\/div>\n\t\t\t\t<\/div>\n\t\t\t\t\t<\/div>\n\t\t<\/div>\n\t\t\t\t\t<\/div>\n\t\t<\/section>\n\t\t\t\t<section class=\"elementor-section elementor-top-section elementor-element elementor-element-80b6d59 v-grid-2 m-bottom-space elementor-section-boxed elementor-section-height-default elementor-section-height-default\" data-id=\"80b6d59\" data-element_type=\"section\" data-e-type=\"section\">\n\t\t\t\t\t\t<div class=\"elementor-container elementor-column-gap-wide\">\n\t\t\t\t\t<div class=\"elementor-column elementor-col-100 elementor-top-column elementor-element elementor-element-c869f83\" data-id=\"c869f83\" data-element_type=\"column\" data-e-type=\"column\">\n\t\t\t<div class=\"elementor-widget-wrap elementor-element-populated\">\n\t\t\t\t\t\t<div class=\"elementor-element elementor-element-f8d45de v-callaction md-boxshadow elementor-cta--layout-image-above elementor-cta--skin-classic elementor-animated-content elementor-widget elementor-widget-call-to-action\" data-id=\"f8d45de\" data-element_type=\"widget\" data-e-type=\"widget\" data-widget_type=\"call-to-action.default\">\n\t\t\t\t<div class=\"elementor-widget-container\">\n\t\t\t\t\t\t\t<div class=\"elementor-cta\">\n\t\t\t\t\t<div class=\"elementor-cta__bg-wrapper\">\n\t\t\t\t<div class=\"elementor-cta__bg elementor-bg\" style=\"background-image: url(https:\/\/comsaservice.com\/wp-content\/uploads\/sites\/6\/1-400x400-1.jpg);\" role=\"img\" aria-label=\"1-400x400\"><\/div>\n\t\t\t\t<div class=\"elementor-cta__bg-overlay\"><\/div>\n\t\t\t<\/div>\n\t\t\t\t\t\t\t<div class=\"elementor-cta__content\">\n\t\t\t\t\n\t\t\t\t\t\t\t\t\t<h2 class=\"elementor-cta__title elementor-cta__content-item elementor-content-item\">\n\t\t\t\t\t\tServeis\t\t\t\t\t<\/h2>\n\t\t\t\t\n\t\t\t\t\n\t\t\t\t\t\t\t\t\t<div class=\"elementor-cta__button-wrapper elementor-cta__content-item elementor-content-item \">\n\t\t\t\t\t<a class=\"elementor-cta__button elementor-button elementor-size-md\">\n\t\t\t\t\t\t \t\t\t\t\t<\/a>\n\t\t\t\t\t<\/div>\n\t\t\t\t\t\t\t<\/div>\n\t\t\t\t\t\t<\/div>\n\t\t\t\t\t\t<\/div>\n\t\t\t\t<\/div>\n\t\t\t\t<div class=\"elementor-element elementor-element-48b590a v-callaction md-boxshadow elementor-cta--layout-image-above elementor-cta--skin-classic elementor-animated-content elementor-widget elementor-widget-call-to-action\" data-id=\"48b590a\" data-element_type=\"widget\" data-e-type=\"widget\" data-widget_type=\"call-to-action.default\">\n\t\t\t\t<div class=\"elementor-widget-container\">\n\t\t\t\t\t\t\t<div class=\"elementor-cta\">\n\t\t\t\t\t<div class=\"elementor-cta__bg-wrapper\">\n\t\t\t\t<div class=\"elementor-cta__bg elementor-bg\" style=\"background-image: url(https:\/\/comsaservice.com\/wp-content\/uploads\/sites\/6\/proyecto-torre-barcelona-400x300-1.jpg);\" role=\"img\" aria-label=\"proyecto-torre-barcelona-400x300\"><\/div>\n\t\t\t\t<div class=\"elementor-cta__bg-overlay\"><\/div>\n\t\t\t<\/div>\n\t\t\t\t\t\t\t<div class=\"elementor-cta__content\">\n\t\t\t\t\n\t\t\t\t\t\t\t\t\t<h2 class=\"elementor-cta__title elementor-cta__content-item elementor-content-item\">\n\t\t\t\t\t\tProjectes\t\t\t\t\t<\/h2>\n\t\t\t\t\n\t\t\t\t\n\t\t\t\t\t\t\t\t\t<div class=\"elementor-cta__button-wrapper elementor-cta__content-item elementor-content-item \">\n\t\t\t\t\t<a class=\"elementor-cta__button elementor-button elementor-size-md\">\n\t\t\t\t\t\t \t\t\t\t\t<\/a>\n\t\t\t\t\t<\/div>\n\t\t\t\t\t\t\t<\/div>\n\t\t\t\t\t\t<\/div>\n\t\t\t\t\t\t<\/div>\n\t\t\t\t<\/div>\n\t\t\t\t\t<\/div>\n\t\t<\/div>\n\t\t\t\t\t<\/div>\n\t\t<\/section>\n\t\t\t\t<section class=\"elementor-section elementor-top-section elementor-element elementor-element-69048f4 section-head-boxicon-center max-width elementor-section-boxed elementor-section-height-default elementor-section-height-default\" data-id=\"69048f4\" data-element_type=\"section\" data-e-type=\"section\">\n\t\t\t\t\t\t<div class=\"elementor-container elementor-column-gap-default\">\n\t\t\t\t\t<div class=\"elementor-column elementor-col-100 elementor-top-column elementor-element elementor-element-5ff1b1b\" data-id=\"5ff1b1b\" data-element_type=\"column\" data-e-type=\"column\">\n\t\t\t<div class=\"elementor-widget-wrap elementor-element-populated\">\n\t\t\t\t\t\t<div class=\"elementor-element elementor-element-cfbd303 v-h1 elementor-widget elementor-widget-heading\" data-id=\"cfbd303\" data-element_type=\"widget\" data-e-type=\"widget\" data-widget_type=\"heading.default\">\n\t\t\t\t<div class=\"elementor-widget-container\">\n\t\t\t\t\t<h3 class=\"elementor-heading-title elementor-size-default\">NOT\u00cdCIES COMSA SERVICE<\/h3>\t\t\t\t<\/div>\n\t\t\t\t<\/div>\n\t\t\t\t<div class=\"elementor-element elementor-element-957ec9a v-txt-destacat elementor-widget elementor-widget-heading\" data-id=\"957ec9a\" data-element_type=\"widget\" data-e-type=\"widget\" data-widget_type=\"heading.default\">\n\t\t\t\t<div class=\"elementor-widget-container\">\n\t\t\t\t\t<h4 class=\"elementor-heading-title elementor-size-default\">\u00daltimes novetats de COMSA service<\/h4>\t\t\t\t<\/div>\n\t\t\t\t<\/div>\n\t\t\t\t\t<\/div>\n\t\t<\/div>\n\t\t\t\t\t<\/div>\n\t\t<\/section>\n\t\t\t\t<section class=\"elementor-section elementor-top-section elementor-element elementor-element-a036469 md-box-news m-bottom-space elementor-section-boxed elementor-section-height-default elementor-section-height-default\" data-id=\"a036469\" data-element_type=\"section\" data-e-type=\"section\">\n\t\t\t\t\t\t<div class=\"elementor-container elementor-column-gap-wide\">\n\t\t\t\t\t<div class=\"elementor-column elementor-col-100 elementor-top-column elementor-element elementor-element-f5edede\" data-id=\"f5edede\" data-element_type=\"column\" data-e-type=\"column\">\n\t\t\t<div class=\"elementor-widget-wrap elementor-element-populated\">\n\t\t\t\t\t\t<div class=\"elementor-element elementor-element-0615955 elementor-grid-4 elementor-posts__hover-none v-posts elementor-grid-tablet-2 elementor-grid-mobile-1 elementor-posts--thumbnail-top elementor-widget elementor-widget-posts\" data-id=\"0615955\" data-element_type=\"widget\" data-e-type=\"widget\" data-settings=\"{&quot;cards_columns&quot;:&quot;4&quot;,&quot;cards_columns_tablet&quot;:&quot;2&quot;,&quot;cards_columns_mobile&quot;:&quot;1&quot;,&quot;cards_row_gap&quot;:{&quot;unit&quot;:&quot;px&quot;,&quot;size&quot;:35,&quot;sizes&quot;:[]},&quot;cards_row_gap_tablet&quot;:{&quot;unit&quot;:&quot;px&quot;,&quot;size&quot;:&quot;&quot;,&quot;sizes&quot;:[]},&quot;cards_row_gap_mobile&quot;:{&quot;unit&quot;:&quot;px&quot;,&quot;size&quot;:&quot;&quot;,&quot;sizes&quot;:[]}}\" data-widget_type=\"posts.cards\">\n\t\t\t\t<div class=\"elementor-widget-container\">\n\t\t\t\t\t\t\t<div class=\"elementor-posts-container elementor-posts elementor-posts--skin-cards elementor-grid\" role=\"list\">\n\t\t\t\t<article class=\"elementor-post elementor-grid-item post-20117 post type-post status-publish format-standard has-post-thumbnail hentry category-noticias-ca\" role=\"listitem\">\n\t\t\t<div class=\"elementor-post__card\">\n\t\t\t\t<a class=\"elementor-post__thumbnail__link\" href=\"https:\/\/comsaservice.com\/ca\/noticias-ca\/manteniment-de-la-fira-de-barcelona-recinte-gran-via-lhospitalet-de-llobregat-barcelona\/\" tabindex=\"-1\" ><div class=\"elementor-post__thumbnail\"><img fetchpriority=\"high\" decoding=\"async\" width=\"400\" height=\"300\" src=\"https:\/\/comsaservice.com\/wp-content\/uploads\/sites\/6\/proyecto-gran-via-hospitalet-400x300-1.jpg\" class=\"attachment-medium_large size-medium_large wp-image-19791\" alt=\"\" srcset=\"https:\/\/comsaservice.com\/wp-content\/uploads\/sites\/6\/proyecto-gran-via-hospitalet-400x300-1.jpg 400w, https:\/\/comsaservice.com\/wp-content\/uploads\/sites\/6\/proyecto-gran-via-hospitalet-400x300-1-300x225.jpg 300w\" sizes=\"(max-width: 400px) 100vw, 400px\" \/><\/div><\/a>\n\t\t\t\t<div class=\"elementor-post__text\">\n\t\t\t\t<h4 class=\"elementor-post__title\">\n\t\t\t<a href=\"https:\/\/comsaservice.com\/ca\/noticias-ca\/manteniment-de-la-fira-de-barcelona-recinte-gran-via-lhospitalet-de-llobregat-barcelona\/\" >\n\t\t\t\tManteniment de la Fira de Barcelona. Recinte Gran Via . L\u2019Hospitalet de Llobregat. Barcelona\t\t\t<\/a>\n\t\t<\/h4>\n\t\t\t\t<div class=\"elementor-post__excerpt\">\n\t\t\t\t\t<\/div>\n\t\t\t\t<\/div>\n\t\t\t\t<div class=\"elementor-post__meta-data\">\n\t\t\t\t\t<span class=\"elementor-post-date\">\n\t\t\t12\/06\/2023\t\t<\/span>\n\t\t\t\t<\/div>\n\t\t\t\t\t<\/div>\n\t\t<\/article>\n\t\t\t\t<article class=\"elementor-post elementor-grid-item post-20114 post type-post status-publish format-standard has-post-thumbnail hentry category-noticias-ca\" role=\"listitem\">\n\t\t\t<div class=\"elementor-post__card\">\n\t\t\t\t<a class=\"elementor-post__thumbnail__link\" href=\"https:\/\/comsaservice.com\/ca\/noticias-ca\/manteniment-multitecnic-a-ledifici-torre-espacio-madrid\/\" tabindex=\"-1\" ><div class=\"elementor-post__thumbnail\"><img decoding=\"async\" width=\"400\" height=\"300\" src=\"https:\/\/comsaservice.com\/wp-content\/uploads\/sites\/6\/proyecto-torre-espacio-400x300-1.jpg\" class=\"attachment-medium_large size-medium_large wp-image-19797\" alt=\"\" srcset=\"https:\/\/comsaservice.com\/wp-content\/uploads\/sites\/6\/proyecto-torre-espacio-400x300-1.jpg 400w, https:\/\/comsaservice.com\/wp-content\/uploads\/sites\/6\/proyecto-torre-espacio-400x300-1-300x225.jpg 300w\" sizes=\"(max-width: 400px) 100vw, 400px\" \/><\/div><\/a>\n\t\t\t\t<div class=\"elementor-post__text\">\n\t\t\t\t<h4 class=\"elementor-post__title\">\n\t\t\t<a href=\"https:\/\/comsaservice.com\/ca\/noticias-ca\/manteniment-multitecnic-a-ledifici-torre-espacio-madrid\/\" >\n\t\t\t\tManteniment multit\u00e8cnic a l&#8217;edifici Torre Espacio. Madrid\t\t\t<\/a>\n\t\t<\/h4>\n\t\t\t\t<div class=\"elementor-post__excerpt\">\n\t\t\t\t\t<\/div>\n\t\t\t\t<\/div>\n\t\t\t\t<div class=\"elementor-post__meta-data\">\n\t\t\t\t\t<span class=\"elementor-post-date\">\n\t\t\t12\/06\/2023\t\t<\/span>\n\t\t\t\t<\/div>\n\t\t\t\t\t<\/div>\n\t\t<\/article>\n\t\t\t\t<article class=\"elementor-post elementor-grid-item post-20113 post type-post status-publish format-standard has-post-thumbnail hentry category-noticias-ca\" role=\"listitem\">\n\t\t\t<div class=\"elementor-post__card\">\n\t\t\t\t<a class=\"elementor-post__thumbnail__link\" href=\"https:\/\/comsaservice.com\/ca\/noticias-ca\/manteniment-i-facilities-management-al-car-centre-dalt-rendiment-esportiu-sant-cugat-barcelona\/\" tabindex=\"-1\" ><div class=\"elementor-post__thumbnail\"><img decoding=\"async\" width=\"400\" height=\"300\" src=\"https:\/\/comsaservice.com\/wp-content\/uploads\/sites\/6\/proyecto-car-400x300-1.jpg\" class=\"attachment-medium_large size-medium_large wp-image-19799\" alt=\"\" srcset=\"https:\/\/comsaservice.com\/wp-content\/uploads\/sites\/6\/proyecto-car-400x300-1.jpg 400w, https:\/\/comsaservice.com\/wp-content\/uploads\/sites\/6\/proyecto-car-400x300-1-300x225.jpg 300w\" sizes=\"(max-width: 400px) 100vw, 400px\" \/><\/div><\/a>\n\t\t\t\t<div class=\"elementor-post__text\">\n\t\t\t\t<h4 class=\"elementor-post__title\">\n\t\t\t<a href=\"https:\/\/comsaservice.com\/ca\/noticias-ca\/manteniment-i-facilities-management-al-car-centre-dalt-rendiment-esportiu-sant-cugat-barcelona\/\" >\n\t\t\t\tManteniment i facilities management al CAR \u2013 Centre d&#8217;Alt Rendiment Esportiu. Sant Cugat. Barcelona.\t\t\t<\/a>\n\t\t<\/h4>\n\t\t\t\t<div class=\"elementor-post__excerpt\">\n\t\t\t\t\t<\/div>\n\t\t\t\t<\/div>\n\t\t\t\t<div class=\"elementor-post__meta-data\">\n\t\t\t\t\t<span class=\"elementor-post-date\">\n\t\t\t12\/06\/2023\t\t<\/span>\n\t\t\t\t<\/div>\n\t\t\t\t\t<\/div>\n\t\t<\/article>\n\t\t\t\t<article class=\"elementor-post elementor-grid-item post-20110 post type-post status-publish format-standard has-post-thumbnail hentry category-noticias-ca\" role=\"listitem\">\n\t\t\t<div class=\"elementor-post__card\">\n\t\t\t\t<a class=\"elementor-post__thumbnail__link\" href=\"https:\/\/comsaservice.com\/ca\/noticias-ca\/manteniment-del-centre-comercial-muelle-uno-del-port-de-malaga\/\" tabindex=\"-1\" ><div class=\"elementor-post__thumbnail\"><img loading=\"lazy\" decoding=\"async\" width=\"400\" height=\"300\" src=\"https:\/\/comsaservice.com\/wp-content\/uploads\/sites\/6\/proyecto-muelle-uno-400x300-1.jpg\" class=\"attachment-medium_large size-medium_large wp-image-19805\" alt=\"\" srcset=\"https:\/\/comsaservice.com\/wp-content\/uploads\/sites\/6\/proyecto-muelle-uno-400x300-1.jpg 400w, https:\/\/comsaservice.com\/wp-content\/uploads\/sites\/6\/proyecto-muelle-uno-400x300-1-300x225.jpg 300w\" sizes=\"(max-width: 400px) 100vw, 400px\" \/><\/div><\/a>\n\t\t\t\t<div class=\"elementor-post__text\">\n\t\t\t\t<h4 class=\"elementor-post__title\">\n\t\t\t<a href=\"https:\/\/comsaservice.com\/ca\/noticias-ca\/manteniment-del-centre-comercial-muelle-uno-del-port-de-malaga\/\" >\n\t\t\t\tManteniment del centre comercial Muelle Uno del port de M\u00e0laga.\t\t\t<\/a>\n\t\t<\/h4>\n\t\t\t\t<div class=\"elementor-post__excerpt\">\n\t\t\t\t\t<\/div>\n\t\t\t\t<\/div>\n\t\t\t\t<div class=\"elementor-post__meta-data\">\n\t\t\t\t\t<span class=\"elementor-post-date\">\n\t\t\t12\/06\/2023\t\t<\/span>\n\t\t\t\t<\/div>\n\t\t\t\t\t<\/div>\n\t\t<\/article>\n\t\t\t\t<\/div>\n\t\t\n\t\t\t\t\t\t<\/div>\n\t\t\t\t<\/div>\n\t\t\t\t\t<\/div>\n\t\t<\/div>\n\t\t\t\t\t<\/div>\n\t\t<\/section>\n\t\t\t\t<\/div>\n\t\t","protected":false},"excerpt":{"rendered":"<p>COMSA Service COMSA Service presta serveis de manteniment amb l&#8217;objectiu d&#8217;aconseguir instal\u00b7lacions segures, fiables i eficients per tal de garantir-ne l&#8217;\u00f2ptim funcionament i allargar-ne la vida \u00fatil. Serveis de qualitat Serveis Projectes NOT\u00cdCIES COMSA SERVICE \u00daltimes novetats de COMSA service<\/p>\n","protected":false},"author":1,"featured_media":0,"parent":0,"menu_order":0,"comment_status":"closed","ping_status":"closed","template":"","meta":{"footnotes":""},"class_list":["post-20063","page","type-page","status-publish","hentry"],"yoast_head":"<!-- This site is optimized with the Yoast SEO plugin v26.2 - https:\/\/yoast.com\/wordpress\/plugins\/seo\/ -->\n<title>COMSA SERVICE COMSA SERVICE<\/title>\n<meta name=\"description\" content=\"COMSA Service presta serveis de manteniment amb l&#039;objectiu d&#039;aconseguir instal\u00b7lacions segures, fiables i eficients per tal de garantir-ne l&#039;\u00f2ptim funcionament i allargar-ne la vida \u00fatil.\" \/>\n<meta name=\"robots\" content=\"index, follow, max-snippet:-1, max-image-preview:large, max-video-preview:-1\" \/>\n<link rel=\"canonical\" href=\"https:\/\/comsaservice.com\/ca\/\" \/>\n<meta property=\"og:locale\" content=\"ca_ES\" \/>\n<meta property=\"og:type\" content=\"article\" \/>\n<meta property=\"og:title\" content=\"COMSA SERVICE COMSA SERVICE\" \/>\n<meta property=\"og:description\" content=\"COMSA Service presta serveis de manteniment amb l&#039;objectiu d&#039;aconseguir instal\u00b7lacions segures, fiables i eficients per tal de garantir-ne l&#039;\u00f2ptim funcionament i allargar-ne la vida \u00fatil.\" \/>\n<meta property=\"og:url\" content=\"https:\/\/comsaservice.com\/ca\/\" \/>\n<meta property=\"og:site_name\" content=\"COMSA SERVICE\" \/>\n<meta property=\"article:modified_time\" content=\"2023-06-12T13:46:30+00:00\" \/>\n<meta name=\"twitter:card\" content=\"summary_large_image\" \/>\n<meta name=\"twitter:label1\" content=\"Temps estimat de lectura\" \/>\n\t<meta name=\"twitter:data1\" content=\"2 minuts\" \/>\n<script type=\"application\/ld+json\" class=\"yoast-schema-graph\">{\"@context\":\"https:\/\/schema.org\",\"@graph\":[{\"@type\":\"WebPage\",\"@id\":\"https:\/\/comsaservice.com\/ca\/\",\"url\":\"https:\/\/comsaservice.com\/ca\/\",\"name\":\"COMSA SERVICE COMSA SERVICE\",\"isPartOf\":{\"@id\":\"https:\/\/comsaservice.com\/ca\/#website\"},\"datePublished\":\"2023-06-12T12:42:16+00:00\",\"dateModified\":\"2023-06-12T13:46:30+00:00\",\"description\":\"COMSA Service presta serveis de manteniment amb l'objectiu d'aconseguir instal\u00b7lacions segures, fiables i eficients per tal de garantir-ne l'\u00f2ptim funcionament i allargar-ne la vida \u00fatil.\",\"breadcrumb\":{\"@id\":\"https:\/\/comsaservice.com\/ca\/#breadcrumb\"},\"inLanguage\":\"ca\",\"potentialAction\":[{\"@type\":\"ReadAction\",\"target\":[\"https:\/\/comsaservice.com\/ca\/\"]}]},{\"@type\":\"BreadcrumbList\",\"@id\":\"https:\/\/comsaservice.com\/ca\/#breadcrumb\",\"itemListElement\":[{\"@type\":\"ListItem\",\"position\":1,\"name\":\"Inicio\",\"item\":\"https:\/\/comsaservice.com\/ca\/\"},{\"@type\":\"ListItem\",\"position\":2,\"name\":\"Inicio\"}]},{\"@type\":\"WebSite\",\"@id\":\"https:\/\/comsaservice.com\/ca\/#website\",\"url\":\"https:\/\/comsaservice.com\/ca\/\",\"name\":\"COMSA SERVICE\",\"description\":\"COMSA SERVICE\",\"publisher\":{\"@id\":\"https:\/\/comsaservice.com\/ca\/#organization\"},\"potentialAction\":[{\"@type\":\"SearchAction\",\"target\":{\"@type\":\"EntryPoint\",\"urlTemplate\":\"https:\/\/comsaservice.com\/ca\/?s={search_term_string}\"},\"query-input\":{\"@type\":\"PropertyValueSpecification\",\"valueRequired\":true,\"valueName\":\"search_term_string\"}}],\"inLanguage\":\"ca\"},{\"@type\":\"Organization\",\"@id\":\"https:\/\/comsaservice.com\/ca\/#organization\",\"name\":\"GMF | Gesti\u00f3n de Maquinaria Ferroviaria\",\"url\":\"https:\/\/comsaservice.com\/ca\/\",\"logo\":{\"@type\":\"ImageObject\",\"inLanguage\":\"ca\",\"@id\":\"https:\/\/comsaservice.com\/ca\/#\/schema\/logo\/image\/\",\"url\":\"https:\/\/comsaservice.multisite.comsa.com\/wp-content\/uploads\/sites\/6\/logo-gmf-1.png\",\"contentUrl\":\"https:\/\/comsaservice.multisite.comsa.com\/wp-content\/uploads\/sites\/6\/logo-gmf-1.png\",\"width\":435,\"height\":60,\"caption\":\"GMF | Gesti\u00f3n de Maquinaria Ferroviaria\"},\"image\":{\"@id\":\"https:\/\/comsaservice.com\/ca\/#\/schema\/logo\/image\/\"}}]}<\/script>\n<!-- \/ Yoast SEO plugin. -->","yoast_head_json":{"title":"COMSA SERVICE COMSA SERVICE","description":"COMSA Service presta serveis de manteniment amb l'objectiu d'aconseguir instal\u00b7lacions segures, fiables i eficients per tal de garantir-ne l'\u00f2ptim funcionament i allargar-ne la vida \u00fatil.","robots":{"index":"index","follow":"follow","max-snippet":"max-snippet:-1","max-image-preview":"max-image-preview:large","max-video-preview":"max-video-preview:-1"},"canonical":"https:\/\/comsaservice.com\/ca\/","og_locale":"ca_ES","og_type":"article","og_title":"COMSA SERVICE COMSA SERVICE","og_description":"COMSA Service presta serveis de manteniment amb l'objectiu d'aconseguir instal\u00b7lacions segures, fiables i eficients per tal de garantir-ne l'\u00f2ptim funcionament i allargar-ne la vida \u00fatil.","og_url":"https:\/\/comsaservice.com\/ca\/","og_site_name":"COMSA SERVICE","article_modified_time":"2023-06-12T13:46:30+00:00","twitter_card":"summary_large_image","twitter_misc":{"Temps estimat de lectura":"2 minuts"},"schema":{"@context":"https:\/\/schema.org","@graph":[{"@type":"WebPage","@id":"https:\/\/comsaservice.com\/ca\/","url":"https:\/\/comsaservice.com\/ca\/","name":"COMSA SERVICE COMSA SERVICE","isPartOf":{"@id":"https:\/\/comsaservice.com\/ca\/#website"},"datePublished":"2023-06-12T12:42:16+00:00","dateModified":"2023-06-12T13:46:30+00:00","description":"COMSA Service presta serveis de manteniment amb l'objectiu d'aconseguir instal\u00b7lacions segures, fiables i eficients per tal de garantir-ne l'\u00f2ptim funcionament i allargar-ne la vida \u00fatil.","breadcrumb":{"@id":"https:\/\/comsaservice.com\/ca\/#breadcrumb"},"inLanguage":"ca","potentialAction":[{"@type":"ReadAction","target":["https:\/\/comsaservice.com\/ca\/"]}]},{"@type":"BreadcrumbList","@id":"https:\/\/comsaservice.com\/ca\/#breadcrumb","itemListElement":[{"@type":"ListItem","position":1,"name":"Inicio","item":"https:\/\/comsaservice.com\/ca\/"},{"@type":"ListItem","position":2,"name":"Inicio"}]},{"@type":"WebSite","@id":"https:\/\/comsaservice.com\/ca\/#website","url":"https:\/\/comsaservice.com\/ca\/","name":"COMSA SERVICE","description":"COMSA SERVICE","publisher":{"@id":"https:\/\/comsaservice.com\/ca\/#organization"},"potentialAction":[{"@type":"SearchAction","target":{"@type":"EntryPoint","urlTemplate":"https:\/\/comsaservice.com\/ca\/?s={search_term_string}"},"query-input":{"@type":"PropertyValueSpecification","valueRequired":true,"valueName":"search_term_string"}}],"inLanguage":"ca"},{"@type":"Organization","@id":"https:\/\/comsaservice.com\/ca\/#organization","name":"GMF | Gesti\u00f3n de Maquinaria Ferroviaria","url":"https:\/\/comsaservice.com\/ca\/","logo":{"@type":"ImageObject","inLanguage":"ca","@id":"https:\/\/comsaservice.com\/ca\/#\/schema\/logo\/image\/","url":"https:\/\/comsaservice.multisite.comsa.com\/wp-content\/uploads\/sites\/6\/logo-gmf-1.png","contentUrl":"https:\/\/comsaservice.multisite.comsa.com\/wp-content\/uploads\/sites\/6\/logo-gmf-1.png","width":435,"height":60,"caption":"GMF | Gesti\u00f3n de Maquinaria Ferroviaria"},"image":{"@id":"https:\/\/comsaservice.com\/ca\/#\/schema\/logo\/image\/"}}]}},"_links":{"self":[{"href":"https:\/\/comsaservice.com\/ca\/wp-json\/wp\/v2\/pages\/20063","targetHints":{"allow":["GET"]}}],"collection":[{"href":"https:\/\/comsaservice.com\/ca\/wp-json\/wp\/v2\/pages"}],"about":[{"href":"https:\/\/comsaservice.com\/ca\/wp-json\/wp\/v2\/types\/page"}],"author":[{"embeddable":true,"href":"https:\/\/comsaservice.com\/ca\/wp-json\/wp\/v2\/users\/1"}],"replies":[{"embeddable":true,"href":"https:\/\/comsaservice.com\/ca\/wp-json\/wp\/v2\/comments?post=20063"}],"version-history":[{"count":4,"href":"https:\/\/comsaservice.com\/ca\/wp-json\/wp\/v2\/pages\/20063\/revisions"}],"predecessor-version":[{"id":20078,"href":"https:\/\/comsaservice.com\/ca\/wp-json\/wp\/v2\/pages\/20063\/revisions\/20078"}],"wp:attachment":[{"href":"https:\/\/comsaservice.com\/ca\/wp-json\/wp\/v2\/media?parent=20063"}],"curies":[{"name":"wp","href":"https:\/\/api.w.org\/{rel}","templated":true}]}}