{"id":20011,"date":"2023-06-12T14:21:13","date_gmt":"2023-06-12T12:21:13","guid":{"rendered":"https:\/\/comsaservice.com\/politica-de-galetes-cookies\/"},"modified":"2023-06-12T14:22:26","modified_gmt":"2023-06-12T12:22:26","slug":"politica-de-galetes-cookies","status":"publish","type":"page","link":"https:\/\/comsaservice.com\/ca\/politica-de-galetes-cookies\/","title":{"rendered":"Pol\u00edtica de galetes (cookies)"},"content":{"rendered":"\t\t<div data-elementor-type=\"wp-page\" data-elementor-id=\"20011\" class=\"elementor elementor-20011 elementor-14701\" data-elementor-post-type=\"page\">\n\t\t\t\t\t\t<section class=\"elementor-section elementor-top-section elementor-element elementor-element-c95ca2a elementor-section-boxed elementor-section-height-default elementor-section-height-default\" data-id=\"c95ca2a\" data-element_type=\"section\" data-e-type=\"section\">\n\t\t\t\t\t\t<div class=\"elementor-container elementor-column-gap-default\">\n\t\t\t\t\t<div class=\"elementor-column elementor-col-100 elementor-top-column elementor-element elementor-element-cba933e\" data-id=\"cba933e\" data-element_type=\"column\" data-e-type=\"column\">\n\t\t\t<div class=\"elementor-widget-wrap elementor-element-populated\">\n\t\t\t\t\t\t\t<\/div>\n\t\t<\/div>\n\t\t\t\t\t<\/div>\n\t\t<\/section>\n\t\t\t\t<section class=\"elementor-section elementor-top-section elementor-element elementor-element-11cf7af elementor-section-boxed elementor-section-height-default elementor-section-height-default\" data-id=\"11cf7af\" data-element_type=\"section\" data-e-type=\"section\">\n\t\t\t\t\t\t<div class=\"elementor-container elementor-column-gap-default\">\n\t\t\t\t\t<div class=\"elementor-column elementor-col-100 elementor-top-column elementor-element elementor-element-cb0c40c\" data-id=\"cb0c40c\" data-element_type=\"column\" data-e-type=\"column\">\n\t\t\t<div class=\"elementor-widget-wrap elementor-element-populated\">\n\t\t\t\t\t\t<div class=\"elementor-element elementor-element-54c25e9 elementor-widget elementor-widget-text-editor\" data-id=\"54c25e9\" data-element_type=\"widget\" data-e-type=\"widget\" data-widget_type=\"text-editor.default\">\n\t\t\t\t<div class=\"elementor-widget-container\">\n\t\t\t\t\t\t\t\t\t<p>Aquesta p\u00e0gina web utilitza cookies per facilitar la navegaci\u00f3 i oferir un servei m\u00e9s \u00e0gil i personalitzat. Podeu configurar el seu programa de navegaci\u00f3 d\u2019Internet perqu\u00e8 no rebi aquestes cookies. En aquest cas, la qualitat i velocitat en la navegaci\u00f3 Web pot disminuir.<\/p>\n<p><\/p>\n<p>Qu\u00e8 \u00e9s una&nbsp;<em>cookie<\/em>?<\/p>\n<p><\/p>\n<p>Les cookies s\u00f3n petites quantitats d\u2019informaci\u00f3 que s\u2019emmagatzemen en el navegador utilitzat per cada usuari perqu\u00e8 el servidor recordi certa informaci\u00f3 que posteriorment nom\u00e9s el servidor que la va implementar llegir\u00e0. En general, les cookies tenen una durada limitada en el temps.<\/p>\n<p><\/p>\n<p>Quines cookies utilitzem?<\/p>\n<p><\/p>\n<p>La nostre web utilitza les cookies seg\u00fcents:<\/p>\n<p><\/p>\n<ul>\n<li><strong>Cookies t\u00e8cniques<\/strong>: Aquestes cookies permeten als usuaris navegar a trav\u00e9s d\u2019una p\u00e0gina Web i utilitzar les diferents opcions o els serveis que existeixen, com per exemple, el control de tr\u00e0nsit i la comunicaci\u00f3 de dades, identificar la sessi\u00f3, accedir a parts restringides, etc.<\/li>\n<\/ul>\n<ul>\n<li><strong>Cookies de personalitzaci\u00f3<\/strong>: Aquestes cookies permeten a l\u2019usuari accedir al servei amb algunes caracter\u00edstiques generals predefinides com ara la llengua, el tipus de navegador a trav\u00e9s del qual accedeix el servei, la configuraci\u00f3 regional on vost\u00e8 accedeix al servei, etc.<\/li>\n<\/ul>\n<ul>\n<li><strong>Cookies d\u2019an\u00e0lisi<\/strong>: Aquestes cookies s\u00f3n les que permeten el seguiment i an\u00e0lisis del comportament de l\u2019 usuari. La informaci\u00f3 recollida per aquest tipus de \u201ccookies\u201d s\u2019utilitza per mesurar l\u2019activitat del lloc Web i per l\u2019elaboraci\u00f3 de perfils de navegaci\u00f3 dels usuaris, per tal d\u2019introduir millores. La recopilaci\u00f3 d\u2019aquestes dades \u00e9s an\u00f2nima i no est\u00e0 vinculada a cap dada personal.<\/li>\n<\/ul>\n<ul>\n<li><strong>Cookies de geolocalitzaci\u00f3:<\/strong>&nbsp;Aquestes cookies s\u00f3n les que detecten, an\u00f2nimament, el pa\u00eds on l\u2019usuari es troba per oferir serveis i continguts m\u00e9s adequats.<\/li>\n<\/ul>\n<ul>\n<li><strong>Cookies de tercers:<\/strong>&nbsp;Aquestes cookies es poden instal\u00b7lar en la p\u00e0gina amb la finalitat de millorar els serveis que ofereixen aquests tercers, per exemple, els enlla\u00e7os a les xarxes socials per compartir els continguts de la Web.<\/li>\n<\/ul>\n<p><em>Qui utilitza les cookies?<\/em><\/p>\n<p><\/p>\n<p>La informaci\u00f3 obtinguda a trav\u00e9s de les cookies es ser recollides i tractades per COMSA SERVICE FACILITY MANAGEMENT, S.A.U., les dades del qual han estat detallades sota:<\/p>\n<p><\/p>\n<p>Nom social: COMSA SERVICE FACILITY MANAGEMENT, S.A.U.<\/p>\n<p>Adre\u00e7a:Vall\u00e8s, 2 08940 Cornell\u00e0 de Llobregat<\/p>\n<p>Tel\u00e8fon:+34 934 809 150<\/p>\n<p>Correu electr\u00f2nic:&nbsp;<a href=\"mailto:comsaservice.web@comsa.com\">comsaservice.web@comsa.com<\/a><\/p>\n<p><\/p>\n<p>Dades de contacte del Delegat de protecci\u00f3 de dades: C\/Viriat, 47, 08014, Barcelona i&nbsp;<a href=\"mailto:lopd@comsa.com\">lopd@comsa.com<\/a><\/p>\n<p><\/p>\n<p><em>Com es poden desactivar les cookies?<\/em><\/p>\n<p><\/p>\n<p>Pot bloquejar o suprimir les cookies a trav\u00e9s del navegador d\u2019Internet, per\u00f2 si ho fa, hi pot haver algun problema utilitzant o carregant la plataforma.<\/p>\n<p>La configuraci\u00f3 del navegador d\u2019Internet dep\u00e8n del navegador que vost\u00e8 utilitzi. A continuaci\u00f3, li indiquem els enlla\u00e7os a les instruccions que ofereixen els principals navegadors per eliminar les cookies:<\/p>\n<ul>\n<li>Internet Explorer:&nbsp;<a href=\"http:\/\/windows.microsoft.com\/es-ES\/internet-explorer\/delete-manage-cookies#ie=ie-11-win-7\">http:\/\/windows.microsoft.com\/es-ES\/internet-explorer\/delete-manage-cookies#ie=ie-11-win-7<\/a><\/li>\n<li>Firefox: https:\/\/support.mozilla.org\/es\/kb\/Borrar%20cookies<\/li><li>Chrome:&nbsp;&nbsp;<a href=\"https:\/\/support.google.com\/chrome\/answer\/95647\" style=\"background-color: rgb(242, 244, 245);\">https:\/\/support.google.com\/chrome\/answer\/95647<\/a><\/li>\n<\/ul>\t\t\t\t\t\t\t\t<\/div>\n\t\t\t\t<\/div>\n\t\t\t\t\t<\/div>\n\t\t<\/div>\n\t\t\t\t\t<\/div>\n\t\t<\/section>\n\t\t\t\t<\/div>\n\t\t","protected":false},"excerpt":{"rendered":"<p>Aquesta p\u00e0gina web utilitza cookies per facilitar la navegaci\u00f3 i oferir un servei m\u00e9s \u00e0gil i personalitzat. Podeu configurar el seu programa de navegaci\u00f3 d\u2019Internet perqu\u00e8 no rebi aquestes cookies. En aquest cas, la qualitat i velocitat en la navegaci\u00f3 Web pot disminuir. Qu\u00e8 \u00e9s una&nbsp;cookie? Les cookies s\u00f3n petites quantitats d\u2019informaci\u00f3 que s\u2019emmagatzemen en [&hellip;]<\/p>\n","protected":false},"author":1,"featured_media":0,"parent":0,"menu_order":0,"comment_status":"closed","ping_status":"closed","template":"","meta":{"footnotes":""},"class_list":["post-20011","page","type-page","status-publish","hentry"],"yoast_head":"<!-- This site is optimized with the Yoast SEO plugin v26.2 - https:\/\/yoast.com\/wordpress\/plugins\/seo\/ -->\n<title>Pol\u00edtica de galetes (cookies) - COMSA SERVICE<\/title>\n<meta name=\"description\" content=\"Aquesta p\u00e0gina web utilitza cookies per facilitar la navegaci\u00f3 i oferir un servei m\u00e9s \u00e0gil i personalitzat. Podeu configurar el seu programa de navegaci\u00f3\" \/>\n<meta name=\"robots\" content=\"noindex, nofollow\" \/>\n<meta property=\"og:locale\" content=\"ca_ES\" \/>\n<meta property=\"og:type\" content=\"article\" \/>\n<meta property=\"og:title\" content=\"Pol\u00edtica de galetes (cookies) - COMSA SERVICE\" \/>\n<meta property=\"og:description\" content=\"Aquesta p\u00e0gina web utilitza cookies per facilitar la navegaci\u00f3 i oferir un servei m\u00e9s \u00e0gil i personalitzat. Podeu configurar el seu programa de navegaci\u00f3\" \/>\n<meta property=\"og:url\" content=\"https:\/\/comsaservice.com\/ca\/politica-de-galetes-cookies\/\" \/>\n<meta property=\"og:site_name\" content=\"COMSA SERVICE\" \/>\n<meta property=\"article:modified_time\" content=\"2023-06-12T12:22:26+00:00\" \/>\n<meta name=\"twitter:card\" content=\"summary_large_image\" \/>\n<meta name=\"twitter:label1\" content=\"Temps estimat de lectura\" \/>\n\t<meta name=\"twitter:data1\" content=\"3 minuts\" \/>\n<script type=\"application\/ld+json\" class=\"yoast-schema-graph\">{\"@context\":\"https:\/\/schema.org\",\"@graph\":[{\"@type\":\"WebPage\",\"@id\":\"https:\/\/comsaservice.com\/ca\/politica-de-galetes-cookies\/\",\"url\":\"https:\/\/comsaservice.com\/ca\/politica-de-galetes-cookies\/\",\"name\":\"Pol\u00edtica de galetes (cookies) - COMSA SERVICE\",\"isPartOf\":{\"@id\":\"https:\/\/comsaservice.com\/ca\/#website\"},\"datePublished\":\"2023-06-12T12:21:13+00:00\",\"dateModified\":\"2023-06-12T12:22:26+00:00\",\"description\":\"Aquesta p\u00e0gina web utilitza cookies per facilitar la navegaci\u00f3 i oferir un servei m\u00e9s \u00e0gil i personalitzat. Podeu configurar el seu programa de navegaci\u00f3\",\"breadcrumb\":{\"@id\":\"https:\/\/comsaservice.com\/ca\/politica-de-galetes-cookies\/#breadcrumb\"},\"inLanguage\":\"ca\",\"potentialAction\":[{\"@type\":\"ReadAction\",\"target\":[\"https:\/\/comsaservice.com\/ca\/politica-de-galetes-cookies\/\"]}]},{\"@type\":\"BreadcrumbList\",\"@id\":\"https:\/\/comsaservice.com\/ca\/politica-de-galetes-cookies\/#breadcrumb\",\"itemListElement\":[{\"@type\":\"ListItem\",\"position\":1,\"name\":\"Inicio\",\"item\":\"https:\/\/comsaservice.com\/ca\/\"},{\"@type\":\"ListItem\",\"position\":2,\"name\":\"Pol\u00edtica de galetes (cookies)\"}]},{\"@type\":\"WebSite\",\"@id\":\"https:\/\/comsaservice.com\/ca\/#website\",\"url\":\"https:\/\/comsaservice.com\/ca\/\",\"name\":\"COMSA SERVICE\",\"description\":\"COMSA SERVICE\",\"publisher\":{\"@id\":\"https:\/\/comsaservice.com\/ca\/#organization\"},\"potentialAction\":[{\"@type\":\"SearchAction\",\"target\":{\"@type\":\"EntryPoint\",\"urlTemplate\":\"https:\/\/comsaservice.com\/ca\/?s={search_term_string}\"},\"query-input\":{\"@type\":\"PropertyValueSpecification\",\"valueRequired\":true,\"valueName\":\"search_term_string\"}}],\"inLanguage\":\"ca\"},{\"@type\":\"Organization\",\"@id\":\"https:\/\/comsaservice.com\/ca\/#organization\",\"name\":\"GMF | Gesti\u00f3n de Maquinaria Ferroviaria\",\"url\":\"https:\/\/comsaservice.com\/ca\/\",\"logo\":{\"@type\":\"ImageObject\",\"inLanguage\":\"ca\",\"@id\":\"https:\/\/comsaservice.com\/ca\/#\/schema\/logo\/image\/\",\"url\":\"https:\/\/comsaservice.multisite.comsa.com\/wp-content\/uploads\/sites\/6\/logo-gmf-1.png\",\"contentUrl\":\"https:\/\/comsaservice.multisite.comsa.com\/wp-content\/uploads\/sites\/6\/logo-gmf-1.png\",\"width\":435,\"height\":60,\"caption\":\"GMF | Gesti\u00f3n de Maquinaria Ferroviaria\"},\"image\":{\"@id\":\"https:\/\/comsaservice.com\/ca\/#\/schema\/logo\/image\/\"}}]}<\/script>\n<!-- \/ Yoast SEO plugin. -->","yoast_head_json":{"title":"Pol\u00edtica de galetes (cookies) - COMSA SERVICE","description":"Aquesta p\u00e0gina web utilitza cookies per facilitar la navegaci\u00f3 i oferir un servei m\u00e9s \u00e0gil i personalitzat. Podeu configurar el seu programa de navegaci\u00f3","robots":{"index":"noindex","follow":"nofollow"},"og_locale":"ca_ES","og_type":"article","og_title":"Pol\u00edtica de galetes (cookies) - COMSA SERVICE","og_description":"Aquesta p\u00e0gina web utilitza cookies per facilitar la navegaci\u00f3 i oferir un servei m\u00e9s \u00e0gil i personalitzat. Podeu configurar el seu programa de navegaci\u00f3","og_url":"https:\/\/comsaservice.com\/ca\/politica-de-galetes-cookies\/","og_site_name":"COMSA SERVICE","article_modified_time":"2023-06-12T12:22:26+00:00","twitter_card":"summary_large_image","twitter_misc":{"Temps estimat de lectura":"3 minuts"},"schema":{"@context":"https:\/\/schema.org","@graph":[{"@type":"WebPage","@id":"https:\/\/comsaservice.com\/ca\/politica-de-galetes-cookies\/","url":"https:\/\/comsaservice.com\/ca\/politica-de-galetes-cookies\/","name":"Pol\u00edtica de galetes (cookies) - COMSA SERVICE","isPartOf":{"@id":"https:\/\/comsaservice.com\/ca\/#website"},"datePublished":"2023-06-12T12:21:13+00:00","dateModified":"2023-06-12T12:22:26+00:00","description":"Aquesta p\u00e0gina web utilitza cookies per facilitar la navegaci\u00f3 i oferir un servei m\u00e9s \u00e0gil i personalitzat. Podeu configurar el seu programa de navegaci\u00f3","breadcrumb":{"@id":"https:\/\/comsaservice.com\/ca\/politica-de-galetes-cookies\/#breadcrumb"},"inLanguage":"ca","potentialAction":[{"@type":"ReadAction","target":["https:\/\/comsaservice.com\/ca\/politica-de-galetes-cookies\/"]}]},{"@type":"BreadcrumbList","@id":"https:\/\/comsaservice.com\/ca\/politica-de-galetes-cookies\/#breadcrumb","itemListElement":[{"@type":"ListItem","position":1,"name":"Inicio","item":"https:\/\/comsaservice.com\/ca\/"},{"@type":"ListItem","position":2,"name":"Pol\u00edtica de galetes (cookies)"}]},{"@type":"WebSite","@id":"https:\/\/comsaservice.com\/ca\/#website","url":"https:\/\/comsaservice.com\/ca\/","name":"COMSA SERVICE","description":"COMSA SERVICE","publisher":{"@id":"https:\/\/comsaservice.com\/ca\/#organization"},"potentialAction":[{"@type":"SearchAction","target":{"@type":"EntryPoint","urlTemplate":"https:\/\/comsaservice.com\/ca\/?s={search_term_string}"},"query-input":{"@type":"PropertyValueSpecification","valueRequired":true,"valueName":"search_term_string"}}],"inLanguage":"ca"},{"@type":"Organization","@id":"https:\/\/comsaservice.com\/ca\/#organization","name":"GMF | Gesti\u00f3n de Maquinaria Ferroviaria","url":"https:\/\/comsaservice.com\/ca\/","logo":{"@type":"ImageObject","inLanguage":"ca","@id":"https:\/\/comsaservice.com\/ca\/#\/schema\/logo\/image\/","url":"https:\/\/comsaservice.multisite.comsa.com\/wp-content\/uploads\/sites\/6\/logo-gmf-1.png","contentUrl":"https:\/\/comsaservice.multisite.comsa.com\/wp-content\/uploads\/sites\/6\/logo-gmf-1.png","width":435,"height":60,"caption":"GMF | Gesti\u00f3n de Maquinaria Ferroviaria"},"image":{"@id":"https:\/\/comsaservice.com\/ca\/#\/schema\/logo\/image\/"}}]}},"_links":{"self":[{"href":"https:\/\/comsaservice.com\/ca\/wp-json\/wp\/v2\/pages\/20011","targetHints":{"allow":["GET"]}}],"collection":[{"href":"https:\/\/comsaservice.com\/ca\/wp-json\/wp\/v2\/pages"}],"about":[{"href":"https:\/\/comsaservice.com\/ca\/wp-json\/wp\/v2\/types\/page"}],"author":[{"embeddable":true,"href":"https:\/\/comsaservice.com\/ca\/wp-json\/wp\/v2\/users\/1"}],"replies":[{"embeddable":true,"href":"https:\/\/comsaservice.com\/ca\/wp-json\/wp\/v2\/comments?post=20011"}],"version-history":[{"count":4,"href":"https:\/\/comsaservice.com\/ca\/wp-json\/wp\/v2\/pages\/20011\/revisions"}],"predecessor-version":[{"id":20015,"href":"https:\/\/comsaservice.com\/ca\/wp-json\/wp\/v2\/pages\/20011\/revisions\/20015"}],"wp:attachment":[{"href":"https:\/\/comsaservice.com\/ca\/wp-json\/wp\/v2\/media?parent=20011"}],"curies":[{"name":"wp","href":"https:\/\/api.w.org\/{rel}","templated":true}]}}