{"id":19996,"date":"2023-06-12T14:16:01","date_gmt":"2023-06-12T12:16:01","guid":{"rendered":"https:\/\/comsaservice.com\/politica-de-privacitat\/"},"modified":"2023-06-13T12:57:54","modified_gmt":"2023-06-13T10:57:54","slug":"politica-de-privacitat","status":"publish","type":"page","link":"https:\/\/comsaservice.com\/ca\/politica-de-privacitat\/","title":{"rendered":"Pol\u00edtica de privacitat"},"content":{"rendered":"\t\t<div data-elementor-type=\"wp-page\" data-elementor-id=\"19996\" class=\"elementor elementor-19996 elementor-3\" data-elementor-post-type=\"page\">\n\t\t\t\t\t\t<section class=\"elementor-section elementor-top-section elementor-element elementor-element-c95ca2a elementor-section-boxed elementor-section-height-default elementor-section-height-default\" data-id=\"c95ca2a\" data-element_type=\"section\" data-e-type=\"section\">\n\t\t\t\t\t\t<div class=\"elementor-container elementor-column-gap-default\">\n\t\t\t\t\t<div class=\"elementor-column elementor-col-100 elementor-top-column elementor-element elementor-element-cba933e\" data-id=\"cba933e\" data-element_type=\"column\" data-e-type=\"column\">\n\t\t\t<div class=\"elementor-widget-wrap elementor-element-populated\">\n\t\t\t\t\t\t<div class=\"elementor-element elementor-element-b693d47 elementor-widget elementor-widget-text-editor\" data-id=\"b693d47\" data-element_type=\"widget\" data-e-type=\"widget\" data-widget_type=\"text-editor.default\">\n\t\t\t\t<div class=\"elementor-widget-container\">\n\t\t\t\t\t\t\t\t\t<p>Per a visitar la nostra web, en general no cal que ens faciliti les seves dades personals. No obstant aix\u00f2, en certes circumst\u00e0ncies s\u00ed que \u00e9s necessari perqu\u00e8 puguem relacionar-nos amb vost\u00e8.<\/p><p><br><\/p><p>Les dades personals facilitades seran tractades per COMSA SERVICE FACILITY MANAGEMENT, S.A.U. (en endavant \u201cl\u2019empresa\u201d) amb la finalitat que hagin sigut recollides, com ara, atendre les seves peticions, resoldre les seves preguntes, la selecci\u00f3 i contractaci\u00f3 d\u2019empleats, i, pel que fa a les cookies que instal\u00b7lem si ho sol\u00b7licita o autoritza expressament, per adaptar la p\u00e0gina a les seves necessitats. A m\u00e9s a m\u00e9s, si vost\u00e8 ho consenteix expressament, li enviarem comunicacions comercials per informar-vos, per mitjans electr\u00f2nics o telem\u00e0tics, sobre la nostra empresa, serveis i novetats que puguin ser del seu inter\u00e8s.<\/p><p><br><\/p><p>Les dades personals es tractaran mentre siguin necess\u00e0ries, \u00fatils i pertinents. Un cop finalitzada la relaci\u00f3, les dades es conservaran durant el temps que sigui necessari per complir les obligacions legals que corresponguin. No es prendran decisions automatitzades, i el tractament es dur\u00e0 a terme dins o fora de la Uni\u00f3 Europea, garantint en tot moment el compliment de la normativa que sigui d\u2019aplicaci\u00f3. Nom\u00e9s podran accedir a les dades personals aquells tercers a qui l\u2019empresa estigui legalment obligada a facilitar-los, aquelles empreses a les quals se\u2019ls hi hagi encarregat serveis de gesti\u00f3 interna de l\u2019empresa. Tanmateix, les dades personals poden ser tractades per les empreses que pertanyen al grup de les quals COMSA Corporaci\u00f3n \u00e9s l\u2019empresa cap\u00e7alera.<\/p><p><br><\/p><p>A m\u00e9s a m\u00e9s, podr\u00e0 exercitar els seus drets, entre altres, el d\u2019acc\u00e9s, rectificaci\u00f3 i cancel\u00b7laci\u00f3 de dades, aix\u00ed com el d\u2019oposici\u00f3 o portabilitat de les seves dades i la revocaci\u00f3 del consentiment per rebre comunicacions comercials, enviant una comunicaci\u00f3 postal a Vall\u00e8s, 2 de Cornell\u00e0 de llobregat o electr\u00f2nica a comsaservice.web@comsa.com.<\/p><p><br><\/p><p>En qualsevol cas, l\u2019afectat t\u00e9 dret a presentar una queixa amb l\u2019Ag\u00e8ncia Espanyola de protecci\u00f3 de dades en relaci\u00f3 amb el tractament dut a terme per l\u2019empresa. L\u2019empresa ha designat un delegat de protecci\u00f3 de dades amb els quals pot contactar per correu electr\u00f2nic lopd@comsa.com o per correu postal C\/Viriat, 47 (CP 08014) de Barcelona.<\/p>\t\t\t\t\t\t\t\t<\/div>\n\t\t\t\t<\/div>\n\t\t\t\t\t<\/div>\n\t\t<\/div>\n\t\t\t\t\t<\/div>\n\t\t<\/section>\n\t\t\t\t<\/div>\n\t\t","protected":false},"excerpt":{"rendered":"<p>Per a visitar la nostra web, en general no cal que ens faciliti les seves dades personals. No obstant aix\u00f2, en certes circumst\u00e0ncies s\u00ed que \u00e9s necessari perqu\u00e8 puguem relacionar-nos amb vost\u00e8. Les dades personals facilitades seran tractades per COMSA SERVICE FACILITY MANAGEMENT, S.A.U. (en endavant \u201cl\u2019empresa\u201d) amb la finalitat que hagin sigut recollides, com [&hellip;]<\/p>\n","protected":false},"author":1,"featured_media":0,"parent":0,"menu_order":0,"comment_status":"closed","ping_status":"closed","template":"","meta":{"footnotes":""},"class_list":["post-19996","page","type-page","status-publish","hentry"],"yoast_head":"<!-- This site is optimized with the Yoast SEO plugin v26.2 - https:\/\/yoast.com\/wordpress\/plugins\/seo\/ -->\n<title>Pol\u00edtica de privacitat - COMSA SERVICE<\/title>\n<meta name=\"description\" content=\"Per a visitar la nostra web, en general no cal que ens faciliti les seves dades personals. No obstant aix\u00f2, en certes circumst\u00e0ncies s\u00ed que \u00e9s necessari\" \/>\n<meta name=\"robots\" content=\"noindex, nofollow\" \/>\n<meta property=\"og:locale\" content=\"ca_ES\" \/>\n<meta property=\"og:type\" content=\"article\" \/>\n<meta property=\"og:title\" content=\"Pol\u00edtica de privacitat - COMSA SERVICE\" \/>\n<meta property=\"og:description\" content=\"Per a visitar la nostra web, en general no cal que ens faciliti les seves dades personals. No obstant aix\u00f2, en certes circumst\u00e0ncies s\u00ed que \u00e9s necessari\" \/>\n<meta property=\"og:url\" content=\"https:\/\/comsaservice.com\/ca\/politica-de-privacitat\/\" \/>\n<meta property=\"og:site_name\" content=\"COMSA SERVICE\" \/>\n<meta property=\"article:modified_time\" content=\"2023-06-13T10:57:54+00:00\" \/>\n<meta name=\"twitter:card\" content=\"summary_large_image\" \/>\n<meta name=\"twitter:label1\" content=\"Temps estimat de lectura\" \/>\n\t<meta name=\"twitter:data1\" content=\"2 minuts\" \/>\n<script type=\"application\/ld+json\" class=\"yoast-schema-graph\">{\"@context\":\"https:\/\/schema.org\",\"@graph\":[{\"@type\":\"WebPage\",\"@id\":\"https:\/\/comsaservice.com\/ca\/politica-de-privacitat\/\",\"url\":\"https:\/\/comsaservice.com\/ca\/politica-de-privacitat\/\",\"name\":\"Pol\u00edtica de privacitat - COMSA SERVICE\",\"isPartOf\":{\"@id\":\"https:\/\/comsaservice.com\/ca\/#website\"},\"datePublished\":\"2023-06-12T12:16:01+00:00\",\"dateModified\":\"2023-06-13T10:57:54+00:00\",\"description\":\"Per a visitar la nostra web, en general no cal que ens faciliti les seves dades personals. No obstant aix\u00f2, en certes circumst\u00e0ncies s\u00ed que \u00e9s necessari\",\"breadcrumb\":{\"@id\":\"https:\/\/comsaservice.com\/ca\/politica-de-privacitat\/#breadcrumb\"},\"inLanguage\":\"ca\",\"potentialAction\":[{\"@type\":\"ReadAction\",\"target\":[\"https:\/\/comsaservice.com\/ca\/politica-de-privacitat\/\"]}]},{\"@type\":\"BreadcrumbList\",\"@id\":\"https:\/\/comsaservice.com\/ca\/politica-de-privacitat\/#breadcrumb\",\"itemListElement\":[{\"@type\":\"ListItem\",\"position\":1,\"name\":\"Inicio\",\"item\":\"https:\/\/comsaservice.com\/ca\/\"},{\"@type\":\"ListItem\",\"position\":2,\"name\":\"Pol\u00edtica de privacitat\"}]},{\"@type\":\"WebSite\",\"@id\":\"https:\/\/comsaservice.com\/ca\/#website\",\"url\":\"https:\/\/comsaservice.com\/ca\/\",\"name\":\"COMSA SERVICE\",\"description\":\"COMSA SERVICE\",\"publisher\":{\"@id\":\"https:\/\/comsaservice.com\/ca\/#organization\"},\"potentialAction\":[{\"@type\":\"SearchAction\",\"target\":{\"@type\":\"EntryPoint\",\"urlTemplate\":\"https:\/\/comsaservice.com\/ca\/?s={search_term_string}\"},\"query-input\":{\"@type\":\"PropertyValueSpecification\",\"valueRequired\":true,\"valueName\":\"search_term_string\"}}],\"inLanguage\":\"ca\"},{\"@type\":\"Organization\",\"@id\":\"https:\/\/comsaservice.com\/ca\/#organization\",\"name\":\"GMF | Gesti\u00f3n de Maquinaria Ferroviaria\",\"url\":\"https:\/\/comsaservice.com\/ca\/\",\"logo\":{\"@type\":\"ImageObject\",\"inLanguage\":\"ca\",\"@id\":\"https:\/\/comsaservice.com\/ca\/#\/schema\/logo\/image\/\",\"url\":\"https:\/\/comsaservice.multisite.comsa.com\/wp-content\/uploads\/sites\/6\/logo-gmf-1.png\",\"contentUrl\":\"https:\/\/comsaservice.multisite.comsa.com\/wp-content\/uploads\/sites\/6\/logo-gmf-1.png\",\"width\":435,\"height\":60,\"caption\":\"GMF | Gesti\u00f3n de Maquinaria Ferroviaria\"},\"image\":{\"@id\":\"https:\/\/comsaservice.com\/ca\/#\/schema\/logo\/image\/\"}}]}<\/script>\n<!-- \/ Yoast SEO plugin. -->","yoast_head_json":{"title":"Pol\u00edtica de privacitat - COMSA SERVICE","description":"Per a visitar la nostra web, en general no cal que ens faciliti les seves dades personals. No obstant aix\u00f2, en certes circumst\u00e0ncies s\u00ed que \u00e9s necessari","robots":{"index":"noindex","follow":"nofollow"},"og_locale":"ca_ES","og_type":"article","og_title":"Pol\u00edtica de privacitat - COMSA SERVICE","og_description":"Per a visitar la nostra web, en general no cal que ens faciliti les seves dades personals. No obstant aix\u00f2, en certes circumst\u00e0ncies s\u00ed que \u00e9s necessari","og_url":"https:\/\/comsaservice.com\/ca\/politica-de-privacitat\/","og_site_name":"COMSA SERVICE","article_modified_time":"2023-06-13T10:57:54+00:00","twitter_card":"summary_large_image","twitter_misc":{"Temps estimat de lectura":"2 minuts"},"schema":{"@context":"https:\/\/schema.org","@graph":[{"@type":"WebPage","@id":"https:\/\/comsaservice.com\/ca\/politica-de-privacitat\/","url":"https:\/\/comsaservice.com\/ca\/politica-de-privacitat\/","name":"Pol\u00edtica de privacitat - COMSA SERVICE","isPartOf":{"@id":"https:\/\/comsaservice.com\/ca\/#website"},"datePublished":"2023-06-12T12:16:01+00:00","dateModified":"2023-06-13T10:57:54+00:00","description":"Per a visitar la nostra web, en general no cal que ens faciliti les seves dades personals. No obstant aix\u00f2, en certes circumst\u00e0ncies s\u00ed que \u00e9s necessari","breadcrumb":{"@id":"https:\/\/comsaservice.com\/ca\/politica-de-privacitat\/#breadcrumb"},"inLanguage":"ca","potentialAction":[{"@type":"ReadAction","target":["https:\/\/comsaservice.com\/ca\/politica-de-privacitat\/"]}]},{"@type":"BreadcrumbList","@id":"https:\/\/comsaservice.com\/ca\/politica-de-privacitat\/#breadcrumb","itemListElement":[{"@type":"ListItem","position":1,"name":"Inicio","item":"https:\/\/comsaservice.com\/ca\/"},{"@type":"ListItem","position":2,"name":"Pol\u00edtica de privacitat"}]},{"@type":"WebSite","@id":"https:\/\/comsaservice.com\/ca\/#website","url":"https:\/\/comsaservice.com\/ca\/","name":"COMSA SERVICE","description":"COMSA SERVICE","publisher":{"@id":"https:\/\/comsaservice.com\/ca\/#organization"},"potentialAction":[{"@type":"SearchAction","target":{"@type":"EntryPoint","urlTemplate":"https:\/\/comsaservice.com\/ca\/?s={search_term_string}"},"query-input":{"@type":"PropertyValueSpecification","valueRequired":true,"valueName":"search_term_string"}}],"inLanguage":"ca"},{"@type":"Organization","@id":"https:\/\/comsaservice.com\/ca\/#organization","name":"GMF | Gesti\u00f3n de Maquinaria Ferroviaria","url":"https:\/\/comsaservice.com\/ca\/","logo":{"@type":"ImageObject","inLanguage":"ca","@id":"https:\/\/comsaservice.com\/ca\/#\/schema\/logo\/image\/","url":"https:\/\/comsaservice.multisite.comsa.com\/wp-content\/uploads\/sites\/6\/logo-gmf-1.png","contentUrl":"https:\/\/comsaservice.multisite.comsa.com\/wp-content\/uploads\/sites\/6\/logo-gmf-1.png","width":435,"height":60,"caption":"GMF | Gesti\u00f3n de Maquinaria Ferroviaria"},"image":{"@id":"https:\/\/comsaservice.com\/ca\/#\/schema\/logo\/image\/"}}]}},"_links":{"self":[{"href":"https:\/\/comsaservice.com\/ca\/wp-json\/wp\/v2\/pages\/19996","targetHints":{"allow":["GET"]}}],"collection":[{"href":"https:\/\/comsaservice.com\/ca\/wp-json\/wp\/v2\/pages"}],"about":[{"href":"https:\/\/comsaservice.com\/ca\/wp-json\/wp\/v2\/types\/page"}],"author":[{"embeddable":true,"href":"https:\/\/comsaservice.com\/ca\/wp-json\/wp\/v2\/users\/1"}],"replies":[{"embeddable":true,"href":"https:\/\/comsaservice.com\/ca\/wp-json\/wp\/v2\/comments?post=19996"}],"version-history":[{"count":7,"href":"https:\/\/comsaservice.com\/ca\/wp-json\/wp\/v2\/pages\/19996\/revisions"}],"predecessor-version":[{"id":20291,"href":"https:\/\/comsaservice.com\/ca\/wp-json\/wp\/v2\/pages\/19996\/revisions\/20291"}],"wp:attachment":[{"href":"https:\/\/comsaservice.com\/ca\/wp-json\/wp\/v2\/media?parent=19996"}],"curies":[{"name":"wp","href":"https:\/\/api.w.org\/{rel}","templated":true}]}}