{"id":19907,"date":"2023-06-12T12:14:49","date_gmt":"2023-06-12T10:14:49","guid":{"rendered":"https:\/\/comsaservice.com\/enginyeria-de-manteniment\/"},"modified":"2023-06-12T12:19:46","modified_gmt":"2023-06-12T10:19:46","slug":"enginyeria-de-manteniment","status":"publish","type":"page","link":"https:\/\/comsaservice.com\/ca\/enginyeria-de-manteniment\/","title":{"rendered":"Enginyeria de manteniment"},"content":{"rendered":"\t\t<div data-elementor-type=\"wp-page\" data-elementor-id=\"19907\" class=\"elementor elementor-19907\" data-elementor-post-type=\"page\">\n\t\t\t\t\t\t<section class=\"elementor-section elementor-top-section elementor-element elementor-element-207da79 v-head elementor-section-boxed elementor-section-height-default elementor-section-height-default\" data-id=\"207da79\" data-element_type=\"section\" data-e-type=\"section\">\n\t\t\t\t\t\t<div class=\"elementor-container elementor-column-gap-default\">\n\t\t\t\t\t<div class=\"elementor-column elementor-col-100 elementor-top-column elementor-element elementor-element-2da41a7\" data-id=\"2da41a7\" data-element_type=\"column\" data-e-type=\"column\">\n\t\t\t<div class=\"elementor-widget-wrap elementor-element-populated\">\n\t\t\t\t\t\t<div class=\"elementor-element elementor-element-c50a17c elementor-widget elementor-widget-heading\" data-id=\"c50a17c\" data-element_type=\"widget\" data-e-type=\"widget\" data-widget_type=\"heading.default\">\n\t\t\t\t<div class=\"elementor-widget-container\">\n\t\t\t\t\t<h1 class=\"elementor-heading-title elementor-size-default\">Enginyeria de manteniment<\/h1>\t\t\t\t<\/div>\n\t\t\t\t<\/div>\n\t\t\t\t\t<\/div>\n\t\t<\/div>\n\t\t\t\t\t<\/div>\n\t\t<\/section>\n\t\t\t\t<article class=\"elementor-section elementor-top-section elementor-element elementor-element-e199150 v-box box-line no-top-space elementor-section-boxed elementor-section-height-default elementor-section-height-default\" data-id=\"e199150\" data-element_type=\"section\" data-e-type=\"section\">\n\t\t\t\t\t\t<div class=\"elementor-container elementor-column-gap-default\">\n\t\t\t\t\t<div class=\"elementor-column elementor-col-50 elementor-top-column elementor-element elementor-element-caa8051 md-box\" data-id=\"caa8051\" data-element_type=\"column\" data-e-type=\"column\">\n\t\t\t<div class=\"elementor-widget-wrap elementor-element-populated\">\n\t\t\t\t\t\t<div class=\"elementor-element elementor-element-69766d9 md-actislide elementor--h-position-center elementor--v-position-middle elementor-pagination-position-inside elementor-widget elementor-widget-slides\" data-id=\"69766d9\" data-element_type=\"widget\" data-e-type=\"widget\" data-settings=\"{&quot;navigation&quot;:&quot;dots&quot;,&quot;transition&quot;:&quot;fade&quot;,&quot;autoplay&quot;:&quot;yes&quot;,&quot;pause_on_hover&quot;:&quot;yes&quot;,&quot;pause_on_interaction&quot;:&quot;yes&quot;,&quot;autoplay_speed&quot;:5000,&quot;infinite&quot;:&quot;yes&quot;,&quot;transition_speed&quot;:500}\" data-widget_type=\"slides.default\">\n\t\t\t\t<div class=\"elementor-widget-container\">\n\t\t\t\t\t\t\t\t\t<div class=\"elementor-swiper\">\n\t\t\t\t\t<div class=\"elementor-slides-wrapper elementor-main-swiper swiper\" role=\"region\" aria-roledescription=\"carousel\" aria-label=\"Diapositives\" dir=\"ltr\" data-animation=\"\">\n\t\t\t\t<div class=\"swiper-wrapper elementor-slides\">\n\t\t\t\t\t\t\t\t\t\t<div class=\"elementor-repeater-item-9d95680 swiper-slide\" role=\"group\" aria-roledescription=\"slide\"><div class=\"swiper-slide-bg\" role=\"img\" aria-label=\"4-400x400\"><\/div><div class=\"swiper-slide-inner\" ><div class=\"swiper-slide-contents\"><\/div><\/div><\/div>\t\t\t\t<\/div>\n\t\t\t\t\t\t\t<\/div>\n\t\t\t\t<\/div>\n\t\t\t\t\t\t\t\t<\/div>\n\t\t\t\t<\/div>\n\t\t\t\t\t<\/div>\n\t\t<\/div>\n\t\t\t\t<div class=\"elementor-column elementor-col-50 elementor-top-column elementor-element elementor-element-336ca8b md-txt\" data-id=\"336ca8b\" data-element_type=\"column\" data-e-type=\"column\">\n\t\t\t<div class=\"elementor-widget-wrap elementor-element-populated\">\n\t\t\t\t\t\t<div class=\"elementor-element elementor-element-085a236 elementor-widget elementor-widget-text-editor\" data-id=\"085a236\" data-element_type=\"widget\" data-e-type=\"widget\" data-widget_type=\"text-editor.default\">\n\t\t\t\t<div class=\"elementor-widget-container\">\n\t\t\t\t\t\t\t\t\t<p><span style=\"color: #000000; font-family: Arial, Helvetica, SansSerif; font-size: 16px; font-style: normal; font-variant-ligatures: normal; font-variant-caps: normal; font-weight: 400; letter-spacing: normal; orphans: 2; text-align: start; text-indent: 0px; text-transform: none; widows: 2; word-spacing: 0px; -webkit-text-stroke-width: 0px; white-space: normal; background-color: #ffffff; text-decoration-thickness: initial; text-decoration-style: initial; text-decoration-color: initial; display: inline !important; float: none;\">COMSA Service desenvolupa sistemes inform\u00e0tics multiplataforma i adaptables a diferents suports per a la gesti\u00f3 assistida de les tasques de conservaci\u00f3, en l\u00ednia amb els sistemes existents de telegesti\u00f3 i de control centralitzat de les instal\u00b7lacions. <\/span><\/p>\n<p><span style=\"color: #000000; font-family: Arial, Helvetica, SansSerif; font-size: 16px; font-style: normal; font-variant-ligatures: normal; font-variant-caps: normal; font-weight: 400; letter-spacing: normal; orphans: 2; text-align: start; text-indent: 0px; text-transform: none; widows: 2; word-spacing: 0px; -webkit-text-stroke-width: 0px; white-space: normal; background-color: #ffffff; text-decoration-thickness: initial; text-decoration-style: initial; text-decoration-color: initial; display: inline !important; float: none;\">Tamb\u00e9 realitza auditories t\u00e8cniques per al diagn\u00f2stic de les instal\u00b7lacions i la seva adequaci\u00f3 a la normativa, auditories energ\u00e8tiques que inclouen estudis sobre el consum, la qualitat i l\u2019efici\u00e8ncia del sistema, aix\u00ed com estudis de viabilitat per a la definici\u00f3 i implementaci\u00f3 de projectes.<\/span><\/p>\n\t\t\t\t\t\t\t\t<\/div>\n\t\t\t\t<\/div>\n\t\t\t\t\t<\/div>\n\t\t<\/div>\n\t\t\t\t\t<\/div>\n\t\t<\/article>\n\t\t\t\t<article class=\"elementor-section elementor-top-section elementor-element elementor-element-6a58864 v-box box-line no-top-space elementor-section-boxed elementor-section-height-default elementor-section-height-default\" data-id=\"6a58864\" data-element_type=\"section\" data-e-type=\"section\">\n\t\t\t\t\t\t<div class=\"elementor-container elementor-column-gap-default\">\n\t\t\t\t\t<div class=\"elementor-column elementor-col-50 elementor-top-column elementor-element elementor-element-3c33cad0 md-txt\" data-id=\"3c33cad0\" data-element_type=\"column\" data-e-type=\"column\">\n\t\t\t<div class=\"elementor-widget-wrap elementor-element-populated\">\n\t\t\t\t\t\t<div class=\"elementor-element elementor-element-2daa408b elementor-widget elementor-widget-heading\" data-id=\"2daa408b\" data-element_type=\"widget\" data-e-type=\"widget\" data-widget_type=\"heading.default\">\n\t\t\t\t<div class=\"elementor-widget-container\">\n\t\t\t\t\t<h3 class=\"elementor-heading-title elementor-size-default\">GMAO (IMAN)<\/h3>\t\t\t\t<\/div>\n\t\t\t\t<\/div>\n\t\t\t\t<div class=\"elementor-element elementor-element-4ebc8cd elementor-widget elementor-widget-text-editor\" data-id=\"4ebc8cd\" data-element_type=\"widget\" data-e-type=\"widget\" data-widget_type=\"text-editor.default\">\n\t\t\t\t<div class=\"elementor-widget-container\">\n\t\t\t\t\t\t\t\t\t<p><span style=\"font-size: 14.992px;\">\u2013 IMAN \u00e9s una aplicaci\u00f3 inform\u00e0tica pr\u00f2pia per a la Gesti\u00f3 de Manteniment Assistit per Ordinador (GMAO), desenvolupada pel departament inform\u00e0tic de COMSA Service.<\/span><\/p>\n<p><span style=\"font-size: 14.992px;\"> <\/span><\/p>\n<p><span style=\"font-size: 14.992px;\">\u2013 Opera en multiplataforma, \u00e9s intu\u00eftiu i f\u00e0cil d\u2019utilitzar.<\/span><\/p>\n<p><span style=\"font-size: 14.992px;\"> <\/span><\/p>\n<p><span style=\"font-size: 14.992px;\">\u2013 Acc\u00e9s a les sol\u00b7licituds dels usuaris via web.<\/span><\/p>\n<p><span style=\"font-size: 14.992px;\"> <\/span><\/p>\n<p><span style=\"font-size: 14.992px;\">\u2013 Tecnologies d\u2019acc\u00e9s: WEB, PDA, SMS, etc.<\/span><\/p>\n<p><span style=\"font-size: 14.992px;\"> <\/span><\/p>\n<p><span style=\"font-size: 14.992px;\">\u2013 Incorpora un enlla\u00e7 amb els sistemes de telegesti\u00f3 i de control centralitzat de les instal\u00b7lacions.<\/span><\/p>\n\t\t\t\t\t\t\t\t<\/div>\n\t\t\t\t<\/div>\n\t\t\t\t\t<\/div>\n\t\t<\/div>\n\t\t\t\t<div class=\"elementor-column elementor-col-50 elementor-top-column elementor-element elementor-element-c94688b md-txt\" data-id=\"c94688b\" data-element_type=\"column\" data-e-type=\"column\">\n\t\t\t<div class=\"elementor-widget-wrap elementor-element-populated\">\n\t\t\t\t\t\t<div class=\"elementor-element elementor-element-7066772 elementor-widget elementor-widget-heading\" data-id=\"7066772\" data-element_type=\"widget\" data-e-type=\"widget\" data-widget_type=\"heading.default\">\n\t\t\t\t<div class=\"elementor-widget-container\">\n\t\t\t\t\t<h3 class=\"elementor-heading-title elementor-size-default\">Auditories T\u00e8cniques<\/h3>\t\t\t\t<\/div>\n\t\t\t\t<\/div>\n\t\t\t\t<div class=\"elementor-element elementor-element-f29fb14 elementor-widget elementor-widget-text-editor\" data-id=\"f29fb14\" data-element_type=\"widget\" data-e-type=\"widget\" data-widget_type=\"text-editor.default\">\n\t\t\t\t<div class=\"elementor-widget-container\">\n\t\t\t\t\t\t\t\t\t<p><span style=\"font-size: 14.992px;\">\u2013 Inventari de les instal\u00b7lacions.<\/span><\/p>\n<p><span style=\"font-size: 14.992px;\"> <\/span><\/p>\n<p><span style=\"font-size: 14.992px;\">\u2013 Diagn\u00f2stic de l\u2019estat dels equips.<\/span><\/p>\n<p><span style=\"font-size: 14.992px;\"> <\/span><\/p>\n<p><span style=\"font-size: 14.992px;\">\u2013 Adequaci\u00f3 a la normativa de les instal\u00b7lacions.<\/span><\/p>\n<p><span style=\"font-size: 14.992px;\"> <\/span><\/p>\n<p><span style=\"font-size: 14.992px;\">\u2013 An\u00e0lisi dels programes de manteniment.<\/span><\/p>\n<p><span style=\"font-size: 14.992px;\"> <\/span><\/p>\n<p><span style=\"font-size: 14.992px;\">\u2013 Propostes valorades de reforma.<\/span><\/p>\n<p><span style=\"font-size: 14.992px;\"> <\/span><\/p>\n<p><span style=\"font-size: 14.992px;\">\u2013 Elaboraci\u00f3 de programes de manteniment personalitzats.<\/span><\/p>\n\t\t\t\t\t\t\t\t<\/div>\n\t\t\t\t<\/div>\n\t\t\t\t\t<\/div>\n\t\t<\/div>\n\t\t\t\t\t<\/div>\n\t\t<\/article>\n\t\t\t\t<article class=\"elementor-section elementor-top-section elementor-element elementor-element-41f1fff v-box box-line no-top-space elementor-section-boxed elementor-section-height-default elementor-section-height-default\" data-id=\"41f1fff\" data-element_type=\"section\" data-e-type=\"section\">\n\t\t\t\t\t\t<div class=\"elementor-container elementor-column-gap-default\">\n\t\t\t\t\t<div class=\"elementor-column elementor-col-50 elementor-top-column elementor-element elementor-element-7888be1 md-txt\" data-id=\"7888be1\" data-element_type=\"column\" data-e-type=\"column\">\n\t\t\t<div class=\"elementor-widget-wrap elementor-element-populated\">\n\t\t\t\t\t\t<div class=\"elementor-element elementor-element-5d4352c elementor-widget elementor-widget-heading\" data-id=\"5d4352c\" data-element_type=\"widget\" data-e-type=\"widget\" data-widget_type=\"heading.default\">\n\t\t\t\t<div class=\"elementor-widget-container\">\n\t\t\t\t\t<h3 class=\"elementor-heading-title elementor-size-default\">Auditories Energ\u00e8tiques<\/h3>\t\t\t\t<\/div>\n\t\t\t\t<\/div>\n\t\t\t\t<div class=\"elementor-element elementor-element-3364ce2 elementor-widget elementor-widget-text-editor\" data-id=\"3364ce2\" data-element_type=\"widget\" data-e-type=\"widget\" data-widget_type=\"text-editor.default\">\n\t\t\t\t<div class=\"elementor-widget-container\">\n\t\t\t\t\t\t\t\t\t<p><span style=\"font-size: 14.992px;\">\u2013 Inventari d\u2019equips consumidors.<\/span><\/p>\n<p><span style=\"font-size: 14.992px;\"> <\/span><\/p>\n<p><span style=\"font-size: 14.992px;\">\u2013 Estudis de corbes de c\u00e0rrega i tend\u00e8ncies de consum.<\/span><\/p>\n<p><span style=\"font-size: 14.992px;\"> <\/span><\/p>\n<p><span style=\"font-size: 14.992px;\">\u2013 Control de Qualitat de l\u2019Energia.<\/span><\/p>\n<p><span style=\"font-size: 14.992px;\"> <\/span><\/p>\n<p><span style=\"font-size: 14.992px;\">\u2013 An\u00e0lisi dels contractes dels subministraments energ\u00e8tics.<\/span><\/p>\n<p><span style=\"font-size: 14.992px;\"> <\/span><\/p>\n<p><span style=\"font-size: 14.992px;\">\u2013 Efici\u00e8ncies del sistema.<\/span><\/p>\n<p><span style=\"font-size: 14.992px;\"> <\/span><\/p>\n<p><span style=\"font-size: 14.992px;\">\u2013 Explotaci\u00f3 per usuaris.<\/span><\/p>\n<p><span style=\"font-size: 14.992px;\"> <\/span><\/p>\n<p><span style=\"font-size: 14.992px;\">\u2013 Certificaci\u00f3 energ\u00e8tica.<\/span><\/p>\n\t\t\t\t\t\t\t\t<\/div>\n\t\t\t\t<\/div>\n\t\t\t\t\t<\/div>\n\t\t<\/div>\n\t\t\t\t<div class=\"elementor-column elementor-col-50 elementor-top-column elementor-element elementor-element-f567333 md-txt\" data-id=\"f567333\" data-element_type=\"column\" data-e-type=\"column\">\n\t\t\t<div class=\"elementor-widget-wrap elementor-element-populated\">\n\t\t\t\t\t\t<div class=\"elementor-element elementor-element-6f76995 elementor-widget elementor-widget-heading\" data-id=\"6f76995\" data-element_type=\"widget\" data-e-type=\"widget\" data-widget_type=\"heading.default\">\n\t\t\t\t<div class=\"elementor-widget-container\">\n\t\t\t\t\t<h3 class=\"elementor-heading-title elementor-size-default\">Estudis de Viabilitat de Projectes de Serveis Energ\u00e8tics<\/h3>\t\t\t\t<\/div>\n\t\t\t\t<\/div>\n\t\t\t\t<div class=\"elementor-element elementor-element-80bbb63 elementor-widget elementor-widget-text-editor\" data-id=\"80bbb63\" data-element_type=\"widget\" data-e-type=\"widget\" data-widget_type=\"text-editor.default\">\n\t\t\t\t<div class=\"elementor-widget-container\">\n\t\t\t\t\t\t\t\t\t<p><span style=\"font-size: 14.992px;\">\u2013 Sol\u00b7licitud i recopilaci\u00f3 d\u2019informaci\u00f3.<\/span><\/p>\n<p><span style=\"font-size: 14.992px;\"><br \/><\/span><\/p>\n<p><span style=\"font-size: 14.992px;\">\u2013 Diagn\u00f2stic energ\u00e8tic.<\/span><\/p>\n<p><span style=\"font-size: 14.992px;\"><br \/><\/span><\/p>\n<p><span style=\"font-size: 14.992px;\">\u2013 Avaluaci\u00f3 d\u2019estalvis.<\/span><\/p>\n<p><span style=\"font-size: 14.992px;\"><br \/><\/span><\/p>\n<p><span style=\"font-size: 14.992px;\">\u2013 Pla d\u2019inversions i an\u00e0lisi financera.<\/span><\/p>\n<p><span style=\"font-size: 14.992px;\"><br \/><\/span><\/p>\n<p><span style=\"font-size: 14.992px;\">\u2013 Pla de negoci.<\/span><\/p>\n<p><span style=\"font-size: 14.992px;\"><br \/><\/span><\/p>\n<p><span style=\"font-size: 14.992px;\">\u2013 \u201cContracte de compliment\u201d.<\/span><\/p>\n<p><span style=\"font-size: 14.992px;\"><br \/><\/span><\/p>\n<p><span style=\"font-size: 14.992px;\">\u2013 Definici\u00f3 i implementaci\u00f3 del projecte.<\/span><\/p>\n<p><span style=\"font-size: 14.992px;\"><br \/><\/span><\/p>\n<p><span style=\"font-size: 14.992px;\">\u2013 Durada i seguiment del projecte.<\/span><\/p>\n\t\t\t\t\t\t\t\t<\/div>\n\t\t\t\t<\/div>\n\t\t\t\t\t<\/div>\n\t\t<\/div>\n\t\t\t\t\t<\/div>\n\t\t<\/article>\n\t\t\t\t<\/div>\n\t\t","protected":false},"excerpt":{"rendered":"<p>Enginyeria de manteniment COMSA Service desenvolupa sistemes inform\u00e0tics multiplataforma i adaptables a diferents suports per a la gesti\u00f3 assistida de les tasques de conservaci\u00f3, en l\u00ednia amb els sistemes existents de telegesti\u00f3 i de control centralitzat de les instal\u00b7lacions. Tamb\u00e9 realitza auditories t\u00e8cniques per al diagn\u00f2stic de les instal\u00b7lacions i la seva adequaci\u00f3 a la [&hellip;]<\/p>\n","protected":false},"author":1,"featured_media":0,"parent":0,"menu_order":0,"comment_status":"closed","ping_status":"closed","template":"","meta":{"footnotes":""},"class_list":["post-19907","page","type-page","status-publish","hentry"],"yoast_head":"<!-- This site is optimized with the Yoast SEO plugin v26.2 - https:\/\/yoast.com\/wordpress\/plugins\/seo\/ -->\n<title>Enginyeria de manteniment - COMSA SERVICE<\/title>\n<meta name=\"description\" content=\"Enginyeria de manteniment COMSA Service desenvolupa sistemes inform\u00e0tics multiplataforma i adaptables a diferents suports per a la gesti\u00f3 assistida de les\" \/>\n<meta name=\"robots\" content=\"index, follow, max-snippet:-1, max-image-preview:large, max-video-preview:-1\" \/>\n<link rel=\"canonical\" href=\"https:\/\/comsaservice.com\/ca\/enginyeria-de-manteniment\/\" \/>\n<meta property=\"og:locale\" content=\"ca_ES\" \/>\n<meta property=\"og:type\" content=\"article\" \/>\n<meta property=\"og:title\" content=\"Enginyeria de manteniment - COMSA SERVICE\" \/>\n<meta property=\"og:description\" content=\"Enginyeria de manteniment COMSA Service desenvolupa sistemes inform\u00e0tics multiplataforma i adaptables a diferents suports per a la gesti\u00f3 assistida de les\" \/>\n<meta property=\"og:url\" content=\"https:\/\/comsaservice.com\/ca\/enginyeria-de-manteniment\/\" \/>\n<meta property=\"og:site_name\" content=\"COMSA SERVICE\" \/>\n<meta property=\"article:modified_time\" content=\"2023-06-12T10:19:46+00:00\" \/>\n<meta name=\"twitter:card\" content=\"summary_large_image\" \/>\n<meta name=\"twitter:label1\" content=\"Temps estimat de lectura\" \/>\n\t<meta name=\"twitter:data1\" content=\"1 minut\" \/>\n<script type=\"application\/ld+json\" class=\"yoast-schema-graph\">{\"@context\":\"https:\/\/schema.org\",\"@graph\":[{\"@type\":\"WebPage\",\"@id\":\"https:\/\/comsaservice.com\/ca\/enginyeria-de-manteniment\/\",\"url\":\"https:\/\/comsaservice.com\/ca\/enginyeria-de-manteniment\/\",\"name\":\"Enginyeria de manteniment - COMSA SERVICE\",\"isPartOf\":{\"@id\":\"https:\/\/comsaservice.com\/ca\/#website\"},\"datePublished\":\"2023-06-12T10:14:49+00:00\",\"dateModified\":\"2023-06-12T10:19:46+00:00\",\"description\":\"Enginyeria de manteniment COMSA Service desenvolupa sistemes inform\u00e0tics multiplataforma i adaptables a diferents suports per a la gesti\u00f3 assistida de les\",\"breadcrumb\":{\"@id\":\"https:\/\/comsaservice.com\/ca\/enginyeria-de-manteniment\/#breadcrumb\"},\"inLanguage\":\"ca\",\"potentialAction\":[{\"@type\":\"ReadAction\",\"target\":[\"https:\/\/comsaservice.com\/ca\/enginyeria-de-manteniment\/\"]}]},{\"@type\":\"BreadcrumbList\",\"@id\":\"https:\/\/comsaservice.com\/ca\/enginyeria-de-manteniment\/#breadcrumb\",\"itemListElement\":[{\"@type\":\"ListItem\",\"position\":1,\"name\":\"Inicio\",\"item\":\"https:\/\/comsaservice.com\/ca\/\"},{\"@type\":\"ListItem\",\"position\":2,\"name\":\"Enginyeria de manteniment\"}]},{\"@type\":\"WebSite\",\"@id\":\"https:\/\/comsaservice.com\/ca\/#website\",\"url\":\"https:\/\/comsaservice.com\/ca\/\",\"name\":\"COMSA SERVICE\",\"description\":\"COMSA SERVICE\",\"publisher\":{\"@id\":\"https:\/\/comsaservice.com\/ca\/#organization\"},\"potentialAction\":[{\"@type\":\"SearchAction\",\"target\":{\"@type\":\"EntryPoint\",\"urlTemplate\":\"https:\/\/comsaservice.com\/ca\/?s={search_term_string}\"},\"query-input\":{\"@type\":\"PropertyValueSpecification\",\"valueRequired\":true,\"valueName\":\"search_term_string\"}}],\"inLanguage\":\"ca\"},{\"@type\":\"Organization\",\"@id\":\"https:\/\/comsaservice.com\/ca\/#organization\",\"name\":\"GMF | Gesti\u00f3n de Maquinaria Ferroviaria\",\"url\":\"https:\/\/comsaservice.com\/ca\/\",\"logo\":{\"@type\":\"ImageObject\",\"inLanguage\":\"ca\",\"@id\":\"https:\/\/comsaservice.com\/ca\/#\/schema\/logo\/image\/\",\"url\":\"https:\/\/comsaservice.multisite.comsa.com\/wp-content\/uploads\/sites\/6\/logo-gmf-1.png\",\"contentUrl\":\"https:\/\/comsaservice.multisite.comsa.com\/wp-content\/uploads\/sites\/6\/logo-gmf-1.png\",\"width\":435,\"height\":60,\"caption\":\"GMF | Gesti\u00f3n de Maquinaria Ferroviaria\"},\"image\":{\"@id\":\"https:\/\/comsaservice.com\/ca\/#\/schema\/logo\/image\/\"}}]}<\/script>\n<!-- \/ Yoast SEO plugin. -->","yoast_head_json":{"title":"Enginyeria de manteniment - COMSA SERVICE","description":"Enginyeria de manteniment COMSA Service desenvolupa sistemes inform\u00e0tics multiplataforma i adaptables a diferents suports per a la gesti\u00f3 assistida de les","robots":{"index":"index","follow":"follow","max-snippet":"max-snippet:-1","max-image-preview":"max-image-preview:large","max-video-preview":"max-video-preview:-1"},"canonical":"https:\/\/comsaservice.com\/ca\/enginyeria-de-manteniment\/","og_locale":"ca_ES","og_type":"article","og_title":"Enginyeria de manteniment - COMSA SERVICE","og_description":"Enginyeria de manteniment COMSA Service desenvolupa sistemes inform\u00e0tics multiplataforma i adaptables a diferents suports per a la gesti\u00f3 assistida de les","og_url":"https:\/\/comsaservice.com\/ca\/enginyeria-de-manteniment\/","og_site_name":"COMSA SERVICE","article_modified_time":"2023-06-12T10:19:46+00:00","twitter_card":"summary_large_image","twitter_misc":{"Temps estimat de lectura":"1 minut"},"schema":{"@context":"https:\/\/schema.org","@graph":[{"@type":"WebPage","@id":"https:\/\/comsaservice.com\/ca\/enginyeria-de-manteniment\/","url":"https:\/\/comsaservice.com\/ca\/enginyeria-de-manteniment\/","name":"Enginyeria de manteniment - COMSA SERVICE","isPartOf":{"@id":"https:\/\/comsaservice.com\/ca\/#website"},"datePublished":"2023-06-12T10:14:49+00:00","dateModified":"2023-06-12T10:19:46+00:00","description":"Enginyeria de manteniment COMSA Service desenvolupa sistemes inform\u00e0tics multiplataforma i adaptables a diferents suports per a la gesti\u00f3 assistida de les","breadcrumb":{"@id":"https:\/\/comsaservice.com\/ca\/enginyeria-de-manteniment\/#breadcrumb"},"inLanguage":"ca","potentialAction":[{"@type":"ReadAction","target":["https:\/\/comsaservice.com\/ca\/enginyeria-de-manteniment\/"]}]},{"@type":"BreadcrumbList","@id":"https:\/\/comsaservice.com\/ca\/enginyeria-de-manteniment\/#breadcrumb","itemListElement":[{"@type":"ListItem","position":1,"name":"Inicio","item":"https:\/\/comsaservice.com\/ca\/"},{"@type":"ListItem","position":2,"name":"Enginyeria de manteniment"}]},{"@type":"WebSite","@id":"https:\/\/comsaservice.com\/ca\/#website","url":"https:\/\/comsaservice.com\/ca\/","name":"COMSA SERVICE","description":"COMSA SERVICE","publisher":{"@id":"https:\/\/comsaservice.com\/ca\/#organization"},"potentialAction":[{"@type":"SearchAction","target":{"@type":"EntryPoint","urlTemplate":"https:\/\/comsaservice.com\/ca\/?s={search_term_string}"},"query-input":{"@type":"PropertyValueSpecification","valueRequired":true,"valueName":"search_term_string"}}],"inLanguage":"ca"},{"@type":"Organization","@id":"https:\/\/comsaservice.com\/ca\/#organization","name":"GMF | Gesti\u00f3n de Maquinaria Ferroviaria","url":"https:\/\/comsaservice.com\/ca\/","logo":{"@type":"ImageObject","inLanguage":"ca","@id":"https:\/\/comsaservice.com\/ca\/#\/schema\/logo\/image\/","url":"https:\/\/comsaservice.multisite.comsa.com\/wp-content\/uploads\/sites\/6\/logo-gmf-1.png","contentUrl":"https:\/\/comsaservice.multisite.comsa.com\/wp-content\/uploads\/sites\/6\/logo-gmf-1.png","width":435,"height":60,"caption":"GMF | Gesti\u00f3n de Maquinaria Ferroviaria"},"image":{"@id":"https:\/\/comsaservice.com\/ca\/#\/schema\/logo\/image\/"}}]}},"_links":{"self":[{"href":"https:\/\/comsaservice.com\/ca\/wp-json\/wp\/v2\/pages\/19907","targetHints":{"allow":["GET"]}}],"collection":[{"href":"https:\/\/comsaservice.com\/ca\/wp-json\/wp\/v2\/pages"}],"about":[{"href":"https:\/\/comsaservice.com\/ca\/wp-json\/wp\/v2\/types\/page"}],"author":[{"embeddable":true,"href":"https:\/\/comsaservice.com\/ca\/wp-json\/wp\/v2\/users\/1"}],"replies":[{"embeddable":true,"href":"https:\/\/comsaservice.com\/ca\/wp-json\/wp\/v2\/comments?post=19907"}],"version-history":[{"count":2,"href":"https:\/\/comsaservice.com\/ca\/wp-json\/wp\/v2\/pages\/19907\/revisions"}],"predecessor-version":[{"id":19913,"href":"https:\/\/comsaservice.com\/ca\/wp-json\/wp\/v2\/pages\/19907\/revisions\/19913"}],"wp:attachment":[{"href":"https:\/\/comsaservice.com\/ca\/wp-json\/wp\/v2\/media?parent=19907"}],"curies":[{"name":"wp","href":"https:\/\/api.w.org\/{rel}","templated":true}]}}