{"id":19886,"date":"2023-06-12T12:00:33","date_gmt":"2023-06-12T10:00:33","guid":{"rendered":"https:\/\/comsaservice.com\/fonts-i-illuminacions-ornamentals\/"},"modified":"2023-06-12T12:03:16","modified_gmt":"2023-06-12T10:03:16","slug":"fonts-i-illuminacions-ornamentals","status":"publish","type":"page","link":"https:\/\/comsaservice.com\/ca\/divisions\/fonts-i-illuminacions-ornamentals\/","title":{"rendered":"Fonts i il\u00b7luminacions ornamentals"},"content":{"rendered":"\t\t<div data-elementor-type=\"wp-page\" data-elementor-id=\"19886\" class=\"elementor elementor-19886 elementor-19176\" data-elementor-post-type=\"page\">\n\t\t\t\t\t\t<section class=\"elementor-section elementor-top-section elementor-element elementor-element-207da79 v-head elementor-section-boxed elementor-section-height-default elementor-section-height-default\" data-id=\"207da79\" data-element_type=\"section\" data-e-type=\"section\">\n\t\t\t\t\t\t<div class=\"elementor-container elementor-column-gap-default\">\n\t\t\t\t\t<div class=\"elementor-column elementor-col-100 elementor-top-column elementor-element elementor-element-2da41a7\" data-id=\"2da41a7\" data-element_type=\"column\" data-e-type=\"column\">\n\t\t\t<div class=\"elementor-widget-wrap elementor-element-populated\">\n\t\t\t\t\t\t<div class=\"elementor-element elementor-element-c50a17c elementor-widget elementor-widget-heading\" data-id=\"c50a17c\" data-element_type=\"widget\" data-e-type=\"widget\" data-widget_type=\"heading.default\">\n\t\t\t\t<div class=\"elementor-widget-container\">\n\t\t\t\t\t<h1 class=\"elementor-heading-title elementor-size-default\">Fonts i il\u00b7luminacions ornamentals<\/h1>\t\t\t\t<\/div>\n\t\t\t\t<\/div>\n\t\t\t\t\t<\/div>\n\t\t<\/div>\n\t\t\t\t\t<\/div>\n\t\t<\/section>\n\t\t\t\t<article class=\"elementor-section elementor-top-section elementor-element elementor-element-e199150 v-box box-line no-top-space elementor-section-boxed elementor-section-height-default elementor-section-height-default\" data-id=\"e199150\" data-element_type=\"section\" data-e-type=\"section\">\n\t\t\t\t\t\t<div class=\"elementor-container elementor-column-gap-default\">\n\t\t\t\t\t<div class=\"elementor-column elementor-col-50 elementor-top-column elementor-element elementor-element-caa8051 md-box\" data-id=\"caa8051\" data-element_type=\"column\" data-e-type=\"column\">\n\t\t\t<div class=\"elementor-widget-wrap elementor-element-populated\">\n\t\t\t\t\t\t<div class=\"elementor-element elementor-element-69766d9 md-actislide elementor--h-position-center elementor--v-position-middle elementor-pagination-position-inside elementor-widget elementor-widget-slides\" data-id=\"69766d9\" data-element_type=\"widget\" data-e-type=\"widget\" data-settings=\"{&quot;navigation&quot;:&quot;dots&quot;,&quot;transition&quot;:&quot;fade&quot;,&quot;autoplay&quot;:&quot;yes&quot;,&quot;pause_on_hover&quot;:&quot;yes&quot;,&quot;pause_on_interaction&quot;:&quot;yes&quot;,&quot;autoplay_speed&quot;:5000,&quot;infinite&quot;:&quot;yes&quot;,&quot;transition_speed&quot;:500}\" data-widget_type=\"slides.default\">\n\t\t\t\t<div class=\"elementor-widget-container\">\n\t\t\t\t\t\t\t\t\t<div class=\"elementor-swiper\">\n\t\t\t\t\t<div class=\"elementor-slides-wrapper elementor-main-swiper swiper\" role=\"region\" aria-roledescription=\"carousel\" aria-label=\"Diapositives\" dir=\"ltr\" data-animation=\"\">\n\t\t\t\t<div class=\"swiper-wrapper elementor-slides\">\n\t\t\t\t\t\t\t\t\t\t<div class=\"elementor-repeater-item-9d95680 swiper-slide\" role=\"group\" aria-roledescription=\"slide\"><div class=\"swiper-slide-bg\" role=\"img\" aria-label=\"5-1-400x400\"><\/div><div class=\"swiper-slide-inner\" ><div class=\"swiper-slide-contents\"><\/div><\/div><\/div>\t\t\t\t<\/div>\n\t\t\t\t\t\t\t<\/div>\n\t\t\t\t<\/div>\n\t\t\t\t\t\t\t\t<\/div>\n\t\t\t\t<\/div>\n\t\t\t\t\t<\/div>\n\t\t<\/div>\n\t\t\t\t<div class=\"elementor-column elementor-col-50 elementor-top-column elementor-element elementor-element-336ca8b md-txt\" data-id=\"336ca8b\" data-element_type=\"column\" data-e-type=\"column\">\n\t\t\t<div class=\"elementor-widget-wrap elementor-element-populated\">\n\t\t\t\t\t\t<div class=\"elementor-element elementor-element-9cb4997 elementor-widget elementor-widget-heading\" data-id=\"9cb4997\" data-element_type=\"widget\" data-e-type=\"widget\" data-widget_type=\"heading.default\">\n\t\t\t\t<div class=\"elementor-widget-container\">\n\t\t\t\t\t<h3 class=\"elementor-heading-title elementor-size-default\">COMSA Service, a trav\u00e9s de la seva divisi\u00f3 de Fonts Ornamentals, realitza el disseny, l\u2019enginyeria, l\u2019execuci\u00f3 i el manteniment de tot tipus de fonts ornamentals<\/h3>\t\t\t\t<\/div>\n\t\t\t\t<\/div>\n\t\t\t\t<div class=\"elementor-element elementor-element-085a236 elementor-widget elementor-widget-text-editor\" data-id=\"085a236\" data-element_type=\"widget\" data-e-type=\"widget\" data-widget_type=\"text-editor.default\">\n\t\t\t\t<div class=\"elementor-widget-container\">\n\t\t\t\t\t\t\t\t\t<\/p>\n<p style=\"box-sizing: border-box; margin: 0px 0px 10px; color: #000000; font-family: Arial, Helvetica, SansSerif; font-size: 16px; font-style: normal; font-variant-ligatures: normal; font-variant-caps: normal; font-weight: 400; letter-spacing: normal; orphans: 2; text-indent: 0px; text-transform: none; widows: 2; word-spacing: 0px; -webkit-text-stroke-width: 0px; white-space: normal; background-color: #ffffff; text-decoration-thickness: initial; text-decoration-style: initial; text-decoration-color: initial; text-align: left;\">Des de les m\u00e9s simples fins a les que incorporen llum, so i efectes especials, d\u2019acord amb els criteris de sostenibilitat mediambiental i efici\u00e8ncia energ\u00e8tica.<\/p>\n<p style=\"box-sizing: border-box; margin: 0px 0px 10px; color: #000000; font-family: Arial, Helvetica, SansSerif; font-size: 16px; font-style: normal; font-variant-ligatures: normal; font-variant-caps: normal; font-weight: 400; letter-spacing: normal; orphans: 2; text-indent: 0px; text-transform: none; widows: 2; word-spacing: 0px; -webkit-text-stroke-width: 0px; white-space: normal; background-color: #ffffff; text-decoration-thickness: initial; text-decoration-style: initial; text-decoration-color: initial; text-align: left;\">Aquesta divisi\u00f3, que integra la marca de l\u2019Oficina T\u00e9cnica Buigas, ofereix a administracions, enginyeries i despatxos d\u2019arquitectes la seva col\u00b7laboraci\u00f3 per desenvolupar projectes mitjan\u00e7ant l\u2019aportaci\u00f3 d\u2019una visi\u00f3 tant t\u00e8cnica com art\u00edstica.<\/p>\n<p style=\"box-sizing: border-box; margin: 0px 0px 10px; color: #000000; font-family: Arial, Helvetica, SansSerif; font-size: 16px; font-style: normal; font-variant-ligatures: normal; font-variant-caps: normal; font-weight: 400; letter-spacing: normal; orphans: 2; text-indent: 0px; text-transform: none; widows: 2; word-spacing: 0px; -webkit-text-stroke-width: 0px; white-space: normal; background-color: #ffffff; text-decoration-thickness: initial; text-decoration-style: initial; text-decoration-color: initial; text-align: left;\">COMSA Service \u00e9s una empresa de refer\u00e8ncia mundial en el mercat de fonts i ha executat instal\u00b7lacions per a administracions p\u00fabliques i clients privats en pa\u00efsos com Ar\u00e0bia Saudita, Canad\u00e0, Corea del Sud, Dinamarca, Espanya, Estats Units, Fran\u00e7a, Jap\u00f3, Marroc, Rep\u00fablica Dominicana, entre d\u2019altres.<\/p>\n\t\t\t\t\t\t\t\t<\/div>\n\t\t\t\t<\/div>\n\t\t\t\t\t<\/div>\n\t\t<\/div>\n\t\t\t\t\t<\/div>\n\t\t<\/article>\n\t\t\t\t<article class=\"elementor-section elementor-top-section elementor-element elementor-element-559f99b9 v-box box-line no-top-space elementor-section-boxed elementor-section-height-default elementor-section-height-default\" data-id=\"559f99b9\" data-element_type=\"section\" data-e-type=\"section\">\n\t\t\t\t\t\t<div class=\"elementor-container elementor-column-gap-default\">\n\t\t\t\t\t<div class=\"elementor-column elementor-col-100 elementor-top-column elementor-element elementor-element-452847e9 md-txt\" data-id=\"452847e9\" data-element_type=\"column\" data-e-type=\"column\">\n\t\t\t<div class=\"elementor-widget-wrap elementor-element-populated\">\n\t\t\t\t\t\t<div class=\"elementor-element elementor-element-15404a77 elementor-widget elementor-widget-heading\" data-id=\"15404a77\" data-element_type=\"widget\" data-e-type=\"widget\" data-widget_type=\"heading.default\">\n\t\t\t\t<div class=\"elementor-widget-container\">\n\t\t\t\t\t<h3 class=\"elementor-heading-title elementor-size-default\">Abast del servei<\/h3>\t\t\t\t<\/div>\n\t\t\t\t<\/div>\n\t\t\t\t<div class=\"elementor-element elementor-element-46f322d elementor-widget elementor-widget-text-editor\" data-id=\"46f322d\" data-element_type=\"widget\" data-e-type=\"widget\" data-widget_type=\"text-editor.default\">\n\t\t\t\t<div class=\"elementor-widget-container\">\n\t\t\t\t\t\t\t\t\t<p>\u2013 Estudi i projecte personalitzat adequat a l\u2019empla\u00e7ament.<\/p>\n<p>\u2013 Disseny de la volumetria i detalls constructius per a fonts, cascades i il\u00b7luminacions.<\/p>\n<p>\u2013 Instal\u00b7laci\u00f3 d\u2019elements hidr\u00e0ulics, el\u00e8ctrics, electr\u00f2nics, sonoritzaci\u00f3 i efectes especials.<\/p>\n<p>\u2013 Operacions de manteniment, reconstrucci\u00f3 i remodelaci\u00f3 d\u2019instal\u00b7lacions antigues.<\/p>\n<p>\u2013 Automatitzaci\u00f3 d\u2019instal\u00b7lacions, telecontrol, c\u00e0meres web en l\u00ednia, etc.<\/p>\n<p>\u2013 Assessorament t\u00e8cnic i art\u00edstic a enginyers, arquitectes i urbanistes.<\/p>\n\t\t\t\t\t\t\t\t<\/div>\n\t\t\t\t<\/div>\n\t\t\t\t\t<\/div>\n\t\t<\/div>\n\t\t\t\t\t<\/div>\n\t\t<\/article>\n\t\t\t\t<article class=\"elementor-section elementor-top-section elementor-element elementor-element-4b3ec12 v-box box-line no-top-space elementor-section-boxed elementor-section-height-default elementor-section-height-default\" data-id=\"4b3ec12\" data-element_type=\"section\" data-e-type=\"section\">\n\t\t\t\t\t\t<div class=\"elementor-container elementor-column-gap-default\">\n\t\t\t\t\t<div class=\"elementor-column elementor-col-100 elementor-top-column elementor-element elementor-element-e85b56b md-txt\" data-id=\"e85b56b\" data-element_type=\"column\" data-e-type=\"column\">\n\t\t\t<div class=\"elementor-widget-wrap elementor-element-populated\">\n\t\t\t\t\t\t<div class=\"elementor-element elementor-element-f8f21a6 elementor-widget elementor-widget-heading\" data-id=\"f8f21a6\" data-element_type=\"widget\" data-e-type=\"widget\" data-widget_type=\"heading.default\">\n\t\t\t\t<div class=\"elementor-widget-container\">\n\t\t\t\t\t<h3 class=\"elementor-heading-title elementor-size-default\">Fonts i empla\u00e7aments<\/h3>\t\t\t\t<\/div>\n\t\t\t\t<\/div>\n\t\t\t\t<div class=\"elementor-element elementor-element-b21e281 elementor-widget elementor-widget-text-editor\" data-id=\"b21e281\" data-element_type=\"widget\" data-e-type=\"widget\" data-widget_type=\"text-editor.default\">\n\t\t\t\t<div class=\"elementor-widget-container\">\n\t\t\t\t\t\t\t\t\t<p>\u2013\u00a0<strong>Fonts est\u00e0tiques:<\/strong>\u00a0Sense canvis o amb variacions molt espaiades i sense condicionants espec\u00edfics per a la seva ubicaci\u00f3.<\/p><p>\u2013\u00a0<strong>Fonts canviants:<\/strong>\u00a0Canvien en formes i colors, recomanables per a parcs i espais enjardinats, places molt \u00e0mplies, zones de vianants, etc.<\/p><p>\u2013\u00a0<strong>Fonts musicals espectaculars:<\/strong>\u00a0Destinades a convertir-se en centres d\u2019atracci\u00f3, ubicades en espais allunyats de la circulaci\u00f3 rodada que permeten una gran aflu\u00e8ncia de p\u00fablic.<\/p><p>\u2013\u00a0<strong>Fonts visitables i interactives:<\/strong>\u00a0Nens i adults poden interactuar amb la font i crear les seves pr\u00f2pies coreografies. Conv\u00e9 situar-les en places, zones de vianants, parcs, jardins o qualsevol \u00e0rea recreativa.<\/p><p>\u2013\u00a0<strong>Fonts singulars:<\/strong>\u00a0Incorporen escultures, rellotges d\u2019aigua, cascades, nombres i qualsevol element art\u00edstic per destacar. No requereixen un empla\u00e7ament especial.<\/p><p>\u2013\u00a0<strong>Fonts cibern\u00e8tiques:<\/strong>\u00a0Incorporen la tecnologia m\u00e9s moderna: l\u00e0ser, fum, flames, focs artificials, espectaculars escenes de llum i color, m\u00fasica, etc. Conv\u00e9 situar-les en espais amplis i apartats de la circulaci\u00f3 rodada, parcs d\u2019atraccions, jardins, boscos urbans, centres comercials, etc.<\/p><p>\u2013\u00a0<strong>Pantalla d\u2019aigua digital:<\/strong>\u00a0Font especial que, mitjan\u00e7ant una cortina d\u2019aigua informatitzada, recrea imatges, lletres, s\u00edmbols, etc. Recomanables per a esdeveniments, fires, exposicions, etc.<\/p>\t\t\t\t\t\t\t\t<\/div>\n\t\t\t\t<\/div>\n\t\t\t\t\t<\/div>\n\t\t<\/div>\n\t\t\t\t\t<\/div>\n\t\t<\/article>\n\t\t\t\t<article class=\"elementor-section elementor-top-section elementor-element elementor-element-5326637 v-box box-line no-top-space elementor-section-boxed elementor-section-height-default elementor-section-height-default\" data-id=\"5326637\" data-element_type=\"section\" data-e-type=\"section\">\n\t\t\t\t\t\t<div class=\"elementor-container elementor-column-gap-default\">\n\t\t\t\t\t<div class=\"elementor-column elementor-col-100 elementor-top-column elementor-element elementor-element-8a9e81d md-txt\" data-id=\"8a9e81d\" data-element_type=\"column\" data-e-type=\"column\">\n\t\t\t<div class=\"elementor-widget-wrap elementor-element-populated\">\n\t\t\t\t\t\t<div class=\"elementor-element elementor-element-74ccce9 elementor-widget elementor-widget-heading\" data-id=\"74ccce9\" data-element_type=\"widget\" data-e-type=\"widget\" data-widget_type=\"heading.default\">\n\t\t\t\t<div class=\"elementor-widget-container\">\n\t\t\t\t\t<h3 class=\"elementor-heading-title elementor-size-default\">Oficina T\u00e9cnica Buigas (OTB)<\/h3>\t\t\t\t<\/div>\n\t\t\t\t<\/div>\n\t\t\t\t<div class=\"elementor-element elementor-element-f55ee45 elementor-widget elementor-widget-text-editor\" data-id=\"f55ee45\" data-element_type=\"widget\" data-e-type=\"widget\" data-widget_type=\"text-editor.default\">\n\t\t\t\t<div class=\"elementor-widget-container\">\n\t\t\t\t\t\t\t\t\t<p><span style=\"font-size: 14.992px;\">L\u2019any 1996 COMSA Service, dins del seu proc\u00e9s de diversificaci\u00f3, integra la marca distintiva de qualitat i prestigi de la divisi\u00f3 OTB (Oficina T\u00e9cnica Buigas), l\u2019especialitat de la qual \u00e9s el tractament espectacular de l\u2019aigua, la llum i el so.<\/span><\/p><p><span style=\"font-size: 14.992px;\">OTB la va fundar fa m\u00e9s de 75 anys Carlos Buigas, dissenyador de la \u201cFont M\u00e0gica de Montju\u00efc\u201d, i des d\u2019aleshores ha realitzat fonts ornamentals i espectacles d\u2019aigua i llum a tot el m\u00f3n.<\/span><\/p>\n<p><a href=\"https:\/\/www.otb.es\/\">https:\/\/www.otb.es\/<\/a><\/p>\t\t\t\t\t\t\t\t<\/div>\n\t\t\t\t<\/div>\n\t\t\t\t\t<\/div>\n\t\t<\/div>\n\t\t\t\t\t<\/div>\n\t\t<\/article>\n\t\t\t\t<\/div>\n\t\t","protected":false},"excerpt":{"rendered":"<p>Fonts i il\u00b7luminacions ornamentals COMSA Service, a trav\u00e9s de la seva divisi\u00f3 de Fonts Ornamentals, realitza el disseny, l\u2019enginyeria, l\u2019execuci\u00f3 i el manteniment de tot tipus de fonts ornamentals Des de les m\u00e9s simples fins a les que incorporen llum, so i efectes especials, d\u2019acord amb els criteris de sostenibilitat mediambiental i efici\u00e8ncia energ\u00e8tica. Aquesta [&hellip;]<\/p>\n","protected":false},"author":1,"featured_media":0,"parent":19861,"menu_order":0,"comment_status":"closed","ping_status":"closed","template":"","meta":{"footnotes":""},"class_list":["post-19886","page","type-page","status-publish","hentry"],"yoast_head":"<!-- This site is optimized with the Yoast SEO plugin v26.2 - https:\/\/yoast.com\/wordpress\/plugins\/seo\/ -->\n<title>Fonts i il\u00b7luminacions ornamentals - COMSA SERVICE<\/title>\n<meta name=\"description\" content=\"Fonts i il\u00b7luminacions ornamentals COMSA Service, a trav\u00e9s de la seva divisi\u00f3 de Fonts Ornamentals, realitza el disseny, l\u2019enginyeria, l\u2019execuci\u00f3 i el\" \/>\n<meta name=\"robots\" content=\"index, follow, max-snippet:-1, max-image-preview:large, max-video-preview:-1\" \/>\n<link rel=\"canonical\" href=\"https:\/\/comsaservice.com\/ca\/divisions\/fonts-i-illuminacions-ornamentals\/\" \/>\n<meta property=\"og:locale\" content=\"ca_ES\" \/>\n<meta property=\"og:type\" content=\"article\" \/>\n<meta property=\"og:title\" content=\"Fonts i il\u00b7luminacions ornamentals - COMSA SERVICE\" \/>\n<meta property=\"og:description\" content=\"Fonts i il\u00b7luminacions ornamentals COMSA Service, a trav\u00e9s de la seva divisi\u00f3 de Fonts Ornamentals, realitza el disseny, l\u2019enginyeria, l\u2019execuci\u00f3 i el\" \/>\n<meta property=\"og:url\" content=\"https:\/\/comsaservice.com\/ca\/divisions\/fonts-i-illuminacions-ornamentals\/\" \/>\n<meta property=\"og:site_name\" content=\"COMSA SERVICE\" \/>\n<meta property=\"article:modified_time\" content=\"2023-06-12T10:03:16+00:00\" \/>\n<meta name=\"twitter:card\" content=\"summary_large_image\" \/>\n<meta name=\"twitter:label1\" content=\"Temps estimat de lectura\" \/>\n\t<meta name=\"twitter:data1\" content=\"3 minuts\" \/>\n<script type=\"application\/ld+json\" class=\"yoast-schema-graph\">{\"@context\":\"https:\/\/schema.org\",\"@graph\":[{\"@type\":\"WebPage\",\"@id\":\"https:\/\/comsaservice.com\/ca\/divisions\/fonts-i-illuminacions-ornamentals\/\",\"url\":\"https:\/\/comsaservice.com\/ca\/divisions\/fonts-i-illuminacions-ornamentals\/\",\"name\":\"Fonts i il\u00b7luminacions ornamentals - COMSA SERVICE\",\"isPartOf\":{\"@id\":\"https:\/\/comsaservice.com\/ca\/#website\"},\"datePublished\":\"2023-06-12T10:00:33+00:00\",\"dateModified\":\"2023-06-12T10:03:16+00:00\",\"description\":\"Fonts i il\u00b7luminacions ornamentals COMSA Service, a trav\u00e9s de la seva divisi\u00f3 de Fonts Ornamentals, realitza el disseny, l\u2019enginyeria, l\u2019execuci\u00f3 i el\",\"breadcrumb\":{\"@id\":\"https:\/\/comsaservice.com\/ca\/divisions\/fonts-i-illuminacions-ornamentals\/#breadcrumb\"},\"inLanguage\":\"ca\",\"potentialAction\":[{\"@type\":\"ReadAction\",\"target\":[\"https:\/\/comsaservice.com\/ca\/divisions\/fonts-i-illuminacions-ornamentals\/\"]}]},{\"@type\":\"BreadcrumbList\",\"@id\":\"https:\/\/comsaservice.com\/ca\/divisions\/fonts-i-illuminacions-ornamentals\/#breadcrumb\",\"itemListElement\":[{\"@type\":\"ListItem\",\"position\":1,\"name\":\"Inicio\",\"item\":\"https:\/\/comsaservice.com\/ca\/\"},{\"@type\":\"ListItem\",\"position\":2,\"name\":\"Fonts i il\u00b7luminacions ornamentals\"}]},{\"@type\":\"WebSite\",\"@id\":\"https:\/\/comsaservice.com\/ca\/#website\",\"url\":\"https:\/\/comsaservice.com\/ca\/\",\"name\":\"COMSA SERVICE\",\"description\":\"COMSA SERVICE\",\"publisher\":{\"@id\":\"https:\/\/comsaservice.com\/ca\/#organization\"},\"potentialAction\":[{\"@type\":\"SearchAction\",\"target\":{\"@type\":\"EntryPoint\",\"urlTemplate\":\"https:\/\/comsaservice.com\/ca\/?s={search_term_string}\"},\"query-input\":{\"@type\":\"PropertyValueSpecification\",\"valueRequired\":true,\"valueName\":\"search_term_string\"}}],\"inLanguage\":\"ca\"},{\"@type\":\"Organization\",\"@id\":\"https:\/\/comsaservice.com\/ca\/#organization\",\"name\":\"GMF | Gesti\u00f3n de Maquinaria Ferroviaria\",\"url\":\"https:\/\/comsaservice.com\/ca\/\",\"logo\":{\"@type\":\"ImageObject\",\"inLanguage\":\"ca\",\"@id\":\"https:\/\/comsaservice.com\/ca\/#\/schema\/logo\/image\/\",\"url\":\"https:\/\/comsaservice.multisite.comsa.com\/wp-content\/uploads\/sites\/6\/logo-gmf-1.png\",\"contentUrl\":\"https:\/\/comsaservice.multisite.comsa.com\/wp-content\/uploads\/sites\/6\/logo-gmf-1.png\",\"width\":435,\"height\":60,\"caption\":\"GMF | Gesti\u00f3n de Maquinaria Ferroviaria\"},\"image\":{\"@id\":\"https:\/\/comsaservice.com\/ca\/#\/schema\/logo\/image\/\"}}]}<\/script>\n<!-- \/ Yoast SEO plugin. -->","yoast_head_json":{"title":"Fonts i il\u00b7luminacions ornamentals - COMSA SERVICE","description":"Fonts i il\u00b7luminacions ornamentals COMSA Service, a trav\u00e9s de la seva divisi\u00f3 de Fonts Ornamentals, realitza el disseny, l\u2019enginyeria, l\u2019execuci\u00f3 i el","robots":{"index":"index","follow":"follow","max-snippet":"max-snippet:-1","max-image-preview":"max-image-preview:large","max-video-preview":"max-video-preview:-1"},"canonical":"https:\/\/comsaservice.com\/ca\/divisions\/fonts-i-illuminacions-ornamentals\/","og_locale":"ca_ES","og_type":"article","og_title":"Fonts i il\u00b7luminacions ornamentals - COMSA SERVICE","og_description":"Fonts i il\u00b7luminacions ornamentals COMSA Service, a trav\u00e9s de la seva divisi\u00f3 de Fonts Ornamentals, realitza el disseny, l\u2019enginyeria, l\u2019execuci\u00f3 i el","og_url":"https:\/\/comsaservice.com\/ca\/divisions\/fonts-i-illuminacions-ornamentals\/","og_site_name":"COMSA SERVICE","article_modified_time":"2023-06-12T10:03:16+00:00","twitter_card":"summary_large_image","twitter_misc":{"Temps estimat de lectura":"3 minuts"},"schema":{"@context":"https:\/\/schema.org","@graph":[{"@type":"WebPage","@id":"https:\/\/comsaservice.com\/ca\/divisions\/fonts-i-illuminacions-ornamentals\/","url":"https:\/\/comsaservice.com\/ca\/divisions\/fonts-i-illuminacions-ornamentals\/","name":"Fonts i il\u00b7luminacions ornamentals - COMSA SERVICE","isPartOf":{"@id":"https:\/\/comsaservice.com\/ca\/#website"},"datePublished":"2023-06-12T10:00:33+00:00","dateModified":"2023-06-12T10:03:16+00:00","description":"Fonts i il\u00b7luminacions ornamentals COMSA Service, a trav\u00e9s de la seva divisi\u00f3 de Fonts Ornamentals, realitza el disseny, l\u2019enginyeria, l\u2019execuci\u00f3 i el","breadcrumb":{"@id":"https:\/\/comsaservice.com\/ca\/divisions\/fonts-i-illuminacions-ornamentals\/#breadcrumb"},"inLanguage":"ca","potentialAction":[{"@type":"ReadAction","target":["https:\/\/comsaservice.com\/ca\/divisions\/fonts-i-illuminacions-ornamentals\/"]}]},{"@type":"BreadcrumbList","@id":"https:\/\/comsaservice.com\/ca\/divisions\/fonts-i-illuminacions-ornamentals\/#breadcrumb","itemListElement":[{"@type":"ListItem","position":1,"name":"Inicio","item":"https:\/\/comsaservice.com\/ca\/"},{"@type":"ListItem","position":2,"name":"Fonts i il\u00b7luminacions ornamentals"}]},{"@type":"WebSite","@id":"https:\/\/comsaservice.com\/ca\/#website","url":"https:\/\/comsaservice.com\/ca\/","name":"COMSA SERVICE","description":"COMSA SERVICE","publisher":{"@id":"https:\/\/comsaservice.com\/ca\/#organization"},"potentialAction":[{"@type":"SearchAction","target":{"@type":"EntryPoint","urlTemplate":"https:\/\/comsaservice.com\/ca\/?s={search_term_string}"},"query-input":{"@type":"PropertyValueSpecification","valueRequired":true,"valueName":"search_term_string"}}],"inLanguage":"ca"},{"@type":"Organization","@id":"https:\/\/comsaservice.com\/ca\/#organization","name":"GMF | Gesti\u00f3n de Maquinaria Ferroviaria","url":"https:\/\/comsaservice.com\/ca\/","logo":{"@type":"ImageObject","inLanguage":"ca","@id":"https:\/\/comsaservice.com\/ca\/#\/schema\/logo\/image\/","url":"https:\/\/comsaservice.multisite.comsa.com\/wp-content\/uploads\/sites\/6\/logo-gmf-1.png","contentUrl":"https:\/\/comsaservice.multisite.comsa.com\/wp-content\/uploads\/sites\/6\/logo-gmf-1.png","width":435,"height":60,"caption":"GMF | Gesti\u00f3n de Maquinaria Ferroviaria"},"image":{"@id":"https:\/\/comsaservice.com\/ca\/#\/schema\/logo\/image\/"}}]}},"_links":{"self":[{"href":"https:\/\/comsaservice.com\/ca\/wp-json\/wp\/v2\/pages\/19886","targetHints":{"allow":["GET"]}}],"collection":[{"href":"https:\/\/comsaservice.com\/ca\/wp-json\/wp\/v2\/pages"}],"about":[{"href":"https:\/\/comsaservice.com\/ca\/wp-json\/wp\/v2\/types\/page"}],"author":[{"embeddable":true,"href":"https:\/\/comsaservice.com\/ca\/wp-json\/wp\/v2\/users\/1"}],"replies":[{"embeddable":true,"href":"https:\/\/comsaservice.com\/ca\/wp-json\/wp\/v2\/comments?post=19886"}],"version-history":[{"count":4,"href":"https:\/\/comsaservice.com\/ca\/wp-json\/wp\/v2\/pages\/19886\/revisions"}],"predecessor-version":[{"id":19891,"href":"https:\/\/comsaservice.com\/ca\/wp-json\/wp\/v2\/pages\/19886\/revisions\/19891"}],"up":[{"embeddable":true,"href":"https:\/\/comsaservice.com\/ca\/wp-json\/wp\/v2\/pages\/19861"}],"wp:attachment":[{"href":"https:\/\/comsaservice.com\/ca\/wp-json\/wp\/v2\/media?parent=19886"}],"curies":[{"name":"wp","href":"https:\/\/api.w.org\/{rel}","templated":true}]}}