{"id":19853,"date":"2023-06-12T09:47:00","date_gmt":"2023-06-12T07:47:00","guid":{"rendered":"https:\/\/comsaservice.com\/compromis\/"},"modified":"2023-06-12T09:47:00","modified_gmt":"2023-06-12T07:47:00","slug":"compromis","status":"publish","type":"page","link":"https:\/\/comsaservice.com\/ca\/empresa\/compromis\/","title":{"rendered":"Comprom\u00eds"},"content":{"rendered":"\t\t<div data-elementor-type=\"wp-page\" data-elementor-id=\"19853\" class=\"elementor elementor-19853 elementor-19109\" data-elementor-post-type=\"page\">\n\t\t\t\t\t\t<section class=\"elementor-section elementor-top-section elementor-element elementor-element-207da79 v-head elementor-section-boxed elementor-section-height-default elementor-section-height-default\" data-id=\"207da79\" data-element_type=\"section\" data-e-type=\"section\">\n\t\t\t\t\t\t<div class=\"elementor-container elementor-column-gap-default\">\n\t\t\t\t\t<div class=\"elementor-column elementor-col-100 elementor-top-column elementor-element elementor-element-2da41a7\" data-id=\"2da41a7\" data-element_type=\"column\" data-e-type=\"column\">\n\t\t\t<div class=\"elementor-widget-wrap elementor-element-populated\">\n\t\t\t\t\t\t<div class=\"elementor-element elementor-element-c50a17c elementor-widget elementor-widget-heading\" data-id=\"c50a17c\" data-element_type=\"widget\" data-e-type=\"widget\" data-widget_type=\"heading.default\">\n\t\t\t\t<div class=\"elementor-widget-container\">\n\t\t\t\t\t<h1 class=\"elementor-heading-title elementor-size-default\">Comprom\u00eds<\/h1>\t\t\t\t<\/div>\n\t\t\t\t<\/div>\n\t\t\t\t<div class=\"elementor-element elementor-element-d87650c elementor-widget elementor-widget-heading\" data-id=\"d87650c\" data-element_type=\"widget\" data-e-type=\"widget\" data-widget_type=\"heading.default\">\n\t\t\t\t<div class=\"elementor-widget-container\">\n\t\t\t\t\t<h2 class=\"elementor-heading-title elementor-size-default\">La premissa que ens ha portat a la situaci\u00f3 actual ha estat el nostre comprom\u00eds:<\/h2>\t\t\t\t<\/div>\n\t\t\t\t<\/div>\n\t\t\t\t\t<\/div>\n\t\t<\/div>\n\t\t\t\t\t<\/div>\n\t\t<\/section>\n\t\t\t\t<article class=\"elementor-section elementor-top-section elementor-element elementor-element-e199150 v-box box-line no-top-space elementor-section-boxed elementor-section-height-default elementor-section-height-default\" data-id=\"e199150\" data-element_type=\"section\" data-e-type=\"section\">\n\t\t\t\t\t\t<div class=\"elementor-container elementor-column-gap-default\">\n\t\t\t\t\t<div class=\"elementor-column elementor-col-50 elementor-top-column elementor-element elementor-element-caa8051 md-box\" data-id=\"caa8051\" data-element_type=\"column\" data-e-type=\"column\">\n\t\t\t<div class=\"elementor-widget-wrap elementor-element-populated\">\n\t\t\t\t\t\t<div class=\"elementor-element elementor-element-69766d9 md-actislide elementor--h-position-center elementor--v-position-middle elementor-pagination-position-inside elementor-widget elementor-widget-slides\" data-id=\"69766d9\" data-element_type=\"widget\" data-e-type=\"widget\" data-settings=\"{&quot;navigation&quot;:&quot;dots&quot;,&quot;transition&quot;:&quot;fade&quot;,&quot;autoplay&quot;:&quot;yes&quot;,&quot;pause_on_hover&quot;:&quot;yes&quot;,&quot;pause_on_interaction&quot;:&quot;yes&quot;,&quot;autoplay_speed&quot;:5000,&quot;infinite&quot;:&quot;yes&quot;,&quot;transition_speed&quot;:500}\" data-widget_type=\"slides.default\">\n\t\t\t\t<div class=\"elementor-widget-container\">\n\t\t\t\t\t\t\t\t\t<div class=\"elementor-swiper\">\n\t\t\t\t\t<div class=\"elementor-slides-wrapper elementor-main-swiper swiper\" role=\"region\" aria-roledescription=\"carousel\" aria-label=\"Diapositives\" dir=\"ltr\" data-animation=\"\">\n\t\t\t\t<div class=\"swiper-wrapper elementor-slides\">\n\t\t\t\t\t\t\t\t\t\t<div class=\"elementor-repeater-item-9d95680 swiper-slide\" role=\"group\" aria-roledescription=\"slide\"><div class=\"swiper-slide-bg\" role=\"img\" aria-label=\"compromiso-1-400x400\"><\/div><div class=\"swiper-slide-inner\" ><div class=\"swiper-slide-contents\"><\/div><\/div><\/div>\t\t\t\t<\/div>\n\t\t\t\t\t\t\t<\/div>\n\t\t\t\t<\/div>\n\t\t\t\t\t\t\t\t<\/div>\n\t\t\t\t<\/div>\n\t\t\t\t\t<\/div>\n\t\t<\/div>\n\t\t\t\t<div class=\"elementor-column elementor-col-50 elementor-top-column elementor-element elementor-element-336ca8b md-txt\" data-id=\"336ca8b\" data-element_type=\"column\" data-e-type=\"column\">\n\t\t\t<div class=\"elementor-widget-wrap elementor-element-populated\">\n\t\t\t\t\t\t<div class=\"elementor-element elementor-element-9cb4997 elementor-widget elementor-widget-heading\" data-id=\"9cb4997\" data-element_type=\"widget\" data-e-type=\"widget\" data-widget_type=\"heading.default\">\n\t\t\t\t<div class=\"elementor-widget-container\">\n\t\t\t\t\t<h3 class=\"elementor-heading-title elementor-size-default\">Amb els clients<\/h3>\t\t\t\t<\/div>\n\t\t\t\t<\/div>\n\t\t\t\t<div class=\"elementor-element elementor-element-085a236 elementor-widget elementor-widget-text-editor\" data-id=\"085a236\" data-element_type=\"widget\" data-e-type=\"widget\" data-widget_type=\"text-editor.default\">\n\t\t\t\t<div class=\"elementor-widget-container\">\n\t\t\t\t\t\t\t\t\t<p>Busquem la seva satisfacci\u00f3, implicant-nos en les seves necessitats i proveint-los de solucions integrals, amb una millora constant de la qualitat del servei. Una gesti\u00f3 professional i una proximitat real que ens permeten aconseguir resultats eficients i satisfactoris.<\/p>\n\t\t\t\t\t\t\t\t<\/div>\n\t\t\t\t<\/div>\n\t\t\t\t<div class=\"elementor-element elementor-element-effd101 elementor-widget elementor-widget-heading\" data-id=\"effd101\" data-element_type=\"widget\" data-e-type=\"widget\" data-widget_type=\"heading.default\">\n\t\t\t\t<div class=\"elementor-widget-container\">\n\t\t\t\t\t<h3 class=\"elementor-heading-title elementor-size-default\">Amb el nostre equip hum\u00e0<\/h3>\t\t\t\t<\/div>\n\t\t\t\t<\/div>\n\t\t\t\t<div class=\"elementor-element elementor-element-888d291 elementor-widget elementor-widget-text-editor\" data-id=\"888d291\" data-element_type=\"widget\" data-e-type=\"widget\" data-widget_type=\"text-editor.default\">\n\t\t\t\t<div class=\"elementor-widget-container\">\n\t\t\t\t\t\t\t\t\t<p>Els proporcionem una formaci\u00f3 constant i competent en el seu \u00e0mbit d\u2019actuaci\u00f3 i en potenciem el creixement professional dins de COMSA Service. Un personal competent, motivat i fidel a l\u2019empresa \u00e9s la millor garantia d\u2019un servei de qualitat.<\/p>\n\t\t\t\t\t\t\t\t<\/div>\n\t\t\t\t<\/div>\n\t\t\t\t<div class=\"elementor-element elementor-element-d44abc1 elementor-widget elementor-widget-heading\" data-id=\"d44abc1\" data-element_type=\"widget\" data-e-type=\"widget\" data-widget_type=\"heading.default\">\n\t\t\t\t<div class=\"elementor-widget-container\">\n\t\t\t\t\t<h3 class=\"elementor-heading-title elementor-size-default\">Amb la nostra societat<\/h3>\t\t\t\t<\/div>\n\t\t\t\t<\/div>\n\t\t\t\t<div class=\"elementor-element elementor-element-57e6905 elementor-widget elementor-widget-text-editor\" data-id=\"57e6905\" data-element_type=\"widget\" data-e-type=\"widget\" data-widget_type=\"text-editor.default\">\n\t\t\t\t<div class=\"elementor-widget-container\">\n\t\t\t\t\t\t\t\t\t<p>Estem compromesos amb una actuaci\u00f3 sostenible, amb la millora de l\u2019efici\u00e8ncia energ\u00e8tica i contribu\u00efm en una optimitzaci\u00f3 dels serveis, mitjan\u00e7ant el desenvolupament i l\u2019aplicaci\u00f3 de sistemes innovadors.<\/p>\n\t\t\t\t\t\t\t\t<\/div>\n\t\t\t\t<\/div>\n\t\t\t\t\t<\/div>\n\t\t<\/div>\n\t\t\t\t\t<\/div>\n\t\t<\/article>\n\t\t\t\t<\/div>\n\t\t","protected":false},"excerpt":{"rendered":"<p>Comprom\u00eds La premissa que ens ha portat a la situaci\u00f3 actual ha estat el nostre comprom\u00eds: Amb els clients Busquem la seva satisfacci\u00f3, implicant-nos en les seves necessitats i proveint-los de solucions integrals, amb una millora constant de la qualitat del servei. Una gesti\u00f3 professional i una proximitat real que ens permeten aconseguir resultats eficients [&hellip;]<\/p>\n","protected":false},"author":1,"featured_media":0,"parent":19869,"menu_order":0,"comment_status":"closed","ping_status":"closed","template":"","meta":{"footnotes":""},"class_list":["post-19853","page","type-page","status-publish","hentry"],"yoast_head":"<!-- This site is optimized with the Yoast SEO plugin v26.2 - https:\/\/yoast.com\/wordpress\/plugins\/seo\/ -->\n<title>Comprom\u00eds - COMSA SERVICE<\/title>\n<meta name=\"description\" content=\"Comprom\u00eds La premissa que ens ha portat a la situaci\u00f3 actual ha estat el nostre comprom\u00eds: Amb els clients Busquem la seva satisfacci\u00f3, implicant-nos en\" \/>\n<meta name=\"robots\" content=\"index, follow, max-snippet:-1, max-image-preview:large, max-video-preview:-1\" \/>\n<link rel=\"canonical\" href=\"https:\/\/comsaservice.com\/ca\/empresa\/compromis\/\" \/>\n<meta property=\"og:locale\" content=\"ca_ES\" \/>\n<meta property=\"og:type\" content=\"article\" \/>\n<meta property=\"og:title\" content=\"Comprom\u00eds - COMSA SERVICE\" \/>\n<meta property=\"og:description\" content=\"Comprom\u00eds La premissa que ens ha portat a la situaci\u00f3 actual ha estat el nostre comprom\u00eds: Amb els clients Busquem la seva satisfacci\u00f3, implicant-nos en\" \/>\n<meta property=\"og:url\" content=\"https:\/\/comsaservice.com\/ca\/empresa\/compromis\/\" \/>\n<meta property=\"og:site_name\" content=\"COMSA SERVICE\" \/>\n<meta name=\"twitter:card\" content=\"summary_large_image\" \/>\n<meta name=\"twitter:label1\" content=\"Temps estimat de lectura\" \/>\n\t<meta name=\"twitter:data1\" content=\"1 minut\" \/>\n<script type=\"application\/ld+json\" class=\"yoast-schema-graph\">{\"@context\":\"https:\/\/schema.org\",\"@graph\":[{\"@type\":\"WebPage\",\"@id\":\"https:\/\/comsaservice.com\/ca\/empresa\/compromis\/\",\"url\":\"https:\/\/comsaservice.com\/ca\/empresa\/compromis\/\",\"name\":\"Comprom\u00eds - COMSA SERVICE\",\"isPartOf\":{\"@id\":\"https:\/\/comsaservice.com\/ca\/#website\"},\"datePublished\":\"2023-06-12T07:47:00+00:00\",\"description\":\"Comprom\u00eds La premissa que ens ha portat a la situaci\u00f3 actual ha estat el nostre comprom\u00eds: Amb els clients Busquem la seva satisfacci\u00f3, implicant-nos en\",\"breadcrumb\":{\"@id\":\"https:\/\/comsaservice.com\/ca\/empresa\/compromis\/#breadcrumb\"},\"inLanguage\":\"ca\",\"potentialAction\":[{\"@type\":\"ReadAction\",\"target\":[\"https:\/\/comsaservice.com\/ca\/empresa\/compromis\/\"]}]},{\"@type\":\"BreadcrumbList\",\"@id\":\"https:\/\/comsaservice.com\/ca\/empresa\/compromis\/#breadcrumb\",\"itemListElement\":[{\"@type\":\"ListItem\",\"position\":1,\"name\":\"Inicio\",\"item\":\"https:\/\/comsaservice.com\/ca\/\"},{\"@type\":\"ListItem\",\"position\":2,\"name\":\"Comprom\u00eds\"}]},{\"@type\":\"WebSite\",\"@id\":\"https:\/\/comsaservice.com\/ca\/#website\",\"url\":\"https:\/\/comsaservice.com\/ca\/\",\"name\":\"COMSA SERVICE\",\"description\":\"COMSA SERVICE\",\"publisher\":{\"@id\":\"https:\/\/comsaservice.com\/ca\/#organization\"},\"potentialAction\":[{\"@type\":\"SearchAction\",\"target\":{\"@type\":\"EntryPoint\",\"urlTemplate\":\"https:\/\/comsaservice.com\/ca\/?s={search_term_string}\"},\"query-input\":{\"@type\":\"PropertyValueSpecification\",\"valueRequired\":true,\"valueName\":\"search_term_string\"}}],\"inLanguage\":\"ca\"},{\"@type\":\"Organization\",\"@id\":\"https:\/\/comsaservice.com\/ca\/#organization\",\"name\":\"GMF | Gesti\u00f3n de Maquinaria Ferroviaria\",\"url\":\"https:\/\/comsaservice.com\/ca\/\",\"logo\":{\"@type\":\"ImageObject\",\"inLanguage\":\"ca\",\"@id\":\"https:\/\/comsaservice.com\/ca\/#\/schema\/logo\/image\/\",\"url\":\"https:\/\/comsaservice.multisite.comsa.com\/wp-content\/uploads\/sites\/6\/logo-gmf-1.png\",\"contentUrl\":\"https:\/\/comsaservice.multisite.comsa.com\/wp-content\/uploads\/sites\/6\/logo-gmf-1.png\",\"width\":435,\"height\":60,\"caption\":\"GMF | Gesti\u00f3n de Maquinaria Ferroviaria\"},\"image\":{\"@id\":\"https:\/\/comsaservice.com\/ca\/#\/schema\/logo\/image\/\"}}]}<\/script>\n<!-- \/ Yoast SEO plugin. -->","yoast_head_json":{"title":"Comprom\u00eds - COMSA SERVICE","description":"Comprom\u00eds La premissa que ens ha portat a la situaci\u00f3 actual ha estat el nostre comprom\u00eds: Amb els clients Busquem la seva satisfacci\u00f3, implicant-nos en","robots":{"index":"index","follow":"follow","max-snippet":"max-snippet:-1","max-image-preview":"max-image-preview:large","max-video-preview":"max-video-preview:-1"},"canonical":"https:\/\/comsaservice.com\/ca\/empresa\/compromis\/","og_locale":"ca_ES","og_type":"article","og_title":"Comprom\u00eds - COMSA SERVICE","og_description":"Comprom\u00eds La premissa que ens ha portat a la situaci\u00f3 actual ha estat el nostre comprom\u00eds: Amb els clients Busquem la seva satisfacci\u00f3, implicant-nos en","og_url":"https:\/\/comsaservice.com\/ca\/empresa\/compromis\/","og_site_name":"COMSA SERVICE","twitter_card":"summary_large_image","twitter_misc":{"Temps estimat de lectura":"1 minut"},"schema":{"@context":"https:\/\/schema.org","@graph":[{"@type":"WebPage","@id":"https:\/\/comsaservice.com\/ca\/empresa\/compromis\/","url":"https:\/\/comsaservice.com\/ca\/empresa\/compromis\/","name":"Comprom\u00eds - COMSA SERVICE","isPartOf":{"@id":"https:\/\/comsaservice.com\/ca\/#website"},"datePublished":"2023-06-12T07:47:00+00:00","description":"Comprom\u00eds La premissa que ens ha portat a la situaci\u00f3 actual ha estat el nostre comprom\u00eds: Amb els clients Busquem la seva satisfacci\u00f3, implicant-nos en","breadcrumb":{"@id":"https:\/\/comsaservice.com\/ca\/empresa\/compromis\/#breadcrumb"},"inLanguage":"ca","potentialAction":[{"@type":"ReadAction","target":["https:\/\/comsaservice.com\/ca\/empresa\/compromis\/"]}]},{"@type":"BreadcrumbList","@id":"https:\/\/comsaservice.com\/ca\/empresa\/compromis\/#breadcrumb","itemListElement":[{"@type":"ListItem","position":1,"name":"Inicio","item":"https:\/\/comsaservice.com\/ca\/"},{"@type":"ListItem","position":2,"name":"Comprom\u00eds"}]},{"@type":"WebSite","@id":"https:\/\/comsaservice.com\/ca\/#website","url":"https:\/\/comsaservice.com\/ca\/","name":"COMSA SERVICE","description":"COMSA SERVICE","publisher":{"@id":"https:\/\/comsaservice.com\/ca\/#organization"},"potentialAction":[{"@type":"SearchAction","target":{"@type":"EntryPoint","urlTemplate":"https:\/\/comsaservice.com\/ca\/?s={search_term_string}"},"query-input":{"@type":"PropertyValueSpecification","valueRequired":true,"valueName":"search_term_string"}}],"inLanguage":"ca"},{"@type":"Organization","@id":"https:\/\/comsaservice.com\/ca\/#organization","name":"GMF | Gesti\u00f3n de Maquinaria Ferroviaria","url":"https:\/\/comsaservice.com\/ca\/","logo":{"@type":"ImageObject","inLanguage":"ca","@id":"https:\/\/comsaservice.com\/ca\/#\/schema\/logo\/image\/","url":"https:\/\/comsaservice.multisite.comsa.com\/wp-content\/uploads\/sites\/6\/logo-gmf-1.png","contentUrl":"https:\/\/comsaservice.multisite.comsa.com\/wp-content\/uploads\/sites\/6\/logo-gmf-1.png","width":435,"height":60,"caption":"GMF | Gesti\u00f3n de Maquinaria Ferroviaria"},"image":{"@id":"https:\/\/comsaservice.com\/ca\/#\/schema\/logo\/image\/"}}]}},"_links":{"self":[{"href":"https:\/\/comsaservice.com\/ca\/wp-json\/wp\/v2\/pages\/19853","targetHints":{"allow":["GET"]}}],"collection":[{"href":"https:\/\/comsaservice.com\/ca\/wp-json\/wp\/v2\/pages"}],"about":[{"href":"https:\/\/comsaservice.com\/ca\/wp-json\/wp\/v2\/types\/page"}],"author":[{"embeddable":true,"href":"https:\/\/comsaservice.com\/ca\/wp-json\/wp\/v2\/users\/1"}],"replies":[{"embeddable":true,"href":"https:\/\/comsaservice.com\/ca\/wp-json\/wp\/v2\/comments?post=19853"}],"version-history":[{"count":1,"href":"https:\/\/comsaservice.com\/ca\/wp-json\/wp\/v2\/pages\/19853\/revisions"}],"predecessor-version":[{"id":19854,"href":"https:\/\/comsaservice.com\/ca\/wp-json\/wp\/v2\/pages\/19853\/revisions\/19854"}],"up":[{"embeddable":true,"href":"https:\/\/comsaservice.com\/ca\/wp-json\/wp\/v2\/pages\/19869"}],"wp:attachment":[{"href":"https:\/\/comsaservice.com\/ca\/wp-json\/wp\/v2\/media?parent=19853"}],"curies":[{"name":"wp","href":"https:\/\/api.w.org\/{rel}","templated":true}]}}